{"id":133323,"date":"1929-01-01T00:00:00","date_gmt":"1929-01-01T00:00:00","guid":{"rendered":"https:\/\/cappiello.fr\/produit\/captiva-bornibus\/"},"modified":"2025-07-06T09:20:30","modified_gmt":"2025-07-06T07:20:30","slug":"captiva-bornibus","status":"publish","type":"product","link":"https:\/\/cappiello.fr\/en\/produit\/captiva-bornibus\/","title":{"rendered":"Captiva Bornibus"},"content":{"rendered":"<p>A head waiter has set a table for two. With playfulness and conviction, he brings the essentials, namely a jar of Captiva Bornibus mustard.<br \/>\n<Br>This sketch was adapted from the one designed for Vins Nicolas (see black and white photo) and a bit earlier by the one for a <a href=\"https:\/\/cappiello.fr\/en\/produit\/vin-7\/\">bottle of wine<\/a>.<\/p>\n","protected":false},"excerpt":{"rendered":"<p>Mustard<\/p>\n","protected":false},"featured_media":135118,"template":"","meta":{"_acf_changed":false},"type-doeuvre":[4057],"product_brand":[],"product_cat":[3462],"product_tag":[3613,3292,3317,3994,3373,3995,3316,3441,3568],"class_list":{"0":"post-133323","1":"product","2":"type-product","3":"status-publish","4":"has-post-thumbnail","6":"type-doeuvre-affiches","7":"product_cat-condiments-en","8":"product_tag-table-en-6","9":"product_tag-mustache-en-3","10":"product_tag-woman-en","11":"product_tag-glass-en-39","12":"product_tag-clock","13":"product_tag-glass-en-40","14":"product_tag-woman","15":"product_tag-cup-en-6","16":"product_tag-cup-en-12","17":"pa_periode-1919-1929-en","18":"pa_type-de-contenu-esquisse-en","20":"first","21":"instock","22":"virtual","23":"product-type-simple"},"acf":[],"yoast_head":"<!-- This site is optimized with the Yoast SEO Premium plugin v27.0 (Yoast SEO v27.4) - https:\/\/yoast.com\/product\/yoast-seo-premium-wordpress\/ -->\n<title>Captiva Bornibus - Catalogue Raisonn\u00e9 de Leonetto Cappiello<\/title>\n<meta name=\"description\" content=\"A head waiter has set a table for two. With playfulness and conviction, he brings the essentials, namely a captivating pot of Bornibus mustard. This sketch was adapted from the one designed for Nicolas Wines (see black and white photo) and a bit earlier from the one for a wine bottle.\" \/>\n<meta name=\"robots\" content=\"index, follow, max-snippet:-1, max-image-preview:large, max-video-preview:-1\" \/>\n<link rel=\"canonical\" href=\"https:\/\/cappiello.fr\/en\/produit\/captiva-bornibus\/\" \/>\n<meta property=\"og:locale\" content=\"en_US\" \/>\n<meta property=\"og:type\" content=\"article\" \/>\n<meta property=\"og:title\" content=\"Captiva Bornibus\" \/>\n<meta property=\"og:description\" content=\"A head waiter has set a table for two. With playfulness and conviction, he brings the essentials, namely a captivating pot of Bornibus mustard. This sketch was adapted from the one designed for Nicolas Wines (see black and white photo) and a bit earlier from the one for a wine bottle.\" \/>\n<meta property=\"og:url\" content=\"https:\/\/cappiello.fr\/en\/produit\/captiva-bornibus\/\" \/>\n<meta property=\"og:site_name\" content=\"Catalogue raisonn\u00e9 de Leonetto Cappiello\" \/>\n<meta property=\"article:modified_time\" content=\"2025-07-06T07:20:30+00:00\" \/>\n<meta property=\"og:image\" content=\"https:\/\/cappiello.fr\/wp-content\/uploads\/2024\/10\/Esquisse-affiche-publicitaire-captiva-bornibus-cappiello-1929.jpg\" \/>\n\t<meta property=\"og:image:width\" content=\"620\" \/>\n\t<meta property=\"og:image:height\" content=\"800\" \/>\n\t<meta property=\"og:image:type\" content=\"image\/jpeg\" \/>\n<meta name=\"twitter:card\" content=\"summary_large_image\" \/>\n<meta name=\"twitter:title\" content=\"Captiva Bornibus\" \/>\n<meta name=\"twitter:description\" content=\"A head waiter has set a table for two. With playfulness and conviction, he brings the essentials, namely a captivating pot of Bornibus mustard. This sketch was adapted from the one designed for Nicolas Wines (see black and white photo) and a bit earlier from the one for a wine bottle.\" \/>\n<meta name=\"twitter:label1\" content=\"Price\" \/>\n\t<meta name=\"twitter:data1\" content=\"\" \/>\n\t<meta name=\"twitter:label2\" content=\"Availability\" \/>\n\t<meta name=\"twitter:data2\" content=\"In stock\" \/>\n<script type=\"application\/ld+json\" class=\"yoast-schema-graph\">{\"@context\":\"https:\\\/\\\/schema.org\",\"@graph\":[{\"@type\":[\"WebPage\",\"ItemPage\"],\"@id\":\"https:\\\/\\\/cappiello.fr\\\/en\\\/produit\\\/captiva-bornibus\\\/\",\"url\":\"https:\\\/\\\/cappiello.fr\\\/en\\\/produit\\\/captiva-bornibus\\\/\",\"name\":\"Captiva Bornibus - Catalogue Raisonn\u00e9 de Leonetto Cappiello\",\"isPartOf\":{\"@id\":\"https:\\\/\\\/cappiello.fr\\\/en\\\/#website\"},\"primaryImageOfPage\":{\"@id\":\"https:\\\/\\\/cappiello.fr\\\/en\\\/produit\\\/captiva-bornibus\\\/#primaryimage\"},\"image\":{\"@id\":\"https:\\\/\\\/cappiello.fr\\\/en\\\/produit\\\/captiva-bornibus\\\/#primaryimage\"},\"thumbnailUrl\":\"https:\\\/\\\/cappiello.fr\\\/wp-content\\\/uploads\\\/2024\\\/10\\\/Esquisse-affiche-publicitaire-captiva-bornibus-cappiello-1929.jpg\",\"datePublished\":\"1929-01-01T00:00:00+00:00\",\"dateModified\":\"2025-07-06T07:20:30+00:00\",\"description\":\"A head waiter has set a table for two. With playfulness and conviction, he brings the essentials, namely a captivating pot of Bornibus mustard. This sketch was adapted from the one designed for Nicolas Wines (see black and white photo) and a bit earlier from the one for a wine bottle.\",\"breadcrumb\":{\"@id\":\"https:\\\/\\\/cappiello.fr\\\/en\\\/produit\\\/captiva-bornibus\\\/#breadcrumb\"},\"inLanguage\":\"en-US\",\"potentialAction\":[{\"@type\":\"ReadAction\",\"target\":[\"https:\\\/\\\/cappiello.fr\\\/en\\\/produit\\\/captiva-bornibus\\\/\"]}]},{\"@type\":\"ImageObject\",\"inLanguage\":\"en-US\",\"@id\":\"https:\\\/\\\/cappiello.fr\\\/en\\\/produit\\\/captiva-bornibus\\\/#primaryimage\",\"url\":\"https:\\\/\\\/cappiello.fr\\\/wp-content\\\/uploads\\\/2024\\\/10\\\/Esquisse-affiche-publicitaire-captiva-bornibus-cappiello-1929.jpg\",\"contentUrl\":\"https:\\\/\\\/cappiello.fr\\\/wp-content\\\/uploads\\\/2024\\\/10\\\/Esquisse-affiche-publicitaire-captiva-bornibus-cappiello-1929.jpg\",\"width\":620,\"height\":800,\"caption\":\"Moutarde\"},{\"@type\":\"BreadcrumbList\",\"@id\":\"https:\\\/\\\/cappiello.fr\\\/en\\\/produit\\\/captiva-bornibus\\\/#breadcrumb\",\"itemListElement\":[{\"@type\":\"ListItem\",\"position\":1,\"name\":\"Accueil\",\"item\":\"https:\\\/\\\/cappiello.fr\\\/en\\\/\"},{\"@type\":\"ListItem\",\"position\":2,\"name\":\"The works\",\"item\":\"https:\\\/\\\/cappiello.fr\\\/en\\\/the-works\\\/\"},{\"@type\":\"ListItem\",\"position\":3,\"name\":\"Captiva Bornibus\"}]},{\"@type\":\"WebSite\",\"@id\":\"https:\\\/\\\/cappiello.fr\\\/en\\\/#website\",\"url\":\"https:\\\/\\\/cappiello.fr\\\/en\\\/\",\"name\":\"Catalogue raisonn\u00e9 de Leonetto Cappiello\",\"description\":\"Plongez dans l&#039;univers de Leonetto Cappiello, le p\u00e8re de la publicit\u00e9 moderne\",\"potentialAction\":[{\"@type\":\"SearchAction\",\"target\":{\"@type\":\"EntryPoint\",\"urlTemplate\":\"https:\\\/\\\/cappiello.fr\\\/en\\\/?s={search_term_string}\"},\"query-input\":{\"@type\":\"PropertyValueSpecification\",\"valueRequired\":true,\"valueName\":\"search_term_string\"}}],\"inLanguage\":\"en-US\"}]}<\/script>\n<meta property=\"product:price:currency\" content=\"EUR\" \/>\n<meta property=\"og:availability\" content=\"instock\" \/>\n<meta property=\"product:availability\" content=\"instock\" \/>\n<meta property=\"product:retailer_item_id\" content=\"1929010E0\" \/>\n<meta property=\"product:condition\" content=\"new\" \/>\n<!-- \/ Yoast SEO Premium plugin. -->","yoast_head_json":{"title":"Captiva Bornibus - Catalogue Raisonn\u00e9 de Leonetto Cappiello","description":"A head waiter has set a table for two. With playfulness and conviction, he brings the essentials, namely a captivating pot of Bornibus mustard. This sketch was adapted from the one designed for Nicolas Wines (see black and white photo) and a bit earlier from the one for a wine bottle.","robots":{"index":"index","follow":"follow","max-snippet":"max-snippet:-1","max-image-preview":"max-image-preview:large","max-video-preview":"max-video-preview:-1"},"canonical":"https:\/\/cappiello.fr\/en\/produit\/captiva-bornibus\/","og_locale":"en_US","og_type":"article","og_title":"Captiva Bornibus","og_description":"A head waiter has set a table for two. With playfulness and conviction, he brings the essentials, namely a captivating pot of Bornibus mustard. This sketch was adapted from the one designed for Nicolas Wines (see black and white photo) and a bit earlier from the one for a wine bottle.","og_url":"https:\/\/cappiello.fr\/en\/produit\/captiva-bornibus\/","og_site_name":"Catalogue raisonn\u00e9 de Leonetto Cappiello","article_modified_time":"2025-07-06T07:20:30+00:00","og_image":[{"width":620,"height":800,"url":"https:\/\/cappiello.fr\/wp-content\/uploads\/2024\/10\/Esquisse-affiche-publicitaire-captiva-bornibus-cappiello-1929.jpg","type":"image\/jpeg"}],"twitter_card":"summary_large_image","twitter_title":"Captiva Bornibus","twitter_description":"A head waiter has set a table for two. With playfulness and conviction, he brings the essentials, namely a captivating pot of Bornibus mustard. This sketch was adapted from the one designed for Nicolas Wines (see black and white photo) and a bit earlier from the one for a wine bottle.","twitter_misc":{"Price":"","Availability":"In stock"},"schema":{"@context":"https:\/\/schema.org","@graph":[{"@type":["WebPage","ItemPage"],"@id":"https:\/\/cappiello.fr\/en\/produit\/captiva-bornibus\/","url":"https:\/\/cappiello.fr\/en\/produit\/captiva-bornibus\/","name":"Captiva Bornibus - Catalogue Raisonn\u00e9 de Leonetto Cappiello","isPartOf":{"@id":"https:\/\/cappiello.fr\/en\/#website"},"primaryImageOfPage":{"@id":"https:\/\/cappiello.fr\/en\/produit\/captiva-bornibus\/#primaryimage"},"image":{"@id":"https:\/\/cappiello.fr\/en\/produit\/captiva-bornibus\/#primaryimage"},"thumbnailUrl":"https:\/\/cappiello.fr\/wp-content\/uploads\/2024\/10\/Esquisse-affiche-publicitaire-captiva-bornibus-cappiello-1929.jpg","datePublished":"1929-01-01T00:00:00+00:00","dateModified":"2025-07-06T07:20:30+00:00","description":"A head waiter has set a table for two. With playfulness and conviction, he brings the essentials, namely a captivating pot of Bornibus mustard. This sketch was adapted from the one designed for Nicolas Wines (see black and white photo) and a bit earlier from the one for a wine bottle.","breadcrumb":{"@id":"https:\/\/cappiello.fr\/en\/produit\/captiva-bornibus\/#breadcrumb"},"inLanguage":"en-US","potentialAction":[{"@type":"ReadAction","target":["https:\/\/cappiello.fr\/en\/produit\/captiva-bornibus\/"]}]},{"@type":"ImageObject","inLanguage":"en-US","@id":"https:\/\/cappiello.fr\/en\/produit\/captiva-bornibus\/#primaryimage","url":"https:\/\/cappiello.fr\/wp-content\/uploads\/2024\/10\/Esquisse-affiche-publicitaire-captiva-bornibus-cappiello-1929.jpg","contentUrl":"https:\/\/cappiello.fr\/wp-content\/uploads\/2024\/10\/Esquisse-affiche-publicitaire-captiva-bornibus-cappiello-1929.jpg","width":620,"height":800,"caption":"Moutarde"},{"@type":"BreadcrumbList","@id":"https:\/\/cappiello.fr\/en\/produit\/captiva-bornibus\/#breadcrumb","itemListElement":[{"@type":"ListItem","position":1,"name":"Accueil","item":"https:\/\/cappiello.fr\/en\/"},{"@type":"ListItem","position":2,"name":"The works","item":"https:\/\/cappiello.fr\/en\/the-works\/"},{"@type":"ListItem","position":3,"name":"Captiva Bornibus"}]},{"@type":"WebSite","@id":"https:\/\/cappiello.fr\/en\/#website","url":"https:\/\/cappiello.fr\/en\/","name":"Catalogue raisonn\u00e9 de Leonetto Cappiello","description":"Plongez dans l&#039;univers de Leonetto Cappiello, le p\u00e8re de la publicit\u00e9 moderne","potentialAction":[{"@type":"SearchAction","target":{"@type":"EntryPoint","urlTemplate":"https:\/\/cappiello.fr\/en\/?s={search_term_string}"},"query-input":{"@type":"PropertyValueSpecification","valueRequired":true,"valueName":"search_term_string"}}],"inLanguage":"en-US"}]},"product_price_currency":"EUR","og_availability":"instock","product_availability":"instock","product_retailer_item_id":"1929010E0","product_condition":"new"},"_links":{"self":[{"href":"https:\/\/cappiello.fr\/en\/wp-json\/wp\/v2\/product\/133323","targetHints":{"allow":["GET"]}}],"collection":[{"href":"https:\/\/cappiello.fr\/en\/wp-json\/wp\/v2\/product"}],"about":[{"href":"https:\/\/cappiello.fr\/en\/wp-json\/wp\/v2\/types\/product"}],"wp:featuredmedia":[{"embeddable":true,"href":"https:\/\/cappiello.fr\/en\/wp-json\/wp\/v2\/media\/135118"}],"wp:attachment":[{"href":"https:\/\/cappiello.fr\/en\/wp-json\/wp\/v2\/media?parent=133323"}],"wp:term":[{"taxonomy":"type-doeuvre","embeddable":true,"href":"https:\/\/cappiello.fr\/en\/wp-json\/wp\/v2\/type-doeuvre?post=133323"},{"taxonomy":"product_brand","embeddable":true,"href":"https:\/\/cappiello.fr\/en\/wp-json\/wp\/v2\/product_brand?post=133323"},{"taxonomy":"product_cat","embeddable":true,"href":"https:\/\/cappiello.fr\/en\/wp-json\/wp\/v2\/product_cat?post=133323"},{"taxonomy":"product_tag","embeddable":true,"href":"https:\/\/cappiello.fr\/en\/wp-json\/wp\/v2\/product_tag?post=133323"}],"curies":[{"name":"wp","href":"https:\/\/api.w.org\/{rel}","templated":true}]}}