{"id":133353,"date":"1928-01-01T00:00:00","date_gmt":"1928-01-01T00:00:00","guid":{"rendered":"https:\/\/cappiello.fr\/produit\/biere-22\/"},"modified":"2025-07-02T17:44:22","modified_gmt":"2025-07-02T15:44:22","slug":"biere-22","status":"publish","type":"product","link":"https:\/\/cappiello.fr\/en\/produit\/biere-22\/","title":{"rendered":"Bi\u00e8res brunes et blondes"},"content":{"rendered":"<p>A blonde and a brunette take off with a beer mug in each hand<\/p>\n","protected":false},"excerpt":{"rendered":"<p>Dark beers and pale beers<\/p>\n","protected":false},"featured_media":133917,"template":"","meta":{"_acf_changed":false},"type-doeuvre":[4057],"product_brand":[],"product_cat":[3385],"product_tag":[3395,3726,3655,3592],"class_list":{"0":"post-133353","1":"product","2":"type-product","3":"status-publish","4":"has-post-thumbnail","6":"type-doeuvre-affiches","7":"product_cat-beers-ciders","8":"product_tag-flame","9":"product_tag-smile-en-16","10":"product_tag-hair","11":"product_tag-smile-en-8","12":"pa_periode-1919-1929-en","13":"pa_type-de-contenu-sketch-photo","15":"first","16":"instock","17":"virtual","18":"product-type-simple"},"acf":[],"yoast_head":"<!-- This site is optimized with the Yoast SEO Premium plugin v27.0 (Yoast SEO v27.4) - https:\/\/yoast.com\/product\/yoast-seo-premium-wordpress\/ -->\n<title>Bi\u00e8res brunes et blondes - Catalogue Raisonn\u00e9 de Leonetto Cappiello<\/title>\n<meta name=\"description\" content=\"A blonde and a brunette take off with a beer mug in each hand\" \/>\n<meta name=\"robots\" content=\"index, follow, max-snippet:-1, max-image-preview:large, max-video-preview:-1\" \/>\n<link rel=\"canonical\" href=\"https:\/\/cappiello.fr\/en\/produit\/biere-22\/\" \/>\n<meta property=\"og:locale\" content=\"en_US\" \/>\n<meta property=\"og:type\" content=\"article\" \/>\n<meta property=\"og:title\" content=\"Bi\u00e8res brunes et blondes\" \/>\n<meta property=\"og:description\" content=\"A blonde and a brunette take off with a beer mug in each hand\" \/>\n<meta property=\"og:url\" content=\"https:\/\/cappiello.fr\/en\/produit\/biere-22\/\" \/>\n<meta property=\"og:site_name\" content=\"Catalogue raisonn\u00e9 de Leonetto Cappiello\" \/>\n<meta property=\"article:modified_time\" content=\"2025-07-02T15:44:22+00:00\" \/>\n<meta property=\"og:image\" content=\"https:\/\/cappiello.fr\/wp-content\/uploads\/2024\/10\/Photo-desquisse-affiche-publicitaire-bieres-brunes-et-blondes-cappiello-1928.jpg\" \/>\n\t<meta property=\"og:image:width\" content=\"588\" \/>\n\t<meta property=\"og:image:height\" content=\"800\" \/>\n\t<meta property=\"og:image:type\" content=\"image\/jpeg\" \/>\n<meta name=\"twitter:card\" content=\"summary_large_image\" \/>\n<meta name=\"twitter:title\" content=\"Bi\u00e8res brunes et blondes\" \/>\n<meta name=\"twitter:description\" content=\"A blonde and a brunette take off with a beer mug in each hand\" \/>\n<meta name=\"twitter:label1\" content=\"Price\" \/>\n\t<meta name=\"twitter:data1\" content=\"\" \/>\n\t<meta name=\"twitter:label2\" content=\"Availability\" \/>\n\t<meta name=\"twitter:data2\" content=\"In stock\" \/>\n<script type=\"application\/ld+json\" class=\"yoast-schema-graph\">{\"@context\":\"https:\\\/\\\/schema.org\",\"@graph\":[{\"@type\":[\"WebPage\",\"ItemPage\"],\"@id\":\"https:\\\/\\\/cappiello.fr\\\/en\\\/produit\\\/biere-22\\\/\",\"url\":\"https:\\\/\\\/cappiello.fr\\\/en\\\/produit\\\/biere-22\\\/\",\"name\":\"Bi\u00e8res brunes et blondes - Catalogue Raisonn\u00e9 de Leonetto Cappiello\",\"isPartOf\":{\"@id\":\"https:\\\/\\\/cappiello.fr\\\/en\\\/#website\"},\"primaryImageOfPage\":{\"@id\":\"https:\\\/\\\/cappiello.fr\\\/en\\\/produit\\\/biere-22\\\/#primaryimage\"},\"image\":{\"@id\":\"https:\\\/\\\/cappiello.fr\\\/en\\\/produit\\\/biere-22\\\/#primaryimage\"},\"thumbnailUrl\":\"https:\\\/\\\/cappiello.fr\\\/wp-content\\\/uploads\\\/2024\\\/10\\\/Photo-desquisse-affiche-publicitaire-bieres-brunes-et-blondes-cappiello-1928.jpg\",\"datePublished\":\"1928-01-01T00:00:00+00:00\",\"dateModified\":\"2025-07-02T15:44:22+00:00\",\"description\":\"A blonde and a brunette take off with a beer mug in each hand\",\"breadcrumb\":{\"@id\":\"https:\\\/\\\/cappiello.fr\\\/en\\\/produit\\\/biere-22\\\/#breadcrumb\"},\"inLanguage\":\"en-US\",\"potentialAction\":[{\"@type\":\"ReadAction\",\"target\":[\"https:\\\/\\\/cappiello.fr\\\/en\\\/produit\\\/biere-22\\\/\"]}]},{\"@type\":\"ImageObject\",\"inLanguage\":\"en-US\",\"@id\":\"https:\\\/\\\/cappiello.fr\\\/en\\\/produit\\\/biere-22\\\/#primaryimage\",\"url\":\"https:\\\/\\\/cappiello.fr\\\/wp-content\\\/uploads\\\/2024\\\/10\\\/Photo-desquisse-affiche-publicitaire-bieres-brunes-et-blondes-cappiello-1928.jpg\",\"contentUrl\":\"https:\\\/\\\/cappiello.fr\\\/wp-content\\\/uploads\\\/2024\\\/10\\\/Photo-desquisse-affiche-publicitaire-bieres-brunes-et-blondes-cappiello-1928.jpg\",\"width\":588,\"height\":800,\"caption\":\"Bi\u00e8res brunes et blondes\"},{\"@type\":\"BreadcrumbList\",\"@id\":\"https:\\\/\\\/cappiello.fr\\\/en\\\/produit\\\/biere-22\\\/#breadcrumb\",\"itemListElement\":[{\"@type\":\"ListItem\",\"position\":1,\"name\":\"Accueil\",\"item\":\"https:\\\/\\\/cappiello.fr\\\/en\\\/\"},{\"@type\":\"ListItem\",\"position\":2,\"name\":\"The works\",\"item\":\"https:\\\/\\\/cappiello.fr\\\/en\\\/the-works\\\/\"},{\"@type\":\"ListItem\",\"position\":3,\"name\":\"Bi\u00e8res brunes et blondes\"}]},{\"@type\":\"WebSite\",\"@id\":\"https:\\\/\\\/cappiello.fr\\\/en\\\/#website\",\"url\":\"https:\\\/\\\/cappiello.fr\\\/en\\\/\",\"name\":\"Catalogue raisonn\u00e9 de Leonetto Cappiello\",\"description\":\"Plongez dans l&#039;univers de Leonetto Cappiello, le p\u00e8re de la publicit\u00e9 moderne\",\"potentialAction\":[{\"@type\":\"SearchAction\",\"target\":{\"@type\":\"EntryPoint\",\"urlTemplate\":\"https:\\\/\\\/cappiello.fr\\\/en\\\/?s={search_term_string}\"},\"query-input\":{\"@type\":\"PropertyValueSpecification\",\"valueRequired\":true,\"valueName\":\"search_term_string\"}}],\"inLanguage\":\"en-US\"}]}<\/script>\n<meta property=\"product:price:currency\" content=\"EUR\" \/>\n<meta property=\"og:availability\" content=\"instock\" \/>\n<meta property=\"product:availability\" content=\"instock\" \/>\n<meta property=\"product:retailer_item_id\" content=\"1928055B0\" \/>\n<meta property=\"product:condition\" content=\"new\" \/>\n<!-- \/ Yoast SEO Premium plugin. -->","yoast_head_json":{"title":"Bi\u00e8res brunes et blondes - Catalogue Raisonn\u00e9 de Leonetto Cappiello","description":"A blonde and a brunette take off with a beer mug in each hand","robots":{"index":"index","follow":"follow","max-snippet":"max-snippet:-1","max-image-preview":"max-image-preview:large","max-video-preview":"max-video-preview:-1"},"canonical":"https:\/\/cappiello.fr\/en\/produit\/biere-22\/","og_locale":"en_US","og_type":"article","og_title":"Bi\u00e8res brunes et blondes","og_description":"A blonde and a brunette take off with a beer mug in each hand","og_url":"https:\/\/cappiello.fr\/en\/produit\/biere-22\/","og_site_name":"Catalogue raisonn\u00e9 de Leonetto Cappiello","article_modified_time":"2025-07-02T15:44:22+00:00","og_image":[{"width":588,"height":800,"url":"https:\/\/cappiello.fr\/wp-content\/uploads\/2024\/10\/Photo-desquisse-affiche-publicitaire-bieres-brunes-et-blondes-cappiello-1928.jpg","type":"image\/jpeg"}],"twitter_card":"summary_large_image","twitter_title":"Bi\u00e8res brunes et blondes","twitter_description":"A blonde and a brunette take off with a beer mug in each hand","twitter_misc":{"Price":"","Availability":"In stock"},"schema":{"@context":"https:\/\/schema.org","@graph":[{"@type":["WebPage","ItemPage"],"@id":"https:\/\/cappiello.fr\/en\/produit\/biere-22\/","url":"https:\/\/cappiello.fr\/en\/produit\/biere-22\/","name":"Bi\u00e8res brunes et blondes - Catalogue Raisonn\u00e9 de Leonetto Cappiello","isPartOf":{"@id":"https:\/\/cappiello.fr\/en\/#website"},"primaryImageOfPage":{"@id":"https:\/\/cappiello.fr\/en\/produit\/biere-22\/#primaryimage"},"image":{"@id":"https:\/\/cappiello.fr\/en\/produit\/biere-22\/#primaryimage"},"thumbnailUrl":"https:\/\/cappiello.fr\/wp-content\/uploads\/2024\/10\/Photo-desquisse-affiche-publicitaire-bieres-brunes-et-blondes-cappiello-1928.jpg","datePublished":"1928-01-01T00:00:00+00:00","dateModified":"2025-07-02T15:44:22+00:00","description":"A blonde and a brunette take off with a beer mug in each hand","breadcrumb":{"@id":"https:\/\/cappiello.fr\/en\/produit\/biere-22\/#breadcrumb"},"inLanguage":"en-US","potentialAction":[{"@type":"ReadAction","target":["https:\/\/cappiello.fr\/en\/produit\/biere-22\/"]}]},{"@type":"ImageObject","inLanguage":"en-US","@id":"https:\/\/cappiello.fr\/en\/produit\/biere-22\/#primaryimage","url":"https:\/\/cappiello.fr\/wp-content\/uploads\/2024\/10\/Photo-desquisse-affiche-publicitaire-bieres-brunes-et-blondes-cappiello-1928.jpg","contentUrl":"https:\/\/cappiello.fr\/wp-content\/uploads\/2024\/10\/Photo-desquisse-affiche-publicitaire-bieres-brunes-et-blondes-cappiello-1928.jpg","width":588,"height":800,"caption":"Bi\u00e8res brunes et blondes"},{"@type":"BreadcrumbList","@id":"https:\/\/cappiello.fr\/en\/produit\/biere-22\/#breadcrumb","itemListElement":[{"@type":"ListItem","position":1,"name":"Accueil","item":"https:\/\/cappiello.fr\/en\/"},{"@type":"ListItem","position":2,"name":"The works","item":"https:\/\/cappiello.fr\/en\/the-works\/"},{"@type":"ListItem","position":3,"name":"Bi\u00e8res brunes et blondes"}]},{"@type":"WebSite","@id":"https:\/\/cappiello.fr\/en\/#website","url":"https:\/\/cappiello.fr\/en\/","name":"Catalogue raisonn\u00e9 de Leonetto Cappiello","description":"Plongez dans l&#039;univers de Leonetto Cappiello, le p\u00e8re de la publicit\u00e9 moderne","potentialAction":[{"@type":"SearchAction","target":{"@type":"EntryPoint","urlTemplate":"https:\/\/cappiello.fr\/en\/?s={search_term_string}"},"query-input":{"@type":"PropertyValueSpecification","valueRequired":true,"valueName":"search_term_string"}}],"inLanguage":"en-US"}]},"product_price_currency":"EUR","og_availability":"instock","product_availability":"instock","product_retailer_item_id":"1928055B0","product_condition":"new"},"_links":{"self":[{"href":"https:\/\/cappiello.fr\/en\/wp-json\/wp\/v2\/product\/133353","targetHints":{"allow":["GET"]}}],"collection":[{"href":"https:\/\/cappiello.fr\/en\/wp-json\/wp\/v2\/product"}],"about":[{"href":"https:\/\/cappiello.fr\/en\/wp-json\/wp\/v2\/types\/product"}],"wp:featuredmedia":[{"embeddable":true,"href":"https:\/\/cappiello.fr\/en\/wp-json\/wp\/v2\/media\/133917"}],"wp:attachment":[{"href":"https:\/\/cappiello.fr\/en\/wp-json\/wp\/v2\/media?parent=133353"}],"wp:term":[{"taxonomy":"type-doeuvre","embeddable":true,"href":"https:\/\/cappiello.fr\/en\/wp-json\/wp\/v2\/type-doeuvre?post=133353"},{"taxonomy":"product_brand","embeddable":true,"href":"https:\/\/cappiello.fr\/en\/wp-json\/wp\/v2\/product_brand?post=133353"},{"taxonomy":"product_cat","embeddable":true,"href":"https:\/\/cappiello.fr\/en\/wp-json\/wp\/v2\/product_cat?post=133353"},{"taxonomy":"product_tag","embeddable":true,"href":"https:\/\/cappiello.fr\/en\/wp-json\/wp\/v2\/product_tag?post=133353"}],"curies":[{"name":"wp","href":"https:\/\/api.w.org\/{rel}","templated":true}]}}