{"id":133365,"date":"1927-01-01T00:00:00","date_gmt":"1927-01-01T00:00:00","guid":{"rendered":"https:\/\/cappiello.fr\/produit\/anisette-4\/"},"modified":"2025-05-14T23:28:11","modified_gmt":"2025-05-14T21:28:11","slug":"anisette-4","status":"publish","type":"product","link":"https:\/\/cappiello.fr\/en\/produit\/anisette-4\/","title":{"rendered":"Anisette"},"content":{"rendered":"<p>An elegant 18th-century woman in a pannier dress offers a bottle of anisette to three men in tailcoats and top hats. The offer is quickly accepted.<br \/>\nIt is worth noting the contrast between the woman&#8217;s dress and the men&#8217;s suits.<\/p>\n","protected":false},"excerpt":{"rendered":"<p>Anisette<\/p>\n","protected":false},"featured_media":134193,"template":"","meta":{"_acf_changed":false},"type-doeuvre":[4057],"product_brand":[],"product_cat":[3326],"product_tag":[3360,3290,3845,3357,3601,3318],"class_list":{"0":"post-133365","1":"product","2":"type-product","3":"status-publish","4":"has-post-thumbnail","6":"type-doeuvre-affiches","7":"product_cat-liqueurs","8":"product_tag-table-en-4","9":"product_tag-mustache-en","10":"product_tag-dress-en-3","11":"product_tag-pannier-dress-en","12":"product_tag-society-man","13":"product_tag-woman-en-2","14":"pa_periode-1919-1929-en","15":"pa_type-de-contenu-painted-photo","17":"first","18":"instock","19":"virtual","20":"product-type-simple"},"acf":[],"yoast_head":"<!-- This site is optimized with the Yoast SEO Premium plugin v27.0 (Yoast SEO v27.4) - https:\/\/yoast.com\/product\/yoast-seo-premium-wordpress\/ -->\n<title>Anisette - Catalogue Raisonn\u00e9 de Leonetto Cappiello<\/title>\n<meta name=\"description\" content=\"An elegant 18th-century woman in a pannier dress offers a bottle of anisette to three men in tailcoats and top hats. The offer is quickly accepted. The contrast between the woman&#039;s dress and the men&#039;s suits is noteworthy.\" \/>\n<meta name=\"robots\" content=\"index, follow, max-snippet:-1, max-image-preview:large, max-video-preview:-1\" \/>\n<link rel=\"canonical\" href=\"https:\/\/cappiello.fr\/en\/produit\/anisette-4\/\" \/>\n<meta property=\"og:locale\" content=\"en_US\" \/>\n<meta property=\"og:type\" content=\"article\" \/>\n<meta property=\"og:title\" content=\"Anisette\" \/>\n<meta property=\"og:description\" content=\"An elegant 18th-century woman in a pannier dress offers a bottle of anisette to three men in tailcoats and top hats. The offer is quickly accepted. The contrast between the woman&#039;s dress and the men&#039;s suits is noteworthy.\" \/>\n<meta property=\"og:url\" content=\"https:\/\/cappiello.fr\/en\/produit\/anisette-4\/\" \/>\n<meta property=\"og:site_name\" content=\"Catalogue raisonn\u00e9 de Leonetto Cappiello\" \/>\n<meta property=\"article:modified_time\" content=\"2025-05-14T21:28:11+00:00\" \/>\n<meta property=\"og:image\" content=\"https:\/\/cappiello.fr\/wp-content\/uploads\/2024\/10\/Photo-peinte-affiche-publicitaire-anisette-2-cappiello-1927.jpg\" \/>\n\t<meta property=\"og:image:width\" content=\"594\" \/>\n\t<meta property=\"og:image:height\" content=\"800\" \/>\n\t<meta property=\"og:image:type\" content=\"image\/jpeg\" \/>\n<meta name=\"twitter:card\" content=\"summary_large_image\" \/>\n<meta name=\"twitter:title\" content=\"Anisette\" \/>\n<meta name=\"twitter:description\" content=\"An elegant 18th-century woman in a pannier dress offers a bottle of anisette to three men in tailcoats and top hats. The offer is quickly accepted. The contrast between the woman&#039;s dress and the men&#039;s suits is noteworthy.\" \/>\n<meta name=\"twitter:label1\" content=\"Price\" \/>\n\t<meta name=\"twitter:data1\" content=\"\" \/>\n\t<meta name=\"twitter:label2\" content=\"Availability\" \/>\n\t<meta name=\"twitter:data2\" content=\"In stock\" \/>\n<script type=\"application\/ld+json\" class=\"yoast-schema-graph\">{\"@context\":\"https:\\\/\\\/schema.org\",\"@graph\":[{\"@type\":[\"WebPage\",\"ItemPage\"],\"@id\":\"https:\\\/\\\/cappiello.fr\\\/en\\\/produit\\\/anisette-4\\\/\",\"url\":\"https:\\\/\\\/cappiello.fr\\\/en\\\/produit\\\/anisette-4\\\/\",\"name\":\"Anisette - Catalogue Raisonn\u00e9 de Leonetto Cappiello\",\"isPartOf\":{\"@id\":\"https:\\\/\\\/cappiello.fr\\\/en\\\/#website\"},\"primaryImageOfPage\":{\"@id\":\"https:\\\/\\\/cappiello.fr\\\/en\\\/produit\\\/anisette-4\\\/#primaryimage\"},\"image\":{\"@id\":\"https:\\\/\\\/cappiello.fr\\\/en\\\/produit\\\/anisette-4\\\/#primaryimage\"},\"thumbnailUrl\":\"https:\\\/\\\/cappiello.fr\\\/wp-content\\\/uploads\\\/2024\\\/10\\\/Photo-peinte-affiche-publicitaire-anisette-2-cappiello-1927.jpg\",\"datePublished\":\"1927-01-01T00:00:00+00:00\",\"dateModified\":\"2025-05-14T21:28:11+00:00\",\"description\":\"An elegant 18th-century woman in a pannier dress offers a bottle of anisette to three men in tailcoats and top hats. The offer is quickly accepted. The contrast between the woman's dress and the men's suits is noteworthy.\",\"breadcrumb\":{\"@id\":\"https:\\\/\\\/cappiello.fr\\\/en\\\/produit\\\/anisette-4\\\/#breadcrumb\"},\"inLanguage\":\"en-US\",\"potentialAction\":[{\"@type\":\"ReadAction\",\"target\":[\"https:\\\/\\\/cappiello.fr\\\/en\\\/produit\\\/anisette-4\\\/\"]}]},{\"@type\":\"ImageObject\",\"inLanguage\":\"en-US\",\"@id\":\"https:\\\/\\\/cappiello.fr\\\/en\\\/produit\\\/anisette-4\\\/#primaryimage\",\"url\":\"https:\\\/\\\/cappiello.fr\\\/wp-content\\\/uploads\\\/2024\\\/10\\\/Photo-peinte-affiche-publicitaire-anisette-2-cappiello-1927.jpg\",\"contentUrl\":\"https:\\\/\\\/cappiello.fr\\\/wp-content\\\/uploads\\\/2024\\\/10\\\/Photo-peinte-affiche-publicitaire-anisette-2-cappiello-1927.jpg\",\"width\":594,\"height\":800,\"caption\":\"Anisette\"},{\"@type\":\"BreadcrumbList\",\"@id\":\"https:\\\/\\\/cappiello.fr\\\/en\\\/produit\\\/anisette-4\\\/#breadcrumb\",\"itemListElement\":[{\"@type\":\"ListItem\",\"position\":1,\"name\":\"Accueil\",\"item\":\"https:\\\/\\\/cappiello.fr\\\/en\\\/\"},{\"@type\":\"ListItem\",\"position\":2,\"name\":\"The works\",\"item\":\"https:\\\/\\\/cappiello.fr\\\/en\\\/the-works\\\/\"},{\"@type\":\"ListItem\",\"position\":3,\"name\":\"Anisette\"}]},{\"@type\":\"WebSite\",\"@id\":\"https:\\\/\\\/cappiello.fr\\\/en\\\/#website\",\"url\":\"https:\\\/\\\/cappiello.fr\\\/en\\\/\",\"name\":\"Catalogue raisonn\u00e9 de Leonetto Cappiello\",\"description\":\"Plongez dans l&#039;univers de Leonetto Cappiello, le p\u00e8re de la publicit\u00e9 moderne\",\"potentialAction\":[{\"@type\":\"SearchAction\",\"target\":{\"@type\":\"EntryPoint\",\"urlTemplate\":\"https:\\\/\\\/cappiello.fr\\\/en\\\/?s={search_term_string}\"},\"query-input\":{\"@type\":\"PropertyValueSpecification\",\"valueRequired\":true,\"valueName\":\"search_term_string\"}}],\"inLanguage\":\"en-US\"}]}<\/script>\n<meta property=\"product:price:currency\" content=\"EUR\" \/>\n<meta property=\"og:availability\" content=\"instock\" \/>\n<meta property=\"product:availability\" content=\"instock\" \/>\n<meta property=\"product:retailer_item_id\" content=\"1927039F0\" \/>\n<meta property=\"product:condition\" content=\"new\" \/>\n<!-- \/ Yoast SEO Premium plugin. -->","yoast_head_json":{"title":"Anisette - Catalogue Raisonn\u00e9 de Leonetto Cappiello","description":"An elegant 18th-century woman in a pannier dress offers a bottle of anisette to three men in tailcoats and top hats. The offer is quickly accepted. The contrast between the woman's dress and the men's suits is noteworthy.","robots":{"index":"index","follow":"follow","max-snippet":"max-snippet:-1","max-image-preview":"max-image-preview:large","max-video-preview":"max-video-preview:-1"},"canonical":"https:\/\/cappiello.fr\/en\/produit\/anisette-4\/","og_locale":"en_US","og_type":"article","og_title":"Anisette","og_description":"An elegant 18th-century woman in a pannier dress offers a bottle of anisette to three men in tailcoats and top hats. The offer is quickly accepted. The contrast between the woman's dress and the men's suits is noteworthy.","og_url":"https:\/\/cappiello.fr\/en\/produit\/anisette-4\/","og_site_name":"Catalogue raisonn\u00e9 de Leonetto Cappiello","article_modified_time":"2025-05-14T21:28:11+00:00","og_image":[{"width":594,"height":800,"url":"https:\/\/cappiello.fr\/wp-content\/uploads\/2024\/10\/Photo-peinte-affiche-publicitaire-anisette-2-cappiello-1927.jpg","type":"image\/jpeg"}],"twitter_card":"summary_large_image","twitter_title":"Anisette","twitter_description":"An elegant 18th-century woman in a pannier dress offers a bottle of anisette to three men in tailcoats and top hats. The offer is quickly accepted. The contrast between the woman's dress and the men's suits is noteworthy.","twitter_misc":{"Price":"","Availability":"In stock"},"schema":{"@context":"https:\/\/schema.org","@graph":[{"@type":["WebPage","ItemPage"],"@id":"https:\/\/cappiello.fr\/en\/produit\/anisette-4\/","url":"https:\/\/cappiello.fr\/en\/produit\/anisette-4\/","name":"Anisette - Catalogue Raisonn\u00e9 de Leonetto Cappiello","isPartOf":{"@id":"https:\/\/cappiello.fr\/en\/#website"},"primaryImageOfPage":{"@id":"https:\/\/cappiello.fr\/en\/produit\/anisette-4\/#primaryimage"},"image":{"@id":"https:\/\/cappiello.fr\/en\/produit\/anisette-4\/#primaryimage"},"thumbnailUrl":"https:\/\/cappiello.fr\/wp-content\/uploads\/2024\/10\/Photo-peinte-affiche-publicitaire-anisette-2-cappiello-1927.jpg","datePublished":"1927-01-01T00:00:00+00:00","dateModified":"2025-05-14T21:28:11+00:00","description":"An elegant 18th-century woman in a pannier dress offers a bottle of anisette to three men in tailcoats and top hats. The offer is quickly accepted. The contrast between the woman's dress and the men's suits is noteworthy.","breadcrumb":{"@id":"https:\/\/cappiello.fr\/en\/produit\/anisette-4\/#breadcrumb"},"inLanguage":"en-US","potentialAction":[{"@type":"ReadAction","target":["https:\/\/cappiello.fr\/en\/produit\/anisette-4\/"]}]},{"@type":"ImageObject","inLanguage":"en-US","@id":"https:\/\/cappiello.fr\/en\/produit\/anisette-4\/#primaryimage","url":"https:\/\/cappiello.fr\/wp-content\/uploads\/2024\/10\/Photo-peinte-affiche-publicitaire-anisette-2-cappiello-1927.jpg","contentUrl":"https:\/\/cappiello.fr\/wp-content\/uploads\/2024\/10\/Photo-peinte-affiche-publicitaire-anisette-2-cappiello-1927.jpg","width":594,"height":800,"caption":"Anisette"},{"@type":"BreadcrumbList","@id":"https:\/\/cappiello.fr\/en\/produit\/anisette-4\/#breadcrumb","itemListElement":[{"@type":"ListItem","position":1,"name":"Accueil","item":"https:\/\/cappiello.fr\/en\/"},{"@type":"ListItem","position":2,"name":"The works","item":"https:\/\/cappiello.fr\/en\/the-works\/"},{"@type":"ListItem","position":3,"name":"Anisette"}]},{"@type":"WebSite","@id":"https:\/\/cappiello.fr\/en\/#website","url":"https:\/\/cappiello.fr\/en\/","name":"Catalogue raisonn\u00e9 de Leonetto Cappiello","description":"Plongez dans l&#039;univers de Leonetto Cappiello, le p\u00e8re de la publicit\u00e9 moderne","potentialAction":[{"@type":"SearchAction","target":{"@type":"EntryPoint","urlTemplate":"https:\/\/cappiello.fr\/en\/?s={search_term_string}"},"query-input":{"@type":"PropertyValueSpecification","valueRequired":true,"valueName":"search_term_string"}}],"inLanguage":"en-US"}]},"product_price_currency":"EUR","og_availability":"instock","product_availability":"instock","product_retailer_item_id":"1927039F0","product_condition":"new"},"_links":{"self":[{"href":"https:\/\/cappiello.fr\/en\/wp-json\/wp\/v2\/product\/133365","targetHints":{"allow":["GET"]}}],"collection":[{"href":"https:\/\/cappiello.fr\/en\/wp-json\/wp\/v2\/product"}],"about":[{"href":"https:\/\/cappiello.fr\/en\/wp-json\/wp\/v2\/types\/product"}],"wp:featuredmedia":[{"embeddable":true,"href":"https:\/\/cappiello.fr\/en\/wp-json\/wp\/v2\/media\/134193"}],"wp:attachment":[{"href":"https:\/\/cappiello.fr\/en\/wp-json\/wp\/v2\/media?parent=133365"}],"wp:term":[{"taxonomy":"type-doeuvre","embeddable":true,"href":"https:\/\/cappiello.fr\/en\/wp-json\/wp\/v2\/type-doeuvre?post=133365"},{"taxonomy":"product_brand","embeddable":true,"href":"https:\/\/cappiello.fr\/en\/wp-json\/wp\/v2\/product_brand?post=133365"},{"taxonomy":"product_cat","embeddable":true,"href":"https:\/\/cappiello.fr\/en\/wp-json\/wp\/v2\/product_cat?post=133365"},{"taxonomy":"product_tag","embeddable":true,"href":"https:\/\/cappiello.fr\/en\/wp-json\/wp\/v2\/product_tag?post=133365"}],"curies":[{"name":"wp","href":"https:\/\/api.w.org\/{rel}","templated":true}]}}