{"id":133374,"date":"1927-01-01T00:00:00","date_gmt":"1927-01-01T00:00:00","guid":{"rendered":"https:\/\/cappiello.fr\/produit\/albergo-colombia\/"},"modified":"2025-05-14T23:28:24","modified_gmt":"2025-05-14T21:28:24","slug":"albergo-colombia","status":"publish","type":"product","link":"https:\/\/cappiello.fr\/en\/produit\/albergo-colombia\/","title":{"rendered":"Albergo Colombia"},"content":{"rendered":"<p>A cruise passenger on the deck of a liner looks at an advertisement for the Colombia Hotel in Genoa.<br \/>\nIn the preliminary sketch (see black and white photo), Cappiello mainly highlighted the hotel and barely the ship.<\/p>\n","protected":false},"excerpt":{"rendered":"<p>The transatlantic liner Giuseppe Verdi, launched in 1915 in the port of Genoa, was built in the shipyards of the Transatlantica Italiana Societ\u00e0 Anonima di Navigazione. The same company acquired and rebuilt the Colombia Hotel in Genoa between 1921 and 1928. The poster obviously advertises the hotel but also the transatlantic shipping company.<br \/>An initial sketch only focused on the <a href=\"https:\/\/cappiello.fr\/en\/produit\/hotel-colombia-excelsior-2\/\">hotel<\/a>.<\/p>\n","protected":false},"featured_media":134254,"template":"","meta":{"_acf_changed":false},"type-doeuvre":[4057],"product_brand":[],"product_cat":[3365],"product_tag":[3658,3250,3325,3964],"class_list":{"0":"post-133374","1":"product","2":"type-product","3":"status-publish","4":"has-post-thumbnail","6":"type-doeuvre-affiches","7":"product_cat-tourism","8":"product_tag-apron-en-6","9":"product_tag-hat","10":"product_tag-factory","11":"product_tag-lighthouse-at-sea","12":"pa_periode-1919-1929-en","13":"pa_type-de-contenu-lithography","15":"first","16":"instock","17":"virtual","18":"product-type-simple"},"acf":[],"yoast_head":"<!-- This site is optimized with the Yoast SEO Premium plugin v27.0 (Yoast SEO v27.4) - https:\/\/yoast.com\/product\/yoast-seo-premium-wordpress\/ -->\n<title>Albergo Colombia - Catalogue Raisonn\u00e9 de Leonetto Cappiello<\/title>\n<meta name=\"description\" content=\"A cruise passenger on the deck of a liner looks at an advertisement for the Colombia Hotel in Genoa. In the preliminary sketch (see black and white photo), Cappiello mainly highlighted the hotel and barely the ship.\" \/>\n<meta name=\"robots\" content=\"index, follow, max-snippet:-1, max-image-preview:large, max-video-preview:-1\" \/>\n<link rel=\"canonical\" href=\"https:\/\/cappiello.fr\/en\/produit\/albergo-colombia\/\" \/>\n<meta property=\"og:locale\" content=\"en_US\" \/>\n<meta property=\"og:type\" content=\"article\" \/>\n<meta property=\"og:title\" content=\"Albergo Colombia\" \/>\n<meta property=\"og:description\" content=\"A cruise passenger on the deck of a liner looks at an advertisement for the Colombia Hotel in Genoa. In the preliminary sketch (see black and white photo), Cappiello mainly highlighted the hotel and barely the ship.\" \/>\n<meta property=\"og:url\" content=\"https:\/\/cappiello.fr\/en\/produit\/albergo-colombia\/\" \/>\n<meta property=\"og:site_name\" content=\"Catalogue raisonn\u00e9 de Leonetto Cappiello\" \/>\n<meta property=\"article:modified_time\" content=\"2025-05-14T21:28:24+00:00\" \/>\n<meta property=\"og:image\" content=\"https:\/\/cappiello.fr\/wp-content\/uploads\/2024\/10\/Lithographie-affiche-publicitaire-albergo-colombia-cappiello-1927.jpg\" \/>\n\t<meta property=\"og:image:width\" content=\"576\" \/>\n\t<meta property=\"og:image:height\" content=\"800\" \/>\n\t<meta property=\"og:image:type\" content=\"image\/jpeg\" \/>\n<meta name=\"twitter:card\" content=\"summary_large_image\" \/>\n<meta name=\"twitter:title\" content=\"Albergo Colombia\" \/>\n<meta name=\"twitter:description\" content=\"A cruise passenger on the deck of a liner looks at an advertisement for the Colombia Hotel in Genoa. In the preliminary sketch (see black and white photo), Cappiello mainly highlighted the hotel and barely the ship.\" \/>\n<meta name=\"twitter:label1\" content=\"Price\" \/>\n\t<meta name=\"twitter:data1\" content=\"\" \/>\n\t<meta name=\"twitter:label2\" content=\"Availability\" \/>\n\t<meta name=\"twitter:data2\" content=\"In stock\" \/>\n<script type=\"application\/ld+json\" class=\"yoast-schema-graph\">{\"@context\":\"https:\\\/\\\/schema.org\",\"@graph\":[{\"@type\":[\"WebPage\",\"ItemPage\"],\"@id\":\"https:\\\/\\\/cappiello.fr\\\/en\\\/produit\\\/albergo-colombia\\\/\",\"url\":\"https:\\\/\\\/cappiello.fr\\\/en\\\/produit\\\/albergo-colombia\\\/\",\"name\":\"Albergo Colombia - Catalogue Raisonn\u00e9 de Leonetto Cappiello\",\"isPartOf\":{\"@id\":\"https:\\\/\\\/cappiello.fr\\\/en\\\/#website\"},\"primaryImageOfPage\":{\"@id\":\"https:\\\/\\\/cappiello.fr\\\/en\\\/produit\\\/albergo-colombia\\\/#primaryimage\"},\"image\":{\"@id\":\"https:\\\/\\\/cappiello.fr\\\/en\\\/produit\\\/albergo-colombia\\\/#primaryimage\"},\"thumbnailUrl\":\"https:\\\/\\\/cappiello.fr\\\/wp-content\\\/uploads\\\/2024\\\/10\\\/Lithographie-affiche-publicitaire-albergo-colombia-cappiello-1927.jpg\",\"datePublished\":\"1927-01-01T00:00:00+00:00\",\"dateModified\":\"2025-05-14T21:28:24+00:00\",\"description\":\"A cruise passenger on the deck of a liner looks at an advertisement for the Colombia Hotel in Genoa. In the preliminary sketch (see black and white photo), Cappiello mainly highlighted the hotel and barely the ship.\",\"breadcrumb\":{\"@id\":\"https:\\\/\\\/cappiello.fr\\\/en\\\/produit\\\/albergo-colombia\\\/#breadcrumb\"},\"inLanguage\":\"en-US\",\"potentialAction\":[{\"@type\":\"ReadAction\",\"target\":[\"https:\\\/\\\/cappiello.fr\\\/en\\\/produit\\\/albergo-colombia\\\/\"]}]},{\"@type\":\"ImageObject\",\"inLanguage\":\"en-US\",\"@id\":\"https:\\\/\\\/cappiello.fr\\\/en\\\/produit\\\/albergo-colombia\\\/#primaryimage\",\"url\":\"https:\\\/\\\/cappiello.fr\\\/wp-content\\\/uploads\\\/2024\\\/10\\\/Lithographie-affiche-publicitaire-albergo-colombia-cappiello-1927.jpg\",\"contentUrl\":\"https:\\\/\\\/cappiello.fr\\\/wp-content\\\/uploads\\\/2024\\\/10\\\/Lithographie-affiche-publicitaire-albergo-colombia-cappiello-1927.jpg\",\"width\":576,\"height\":800,\"caption\":\"Le transatlantique Giuseppe Verdi\"},{\"@type\":\"BreadcrumbList\",\"@id\":\"https:\\\/\\\/cappiello.fr\\\/en\\\/produit\\\/albergo-colombia\\\/#breadcrumb\",\"itemListElement\":[{\"@type\":\"ListItem\",\"position\":1,\"name\":\"Accueil\",\"item\":\"https:\\\/\\\/cappiello.fr\\\/en\\\/\"},{\"@type\":\"ListItem\",\"position\":2,\"name\":\"The works\",\"item\":\"https:\\\/\\\/cappiello.fr\\\/en\\\/the-works\\\/\"},{\"@type\":\"ListItem\",\"position\":3,\"name\":\"Albergo Colombia\"}]},{\"@type\":\"WebSite\",\"@id\":\"https:\\\/\\\/cappiello.fr\\\/en\\\/#website\",\"url\":\"https:\\\/\\\/cappiello.fr\\\/en\\\/\",\"name\":\"Catalogue raisonn\u00e9 de Leonetto Cappiello\",\"description\":\"Plongez dans l&#039;univers de Leonetto Cappiello, le p\u00e8re de la publicit\u00e9 moderne\",\"potentialAction\":[{\"@type\":\"SearchAction\",\"target\":{\"@type\":\"EntryPoint\",\"urlTemplate\":\"https:\\\/\\\/cappiello.fr\\\/en\\\/?s={search_term_string}\"},\"query-input\":{\"@type\":\"PropertyValueSpecification\",\"valueRequired\":true,\"valueName\":\"search_term_string\"}}],\"inLanguage\":\"en-US\"}]}<\/script>\n<meta property=\"product:price:currency\" content=\"EUR\" \/>\n<meta property=\"og:availability\" content=\"instock\" \/>\n<meta property=\"product:availability\" content=\"instock\" \/>\n<meta property=\"product:retailer_item_id\" content=\"1927035Z0\" \/>\n<meta property=\"product:condition\" content=\"new\" \/>\n<!-- \/ Yoast SEO Premium plugin. -->","yoast_head_json":{"title":"Albergo Colombia - Catalogue Raisonn\u00e9 de Leonetto Cappiello","description":"A cruise passenger on the deck of a liner looks at an advertisement for the Colombia Hotel in Genoa. In the preliminary sketch (see black and white photo), Cappiello mainly highlighted the hotel and barely the ship.","robots":{"index":"index","follow":"follow","max-snippet":"max-snippet:-1","max-image-preview":"max-image-preview:large","max-video-preview":"max-video-preview:-1"},"canonical":"https:\/\/cappiello.fr\/en\/produit\/albergo-colombia\/","og_locale":"en_US","og_type":"article","og_title":"Albergo Colombia","og_description":"A cruise passenger on the deck of a liner looks at an advertisement for the Colombia Hotel in Genoa. In the preliminary sketch (see black and white photo), Cappiello mainly highlighted the hotel and barely the ship.","og_url":"https:\/\/cappiello.fr\/en\/produit\/albergo-colombia\/","og_site_name":"Catalogue raisonn\u00e9 de Leonetto Cappiello","article_modified_time":"2025-05-14T21:28:24+00:00","og_image":[{"width":576,"height":800,"url":"https:\/\/cappiello.fr\/wp-content\/uploads\/2024\/10\/Lithographie-affiche-publicitaire-albergo-colombia-cappiello-1927.jpg","type":"image\/jpeg"}],"twitter_card":"summary_large_image","twitter_title":"Albergo Colombia","twitter_description":"A cruise passenger on the deck of a liner looks at an advertisement for the Colombia Hotel in Genoa. In the preliminary sketch (see black and white photo), Cappiello mainly highlighted the hotel and barely the ship.","twitter_misc":{"Price":"","Availability":"In stock"},"schema":{"@context":"https:\/\/schema.org","@graph":[{"@type":["WebPage","ItemPage"],"@id":"https:\/\/cappiello.fr\/en\/produit\/albergo-colombia\/","url":"https:\/\/cappiello.fr\/en\/produit\/albergo-colombia\/","name":"Albergo Colombia - Catalogue Raisonn\u00e9 de Leonetto Cappiello","isPartOf":{"@id":"https:\/\/cappiello.fr\/en\/#website"},"primaryImageOfPage":{"@id":"https:\/\/cappiello.fr\/en\/produit\/albergo-colombia\/#primaryimage"},"image":{"@id":"https:\/\/cappiello.fr\/en\/produit\/albergo-colombia\/#primaryimage"},"thumbnailUrl":"https:\/\/cappiello.fr\/wp-content\/uploads\/2024\/10\/Lithographie-affiche-publicitaire-albergo-colombia-cappiello-1927.jpg","datePublished":"1927-01-01T00:00:00+00:00","dateModified":"2025-05-14T21:28:24+00:00","description":"A cruise passenger on the deck of a liner looks at an advertisement for the Colombia Hotel in Genoa. In the preliminary sketch (see black and white photo), Cappiello mainly highlighted the hotel and barely the ship.","breadcrumb":{"@id":"https:\/\/cappiello.fr\/en\/produit\/albergo-colombia\/#breadcrumb"},"inLanguage":"en-US","potentialAction":[{"@type":"ReadAction","target":["https:\/\/cappiello.fr\/en\/produit\/albergo-colombia\/"]}]},{"@type":"ImageObject","inLanguage":"en-US","@id":"https:\/\/cappiello.fr\/en\/produit\/albergo-colombia\/#primaryimage","url":"https:\/\/cappiello.fr\/wp-content\/uploads\/2024\/10\/Lithographie-affiche-publicitaire-albergo-colombia-cappiello-1927.jpg","contentUrl":"https:\/\/cappiello.fr\/wp-content\/uploads\/2024\/10\/Lithographie-affiche-publicitaire-albergo-colombia-cappiello-1927.jpg","width":576,"height":800,"caption":"Le transatlantique Giuseppe Verdi"},{"@type":"BreadcrumbList","@id":"https:\/\/cappiello.fr\/en\/produit\/albergo-colombia\/#breadcrumb","itemListElement":[{"@type":"ListItem","position":1,"name":"Accueil","item":"https:\/\/cappiello.fr\/en\/"},{"@type":"ListItem","position":2,"name":"The works","item":"https:\/\/cappiello.fr\/en\/the-works\/"},{"@type":"ListItem","position":3,"name":"Albergo Colombia"}]},{"@type":"WebSite","@id":"https:\/\/cappiello.fr\/en\/#website","url":"https:\/\/cappiello.fr\/en\/","name":"Catalogue raisonn\u00e9 de Leonetto Cappiello","description":"Plongez dans l&#039;univers de Leonetto Cappiello, le p\u00e8re de la publicit\u00e9 moderne","potentialAction":[{"@type":"SearchAction","target":{"@type":"EntryPoint","urlTemplate":"https:\/\/cappiello.fr\/en\/?s={search_term_string}"},"query-input":{"@type":"PropertyValueSpecification","valueRequired":true,"valueName":"search_term_string"}}],"inLanguage":"en-US"}]},"product_price_currency":"EUR","og_availability":"instock","product_availability":"instock","product_retailer_item_id":"1927035Z0","product_condition":"new"},"_links":{"self":[{"href":"https:\/\/cappiello.fr\/en\/wp-json\/wp\/v2\/product\/133374","targetHints":{"allow":["GET"]}}],"collection":[{"href":"https:\/\/cappiello.fr\/en\/wp-json\/wp\/v2\/product"}],"about":[{"href":"https:\/\/cappiello.fr\/en\/wp-json\/wp\/v2\/types\/product"}],"wp:featuredmedia":[{"embeddable":true,"href":"https:\/\/cappiello.fr\/en\/wp-json\/wp\/v2\/media\/134254"}],"wp:attachment":[{"href":"https:\/\/cappiello.fr\/en\/wp-json\/wp\/v2\/media?parent=133374"}],"wp:term":[{"taxonomy":"type-doeuvre","embeddable":true,"href":"https:\/\/cappiello.fr\/en\/wp-json\/wp\/v2\/type-doeuvre?post=133374"},{"taxonomy":"product_brand","embeddable":true,"href":"https:\/\/cappiello.fr\/en\/wp-json\/wp\/v2\/product_brand?post=133374"},{"taxonomy":"product_cat","embeddable":true,"href":"https:\/\/cappiello.fr\/en\/wp-json\/wp\/v2\/product_cat?post=133374"},{"taxonomy":"product_tag","embeddable":true,"href":"https:\/\/cappiello.fr\/en\/wp-json\/wp\/v2\/product_tag?post=133374"}],"curies":[{"name":"wp","href":"https:\/\/api.w.org\/{rel}","templated":true}]}}