{"id":133375,"date":"1927-01-01T00:00:00","date_gmt":"1927-01-01T00:00:00","guid":{"rendered":"https:\/\/cappiello.fr\/produit\/pates-alimentaires-7\/"},"modified":"2025-05-14T23:28:25","modified_gmt":"2025-05-14T21:28:25","slug":"pates-alimentaires-7","status":"publish","type":"product","link":"https:\/\/cappiello.fr\/en\/produit\/pates-alimentaires-7\/","title":{"rendered":"Remy \/ P\u00e2tes Alimentaires"},"content":{"rendered":"<p>Cappiello created numerous poster projects for the R\u00e9my company in Louvain (Belgium), specialized in flour processing (rice starch and rice cakes, peeled rice, semolina, rice flower and flour, wheat flour). All these projects have one thing in common: a dancer in a blue suit with white stars, holding an umbrella with the same colors and patterns in his hand.<br \/>\nHere the dancer holds numerous packets of pasta in his other hand.<\/p>\n","protected":false},"excerpt":{"rendered":"<p>Pasta<\/p>\n","protected":false},"featured_media":134291,"template":"","meta":{"_acf_changed":false},"type-doeuvre":[4057],"product_brand":[],"product_cat":[3494],"product_tag":[3704,3525],"class_list":{"0":"post-133375","1":"product","2":"type-product","3":"status-publish","4":"has-post-thumbnail","6":"type-doeuvre-affiches","7":"product_cat-flour-based-products","8":"product_tag-dancer-en-2","9":"product_tag-rug","10":"pa_periode-1919-1929-en","11":"pa_type-de-contenu-lithography","13":"first","14":"instock","15":"virtual","16":"product-type-simple"},"acf":[],"yoast_head":"<!-- This site is optimized with the Yoast SEO Premium plugin v27.0 (Yoast SEO v27.4) - https:\/\/yoast.com\/product\/yoast-seo-premium-wordpress\/ -->\n<title>Remy \/ P\u00e2tes Alimentaires - Catalogue Raisonn\u00e9 de Leonetto Cappiello<\/title>\n<meta name=\"description\" content=\"Cappiello created numerous poster projects for the R\u00e9my company in Louvain (Belgium), specializing in flour processing (rice starch and rice cakes, peeled rice, semolina, rice flower and flour, wheat flour). All these projects have one thing in common: a dancer in a blue suit with white stars, holding an umbrella with the same colors and patterns in one hand. Here, the dancer holds numerous packets of pasta in the other hand.\" \/>\n<meta name=\"robots\" content=\"index, follow, max-snippet:-1, max-image-preview:large, max-video-preview:-1\" \/>\n<link rel=\"canonical\" href=\"https:\/\/cappiello.fr\/en\/produit\/pates-alimentaires-7\/\" \/>\n<meta property=\"og:locale\" content=\"en_US\" \/>\n<meta property=\"og:type\" content=\"article\" \/>\n<meta property=\"og:title\" content=\"Remy \/ P\u00e2tes Alimentaires\" \/>\n<meta property=\"og:description\" content=\"Cappiello created numerous poster projects for the R\u00e9my company in Louvain (Belgium), specializing in flour processing (rice starch and rice cakes, peeled rice, semolina, rice flower and flour, wheat flour). All these projects have one thing in common: a dancer in a blue suit with white stars, holding an umbrella with the same colors and patterns in one hand. Here, the dancer holds numerous packets of pasta in the other hand.\" \/>\n<meta property=\"og:url\" content=\"https:\/\/cappiello.fr\/en\/produit\/pates-alimentaires-7\/\" \/>\n<meta property=\"og:site_name\" content=\"Catalogue raisonn\u00e9 de Leonetto Cappiello\" \/>\n<meta property=\"article:modified_time\" content=\"2025-05-14T21:28:25+00:00\" \/>\n<meta property=\"og:image\" content=\"https:\/\/cappiello.fr\/wp-content\/uploads\/2024\/10\/Lithographie-affiche-publicitaire-remy-pates-alimentaires-cappiello-1929.jpg\" \/>\n\t<meta property=\"og:image:width\" content=\"610\" \/>\n\t<meta property=\"og:image:height\" content=\"800\" \/>\n\t<meta property=\"og:image:type\" content=\"image\/jpeg\" \/>\n<meta name=\"twitter:card\" content=\"summary_large_image\" \/>\n<meta name=\"twitter:title\" content=\"Remy \/ P\u00e2tes Alimentaires\" \/>\n<meta name=\"twitter:description\" content=\"Cappiello created numerous poster projects for the R\u00e9my company in Louvain (Belgium), specializing in flour processing (rice starch and rice cakes, peeled rice, semolina, rice flower and flour, wheat flour). All these projects have one thing in common: a dancer in a blue suit with white stars, holding an umbrella with the same colors and patterns in one hand. Here, the dancer holds numerous packets of pasta in the other hand.\" \/>\n<meta name=\"twitter:label1\" content=\"Price\" \/>\n\t<meta name=\"twitter:data1\" content=\"\" \/>\n\t<meta name=\"twitter:label2\" content=\"Availability\" \/>\n\t<meta name=\"twitter:data2\" content=\"In stock\" \/>\n<script type=\"application\/ld+json\" class=\"yoast-schema-graph\">{\"@context\":\"https:\\\/\\\/schema.org\",\"@graph\":[{\"@type\":[\"WebPage\",\"ItemPage\"],\"@id\":\"https:\\\/\\\/cappiello.fr\\\/en\\\/produit\\\/pates-alimentaires-7\\\/\",\"url\":\"https:\\\/\\\/cappiello.fr\\\/en\\\/produit\\\/pates-alimentaires-7\\\/\",\"name\":\"Remy \\\/ P\u00e2tes Alimentaires - Catalogue Raisonn\u00e9 de Leonetto Cappiello\",\"isPartOf\":{\"@id\":\"https:\\\/\\\/cappiello.fr\\\/en\\\/#website\"},\"primaryImageOfPage\":{\"@id\":\"https:\\\/\\\/cappiello.fr\\\/en\\\/produit\\\/pates-alimentaires-7\\\/#primaryimage\"},\"image\":{\"@id\":\"https:\\\/\\\/cappiello.fr\\\/en\\\/produit\\\/pates-alimentaires-7\\\/#primaryimage\"},\"thumbnailUrl\":\"https:\\\/\\\/cappiello.fr\\\/wp-content\\\/uploads\\\/2024\\\/10\\\/Lithographie-affiche-publicitaire-remy-pates-alimentaires-cappiello-1929.jpg\",\"datePublished\":\"1927-01-01T00:00:00+00:00\",\"dateModified\":\"2025-05-14T21:28:25+00:00\",\"description\":\"Cappiello created numerous poster projects for the R\u00e9my company in Louvain (Belgium), specializing in flour processing (rice starch and rice cakes, peeled rice, semolina, rice flower and flour, wheat flour). All these projects have one thing in common: a dancer in a blue suit with white stars, holding an umbrella with the same colors and patterns in one hand. Here, the dancer holds numerous packets of pasta in the other hand.\",\"breadcrumb\":{\"@id\":\"https:\\\/\\\/cappiello.fr\\\/en\\\/produit\\\/pates-alimentaires-7\\\/#breadcrumb\"},\"inLanguage\":\"en-US\",\"potentialAction\":[{\"@type\":\"ReadAction\",\"target\":[\"https:\\\/\\\/cappiello.fr\\\/en\\\/produit\\\/pates-alimentaires-7\\\/\"]}]},{\"@type\":\"ImageObject\",\"inLanguage\":\"en-US\",\"@id\":\"https:\\\/\\\/cappiello.fr\\\/en\\\/produit\\\/pates-alimentaires-7\\\/#primaryimage\",\"url\":\"https:\\\/\\\/cappiello.fr\\\/wp-content\\\/uploads\\\/2024\\\/10\\\/Lithographie-affiche-publicitaire-remy-pates-alimentaires-cappiello-1929.jpg\",\"contentUrl\":\"https:\\\/\\\/cappiello.fr\\\/wp-content\\\/uploads\\\/2024\\\/10\\\/Lithographie-affiche-publicitaire-remy-pates-alimentaires-cappiello-1929.jpg\",\"width\":610,\"height\":800,\"caption\":\"P\u00e2tes alimentaires\"},{\"@type\":\"BreadcrumbList\",\"@id\":\"https:\\\/\\\/cappiello.fr\\\/en\\\/produit\\\/pates-alimentaires-7\\\/#breadcrumb\",\"itemListElement\":[{\"@type\":\"ListItem\",\"position\":1,\"name\":\"Accueil\",\"item\":\"https:\\\/\\\/cappiello.fr\\\/en\\\/\"},{\"@type\":\"ListItem\",\"position\":2,\"name\":\"The works\",\"item\":\"https:\\\/\\\/cappiello.fr\\\/en\\\/the-works\\\/\"},{\"@type\":\"ListItem\",\"position\":3,\"name\":\"Remy \\\/ P\u00e2tes Alimentaires\"}]},{\"@type\":\"WebSite\",\"@id\":\"https:\\\/\\\/cappiello.fr\\\/en\\\/#website\",\"url\":\"https:\\\/\\\/cappiello.fr\\\/en\\\/\",\"name\":\"Catalogue raisonn\u00e9 de Leonetto Cappiello\",\"description\":\"Plongez dans l&#039;univers de Leonetto Cappiello, le p\u00e8re de la publicit\u00e9 moderne\",\"potentialAction\":[{\"@type\":\"SearchAction\",\"target\":{\"@type\":\"EntryPoint\",\"urlTemplate\":\"https:\\\/\\\/cappiello.fr\\\/en\\\/?s={search_term_string}\"},\"query-input\":{\"@type\":\"PropertyValueSpecification\",\"valueRequired\":true,\"valueName\":\"search_term_string\"}}],\"inLanguage\":\"en-US\"}]}<\/script>\n<meta property=\"product:price:currency\" content=\"EUR\" \/>\n<meta property=\"og:availability\" content=\"instock\" \/>\n<meta property=\"product:availability\" content=\"instock\" \/>\n<meta property=\"product:retailer_item_id\" content=\"1927034Z0\" \/>\n<meta property=\"product:condition\" content=\"new\" \/>\n<!-- \/ Yoast SEO Premium plugin. -->","yoast_head_json":{"title":"Remy \/ P\u00e2tes Alimentaires - Catalogue Raisonn\u00e9 de Leonetto Cappiello","description":"Cappiello created numerous poster projects for the R\u00e9my company in Louvain (Belgium), specializing in flour processing (rice starch and rice cakes, peeled rice, semolina, rice flower and flour, wheat flour). All these projects have one thing in common: a dancer in a blue suit with white stars, holding an umbrella with the same colors and patterns in one hand. Here, the dancer holds numerous packets of pasta in the other hand.","robots":{"index":"index","follow":"follow","max-snippet":"max-snippet:-1","max-image-preview":"max-image-preview:large","max-video-preview":"max-video-preview:-1"},"canonical":"https:\/\/cappiello.fr\/en\/produit\/pates-alimentaires-7\/","og_locale":"en_US","og_type":"article","og_title":"Remy \/ P\u00e2tes Alimentaires","og_description":"Cappiello created numerous poster projects for the R\u00e9my company in Louvain (Belgium), specializing in flour processing (rice starch and rice cakes, peeled rice, semolina, rice flower and flour, wheat flour). All these projects have one thing in common: a dancer in a blue suit with white stars, holding an umbrella with the same colors and patterns in one hand. Here, the dancer holds numerous packets of pasta in the other hand.","og_url":"https:\/\/cappiello.fr\/en\/produit\/pates-alimentaires-7\/","og_site_name":"Catalogue raisonn\u00e9 de Leonetto Cappiello","article_modified_time":"2025-05-14T21:28:25+00:00","og_image":[{"width":610,"height":800,"url":"https:\/\/cappiello.fr\/wp-content\/uploads\/2024\/10\/Lithographie-affiche-publicitaire-remy-pates-alimentaires-cappiello-1929.jpg","type":"image\/jpeg"}],"twitter_card":"summary_large_image","twitter_title":"Remy \/ P\u00e2tes Alimentaires","twitter_description":"Cappiello created numerous poster projects for the R\u00e9my company in Louvain (Belgium), specializing in flour processing (rice starch and rice cakes, peeled rice, semolina, rice flower and flour, wheat flour). All these projects have one thing in common: a dancer in a blue suit with white stars, holding an umbrella with the same colors and patterns in one hand. Here, the dancer holds numerous packets of pasta in the other hand.","twitter_misc":{"Price":"","Availability":"In stock"},"schema":{"@context":"https:\/\/schema.org","@graph":[{"@type":["WebPage","ItemPage"],"@id":"https:\/\/cappiello.fr\/en\/produit\/pates-alimentaires-7\/","url":"https:\/\/cappiello.fr\/en\/produit\/pates-alimentaires-7\/","name":"Remy \/ P\u00e2tes Alimentaires - Catalogue Raisonn\u00e9 de Leonetto Cappiello","isPartOf":{"@id":"https:\/\/cappiello.fr\/en\/#website"},"primaryImageOfPage":{"@id":"https:\/\/cappiello.fr\/en\/produit\/pates-alimentaires-7\/#primaryimage"},"image":{"@id":"https:\/\/cappiello.fr\/en\/produit\/pates-alimentaires-7\/#primaryimage"},"thumbnailUrl":"https:\/\/cappiello.fr\/wp-content\/uploads\/2024\/10\/Lithographie-affiche-publicitaire-remy-pates-alimentaires-cappiello-1929.jpg","datePublished":"1927-01-01T00:00:00+00:00","dateModified":"2025-05-14T21:28:25+00:00","description":"Cappiello created numerous poster projects for the R\u00e9my company in Louvain (Belgium), specializing in flour processing (rice starch and rice cakes, peeled rice, semolina, rice flower and flour, wheat flour). All these projects have one thing in common: a dancer in a blue suit with white stars, holding an umbrella with the same colors and patterns in one hand. Here, the dancer holds numerous packets of pasta in the other hand.","breadcrumb":{"@id":"https:\/\/cappiello.fr\/en\/produit\/pates-alimentaires-7\/#breadcrumb"},"inLanguage":"en-US","potentialAction":[{"@type":"ReadAction","target":["https:\/\/cappiello.fr\/en\/produit\/pates-alimentaires-7\/"]}]},{"@type":"ImageObject","inLanguage":"en-US","@id":"https:\/\/cappiello.fr\/en\/produit\/pates-alimentaires-7\/#primaryimage","url":"https:\/\/cappiello.fr\/wp-content\/uploads\/2024\/10\/Lithographie-affiche-publicitaire-remy-pates-alimentaires-cappiello-1929.jpg","contentUrl":"https:\/\/cappiello.fr\/wp-content\/uploads\/2024\/10\/Lithographie-affiche-publicitaire-remy-pates-alimentaires-cappiello-1929.jpg","width":610,"height":800,"caption":"P\u00e2tes alimentaires"},{"@type":"BreadcrumbList","@id":"https:\/\/cappiello.fr\/en\/produit\/pates-alimentaires-7\/#breadcrumb","itemListElement":[{"@type":"ListItem","position":1,"name":"Accueil","item":"https:\/\/cappiello.fr\/en\/"},{"@type":"ListItem","position":2,"name":"The works","item":"https:\/\/cappiello.fr\/en\/the-works\/"},{"@type":"ListItem","position":3,"name":"Remy \/ P\u00e2tes Alimentaires"}]},{"@type":"WebSite","@id":"https:\/\/cappiello.fr\/en\/#website","url":"https:\/\/cappiello.fr\/en\/","name":"Catalogue raisonn\u00e9 de Leonetto Cappiello","description":"Plongez dans l&#039;univers de Leonetto Cappiello, le p\u00e8re de la publicit\u00e9 moderne","potentialAction":[{"@type":"SearchAction","target":{"@type":"EntryPoint","urlTemplate":"https:\/\/cappiello.fr\/en\/?s={search_term_string}"},"query-input":{"@type":"PropertyValueSpecification","valueRequired":true,"valueName":"search_term_string"}}],"inLanguage":"en-US"}]},"product_price_currency":"EUR","og_availability":"instock","product_availability":"instock","product_retailer_item_id":"1927034Z0","product_condition":"new"},"_links":{"self":[{"href":"https:\/\/cappiello.fr\/en\/wp-json\/wp\/v2\/product\/133375","targetHints":{"allow":["GET"]}}],"collection":[{"href":"https:\/\/cappiello.fr\/en\/wp-json\/wp\/v2\/product"}],"about":[{"href":"https:\/\/cappiello.fr\/en\/wp-json\/wp\/v2\/types\/product"}],"wp:featuredmedia":[{"embeddable":true,"href":"https:\/\/cappiello.fr\/en\/wp-json\/wp\/v2\/media\/134291"}],"wp:attachment":[{"href":"https:\/\/cappiello.fr\/en\/wp-json\/wp\/v2\/media?parent=133375"}],"wp:term":[{"taxonomy":"type-doeuvre","embeddable":true,"href":"https:\/\/cappiello.fr\/en\/wp-json\/wp\/v2\/type-doeuvre?post=133375"},{"taxonomy":"product_brand","embeddable":true,"href":"https:\/\/cappiello.fr\/en\/wp-json\/wp\/v2\/product_brand?post=133375"},{"taxonomy":"product_cat","embeddable":true,"href":"https:\/\/cappiello.fr\/en\/wp-json\/wp\/v2\/product_cat?post=133375"},{"taxonomy":"product_tag","embeddable":true,"href":"https:\/\/cappiello.fr\/en\/wp-json\/wp\/v2\/product_tag?post=133375"}],"curies":[{"name":"wp","href":"https:\/\/api.w.org\/{rel}","templated":true}]}}