{"id":133454,"date":"1907-01-01T00:00:00","date_gmt":"1906-12-31T23:50:39","guid":{"rendered":"https:\/\/cappiello.fr\/produit\/triple-sec-fournier\/"},"modified":"2025-05-21T08:29:00","modified_gmt":"2025-05-21T06:29:00","slug":"triple-sec-fournier","status":"publish","type":"product","link":"https:\/\/cappiello.fr\/en\/produit\/triple-sec-fournier\/","title":{"rendered":"Triple-Sec Fournier"},"content":{"rendered":"<p>In a red universe, two black devils, a man and a woman, walk away after delightfully stealing a box of Triple-Sec liqueur.<\/p>\n","protected":false},"excerpt":{"rendered":"<p> White Cura\u00e7ao from the Maison Fournier-Demars in Saint-Amand-Montrond, in the south of Cher.<\/p>\n","protected":false},"featured_media":134953,"template":"","meta":{"_acf_changed":false},"type-doeuvre":[4057],"product_brand":[],"product_cat":[3326],"product_tag":[3364,3309],"class_list":{"0":"post-133454","1":"product","2":"type-product","3":"status-publish","4":"has-post-thumbnail","6":"type-doeuvre-affiches","7":"product_cat-liqueurs","8":"product_tag-long-dress-en-2","9":"product_tag-sun-en-11","10":"pa_periode-1900-1918-en","11":"pa_type-de-contenu-lithography","13":"first","14":"instock","15":"virtual","16":"product-type-simple"},"acf":[],"yoast_head":"<!-- This site is optimized with the Yoast SEO Premium plugin v27.0 (Yoast SEO v27.4) - https:\/\/yoast.com\/product\/yoast-seo-premium-wordpress\/ -->\n<title>Triple-Sec Fournier - Catalogue Raisonn\u00e9 de Leonetto Cappiello<\/title>\n<meta name=\"description\" content=\"In a red universe, two black devils, a man and a woman, walk away after having delightfully stolen a box of Triple-Sec liqueur.\" \/>\n<meta name=\"robots\" content=\"index, follow, max-snippet:-1, max-image-preview:large, max-video-preview:-1\" \/>\n<link rel=\"canonical\" href=\"https:\/\/cappiello.fr\/en\/produit\/triple-sec-fournier\/\" \/>\n<meta property=\"og:locale\" content=\"en_US\" \/>\n<meta property=\"og:type\" content=\"article\" \/>\n<meta property=\"og:title\" content=\"Triple-Sec Fournier\" \/>\n<meta property=\"og:description\" content=\"In a red universe, two black devils, a man and a woman, walk away after having delightfully stolen a box of Triple-Sec liqueur.\" \/>\n<meta property=\"og:url\" content=\"https:\/\/cappiello.fr\/en\/produit\/triple-sec-fournier\/\" \/>\n<meta property=\"og:site_name\" content=\"Catalogue raisonn\u00e9 de Leonetto Cappiello\" \/>\n<meta property=\"article:modified_time\" content=\"2025-05-21T06:29:00+00:00\" \/>\n<meta property=\"og:image\" content=\"https:\/\/cappiello.fr\/wp-content\/uploads\/2024\/10\/Lithographie-affiche-publicitaire-triple-sec-fournier-cappiello-1907.jpg\" \/>\n\t<meta property=\"og:image:width\" content=\"594\" \/>\n\t<meta property=\"og:image:height\" content=\"799\" \/>\n\t<meta property=\"og:image:type\" content=\"image\/jpeg\" \/>\n<meta name=\"twitter:card\" content=\"summary_large_image\" \/>\n<meta name=\"twitter:title\" content=\"Triple-Sec Fournier\" \/>\n<meta name=\"twitter:description\" content=\"In a red universe, two black devils, a man and a woman, walk away after having delightfully stolen a box of Triple-Sec liqueur.\" \/>\n<meta name=\"twitter:label1\" content=\"Price\" \/>\n\t<meta name=\"twitter:data1\" content=\"\" \/>\n\t<meta name=\"twitter:label2\" content=\"Availability\" \/>\n\t<meta name=\"twitter:data2\" content=\"In stock\" \/>\n<script type=\"application\/ld+json\" class=\"yoast-schema-graph\">{\"@context\":\"https:\\\/\\\/schema.org\",\"@graph\":[{\"@type\":[\"WebPage\",\"ItemPage\"],\"@id\":\"https:\\\/\\\/cappiello.fr\\\/en\\\/produit\\\/triple-sec-fournier\\\/\",\"url\":\"https:\\\/\\\/cappiello.fr\\\/en\\\/produit\\\/triple-sec-fournier\\\/\",\"name\":\"Triple-Sec Fournier - Catalogue Raisonn\u00e9 de Leonetto Cappiello\",\"isPartOf\":{\"@id\":\"https:\\\/\\\/cappiello.fr\\\/en\\\/#website\"},\"primaryImageOfPage\":{\"@id\":\"https:\\\/\\\/cappiello.fr\\\/en\\\/produit\\\/triple-sec-fournier\\\/#primaryimage\"},\"image\":{\"@id\":\"https:\\\/\\\/cappiello.fr\\\/en\\\/produit\\\/triple-sec-fournier\\\/#primaryimage\"},\"thumbnailUrl\":\"https:\\\/\\\/cappiello.fr\\\/wp-content\\\/uploads\\\/2024\\\/10\\\/Lithographie-affiche-publicitaire-triple-sec-fournier-cappiello-1907.jpg\",\"datePublished\":\"1906-12-31T23:50:39+00:00\",\"dateModified\":\"2025-05-21T06:29:00+00:00\",\"description\":\"In a red universe, two black devils, a man and a woman, walk away after having delightfully stolen a box of Triple-Sec liqueur.\",\"breadcrumb\":{\"@id\":\"https:\\\/\\\/cappiello.fr\\\/en\\\/produit\\\/triple-sec-fournier\\\/#breadcrumb\"},\"inLanguage\":\"en-US\",\"potentialAction\":[{\"@type\":\"ReadAction\",\"target\":[\"https:\\\/\\\/cappiello.fr\\\/en\\\/produit\\\/triple-sec-fournier\\\/\"]}]},{\"@type\":\"ImageObject\",\"inLanguage\":\"en-US\",\"@id\":\"https:\\\/\\\/cappiello.fr\\\/en\\\/produit\\\/triple-sec-fournier\\\/#primaryimage\",\"url\":\"https:\\\/\\\/cappiello.fr\\\/wp-content\\\/uploads\\\/2024\\\/10\\\/Lithographie-affiche-publicitaire-triple-sec-fournier-cappiello-1907.jpg\",\"contentUrl\":\"https:\\\/\\\/cappiello.fr\\\/wp-content\\\/uploads\\\/2024\\\/10\\\/Lithographie-affiche-publicitaire-triple-sec-fournier-cappiello-1907.jpg\",\"width\":594,\"height\":799,\"caption\":\"Cura\u00e7ao blanc de la Maison Fournier-Demars \u00e0 Saint-Amand-Montrond\"},{\"@type\":\"BreadcrumbList\",\"@id\":\"https:\\\/\\\/cappiello.fr\\\/en\\\/produit\\\/triple-sec-fournier\\\/#breadcrumb\",\"itemListElement\":[{\"@type\":\"ListItem\",\"position\":1,\"name\":\"Accueil\",\"item\":\"https:\\\/\\\/cappiello.fr\\\/en\\\/\"},{\"@type\":\"ListItem\",\"position\":2,\"name\":\"The works\",\"item\":\"https:\\\/\\\/cappiello.fr\\\/en\\\/the-works\\\/\"},{\"@type\":\"ListItem\",\"position\":3,\"name\":\"Triple-Sec Fournier\"}]},{\"@type\":\"WebSite\",\"@id\":\"https:\\\/\\\/cappiello.fr\\\/en\\\/#website\",\"url\":\"https:\\\/\\\/cappiello.fr\\\/en\\\/\",\"name\":\"Catalogue raisonn\u00e9 de Leonetto Cappiello\",\"description\":\"Plongez dans l&#039;univers de Leonetto Cappiello, le p\u00e8re de la publicit\u00e9 moderne\",\"potentialAction\":[{\"@type\":\"SearchAction\",\"target\":{\"@type\":\"EntryPoint\",\"urlTemplate\":\"https:\\\/\\\/cappiello.fr\\\/en\\\/?s={search_term_string}\"},\"query-input\":{\"@type\":\"PropertyValueSpecification\",\"valueRequired\":true,\"valueName\":\"search_term_string\"}}],\"inLanguage\":\"en-US\"}]}<\/script>\n<meta property=\"product:price:currency\" content=\"EUR\" \/>\n<meta property=\"og:availability\" content=\"instock\" \/>\n<meta property=\"product:availability\" content=\"instock\" \/>\n<meta property=\"product:retailer_item_id\" content=\"1907011Z0 et 1907011Z1\" \/>\n<meta property=\"product:condition\" content=\"new\" \/>\n<!-- \/ Yoast SEO Premium plugin. -->","yoast_head_json":{"title":"Triple-Sec Fournier - Catalogue Raisonn\u00e9 de Leonetto Cappiello","description":"In a red universe, two black devils, a man and a woman, walk away after having delightfully stolen a box of Triple-Sec liqueur.","robots":{"index":"index","follow":"follow","max-snippet":"max-snippet:-1","max-image-preview":"max-image-preview:large","max-video-preview":"max-video-preview:-1"},"canonical":"https:\/\/cappiello.fr\/en\/produit\/triple-sec-fournier\/","og_locale":"en_US","og_type":"article","og_title":"Triple-Sec Fournier","og_description":"In a red universe, two black devils, a man and a woman, walk away after having delightfully stolen a box of Triple-Sec liqueur.","og_url":"https:\/\/cappiello.fr\/en\/produit\/triple-sec-fournier\/","og_site_name":"Catalogue raisonn\u00e9 de Leonetto Cappiello","article_modified_time":"2025-05-21T06:29:00+00:00","og_image":[{"width":594,"height":799,"url":"https:\/\/cappiello.fr\/wp-content\/uploads\/2024\/10\/Lithographie-affiche-publicitaire-triple-sec-fournier-cappiello-1907.jpg","type":"image\/jpeg"}],"twitter_card":"summary_large_image","twitter_title":"Triple-Sec Fournier","twitter_description":"In a red universe, two black devils, a man and a woman, walk away after having delightfully stolen a box of Triple-Sec liqueur.","twitter_misc":{"Price":"","Availability":"In stock"},"schema":{"@context":"https:\/\/schema.org","@graph":[{"@type":["WebPage","ItemPage"],"@id":"https:\/\/cappiello.fr\/en\/produit\/triple-sec-fournier\/","url":"https:\/\/cappiello.fr\/en\/produit\/triple-sec-fournier\/","name":"Triple-Sec Fournier - Catalogue Raisonn\u00e9 de Leonetto Cappiello","isPartOf":{"@id":"https:\/\/cappiello.fr\/en\/#website"},"primaryImageOfPage":{"@id":"https:\/\/cappiello.fr\/en\/produit\/triple-sec-fournier\/#primaryimage"},"image":{"@id":"https:\/\/cappiello.fr\/en\/produit\/triple-sec-fournier\/#primaryimage"},"thumbnailUrl":"https:\/\/cappiello.fr\/wp-content\/uploads\/2024\/10\/Lithographie-affiche-publicitaire-triple-sec-fournier-cappiello-1907.jpg","datePublished":"1906-12-31T23:50:39+00:00","dateModified":"2025-05-21T06:29:00+00:00","description":"In a red universe, two black devils, a man and a woman, walk away after having delightfully stolen a box of Triple-Sec liqueur.","breadcrumb":{"@id":"https:\/\/cappiello.fr\/en\/produit\/triple-sec-fournier\/#breadcrumb"},"inLanguage":"en-US","potentialAction":[{"@type":"ReadAction","target":["https:\/\/cappiello.fr\/en\/produit\/triple-sec-fournier\/"]}]},{"@type":"ImageObject","inLanguage":"en-US","@id":"https:\/\/cappiello.fr\/en\/produit\/triple-sec-fournier\/#primaryimage","url":"https:\/\/cappiello.fr\/wp-content\/uploads\/2024\/10\/Lithographie-affiche-publicitaire-triple-sec-fournier-cappiello-1907.jpg","contentUrl":"https:\/\/cappiello.fr\/wp-content\/uploads\/2024\/10\/Lithographie-affiche-publicitaire-triple-sec-fournier-cappiello-1907.jpg","width":594,"height":799,"caption":"Cura\u00e7ao blanc de la Maison Fournier-Demars \u00e0 Saint-Amand-Montrond"},{"@type":"BreadcrumbList","@id":"https:\/\/cappiello.fr\/en\/produit\/triple-sec-fournier\/#breadcrumb","itemListElement":[{"@type":"ListItem","position":1,"name":"Accueil","item":"https:\/\/cappiello.fr\/en\/"},{"@type":"ListItem","position":2,"name":"The works","item":"https:\/\/cappiello.fr\/en\/the-works\/"},{"@type":"ListItem","position":3,"name":"Triple-Sec Fournier"}]},{"@type":"WebSite","@id":"https:\/\/cappiello.fr\/en\/#website","url":"https:\/\/cappiello.fr\/en\/","name":"Catalogue raisonn\u00e9 de Leonetto Cappiello","description":"Plongez dans l&#039;univers de Leonetto Cappiello, le p\u00e8re de la publicit\u00e9 moderne","potentialAction":[{"@type":"SearchAction","target":{"@type":"EntryPoint","urlTemplate":"https:\/\/cappiello.fr\/en\/?s={search_term_string}"},"query-input":{"@type":"PropertyValueSpecification","valueRequired":true,"valueName":"search_term_string"}}],"inLanguage":"en-US"}]},"product_price_currency":"EUR","og_availability":"instock","product_availability":"instock","product_retailer_item_id":"1907011Z0 et 1907011Z1","product_condition":"new"},"_links":{"self":[{"href":"https:\/\/cappiello.fr\/en\/wp-json\/wp\/v2\/product\/133454","targetHints":{"allow":["GET"]}}],"collection":[{"href":"https:\/\/cappiello.fr\/en\/wp-json\/wp\/v2\/product"}],"about":[{"href":"https:\/\/cappiello.fr\/en\/wp-json\/wp\/v2\/types\/product"}],"wp:featuredmedia":[{"embeddable":true,"href":"https:\/\/cappiello.fr\/en\/wp-json\/wp\/v2\/media\/134953"}],"wp:attachment":[{"href":"https:\/\/cappiello.fr\/en\/wp-json\/wp\/v2\/media?parent=133454"}],"wp:term":[{"taxonomy":"type-doeuvre","embeddable":true,"href":"https:\/\/cappiello.fr\/en\/wp-json\/wp\/v2\/type-doeuvre?post=133454"},{"taxonomy":"product_brand","embeddable":true,"href":"https:\/\/cappiello.fr\/en\/wp-json\/wp\/v2\/product_brand?post=133454"},{"taxonomy":"product_cat","embeddable":true,"href":"https:\/\/cappiello.fr\/en\/wp-json\/wp\/v2\/product_cat?post=133454"},{"taxonomy":"product_tag","embeddable":true,"href":"https:\/\/cappiello.fr\/en\/wp-json\/wp\/v2\/product_tag?post=133454"}],"curies":[{"name":"wp","href":"https:\/\/api.w.org\/{rel}","templated":true}]}}