{"id":133463,"date":"1907-01-01T00:00:00","date_gmt":"1906-12-31T23:50:39","guid":{"rendered":"https:\/\/cappiello.fr\/produit\/biere-23\/"},"modified":"2025-05-30T08:41:01","modified_gmt":"2025-05-30T06:41:01","slug":"biere-23","status":"publish","type":"product","link":"https:\/\/cappiello.fr\/en\/produit\/biere-23\/","title":{"rendered":"Bi\u00e8re du Fort-Carr\u00e9"},"content":{"rendered":"<p>In 1544, Charles V invaded the kingdom of France and laid siege to Saint-Dizier. The inhabitants blocked the invader&#8217;s advance for more than a month, allowing Francis I to regain his footing and save Paris. In gratitude, Francis I authorized the town to bear his arms. It is in this context, revisited by Cappiello, that Francis I visits the cellar of the Bi\u00e8re du Fort-Carr\u00e9 to taste a very fine beer. This beer, drunk with a champagne flute rather than a tankard, is fit for a king. It fills him with satisfaction.<br \/>\nFrom this poster, Cappiello would create two menus. The first was drawn in 1907 and printed around 1912, the second dates from 1930.<\/p>\n","protected":false},"excerpt":{"rendered":"<p>Beer<\/p>\n","protected":false},"featured_media":135136,"template":"","meta":{"_acf_changed":false},"type-doeuvre":[4057],"product_brand":[],"product_cat":[3385],"product_tag":[3561,3726,3668,3300,3357],"class_list":{"0":"post-133463","1":"product","2":"type-product","3":"status-publish","4":"has-post-thumbnail","6":"type-doeuvre-affiches","7":"product_cat-beers-ciders","8":"product_tag-barrel-en-2","9":"product_tag-smile-en-16","10":"product_tag-grape-en-2","11":"product_tag-show-en-2","12":"product_tag-pannier-dress-en","13":"pa_periode-1900-1918-en","14":"pa_type-de-contenu-lithography","16":"first","17":"instock","18":"virtual","19":"product-type-simple"},"acf":[],"yoast_head":"<!-- This site is optimized with the Yoast SEO Premium plugin v27.0 (Yoast SEO v27.4) - https:\/\/yoast.com\/product\/yoast-seo-premium-wordpress\/ -->\n<title>Bi\u00e8re du Fort-Carr\u00e9 - Catalogue Raisonn\u00e9 de Leonetto Cappiello<\/title>\n<meta name=\"description\" content=\"In 1544, Charles V invaded the kingdom of France and laid siege to Saint-Dizier. The inhabitants blocked the invader&#039;s advance for over a month, allowing Francis I to regroup and save Paris. In gratitude, Francis I authorized the town to bear his coat of arms. It is in this context, revisited by Cappiello, that Francis I visits the cellar of the Bi\u00e8re du Fort-Carr\u00e9 to taste an excellent beer. This beer, drunk with a champagne flute rather than a tankard, is worthy of a king. It fills him with satisfaction. Based on this poster, Cappiello will create two menus. The first was drawn in 1907 and printed around 1912, the second dates from 1930.\" \/>\n<meta name=\"robots\" content=\"index, follow, max-snippet:-1, max-image-preview:large, max-video-preview:-1\" \/>\n<link rel=\"canonical\" href=\"https:\/\/cappiello.fr\/en\/produit\/biere-23\/\" \/>\n<meta property=\"og:locale\" content=\"en_US\" \/>\n<meta property=\"og:type\" content=\"article\" \/>\n<meta property=\"og:title\" content=\"Bi\u00e8re du Fort-Carr\u00e9\" \/>\n<meta property=\"og:description\" content=\"In 1544, Charles V invaded the kingdom of France and laid siege to Saint-Dizier. The inhabitants blocked the invader&#039;s advance for over a month, allowing Francis I to regroup and save Paris. In gratitude, Francis I authorized the town to bear his coat of arms. It is in this context, revisited by Cappiello, that Francis I visits the cellar of the Bi\u00e8re du Fort-Carr\u00e9 to taste an excellent beer. This beer, drunk with a champagne flute rather than a tankard, is worthy of a king. It fills him with satisfaction. Based on this poster, Cappiello will create two menus. The first was drawn in 1907 and printed around 1912, the second dates from 1930.\" \/>\n<meta property=\"og:url\" content=\"https:\/\/cappiello.fr\/en\/produit\/biere-23\/\" \/>\n<meta property=\"og:site_name\" content=\"Catalogue raisonn\u00e9 de Leonetto Cappiello\" \/>\n<meta property=\"article:modified_time\" content=\"2025-05-30T06:41:01+00:00\" \/>\n<meta property=\"og:image\" content=\"https:\/\/cappiello.fr\/wp-content\/uploads\/2024\/10\/Lithographie-affiche-publicitaire-biere-du-fort-carre-cappiello-1907.jpg\" \/>\n\t<meta property=\"og:image:width\" content=\"531\" \/>\n\t<meta property=\"og:image:height\" content=\"800\" \/>\n\t<meta property=\"og:image:type\" content=\"image\/jpeg\" \/>\n<meta name=\"twitter:card\" content=\"summary_large_image\" \/>\n<meta name=\"twitter:title\" content=\"Bi\u00e8re du Fort-Carr\u00e9\" \/>\n<meta name=\"twitter:description\" content=\"In 1544, Charles V invaded the kingdom of France and laid siege to Saint-Dizier. The inhabitants blocked the invader&#039;s advance for over a month, allowing Francis I to regroup and save Paris. In gratitude, Francis I authorized the town to bear his coat of arms. It is in this context, revisited by Cappiello, that Francis I visits the cellar of the Bi\u00e8re du Fort-Carr\u00e9 to taste an excellent beer. This beer, drunk with a champagne flute rather than a tankard, is worthy of a king. It fills him with satisfaction. Based on this poster, Cappiello will create two menus. The first was drawn in 1907 and printed around 1912, the second dates from 1930.\" \/>\n<meta name=\"twitter:label1\" content=\"Price\" \/>\n\t<meta name=\"twitter:data1\" content=\"\" \/>\n\t<meta name=\"twitter:label2\" content=\"Availability\" \/>\n\t<meta name=\"twitter:data2\" content=\"In stock\" \/>\n<script type=\"application\/ld+json\" class=\"yoast-schema-graph\">{\"@context\":\"https:\\\/\\\/schema.org\",\"@graph\":[{\"@type\":[\"WebPage\",\"ItemPage\"],\"@id\":\"https:\\\/\\\/cappiello.fr\\\/en\\\/produit\\\/biere-23\\\/\",\"url\":\"https:\\\/\\\/cappiello.fr\\\/en\\\/produit\\\/biere-23\\\/\",\"name\":\"Bi\u00e8re du Fort-Carr\u00e9 - Catalogue Raisonn\u00e9 de Leonetto Cappiello\",\"isPartOf\":{\"@id\":\"https:\\\/\\\/cappiello.fr\\\/en\\\/#website\"},\"primaryImageOfPage\":{\"@id\":\"https:\\\/\\\/cappiello.fr\\\/en\\\/produit\\\/biere-23\\\/#primaryimage\"},\"image\":{\"@id\":\"https:\\\/\\\/cappiello.fr\\\/en\\\/produit\\\/biere-23\\\/#primaryimage\"},\"thumbnailUrl\":\"https:\\\/\\\/cappiello.fr\\\/wp-content\\\/uploads\\\/2024\\\/10\\\/Lithographie-affiche-publicitaire-biere-du-fort-carre-cappiello-1907.jpg\",\"datePublished\":\"1906-12-31T23:50:39+00:00\",\"dateModified\":\"2025-05-30T06:41:01+00:00\",\"description\":\"In 1544, Charles V invaded the kingdom of France and laid siege to Saint-Dizier. The inhabitants blocked the invader's advance for over a month, allowing Francis I to regroup and save Paris. In gratitude, Francis I authorized the town to bear his coat of arms. It is in this context, revisited by Cappiello, that Francis I visits the cellar of the Bi\u00e8re du Fort-Carr\u00e9 to taste an excellent beer. This beer, drunk with a champagne flute rather than a tankard, is worthy of a king. It fills him with satisfaction. Based on this poster, Cappiello will create two menus. The first was drawn in 1907 and printed around 1912, the second dates from 1930.\",\"breadcrumb\":{\"@id\":\"https:\\\/\\\/cappiello.fr\\\/en\\\/produit\\\/biere-23\\\/#breadcrumb\"},\"inLanguage\":\"en-US\",\"potentialAction\":[{\"@type\":\"ReadAction\",\"target\":[\"https:\\\/\\\/cappiello.fr\\\/en\\\/produit\\\/biere-23\\\/\"]}]},{\"@type\":\"ImageObject\",\"inLanguage\":\"en-US\",\"@id\":\"https:\\\/\\\/cappiello.fr\\\/en\\\/produit\\\/biere-23\\\/#primaryimage\",\"url\":\"https:\\\/\\\/cappiello.fr\\\/wp-content\\\/uploads\\\/2024\\\/10\\\/Lithographie-affiche-publicitaire-biere-du-fort-carre-cappiello-1907.jpg\",\"contentUrl\":\"https:\\\/\\\/cappiello.fr\\\/wp-content\\\/uploads\\\/2024\\\/10\\\/Lithographie-affiche-publicitaire-biere-du-fort-carre-cappiello-1907.jpg\",\"width\":531,\"height\":800,\"caption\":\"Bi\u00e8re\"},{\"@type\":\"BreadcrumbList\",\"@id\":\"https:\\\/\\\/cappiello.fr\\\/en\\\/produit\\\/biere-23\\\/#breadcrumb\",\"itemListElement\":[{\"@type\":\"ListItem\",\"position\":1,\"name\":\"Accueil\",\"item\":\"https:\\\/\\\/cappiello.fr\\\/en\\\/\"},{\"@type\":\"ListItem\",\"position\":2,\"name\":\"The works\",\"item\":\"https:\\\/\\\/cappiello.fr\\\/en\\\/the-works\\\/\"},{\"@type\":\"ListItem\",\"position\":3,\"name\":\"Bi\u00e8re du Fort-Carr\u00e9\"}]},{\"@type\":\"WebSite\",\"@id\":\"https:\\\/\\\/cappiello.fr\\\/en\\\/#website\",\"url\":\"https:\\\/\\\/cappiello.fr\\\/en\\\/\",\"name\":\"Catalogue raisonn\u00e9 de Leonetto Cappiello\",\"description\":\"Plongez dans l&#039;univers de Leonetto Cappiello, le p\u00e8re de la publicit\u00e9 moderne\",\"potentialAction\":[{\"@type\":\"SearchAction\",\"target\":{\"@type\":\"EntryPoint\",\"urlTemplate\":\"https:\\\/\\\/cappiello.fr\\\/en\\\/?s={search_term_string}\"},\"query-input\":{\"@type\":\"PropertyValueSpecification\",\"valueRequired\":true,\"valueName\":\"search_term_string\"}}],\"inLanguage\":\"en-US\"}]}<\/script>\n<meta property=\"product:price:currency\" content=\"EUR\" \/>\n<meta property=\"og:availability\" content=\"instock\" \/>\n<meta property=\"product:availability\" content=\"instock\" \/>\n<meta property=\"product:retailer_item_id\" content=\"1907207Z0, 1907207Z1, 1907207Z2, 1907207Z3 et 1907207Z4\" \/>\n<meta property=\"product:condition\" content=\"new\" \/>\n<!-- \/ Yoast SEO Premium plugin. -->","yoast_head_json":{"title":"Bi\u00e8re du Fort-Carr\u00e9 - Catalogue Raisonn\u00e9 de Leonetto Cappiello","description":"In 1544, Charles V invaded the kingdom of France and laid siege to Saint-Dizier. The inhabitants blocked the invader's advance for over a month, allowing Francis I to regroup and save Paris. In gratitude, Francis I authorized the town to bear his coat of arms. It is in this context, revisited by Cappiello, that Francis I visits the cellar of the Bi\u00e8re du Fort-Carr\u00e9 to taste an excellent beer. This beer, drunk with a champagne flute rather than a tankard, is worthy of a king. It fills him with satisfaction. Based on this poster, Cappiello will create two menus. The first was drawn in 1907 and printed around 1912, the second dates from 1930.","robots":{"index":"index","follow":"follow","max-snippet":"max-snippet:-1","max-image-preview":"max-image-preview:large","max-video-preview":"max-video-preview:-1"},"canonical":"https:\/\/cappiello.fr\/en\/produit\/biere-23\/","og_locale":"en_US","og_type":"article","og_title":"Bi\u00e8re du Fort-Carr\u00e9","og_description":"In 1544, Charles V invaded the kingdom of France and laid siege to Saint-Dizier. The inhabitants blocked the invader's advance for over a month, allowing Francis I to regroup and save Paris. In gratitude, Francis I authorized the town to bear his coat of arms. It is in this context, revisited by Cappiello, that Francis I visits the cellar of the Bi\u00e8re du Fort-Carr\u00e9 to taste an excellent beer. This beer, drunk with a champagne flute rather than a tankard, is worthy of a king. It fills him with satisfaction. Based on this poster, Cappiello will create two menus. The first was drawn in 1907 and printed around 1912, the second dates from 1930.","og_url":"https:\/\/cappiello.fr\/en\/produit\/biere-23\/","og_site_name":"Catalogue raisonn\u00e9 de Leonetto Cappiello","article_modified_time":"2025-05-30T06:41:01+00:00","og_image":[{"width":531,"height":800,"url":"https:\/\/cappiello.fr\/wp-content\/uploads\/2024\/10\/Lithographie-affiche-publicitaire-biere-du-fort-carre-cappiello-1907.jpg","type":"image\/jpeg"}],"twitter_card":"summary_large_image","twitter_title":"Bi\u00e8re du Fort-Carr\u00e9","twitter_description":"In 1544, Charles V invaded the kingdom of France and laid siege to Saint-Dizier. The inhabitants blocked the invader's advance for over a month, allowing Francis I to regroup and save Paris. In gratitude, Francis I authorized the town to bear his coat of arms. It is in this context, revisited by Cappiello, that Francis I visits the cellar of the Bi\u00e8re du Fort-Carr\u00e9 to taste an excellent beer. This beer, drunk with a champagne flute rather than a tankard, is worthy of a king. It fills him with satisfaction. Based on this poster, Cappiello will create two menus. The first was drawn in 1907 and printed around 1912, the second dates from 1930.","twitter_misc":{"Price":"","Availability":"In stock"},"schema":{"@context":"https:\/\/schema.org","@graph":[{"@type":["WebPage","ItemPage"],"@id":"https:\/\/cappiello.fr\/en\/produit\/biere-23\/","url":"https:\/\/cappiello.fr\/en\/produit\/biere-23\/","name":"Bi\u00e8re du Fort-Carr\u00e9 - Catalogue Raisonn\u00e9 de Leonetto Cappiello","isPartOf":{"@id":"https:\/\/cappiello.fr\/en\/#website"},"primaryImageOfPage":{"@id":"https:\/\/cappiello.fr\/en\/produit\/biere-23\/#primaryimage"},"image":{"@id":"https:\/\/cappiello.fr\/en\/produit\/biere-23\/#primaryimage"},"thumbnailUrl":"https:\/\/cappiello.fr\/wp-content\/uploads\/2024\/10\/Lithographie-affiche-publicitaire-biere-du-fort-carre-cappiello-1907.jpg","datePublished":"1906-12-31T23:50:39+00:00","dateModified":"2025-05-30T06:41:01+00:00","description":"In 1544, Charles V invaded the kingdom of France and laid siege to Saint-Dizier. The inhabitants blocked the invader's advance for over a month, allowing Francis I to regroup and save Paris. In gratitude, Francis I authorized the town to bear his coat of arms. It is in this context, revisited by Cappiello, that Francis I visits the cellar of the Bi\u00e8re du Fort-Carr\u00e9 to taste an excellent beer. This beer, drunk with a champagne flute rather than a tankard, is worthy of a king. It fills him with satisfaction. Based on this poster, Cappiello will create two menus. The first was drawn in 1907 and printed around 1912, the second dates from 1930.","breadcrumb":{"@id":"https:\/\/cappiello.fr\/en\/produit\/biere-23\/#breadcrumb"},"inLanguage":"en-US","potentialAction":[{"@type":"ReadAction","target":["https:\/\/cappiello.fr\/en\/produit\/biere-23\/"]}]},{"@type":"ImageObject","inLanguage":"en-US","@id":"https:\/\/cappiello.fr\/en\/produit\/biere-23\/#primaryimage","url":"https:\/\/cappiello.fr\/wp-content\/uploads\/2024\/10\/Lithographie-affiche-publicitaire-biere-du-fort-carre-cappiello-1907.jpg","contentUrl":"https:\/\/cappiello.fr\/wp-content\/uploads\/2024\/10\/Lithographie-affiche-publicitaire-biere-du-fort-carre-cappiello-1907.jpg","width":531,"height":800,"caption":"Bi\u00e8re"},{"@type":"BreadcrumbList","@id":"https:\/\/cappiello.fr\/en\/produit\/biere-23\/#breadcrumb","itemListElement":[{"@type":"ListItem","position":1,"name":"Accueil","item":"https:\/\/cappiello.fr\/en\/"},{"@type":"ListItem","position":2,"name":"The works","item":"https:\/\/cappiello.fr\/en\/the-works\/"},{"@type":"ListItem","position":3,"name":"Bi\u00e8re du Fort-Carr\u00e9"}]},{"@type":"WebSite","@id":"https:\/\/cappiello.fr\/en\/#website","url":"https:\/\/cappiello.fr\/en\/","name":"Catalogue raisonn\u00e9 de Leonetto Cappiello","description":"Plongez dans l&#039;univers de Leonetto Cappiello, le p\u00e8re de la publicit\u00e9 moderne","potentialAction":[{"@type":"SearchAction","target":{"@type":"EntryPoint","urlTemplate":"https:\/\/cappiello.fr\/en\/?s={search_term_string}"},"query-input":{"@type":"PropertyValueSpecification","valueRequired":true,"valueName":"search_term_string"}}],"inLanguage":"en-US"}]},"product_price_currency":"EUR","og_availability":"instock","product_availability":"instock","product_retailer_item_id":"1907207Z0, 1907207Z1, 1907207Z2, 1907207Z3 et 1907207Z4","product_condition":"new"},"_links":{"self":[{"href":"https:\/\/cappiello.fr\/en\/wp-json\/wp\/v2\/product\/133463","targetHints":{"allow":["GET"]}}],"collection":[{"href":"https:\/\/cappiello.fr\/en\/wp-json\/wp\/v2\/product"}],"about":[{"href":"https:\/\/cappiello.fr\/en\/wp-json\/wp\/v2\/types\/product"}],"wp:featuredmedia":[{"embeddable":true,"href":"https:\/\/cappiello.fr\/en\/wp-json\/wp\/v2\/media\/135136"}],"wp:attachment":[{"href":"https:\/\/cappiello.fr\/en\/wp-json\/wp\/v2\/media?parent=133463"}],"wp:term":[{"taxonomy":"type-doeuvre","embeddable":true,"href":"https:\/\/cappiello.fr\/en\/wp-json\/wp\/v2\/type-doeuvre?post=133463"},{"taxonomy":"product_brand","embeddable":true,"href":"https:\/\/cappiello.fr\/en\/wp-json\/wp\/v2\/product_brand?post=133463"},{"taxonomy":"product_cat","embeddable":true,"href":"https:\/\/cappiello.fr\/en\/wp-json\/wp\/v2\/product_cat?post=133463"},{"taxonomy":"product_tag","embeddable":true,"href":"https:\/\/cappiello.fr\/en\/wp-json\/wp\/v2\/product_tag?post=133463"}],"curies":[{"name":"wp","href":"https:\/\/api.w.org\/{rel}","templated":true}]}}