{"id":133486,"date":"1910-01-01T00:00:00","date_gmt":"1909-12-31T23:50:39","guid":{"rendered":"https:\/\/cappiello.fr\/produit\/lampes-osmine-et-faust\/"},"modified":"2025-05-14T23:56:11","modified_gmt":"2025-05-14T21:56:11","slug":"lampes-osmine-et-faust","status":"publish","type":"product","link":"https:\/\/cappiello.fr\/en\/produit\/lampes-osmine-et-faust\/","title":{"rendered":"Lampes Osmine et Faust"},"content":{"rendered":"<p>A smiling red devil watches us from the center of an ellipse of electric bulbs. It shows that they are dazzling.<br \/>\nThe black background recalls the black of graphite that makes up their filament.<\/p>\n","protected":false},"excerpt":{"rendered":"<p>The Lorraine Coal Company for Electricity, established around 1887, operated the Fabius Henrion factory in Pagny-sur-Moselle. It manufactured dynamos, electric coals, and lamps, marketed under the Osmine and Faust brands.<br \/>\nThe company later became Carbone Lorraine, and today is known as Mersen.<\/p>\n","protected":false},"featured_media":134405,"template":"","meta":{"_acf_changed":false},"type-doeuvre":[4057],"product_brand":[],"product_cat":[3399],"product_tag":[3400,3309,3265,3299],"class_list":{"0":"post-133486","1":"product","2":"type-product","3":"status-publish","4":"has-post-thumbnail","6":"type-doeuvre-affiches","7":"product_cat-electrical-equipment","8":"product_tag-sun-en-13","9":"product_tag-sun-en-11","10":"product_tag-face-en","11":"product_tag-show-en","12":"pa_periode-1900-1918-en","13":"pa_type-de-contenu-lithography","15":"first","16":"instock","17":"virtual","18":"product-type-simple"},"acf":[],"yoast_head":"<!-- This site is optimized with the Yoast SEO Premium plugin v27.0 (Yoast SEO v27.4) - https:\/\/yoast.com\/product\/yoast-seo-premium-wordpress\/ -->\n<title>Lampes Osmine et Faust - Catalogue Raisonn\u00e9 de Leonetto Cappiello<\/title>\n<meta name=\"description\" content=\"A smiling red devil watches us from the center of an ellipse of electric bulbs. It shows that they are dazzling. The black background recalls the black of graphite that makes up their filament.\" \/>\n<meta name=\"robots\" content=\"index, follow, max-snippet:-1, max-image-preview:large, max-video-preview:-1\" \/>\n<link rel=\"canonical\" href=\"https:\/\/cappiello.fr\/en\/produit\/lampes-osmine-et-faust\/\" \/>\n<meta property=\"og:locale\" content=\"en_US\" \/>\n<meta property=\"og:type\" content=\"article\" \/>\n<meta property=\"og:title\" content=\"Lampes Osmine et Faust\" \/>\n<meta property=\"og:description\" content=\"A smiling red devil watches us from the center of an ellipse of electric bulbs. It shows that they are dazzling. The black background recalls the black of graphite that makes up their filament.\" \/>\n<meta property=\"og:url\" content=\"https:\/\/cappiello.fr\/en\/produit\/lampes-osmine-et-faust\/\" \/>\n<meta property=\"og:site_name\" content=\"Catalogue raisonn\u00e9 de Leonetto Cappiello\" \/>\n<meta property=\"article:modified_time\" content=\"2025-05-14T21:56:11+00:00\" \/>\n<meta property=\"og:image\" content=\"https:\/\/cappiello.fr\/wp-content\/uploads\/2024\/10\/Lithographie-affiche-publicitaire-lampes-osmine-et-faust-cappiello-1910.jpg\" \/>\n\t<meta property=\"og:image:width\" content=\"513\" \/>\n\t<meta property=\"og:image:height\" content=\"800\" \/>\n\t<meta property=\"og:image:type\" content=\"image\/jpeg\" \/>\n<meta name=\"twitter:card\" content=\"summary_large_image\" \/>\n<meta name=\"twitter:title\" content=\"Lampes Osmine et Faust\" \/>\n<meta name=\"twitter:description\" content=\"A smiling red devil watches us from the center of an ellipse of electric bulbs. It shows that they are dazzling. The black background recalls the black of graphite that makes up their filament.\" \/>\n<meta name=\"twitter:label1\" content=\"Price\" \/>\n\t<meta name=\"twitter:data1\" content=\"\" \/>\n\t<meta name=\"twitter:label2\" content=\"Availability\" \/>\n\t<meta name=\"twitter:data2\" content=\"In stock\" \/>\n<script type=\"application\/ld+json\" class=\"yoast-schema-graph\">{\"@context\":\"https:\\\/\\\/schema.org\",\"@graph\":[{\"@type\":[\"WebPage\",\"ItemPage\"],\"@id\":\"https:\\\/\\\/cappiello.fr\\\/en\\\/produit\\\/lampes-osmine-et-faust\\\/\",\"url\":\"https:\\\/\\\/cappiello.fr\\\/en\\\/produit\\\/lampes-osmine-et-faust\\\/\",\"name\":\"Lampes Osmine et Faust - Catalogue Raisonn\u00e9 de Leonetto Cappiello\",\"isPartOf\":{\"@id\":\"https:\\\/\\\/cappiello.fr\\\/en\\\/#website\"},\"primaryImageOfPage\":{\"@id\":\"https:\\\/\\\/cappiello.fr\\\/en\\\/produit\\\/lampes-osmine-et-faust\\\/#primaryimage\"},\"image\":{\"@id\":\"https:\\\/\\\/cappiello.fr\\\/en\\\/produit\\\/lampes-osmine-et-faust\\\/#primaryimage\"},\"thumbnailUrl\":\"https:\\\/\\\/cappiello.fr\\\/wp-content\\\/uploads\\\/2024\\\/10\\\/Lithographie-affiche-publicitaire-lampes-osmine-et-faust-cappiello-1910.jpg\",\"datePublished\":\"1909-12-31T23:50:39+00:00\",\"dateModified\":\"2025-05-14T21:56:11+00:00\",\"description\":\"A smiling red devil watches us from the center of an ellipse of electric bulbs. It shows that they are dazzling. The black background recalls the black of graphite that makes up their filament.\",\"breadcrumb\":{\"@id\":\"https:\\\/\\\/cappiello.fr\\\/en\\\/produit\\\/lampes-osmine-et-faust\\\/#breadcrumb\"},\"inLanguage\":\"en-US\",\"potentialAction\":[{\"@type\":\"ReadAction\",\"target\":[\"https:\\\/\\\/cappiello.fr\\\/en\\\/produit\\\/lampes-osmine-et-faust\\\/\"]}]},{\"@type\":\"ImageObject\",\"inLanguage\":\"en-US\",\"@id\":\"https:\\\/\\\/cappiello.fr\\\/en\\\/produit\\\/lampes-osmine-et-faust\\\/#primaryimage\",\"url\":\"https:\\\/\\\/cappiello.fr\\\/wp-content\\\/uploads\\\/2024\\\/10\\\/Lithographie-affiche-publicitaire-lampes-osmine-et-faust-cappiello-1910.jpg\",\"contentUrl\":\"https:\\\/\\\/cappiello.fr\\\/wp-content\\\/uploads\\\/2024\\\/10\\\/Lithographie-affiche-publicitaire-lampes-osmine-et-faust-cappiello-1910.jpg\",\"width\":513,\"height\":800,\"caption\":\"La Compagnie Lorraine de Charbons pour l'\u00e9lectricit\u00e9\"},{\"@type\":\"BreadcrumbList\",\"@id\":\"https:\\\/\\\/cappiello.fr\\\/en\\\/produit\\\/lampes-osmine-et-faust\\\/#breadcrumb\",\"itemListElement\":[{\"@type\":\"ListItem\",\"position\":1,\"name\":\"Accueil\",\"item\":\"https:\\\/\\\/cappiello.fr\\\/en\\\/\"},{\"@type\":\"ListItem\",\"position\":2,\"name\":\"The works\",\"item\":\"https:\\\/\\\/cappiello.fr\\\/en\\\/the-works\\\/\"},{\"@type\":\"ListItem\",\"position\":3,\"name\":\"Lampes Osmine et Faust\"}]},{\"@type\":\"WebSite\",\"@id\":\"https:\\\/\\\/cappiello.fr\\\/en\\\/#website\",\"url\":\"https:\\\/\\\/cappiello.fr\\\/en\\\/\",\"name\":\"Catalogue raisonn\u00e9 de Leonetto Cappiello\",\"description\":\"Plongez dans l&#039;univers de Leonetto Cappiello, le p\u00e8re de la publicit\u00e9 moderne\",\"potentialAction\":[{\"@type\":\"SearchAction\",\"target\":{\"@type\":\"EntryPoint\",\"urlTemplate\":\"https:\\\/\\\/cappiello.fr\\\/en\\\/?s={search_term_string}\"},\"query-input\":{\"@type\":\"PropertyValueSpecification\",\"valueRequired\":true,\"valueName\":\"search_term_string\"}}],\"inLanguage\":\"en-US\"}]}<\/script>\n<meta property=\"product:price:currency\" content=\"EUR\" \/>\n<meta property=\"og:availability\" content=\"instock\" \/>\n<meta property=\"product:availability\" content=\"instock\" \/>\n<meta property=\"product:retailer_item_id\" content=\"1910011Z0, 1910011Z1 et 1910011Z2\" \/>\n<meta property=\"product:condition\" content=\"new\" \/>\n<!-- \/ Yoast SEO Premium plugin. -->","yoast_head_json":{"title":"Lampes Osmine et Faust - Catalogue Raisonn\u00e9 de Leonetto Cappiello","description":"A smiling red devil watches us from the center of an ellipse of electric bulbs. It shows that they are dazzling. The black background recalls the black of graphite that makes up their filament.","robots":{"index":"index","follow":"follow","max-snippet":"max-snippet:-1","max-image-preview":"max-image-preview:large","max-video-preview":"max-video-preview:-1"},"canonical":"https:\/\/cappiello.fr\/en\/produit\/lampes-osmine-et-faust\/","og_locale":"en_US","og_type":"article","og_title":"Lampes Osmine et Faust","og_description":"A smiling red devil watches us from the center of an ellipse of electric bulbs. It shows that they are dazzling. The black background recalls the black of graphite that makes up their filament.","og_url":"https:\/\/cappiello.fr\/en\/produit\/lampes-osmine-et-faust\/","og_site_name":"Catalogue raisonn\u00e9 de Leonetto Cappiello","article_modified_time":"2025-05-14T21:56:11+00:00","og_image":[{"width":513,"height":800,"url":"https:\/\/cappiello.fr\/wp-content\/uploads\/2024\/10\/Lithographie-affiche-publicitaire-lampes-osmine-et-faust-cappiello-1910.jpg","type":"image\/jpeg"}],"twitter_card":"summary_large_image","twitter_title":"Lampes Osmine et Faust","twitter_description":"A smiling red devil watches us from the center of an ellipse of electric bulbs. It shows that they are dazzling. The black background recalls the black of graphite that makes up their filament.","twitter_misc":{"Price":"","Availability":"In stock"},"schema":{"@context":"https:\/\/schema.org","@graph":[{"@type":["WebPage","ItemPage"],"@id":"https:\/\/cappiello.fr\/en\/produit\/lampes-osmine-et-faust\/","url":"https:\/\/cappiello.fr\/en\/produit\/lampes-osmine-et-faust\/","name":"Lampes Osmine et Faust - Catalogue Raisonn\u00e9 de Leonetto Cappiello","isPartOf":{"@id":"https:\/\/cappiello.fr\/en\/#website"},"primaryImageOfPage":{"@id":"https:\/\/cappiello.fr\/en\/produit\/lampes-osmine-et-faust\/#primaryimage"},"image":{"@id":"https:\/\/cappiello.fr\/en\/produit\/lampes-osmine-et-faust\/#primaryimage"},"thumbnailUrl":"https:\/\/cappiello.fr\/wp-content\/uploads\/2024\/10\/Lithographie-affiche-publicitaire-lampes-osmine-et-faust-cappiello-1910.jpg","datePublished":"1909-12-31T23:50:39+00:00","dateModified":"2025-05-14T21:56:11+00:00","description":"A smiling red devil watches us from the center of an ellipse of electric bulbs. It shows that they are dazzling. The black background recalls the black of graphite that makes up their filament.","breadcrumb":{"@id":"https:\/\/cappiello.fr\/en\/produit\/lampes-osmine-et-faust\/#breadcrumb"},"inLanguage":"en-US","potentialAction":[{"@type":"ReadAction","target":["https:\/\/cappiello.fr\/en\/produit\/lampes-osmine-et-faust\/"]}]},{"@type":"ImageObject","inLanguage":"en-US","@id":"https:\/\/cappiello.fr\/en\/produit\/lampes-osmine-et-faust\/#primaryimage","url":"https:\/\/cappiello.fr\/wp-content\/uploads\/2024\/10\/Lithographie-affiche-publicitaire-lampes-osmine-et-faust-cappiello-1910.jpg","contentUrl":"https:\/\/cappiello.fr\/wp-content\/uploads\/2024\/10\/Lithographie-affiche-publicitaire-lampes-osmine-et-faust-cappiello-1910.jpg","width":513,"height":800,"caption":"La Compagnie Lorraine de Charbons pour l'\u00e9lectricit\u00e9"},{"@type":"BreadcrumbList","@id":"https:\/\/cappiello.fr\/en\/produit\/lampes-osmine-et-faust\/#breadcrumb","itemListElement":[{"@type":"ListItem","position":1,"name":"Accueil","item":"https:\/\/cappiello.fr\/en\/"},{"@type":"ListItem","position":2,"name":"The works","item":"https:\/\/cappiello.fr\/en\/the-works\/"},{"@type":"ListItem","position":3,"name":"Lampes Osmine et Faust"}]},{"@type":"WebSite","@id":"https:\/\/cappiello.fr\/en\/#website","url":"https:\/\/cappiello.fr\/en\/","name":"Catalogue raisonn\u00e9 de Leonetto Cappiello","description":"Plongez dans l&#039;univers de Leonetto Cappiello, le p\u00e8re de la publicit\u00e9 moderne","potentialAction":[{"@type":"SearchAction","target":{"@type":"EntryPoint","urlTemplate":"https:\/\/cappiello.fr\/en\/?s={search_term_string}"},"query-input":{"@type":"PropertyValueSpecification","valueRequired":true,"valueName":"search_term_string"}}],"inLanguage":"en-US"}]},"product_price_currency":"EUR","og_availability":"instock","product_availability":"instock","product_retailer_item_id":"1910011Z0, 1910011Z1 et 1910011Z2","product_condition":"new"},"_links":{"self":[{"href":"https:\/\/cappiello.fr\/en\/wp-json\/wp\/v2\/product\/133486","targetHints":{"allow":["GET"]}}],"collection":[{"href":"https:\/\/cappiello.fr\/en\/wp-json\/wp\/v2\/product"}],"about":[{"href":"https:\/\/cappiello.fr\/en\/wp-json\/wp\/v2\/types\/product"}],"wp:featuredmedia":[{"embeddable":true,"href":"https:\/\/cappiello.fr\/en\/wp-json\/wp\/v2\/media\/134405"}],"wp:attachment":[{"href":"https:\/\/cappiello.fr\/en\/wp-json\/wp\/v2\/media?parent=133486"}],"wp:term":[{"taxonomy":"type-doeuvre","embeddable":true,"href":"https:\/\/cappiello.fr\/en\/wp-json\/wp\/v2\/type-doeuvre?post=133486"},{"taxonomy":"product_brand","embeddable":true,"href":"https:\/\/cappiello.fr\/en\/wp-json\/wp\/v2\/product_brand?post=133486"},{"taxonomy":"product_cat","embeddable":true,"href":"https:\/\/cappiello.fr\/en\/wp-json\/wp\/v2\/product_cat?post=133486"},{"taxonomy":"product_tag","embeddable":true,"href":"https:\/\/cappiello.fr\/en\/wp-json\/wp\/v2\/product_tag?post=133486"}],"curies":[{"name":"wp","href":"https:\/\/api.w.org\/{rel}","templated":true}]}}