{"id":133513,"date":"1905-01-01T00:00:00","date_gmt":"1904-12-31T23:50:39","guid":{"rendered":"https:\/\/cappiello.fr\/produit\/cruz-del-campo-la-2\/"},"modified":"2025-05-30T08:14:18","modified_gmt":"2025-05-30T06:14:18","slug":"cruz-del-campo-la-2","status":"publish","type":"product","link":"https:\/\/cappiello.fr\/en\/produit\/cruz-del-campo-la-2\/","title":{"rendered":"Cruz del Campo (La)"},"content":{"rendered":"<p>&#8220;Gambrinus,&#8221; leaning on a barrel, holds a beer mug overflowing with foam. He is about to drink to our health.<\/p>\n<p>&#8220;<em>It is also, in the bright yellow and red of a poster never seen on the walls of Paris, for it was made to proclaim to Spain the magnificent qualities of a national brew, <\/em><em>it is, the ruddy effigy, the crimson and garnet complexion of a full and ample Falstaff who raises his foam-crowned glass with a gesture as proud as that of Don Quixote at the feasts of Gamache, to offer, in a toast of prosperity, his goblet of Andalusian wine. What difference is there between such a poster and a painting? None! And one can observe that this drinker by Cappiello bears no resemblance to the types of Jordaens, the rogues that Flemish or Dutch artists lavished in their works, and that this merry fellow springs from an art as personal as those Parisian women with their witty, delicate faces beneath the luxuriance of their wild hair, with whom the artist has adorned other posters.<\/em>&#8220;<\/p>\n<p>Gustave Kahn, La Revue Illustr\u00e9e, August 5, 1906.<\/p>\n<p>&nbsp;<\/p>\n","protected":false},"excerpt":{"rendered":"<p>Spanish beer brewed in Seville.<br \/>\nThis beer is now called: &#8220;Cruzcampo&#8221;.<\/p>\n","protected":false},"featured_media":134922,"template":"","meta":{"_acf_changed":false},"type-doeuvre":[4057],"product_brand":[],"product_cat":[3385],"product_tag":[3561,3726,3727,3250,3592],"class_list":{"0":"post-133513","1":"product","2":"type-product","3":"status-publish","4":"has-post-thumbnail","6":"type-doeuvre-affiches","7":"product_cat-beers-ciders","8":"product_tag-barrel-en-2","9":"product_tag-smile-en-16","10":"product_tag-smile-en-17","11":"product_tag-hat","12":"product_tag-smile-en-8","13":"pa_periode-1900-1918-en","14":"pa_type-de-contenu-lithography","16":"first","17":"instock","18":"virtual","19":"product-type-simple"},"acf":[],"yoast_head":"<!-- This site is optimized with the Yoast SEO Premium plugin v27.0 (Yoast SEO v27.4) - https:\/\/yoast.com\/product\/yoast-seo-premium-wordpress\/ -->\n<title>Cruz del Campo (La) - Catalogue Raisonn\u00e9 de Leonetto Cappiello<\/title>\n<meta name=\"description\" content=\"&quot;Gambrinus,&quot; leaning on a barrel, holds a beer stein overflowing with foam. He is about to drink to our health. &quot;It is also, in the bright yellow and red of a poster never seen on the walls of Paris, for it was made to proclaim to Spain the magnificent qualities of a national brew, it is, the ruddy effigy, the crimson and garnet complexion of a full and ample Falstaff who raises his foam-crowned glass with a gesture as proud as that of Don Quixote at the feasts of Gamache, offering, as a toast to prosperity, his goblet of Andalusian wine. What difference is there between such a poster and a painting? None! And one can observe that this drinker by Cappiello bears no resemblance to the types of Jordaens, the rogues that Flemish or Dutch artists lavished in their works, and that this merry fellow springs from an art as personal as those Parisian women with their witty, delicate faces beneath the luxuriance of their wild hair, whom the artist has adorned on other posters.&quot; Gustave Kahn, La Revue Illustr\u00e9e, August 5, 1906.\" \/>\n<meta name=\"robots\" content=\"index, follow, max-snippet:-1, max-image-preview:large, max-video-preview:-1\" \/>\n<link rel=\"canonical\" href=\"https:\/\/cappiello.fr\/en\/produit\/cruz-del-campo-la-2\/\" \/>\n<meta property=\"og:locale\" content=\"en_US\" \/>\n<meta property=\"og:type\" content=\"article\" \/>\n<meta property=\"og:title\" content=\"Cruz del Campo (La)\" \/>\n<meta property=\"og:description\" content=\"&quot;Gambrinus,&quot; leaning on a barrel, holds a beer stein overflowing with foam. He is about to drink to our health. &quot;It is also, in the bright yellow and red of a poster never seen on the walls of Paris, for it was made to proclaim to Spain the magnificent qualities of a national brew, it is, the ruddy effigy, the crimson and garnet complexion of a full and ample Falstaff who raises his foam-crowned glass with a gesture as proud as that of Don Quixote at the feasts of Gamache, offering, as a toast to prosperity, his goblet of Andalusian wine. What difference is there between such a poster and a painting? None! And one can observe that this drinker by Cappiello bears no resemblance to the types of Jordaens, the rogues that Flemish or Dutch artists lavished in their works, and that this merry fellow springs from an art as personal as those Parisian women with their witty, delicate faces beneath the luxuriance of their wild hair, whom the artist has adorned on other posters.&quot; Gustave Kahn, La Revue Illustr\u00e9e, August 5, 1906.\" \/>\n<meta property=\"og:url\" content=\"https:\/\/cappiello.fr\/en\/produit\/cruz-del-campo-la-2\/\" \/>\n<meta property=\"og:site_name\" content=\"Catalogue raisonn\u00e9 de Leonetto Cappiello\" \/>\n<meta property=\"article:modified_time\" content=\"2025-05-30T06:14:18+00:00\" \/>\n<meta property=\"og:image\" content=\"https:\/\/cappiello.fr\/wp-content\/uploads\/2024\/10\/Lithographie-affiche-publicitaire-cruz-del-campo-la-2-cappiello-1906.gif\" \/>\n\t<meta property=\"og:image:width\" content=\"600\" \/>\n\t<meta property=\"og:image:height\" content=\"800\" \/>\n\t<meta property=\"og:image:type\" content=\"image\/gif\" \/>\n<meta name=\"twitter:card\" content=\"summary_large_image\" \/>\n<meta name=\"twitter:title\" content=\"Cruz del Campo (La)\" \/>\n<meta name=\"twitter:description\" content=\"&quot;Gambrinus,&quot; leaning on a barrel, holds a beer stein overflowing with foam. He is about to drink to our health. &quot;It is also, in the bright yellow and red of a poster never seen on the walls of Paris, for it was made to proclaim to Spain the magnificent qualities of a national brew, it is, the ruddy effigy, the crimson and garnet complexion of a full and ample Falstaff who raises his foam-crowned glass with a gesture as proud as that of Don Quixote at the feasts of Gamache, offering, as a toast to prosperity, his goblet of Andalusian wine. What difference is there between such a poster and a painting? None! And one can observe that this drinker by Cappiello bears no resemblance to the types of Jordaens, the rogues that Flemish or Dutch artists lavished in their works, and that this merry fellow springs from an art as personal as those Parisian women with their witty, delicate faces beneath the luxuriance of their wild hair, whom the artist has adorned on other posters.&quot; Gustave Kahn, La Revue Illustr\u00e9e, August 5, 1906.\" \/>\n<meta name=\"twitter:label1\" content=\"Price\" \/>\n\t<meta name=\"twitter:data1\" content=\"\" \/>\n\t<meta name=\"twitter:label2\" content=\"Availability\" \/>\n\t<meta name=\"twitter:data2\" content=\"In stock\" \/>\n<script type=\"application\/ld+json\" class=\"yoast-schema-graph\">{\"@context\":\"https:\\\/\\\/schema.org\",\"@graph\":[{\"@type\":[\"WebPage\",\"ItemPage\"],\"@id\":\"https:\\\/\\\/cappiello.fr\\\/en\\\/produit\\\/cruz-del-campo-la-2\\\/\",\"url\":\"https:\\\/\\\/cappiello.fr\\\/en\\\/produit\\\/cruz-del-campo-la-2\\\/\",\"name\":\"Cruz del Campo (La) - Catalogue Raisonn\u00e9 de Leonetto Cappiello\",\"isPartOf\":{\"@id\":\"https:\\\/\\\/cappiello.fr\\\/en\\\/#website\"},\"primaryImageOfPage\":{\"@id\":\"https:\\\/\\\/cappiello.fr\\\/en\\\/produit\\\/cruz-del-campo-la-2\\\/#primaryimage\"},\"image\":{\"@id\":\"https:\\\/\\\/cappiello.fr\\\/en\\\/produit\\\/cruz-del-campo-la-2\\\/#primaryimage\"},\"thumbnailUrl\":\"https:\\\/\\\/cappiello.fr\\\/wp-content\\\/uploads\\\/2024\\\/10\\\/Lithographie-affiche-publicitaire-cruz-del-campo-la-2-cappiello-1906.gif\",\"datePublished\":\"1904-12-31T23:50:39+00:00\",\"dateModified\":\"2025-05-30T06:14:18+00:00\",\"description\":\"\\\"Gambrinus,\\\" leaning on a barrel, holds a beer stein overflowing with foam. He is about to drink to our health. \\\"It is also, in the bright yellow and red of a poster never seen on the walls of Paris, for it was made to proclaim to Spain the magnificent qualities of a national brew, it is, the ruddy effigy, the crimson and garnet complexion of a full and ample Falstaff who raises his foam-crowned glass with a gesture as proud as that of Don Quixote at the feasts of Gamache, offering, as a toast to prosperity, his goblet of Andalusian wine. What difference is there between such a poster and a painting? None! And one can observe that this drinker by Cappiello bears no resemblance to the types of Jordaens, the rogues that Flemish or Dutch artists lavished in their works, and that this merry fellow springs from an art as personal as those Parisian women with their witty, delicate faces beneath the luxuriance of their wild hair, whom the artist has adorned on other posters.\\\" Gustave Kahn, La Revue Illustr\u00e9e, August 5, 1906.\",\"breadcrumb\":{\"@id\":\"https:\\\/\\\/cappiello.fr\\\/en\\\/produit\\\/cruz-del-campo-la-2\\\/#breadcrumb\"},\"inLanguage\":\"en-US\",\"potentialAction\":[{\"@type\":\"ReadAction\",\"target\":[\"https:\\\/\\\/cappiello.fr\\\/en\\\/produit\\\/cruz-del-campo-la-2\\\/\"]}]},{\"@type\":\"ImageObject\",\"inLanguage\":\"en-US\",\"@id\":\"https:\\\/\\\/cappiello.fr\\\/en\\\/produit\\\/cruz-del-campo-la-2\\\/#primaryimage\",\"url\":\"https:\\\/\\\/cappiello.fr\\\/wp-content\\\/uploads\\\/2024\\\/10\\\/Lithographie-affiche-publicitaire-cruz-del-campo-la-2-cappiello-1906.gif\",\"contentUrl\":\"https:\\\/\\\/cappiello.fr\\\/wp-content\\\/uploads\\\/2024\\\/10\\\/Lithographie-affiche-publicitaire-cruz-del-campo-la-2-cappiello-1906.gif\",\"width\":600,\"height\":800,\"caption\":\"Bi\u00e8re espagnole brass\u00e9e \u00e0 S\u00e9ville.\"},{\"@type\":\"BreadcrumbList\",\"@id\":\"https:\\\/\\\/cappiello.fr\\\/en\\\/produit\\\/cruz-del-campo-la-2\\\/#breadcrumb\",\"itemListElement\":[{\"@type\":\"ListItem\",\"position\":1,\"name\":\"Accueil\",\"item\":\"https:\\\/\\\/cappiello.fr\\\/en\\\/\"},{\"@type\":\"ListItem\",\"position\":2,\"name\":\"The works\",\"item\":\"https:\\\/\\\/cappiello.fr\\\/en\\\/the-works\\\/\"},{\"@type\":\"ListItem\",\"position\":3,\"name\":\"Cruz del Campo (La)\"}]},{\"@type\":\"WebSite\",\"@id\":\"https:\\\/\\\/cappiello.fr\\\/en\\\/#website\",\"url\":\"https:\\\/\\\/cappiello.fr\\\/en\\\/\",\"name\":\"Catalogue raisonn\u00e9 de Leonetto Cappiello\",\"description\":\"Plongez dans l&#039;univers de Leonetto Cappiello, le p\u00e8re de la publicit\u00e9 moderne\",\"potentialAction\":[{\"@type\":\"SearchAction\",\"target\":{\"@type\":\"EntryPoint\",\"urlTemplate\":\"https:\\\/\\\/cappiello.fr\\\/en\\\/?s={search_term_string}\"},\"query-input\":{\"@type\":\"PropertyValueSpecification\",\"valueRequired\":true,\"valueName\":\"search_term_string\"}}],\"inLanguage\":\"en-US\"}]}<\/script>\n<meta property=\"product:price:currency\" content=\"EUR\" \/>\n<meta property=\"og:availability\" content=\"instock\" \/>\n<meta property=\"product:availability\" content=\"instock\" \/>\n<meta property=\"product:retailer_item_id\" content=\"1905009Z0\" \/>\n<meta property=\"product:condition\" content=\"new\" \/>\n<!-- \/ Yoast SEO Premium plugin. -->","yoast_head_json":{"title":"Cruz del Campo (La) - Catalogue Raisonn\u00e9 de Leonetto Cappiello","description":"\"Gambrinus,\" leaning on a barrel, holds a beer stein overflowing with foam. He is about to drink to our health. \"It is also, in the bright yellow and red of a poster never seen on the walls of Paris, for it was made to proclaim to Spain the magnificent qualities of a national brew, it is, the ruddy effigy, the crimson and garnet complexion of a full and ample Falstaff who raises his foam-crowned glass with a gesture as proud as that of Don Quixote at the feasts of Gamache, offering, as a toast to prosperity, his goblet of Andalusian wine. What difference is there between such a poster and a painting? None! And one can observe that this drinker by Cappiello bears no resemblance to the types of Jordaens, the rogues that Flemish or Dutch artists lavished in their works, and that this merry fellow springs from an art as personal as those Parisian women with their witty, delicate faces beneath the luxuriance of their wild hair, whom the artist has adorned on other posters.\" Gustave Kahn, La Revue Illustr\u00e9e, August 5, 1906.","robots":{"index":"index","follow":"follow","max-snippet":"max-snippet:-1","max-image-preview":"max-image-preview:large","max-video-preview":"max-video-preview:-1"},"canonical":"https:\/\/cappiello.fr\/en\/produit\/cruz-del-campo-la-2\/","og_locale":"en_US","og_type":"article","og_title":"Cruz del Campo (La)","og_description":"\"Gambrinus,\" leaning on a barrel, holds a beer stein overflowing with foam. He is about to drink to our health. \"It is also, in the bright yellow and red of a poster never seen on the walls of Paris, for it was made to proclaim to Spain the magnificent qualities of a national brew, it is, the ruddy effigy, the crimson and garnet complexion of a full and ample Falstaff who raises his foam-crowned glass with a gesture as proud as that of Don Quixote at the feasts of Gamache, offering, as a toast to prosperity, his goblet of Andalusian wine. What difference is there between such a poster and a painting? None! And one can observe that this drinker by Cappiello bears no resemblance to the types of Jordaens, the rogues that Flemish or Dutch artists lavished in their works, and that this merry fellow springs from an art as personal as those Parisian women with their witty, delicate faces beneath the luxuriance of their wild hair, whom the artist has adorned on other posters.\" Gustave Kahn, La Revue Illustr\u00e9e, August 5, 1906.","og_url":"https:\/\/cappiello.fr\/en\/produit\/cruz-del-campo-la-2\/","og_site_name":"Catalogue raisonn\u00e9 de Leonetto Cappiello","article_modified_time":"2025-05-30T06:14:18+00:00","og_image":[{"width":600,"height":800,"url":"https:\/\/cappiello.fr\/wp-content\/uploads\/2024\/10\/Lithographie-affiche-publicitaire-cruz-del-campo-la-2-cappiello-1906.gif","type":"image\/gif"}],"twitter_card":"summary_large_image","twitter_title":"Cruz del Campo (La)","twitter_description":"\"Gambrinus,\" leaning on a barrel, holds a beer stein overflowing with foam. He is about to drink to our health. \"It is also, in the bright yellow and red of a poster never seen on the walls of Paris, for it was made to proclaim to Spain the magnificent qualities of a national brew, it is, the ruddy effigy, the crimson and garnet complexion of a full and ample Falstaff who raises his foam-crowned glass with a gesture as proud as that of Don Quixote at the feasts of Gamache, offering, as a toast to prosperity, his goblet of Andalusian wine. What difference is there between such a poster and a painting? None! And one can observe that this drinker by Cappiello bears no resemblance to the types of Jordaens, the rogues that Flemish or Dutch artists lavished in their works, and that this merry fellow springs from an art as personal as those Parisian women with their witty, delicate faces beneath the luxuriance of their wild hair, whom the artist has adorned on other posters.\" Gustave Kahn, La Revue Illustr\u00e9e, August 5, 1906.","twitter_misc":{"Price":"","Availability":"In stock"},"schema":{"@context":"https:\/\/schema.org","@graph":[{"@type":["WebPage","ItemPage"],"@id":"https:\/\/cappiello.fr\/en\/produit\/cruz-del-campo-la-2\/","url":"https:\/\/cappiello.fr\/en\/produit\/cruz-del-campo-la-2\/","name":"Cruz del Campo (La) - Catalogue Raisonn\u00e9 de Leonetto Cappiello","isPartOf":{"@id":"https:\/\/cappiello.fr\/en\/#website"},"primaryImageOfPage":{"@id":"https:\/\/cappiello.fr\/en\/produit\/cruz-del-campo-la-2\/#primaryimage"},"image":{"@id":"https:\/\/cappiello.fr\/en\/produit\/cruz-del-campo-la-2\/#primaryimage"},"thumbnailUrl":"https:\/\/cappiello.fr\/wp-content\/uploads\/2024\/10\/Lithographie-affiche-publicitaire-cruz-del-campo-la-2-cappiello-1906.gif","datePublished":"1904-12-31T23:50:39+00:00","dateModified":"2025-05-30T06:14:18+00:00","description":"\"Gambrinus,\" leaning on a barrel, holds a beer stein overflowing with foam. He is about to drink to our health. \"It is also, in the bright yellow and red of a poster never seen on the walls of Paris, for it was made to proclaim to Spain the magnificent qualities of a national brew, it is, the ruddy effigy, the crimson and garnet complexion of a full and ample Falstaff who raises his foam-crowned glass with a gesture as proud as that of Don Quixote at the feasts of Gamache, offering, as a toast to prosperity, his goblet of Andalusian wine. What difference is there between such a poster and a painting? None! And one can observe that this drinker by Cappiello bears no resemblance to the types of Jordaens, the rogues that Flemish or Dutch artists lavished in their works, and that this merry fellow springs from an art as personal as those Parisian women with their witty, delicate faces beneath the luxuriance of their wild hair, whom the artist has adorned on other posters.\" Gustave Kahn, La Revue Illustr\u00e9e, August 5, 1906.","breadcrumb":{"@id":"https:\/\/cappiello.fr\/en\/produit\/cruz-del-campo-la-2\/#breadcrumb"},"inLanguage":"en-US","potentialAction":[{"@type":"ReadAction","target":["https:\/\/cappiello.fr\/en\/produit\/cruz-del-campo-la-2\/"]}]},{"@type":"ImageObject","inLanguage":"en-US","@id":"https:\/\/cappiello.fr\/en\/produit\/cruz-del-campo-la-2\/#primaryimage","url":"https:\/\/cappiello.fr\/wp-content\/uploads\/2024\/10\/Lithographie-affiche-publicitaire-cruz-del-campo-la-2-cappiello-1906.gif","contentUrl":"https:\/\/cappiello.fr\/wp-content\/uploads\/2024\/10\/Lithographie-affiche-publicitaire-cruz-del-campo-la-2-cappiello-1906.gif","width":600,"height":800,"caption":"Bi\u00e8re espagnole brass\u00e9e \u00e0 S\u00e9ville."},{"@type":"BreadcrumbList","@id":"https:\/\/cappiello.fr\/en\/produit\/cruz-del-campo-la-2\/#breadcrumb","itemListElement":[{"@type":"ListItem","position":1,"name":"Accueil","item":"https:\/\/cappiello.fr\/en\/"},{"@type":"ListItem","position":2,"name":"The works","item":"https:\/\/cappiello.fr\/en\/the-works\/"},{"@type":"ListItem","position":3,"name":"Cruz del Campo (La)"}]},{"@type":"WebSite","@id":"https:\/\/cappiello.fr\/en\/#website","url":"https:\/\/cappiello.fr\/en\/","name":"Catalogue raisonn\u00e9 de Leonetto Cappiello","description":"Plongez dans l&#039;univers de Leonetto Cappiello, le p\u00e8re de la publicit\u00e9 moderne","potentialAction":[{"@type":"SearchAction","target":{"@type":"EntryPoint","urlTemplate":"https:\/\/cappiello.fr\/en\/?s={search_term_string}"},"query-input":{"@type":"PropertyValueSpecification","valueRequired":true,"valueName":"search_term_string"}}],"inLanguage":"en-US"}]},"product_price_currency":"EUR","og_availability":"instock","product_availability":"instock","product_retailer_item_id":"1905009Z0","product_condition":"new"},"_links":{"self":[{"href":"https:\/\/cappiello.fr\/en\/wp-json\/wp\/v2\/product\/133513","targetHints":{"allow":["GET"]}}],"collection":[{"href":"https:\/\/cappiello.fr\/en\/wp-json\/wp\/v2\/product"}],"about":[{"href":"https:\/\/cappiello.fr\/en\/wp-json\/wp\/v2\/types\/product"}],"wp:featuredmedia":[{"embeddable":true,"href":"https:\/\/cappiello.fr\/en\/wp-json\/wp\/v2\/media\/134922"}],"wp:attachment":[{"href":"https:\/\/cappiello.fr\/en\/wp-json\/wp\/v2\/media?parent=133513"}],"wp:term":[{"taxonomy":"type-doeuvre","embeddable":true,"href":"https:\/\/cappiello.fr\/en\/wp-json\/wp\/v2\/type-doeuvre?post=133513"},{"taxonomy":"product_brand","embeddable":true,"href":"https:\/\/cappiello.fr\/en\/wp-json\/wp\/v2\/product_brand?post=133513"},{"taxonomy":"product_cat","embeddable":true,"href":"https:\/\/cappiello.fr\/en\/wp-json\/wp\/v2\/product_cat?post=133513"},{"taxonomy":"product_tag","embeddable":true,"href":"https:\/\/cappiello.fr\/en\/wp-json\/wp\/v2\/product_tag?post=133513"}],"curies":[{"name":"wp","href":"https:\/\/api.w.org\/{rel}","templated":true}]}}