{"id":133516,"date":"1905-01-01T00:00:00","date_gmt":"1904-12-31T23:50:39","guid":{"rendered":"https:\/\/cappiello.fr\/produit\/fleur-des-neiges\/"},"modified":"2025-05-14T23:49:17","modified_gmt":"2025-05-14T21:49:17","slug":"fleur-des-neiges","status":"publish","type":"product","link":"https:\/\/cappiello.fr\/en\/produit\/fleur-des-neiges\/","title":{"rendered":"Fleur des Neiges"},"content":{"rendered":"<p>In a mountainous setting, two women, warmly bundled up, comfort themselves with biscuits.<br \/>\n&#8220;The marvelous work of Cappiello, where he truly glorifies women, is his poster, it&#8217;s all the posters he has scattered across France, with the generosity of a great artist. Our walls are currently covered with a large advertisement, which looks like a print by Outamaro or Hokusa\u00ef, that has been wildly reproduced in an infinite number of copies; it&#8217;s his &#8216;Snow Flower,&#8217; so luminous, so curious in the art with which the two women in red coats are arranged on the immense snowy steppe of the setting&#8230;&#8221;<br \/>\nGeorges Grappe, La Presse, July 31, 1905.<\/p>\n","protected":false},"excerpt":{"rendered":"<p>Before the Great War, the Pernot Biscuit factory was the most important company in Dijon, just after the PLM. It produced many biscuits, including &#8220;Fleur des neiges,&#8221; a melting vanilla wafer.<\/p>\n","protected":false},"featured_media":134978,"template":"","meta":{"_acf_changed":false},"type-doeuvre":[4057],"product_brand":[],"product_cat":[3494],"product_tag":[3497,3665,3652],"class_list":{"0":"post-133516","1":"product","2":"type-product","3":"status-publish","4":"has-post-thumbnail","6":"type-doeuvre-affiches","7":"product_cat-flour-based-products","8":"product_tag-coat","9":"product_tag-cheerfulness-en","10":"product_tag-glass-en-21","11":"pa_periode-1900-1918-en","12":"pa_type-de-contenu-lithography","14":"first","15":"instock","16":"virtual","17":"product-type-simple"},"acf":[],"yoast_head":"<!-- This site is optimized with the Yoast SEO Premium plugin v27.0 (Yoast SEO v27.4) - https:\/\/yoast.com\/product\/yoast-seo-premium-wordpress\/ -->\n<title>Fleur des Neiges - Catalogue Raisonn\u00e9 de Leonetto Cappiello<\/title>\n<meta name=\"description\" content=\"In a mountainous setting, two women, warmly bundled up, comfort themselves with biscuits. &quot;The marvelous work of Cappiello, the one where he truly glorifies women, is his poster, it&#039;s all the posters he has scattered across France, with the generosity of a great artist. Our walls are currently covered with a large advertisement, which looks like a print by Outamaro or Hokusa\u00ef, that would have been wildly printed in an infinite number of copies; it&#039;s his &#039;Snow Flower,&#039; so luminous, so curious in the art with which the two women in red coats are arranged on the immense snowy steppe of the setting...&quot; Georges Grappe, La Presse, July 31, 1905.\" \/>\n<meta name=\"robots\" content=\"index, follow, max-snippet:-1, max-image-preview:large, max-video-preview:-1\" \/>\n<link rel=\"canonical\" href=\"https:\/\/cappiello.fr\/en\/produit\/fleur-des-neiges\/\" \/>\n<meta property=\"og:locale\" content=\"en_US\" \/>\n<meta property=\"og:type\" content=\"article\" \/>\n<meta property=\"og:title\" content=\"Fleur des Neiges\" \/>\n<meta property=\"og:description\" content=\"In a mountainous setting, two women, warmly bundled up, comfort themselves with biscuits. &quot;The marvelous work of Cappiello, the one where he truly glorifies women, is his poster, it&#039;s all the posters he has scattered across France, with the generosity of a great artist. Our walls are currently covered with a large advertisement, which looks like a print by Outamaro or Hokusa\u00ef, that would have been wildly printed in an infinite number of copies; it&#039;s his &#039;Snow Flower,&#039; so luminous, so curious in the art with which the two women in red coats are arranged on the immense snowy steppe of the setting...&quot; Georges Grappe, La Presse, July 31, 1905.\" \/>\n<meta property=\"og:url\" content=\"https:\/\/cappiello.fr\/en\/produit\/fleur-des-neiges\/\" \/>\n<meta property=\"og:site_name\" content=\"Catalogue raisonn\u00e9 de Leonetto Cappiello\" \/>\n<meta property=\"article:modified_time\" content=\"2025-05-14T21:49:17+00:00\" \/>\n<meta property=\"og:image\" content=\"https:\/\/cappiello.fr\/wp-content\/uploads\/2024\/10\/Lithographie-affiche-publicitaire-fleur-des-neiges-cappiello-1905.jpg\" \/>\n\t<meta property=\"og:image:width\" content=\"524\" \/>\n\t<meta property=\"og:image:height\" content=\"800\" \/>\n\t<meta property=\"og:image:type\" content=\"image\/jpeg\" \/>\n<meta name=\"twitter:card\" content=\"summary_large_image\" \/>\n<meta name=\"twitter:title\" content=\"Fleur des Neiges\" \/>\n<meta name=\"twitter:description\" content=\"In a mountainous setting, two women, warmly bundled up, comfort themselves with biscuits. &quot;The marvelous work of Cappiello, the one where he truly glorifies women, is his poster, it&#039;s all the posters he has scattered across France, with the generosity of a great artist. Our walls are currently covered with a large advertisement, which looks like a print by Outamaro or Hokusa\u00ef, that would have been wildly printed in an infinite number of copies; it&#039;s his &#039;Snow Flower,&#039; so luminous, so curious in the art with which the two women in red coats are arranged on the immense snowy steppe of the setting...&quot; Georges Grappe, La Presse, July 31, 1905.\" \/>\n<meta name=\"twitter:label1\" content=\"Price\" \/>\n\t<meta name=\"twitter:data1\" content=\"\" \/>\n\t<meta name=\"twitter:label2\" content=\"Availability\" \/>\n\t<meta name=\"twitter:data2\" content=\"In stock\" \/>\n<script type=\"application\/ld+json\" class=\"yoast-schema-graph\">{\"@context\":\"https:\\\/\\\/schema.org\",\"@graph\":[{\"@type\":[\"WebPage\",\"ItemPage\"],\"@id\":\"https:\\\/\\\/cappiello.fr\\\/en\\\/produit\\\/fleur-des-neiges\\\/\",\"url\":\"https:\\\/\\\/cappiello.fr\\\/en\\\/produit\\\/fleur-des-neiges\\\/\",\"name\":\"Fleur des Neiges - Catalogue Raisonn\u00e9 de Leonetto Cappiello\",\"isPartOf\":{\"@id\":\"https:\\\/\\\/cappiello.fr\\\/en\\\/#website\"},\"primaryImageOfPage\":{\"@id\":\"https:\\\/\\\/cappiello.fr\\\/en\\\/produit\\\/fleur-des-neiges\\\/#primaryimage\"},\"image\":{\"@id\":\"https:\\\/\\\/cappiello.fr\\\/en\\\/produit\\\/fleur-des-neiges\\\/#primaryimage\"},\"thumbnailUrl\":\"https:\\\/\\\/cappiello.fr\\\/wp-content\\\/uploads\\\/2024\\\/10\\\/Lithographie-affiche-publicitaire-fleur-des-neiges-cappiello-1905.jpg\",\"datePublished\":\"1904-12-31T23:50:39+00:00\",\"dateModified\":\"2025-05-14T21:49:17+00:00\",\"description\":\"In a mountainous setting, two women, warmly bundled up, comfort themselves with biscuits. \\\"The marvelous work of Cappiello, the one where he truly glorifies women, is his poster, it's all the posters he has scattered across France, with the generosity of a great artist. Our walls are currently covered with a large advertisement, which looks like a print by Outamaro or Hokusa\u00ef, that would have been wildly printed in an infinite number of copies; it's his 'Snow Flower,' so luminous, so curious in the art with which the two women in red coats are arranged on the immense snowy steppe of the setting...\\\" Georges Grappe, La Presse, July 31, 1905.\",\"breadcrumb\":{\"@id\":\"https:\\\/\\\/cappiello.fr\\\/en\\\/produit\\\/fleur-des-neiges\\\/#breadcrumb\"},\"inLanguage\":\"en-US\",\"potentialAction\":[{\"@type\":\"ReadAction\",\"target\":[\"https:\\\/\\\/cappiello.fr\\\/en\\\/produit\\\/fleur-des-neiges\\\/\"]}]},{\"@type\":\"ImageObject\",\"inLanguage\":\"en-US\",\"@id\":\"https:\\\/\\\/cappiello.fr\\\/en\\\/produit\\\/fleur-des-neiges\\\/#primaryimage\",\"url\":\"https:\\\/\\\/cappiello.fr\\\/wp-content\\\/uploads\\\/2024\\\/10\\\/Lithographie-affiche-publicitaire-fleur-des-neiges-cappiello-1905.jpg\",\"contentUrl\":\"https:\\\/\\\/cappiello.fr\\\/wp-content\\\/uploads\\\/2024\\\/10\\\/Lithographie-affiche-publicitaire-fleur-des-neiges-cappiello-1905.jpg\",\"width\":524,\"height\":800,\"caption\":\"Avant la Grande Guerre\"},{\"@type\":\"BreadcrumbList\",\"@id\":\"https:\\\/\\\/cappiello.fr\\\/en\\\/produit\\\/fleur-des-neiges\\\/#breadcrumb\",\"itemListElement\":[{\"@type\":\"ListItem\",\"position\":1,\"name\":\"Accueil\",\"item\":\"https:\\\/\\\/cappiello.fr\\\/en\\\/\"},{\"@type\":\"ListItem\",\"position\":2,\"name\":\"The works\",\"item\":\"https:\\\/\\\/cappiello.fr\\\/en\\\/the-works\\\/\"},{\"@type\":\"ListItem\",\"position\":3,\"name\":\"Fleur des Neiges\"}]},{\"@type\":\"WebSite\",\"@id\":\"https:\\\/\\\/cappiello.fr\\\/en\\\/#website\",\"url\":\"https:\\\/\\\/cappiello.fr\\\/en\\\/\",\"name\":\"Catalogue raisonn\u00e9 de Leonetto Cappiello\",\"description\":\"Plongez dans l&#039;univers de Leonetto Cappiello, le p\u00e8re de la publicit\u00e9 moderne\",\"potentialAction\":[{\"@type\":\"SearchAction\",\"target\":{\"@type\":\"EntryPoint\",\"urlTemplate\":\"https:\\\/\\\/cappiello.fr\\\/en\\\/?s={search_term_string}\"},\"query-input\":{\"@type\":\"PropertyValueSpecification\",\"valueRequired\":true,\"valueName\":\"search_term_string\"}}],\"inLanguage\":\"en-US\"}]}<\/script>\n<meta property=\"product:price:currency\" content=\"EUR\" \/>\n<meta property=\"og:availability\" content=\"instock\" \/>\n<meta property=\"product:availability\" content=\"instock\" \/>\n<meta property=\"product:retailer_item_id\" content=\"1905014Z0\" \/>\n<meta property=\"product:condition\" content=\"new\" \/>\n<!-- \/ Yoast SEO Premium plugin. -->","yoast_head_json":{"title":"Fleur des Neiges - Catalogue Raisonn\u00e9 de Leonetto Cappiello","description":"In a mountainous setting, two women, warmly bundled up, comfort themselves with biscuits. \"The marvelous work of Cappiello, the one where he truly glorifies women, is his poster, it's all the posters he has scattered across France, with the generosity of a great artist. Our walls are currently covered with a large advertisement, which looks like a print by Outamaro or Hokusa\u00ef, that would have been wildly printed in an infinite number of copies; it's his 'Snow Flower,' so luminous, so curious in the art with which the two women in red coats are arranged on the immense snowy steppe of the setting...\" Georges Grappe, La Presse, July 31, 1905.","robots":{"index":"index","follow":"follow","max-snippet":"max-snippet:-1","max-image-preview":"max-image-preview:large","max-video-preview":"max-video-preview:-1"},"canonical":"https:\/\/cappiello.fr\/en\/produit\/fleur-des-neiges\/","og_locale":"en_US","og_type":"article","og_title":"Fleur des Neiges","og_description":"In a mountainous setting, two women, warmly bundled up, comfort themselves with biscuits. \"The marvelous work of Cappiello, the one where he truly glorifies women, is his poster, it's all the posters he has scattered across France, with the generosity of a great artist. Our walls are currently covered with a large advertisement, which looks like a print by Outamaro or Hokusa\u00ef, that would have been wildly printed in an infinite number of copies; it's his 'Snow Flower,' so luminous, so curious in the art with which the two women in red coats are arranged on the immense snowy steppe of the setting...\" Georges Grappe, La Presse, July 31, 1905.","og_url":"https:\/\/cappiello.fr\/en\/produit\/fleur-des-neiges\/","og_site_name":"Catalogue raisonn\u00e9 de Leonetto Cappiello","article_modified_time":"2025-05-14T21:49:17+00:00","og_image":[{"width":524,"height":800,"url":"https:\/\/cappiello.fr\/wp-content\/uploads\/2024\/10\/Lithographie-affiche-publicitaire-fleur-des-neiges-cappiello-1905.jpg","type":"image\/jpeg"}],"twitter_card":"summary_large_image","twitter_title":"Fleur des Neiges","twitter_description":"In a mountainous setting, two women, warmly bundled up, comfort themselves with biscuits. \"The marvelous work of Cappiello, the one where he truly glorifies women, is his poster, it's all the posters he has scattered across France, with the generosity of a great artist. Our walls are currently covered with a large advertisement, which looks like a print by Outamaro or Hokusa\u00ef, that would have been wildly printed in an infinite number of copies; it's his 'Snow Flower,' so luminous, so curious in the art with which the two women in red coats are arranged on the immense snowy steppe of the setting...\" Georges Grappe, La Presse, July 31, 1905.","twitter_misc":{"Price":"","Availability":"In stock"},"schema":{"@context":"https:\/\/schema.org","@graph":[{"@type":["WebPage","ItemPage"],"@id":"https:\/\/cappiello.fr\/en\/produit\/fleur-des-neiges\/","url":"https:\/\/cappiello.fr\/en\/produit\/fleur-des-neiges\/","name":"Fleur des Neiges - Catalogue Raisonn\u00e9 de Leonetto Cappiello","isPartOf":{"@id":"https:\/\/cappiello.fr\/en\/#website"},"primaryImageOfPage":{"@id":"https:\/\/cappiello.fr\/en\/produit\/fleur-des-neiges\/#primaryimage"},"image":{"@id":"https:\/\/cappiello.fr\/en\/produit\/fleur-des-neiges\/#primaryimage"},"thumbnailUrl":"https:\/\/cappiello.fr\/wp-content\/uploads\/2024\/10\/Lithographie-affiche-publicitaire-fleur-des-neiges-cappiello-1905.jpg","datePublished":"1904-12-31T23:50:39+00:00","dateModified":"2025-05-14T21:49:17+00:00","description":"In a mountainous setting, two women, warmly bundled up, comfort themselves with biscuits. \"The marvelous work of Cappiello, the one where he truly glorifies women, is his poster, it's all the posters he has scattered across France, with the generosity of a great artist. Our walls are currently covered with a large advertisement, which looks like a print by Outamaro or Hokusa\u00ef, that would have been wildly printed in an infinite number of copies; it's his 'Snow Flower,' so luminous, so curious in the art with which the two women in red coats are arranged on the immense snowy steppe of the setting...\" Georges Grappe, La Presse, July 31, 1905.","breadcrumb":{"@id":"https:\/\/cappiello.fr\/en\/produit\/fleur-des-neiges\/#breadcrumb"},"inLanguage":"en-US","potentialAction":[{"@type":"ReadAction","target":["https:\/\/cappiello.fr\/en\/produit\/fleur-des-neiges\/"]}]},{"@type":"ImageObject","inLanguage":"en-US","@id":"https:\/\/cappiello.fr\/en\/produit\/fleur-des-neiges\/#primaryimage","url":"https:\/\/cappiello.fr\/wp-content\/uploads\/2024\/10\/Lithographie-affiche-publicitaire-fleur-des-neiges-cappiello-1905.jpg","contentUrl":"https:\/\/cappiello.fr\/wp-content\/uploads\/2024\/10\/Lithographie-affiche-publicitaire-fleur-des-neiges-cappiello-1905.jpg","width":524,"height":800,"caption":"Avant la Grande Guerre"},{"@type":"BreadcrumbList","@id":"https:\/\/cappiello.fr\/en\/produit\/fleur-des-neiges\/#breadcrumb","itemListElement":[{"@type":"ListItem","position":1,"name":"Accueil","item":"https:\/\/cappiello.fr\/en\/"},{"@type":"ListItem","position":2,"name":"The works","item":"https:\/\/cappiello.fr\/en\/the-works\/"},{"@type":"ListItem","position":3,"name":"Fleur des Neiges"}]},{"@type":"WebSite","@id":"https:\/\/cappiello.fr\/en\/#website","url":"https:\/\/cappiello.fr\/en\/","name":"Catalogue raisonn\u00e9 de Leonetto Cappiello","description":"Plongez dans l&#039;univers de Leonetto Cappiello, le p\u00e8re de la publicit\u00e9 moderne","potentialAction":[{"@type":"SearchAction","target":{"@type":"EntryPoint","urlTemplate":"https:\/\/cappiello.fr\/en\/?s={search_term_string}"},"query-input":{"@type":"PropertyValueSpecification","valueRequired":true,"valueName":"search_term_string"}}],"inLanguage":"en-US"}]},"product_price_currency":"EUR","og_availability":"instock","product_availability":"instock","product_retailer_item_id":"1905014Z0","product_condition":"new"},"_links":{"self":[{"href":"https:\/\/cappiello.fr\/en\/wp-json\/wp\/v2\/product\/133516","targetHints":{"allow":["GET"]}}],"collection":[{"href":"https:\/\/cappiello.fr\/en\/wp-json\/wp\/v2\/product"}],"about":[{"href":"https:\/\/cappiello.fr\/en\/wp-json\/wp\/v2\/types\/product"}],"wp:featuredmedia":[{"embeddable":true,"href":"https:\/\/cappiello.fr\/en\/wp-json\/wp\/v2\/media\/134978"}],"wp:attachment":[{"href":"https:\/\/cappiello.fr\/en\/wp-json\/wp\/v2\/media?parent=133516"}],"wp:term":[{"taxonomy":"type-doeuvre","embeddable":true,"href":"https:\/\/cappiello.fr\/en\/wp-json\/wp\/v2\/type-doeuvre?post=133516"},{"taxonomy":"product_brand","embeddable":true,"href":"https:\/\/cappiello.fr\/en\/wp-json\/wp\/v2\/product_brand?post=133516"},{"taxonomy":"product_cat","embeddable":true,"href":"https:\/\/cappiello.fr\/en\/wp-json\/wp\/v2\/product_cat?post=133516"},{"taxonomy":"product_tag","embeddable":true,"href":"https:\/\/cappiello.fr\/en\/wp-json\/wp\/v2\/product_tag?post=133516"}],"curies":[{"name":"wp","href":"https:\/\/api.w.org\/{rel}","templated":true}]}}