{"id":133537,"date":"1904-01-01T00:00:00","date_gmt":"1903-12-31T23:50:39","guid":{"rendered":"https:\/\/cappiello.fr\/produit\/cafe-23\/"},"modified":"2025-05-14T23:46:46","modified_gmt":"2025-05-14T21:46:46","slug":"cafe-23","status":"publish","type":"product","link":"https:\/\/cappiello.fr\/en\/produit\/cafe-23\/","title":{"rendered":"Caf\u00e9 de la Paix"},"content":{"rendered":"<p>As with the P\u00e2tes aux \u0153ufs et aux l\u00e9gumes from \u00c9tablissements Ferrari, Cappiello features famous entertainers of the time on the terrace of the Caf\u00e9 de la Paix. From left to right, we can see: Coquelin cadet, Le Bargy, Brasseur, Coquelin ain\u00e9, Jeanne Granier (likely), R\u00e9jane (likely), Galipaux, Polaire, Henri Rochefort, Edmond Rostand.<\/p>\n","protected":false},"excerpt":{"rendered":"<p>This drawing shows the Caf\u00e9 de la Paix opposite the Paris opera. It recalls the poster for the <a href=\"https:\/\/cappiello.fr\/en\/produit\/nouilles-macaronis\/\">Nouilles &#8211; Macaronis Ferrari<\/a>.<\/p>\n","protected":false},"featured_media":133732,"template":"","meta":{"_acf_changed":false},"type-doeuvre":[4057],"product_brand":[],"product_cat":[3348],"product_tag":[3300,3782,3623,3475,3316,3318],"class_list":{"0":"post-133537","1":"product","2":"type-product","3":"status-publish","4":"has-post-thumbnail","6":"type-doeuvre-affiches","7":"product_cat-trade","8":"product_tag-show-en-2","9":"product_tag-long-dress-en-4","10":"product_tag-monument-en-3","11":"product_tag-fuel-stove-en","12":"product_tag-woman","13":"product_tag-woman-en-2","14":"pa_periode-1900-1918-en","15":"pa_type-de-contenu-sketch-photo","17":"first","18":"instock","19":"virtual","20":"product-type-simple"},"acf":[],"yoast_head":"<!-- This site is optimized with the Yoast SEO Premium plugin v27.0 (Yoast SEO v27.4) - https:\/\/yoast.com\/product\/yoast-seo-premium-wordpress\/ -->\n<title>Caf\u00e9 de la Paix - Catalogue Raisonn\u00e9 de Leonetto Cappiello<\/title>\n<meta name=\"description\" content=\"Just like with the P\u00e2tes aux \u0153ufs et aux l\u00e9gumes from \u00c9tablissements Ferrari, Cappiello stages famous entertainment world artists of that time on the terrace of Caf\u00e9 de la Paix. From left to right, we can see: Coquelin cadet, Le Bargy, Brasseur, Coquelin ain\u00e9, Jeanne Granier (likely), R\u00e9jane (likely), Galipaux, Polaire, Henri Rochefort, Edmond Rostand.\" \/>\n<meta name=\"robots\" content=\"index, follow, max-snippet:-1, max-image-preview:large, max-video-preview:-1\" \/>\n<link rel=\"canonical\" href=\"https:\/\/cappiello.fr\/en\/produit\/cafe-23\/\" \/>\n<meta property=\"og:locale\" content=\"en_US\" \/>\n<meta property=\"og:type\" content=\"article\" \/>\n<meta property=\"og:title\" content=\"Caf\u00e9 de la Paix\" \/>\n<meta property=\"og:description\" content=\"Just like with the P\u00e2tes aux \u0153ufs et aux l\u00e9gumes from \u00c9tablissements Ferrari, Cappiello stages famous entertainment world artists of that time on the terrace of Caf\u00e9 de la Paix. From left to right, we can see: Coquelin cadet, Le Bargy, Brasseur, Coquelin ain\u00e9, Jeanne Granier (likely), R\u00e9jane (likely), Galipaux, Polaire, Henri Rochefort, Edmond Rostand.\" \/>\n<meta property=\"og:url\" content=\"https:\/\/cappiello.fr\/en\/produit\/cafe-23\/\" \/>\n<meta property=\"og:site_name\" content=\"Catalogue raisonn\u00e9 de Leonetto Cappiello\" \/>\n<meta property=\"article:modified_time\" content=\"2025-05-14T21:46:46+00:00\" \/>\n<meta property=\"og:image\" content=\"https:\/\/cappiello.fr\/wp-content\/uploads\/2024\/10\/Photo-desquisse-affiche-publicitaire-cafe-de-la-paix-cappiello-1904.jpg\" \/>\n\t<meta property=\"og:image:width\" content=\"800\" \/>\n\t<meta property=\"og:image:height\" content=\"657\" \/>\n\t<meta property=\"og:image:type\" content=\"image\/jpeg\" \/>\n<meta name=\"twitter:card\" content=\"summary_large_image\" \/>\n<meta name=\"twitter:title\" content=\"Caf\u00e9 de la Paix\" \/>\n<meta name=\"twitter:description\" content=\"Just like with the P\u00e2tes aux \u0153ufs et aux l\u00e9gumes from \u00c9tablissements Ferrari, Cappiello stages famous entertainment world artists of that time on the terrace of Caf\u00e9 de la Paix. From left to right, we can see: Coquelin cadet, Le Bargy, Brasseur, Coquelin ain\u00e9, Jeanne Granier (likely), R\u00e9jane (likely), Galipaux, Polaire, Henri Rochefort, Edmond Rostand.\" \/>\n<meta name=\"twitter:label1\" content=\"Price\" \/>\n\t<meta name=\"twitter:data1\" content=\"\" \/>\n\t<meta name=\"twitter:label2\" content=\"Availability\" \/>\n\t<meta name=\"twitter:data2\" content=\"In stock\" \/>\n<script type=\"application\/ld+json\" class=\"yoast-schema-graph\">{\"@context\":\"https:\\\/\\\/schema.org\",\"@graph\":[{\"@type\":[\"WebPage\",\"ItemPage\"],\"@id\":\"https:\\\/\\\/cappiello.fr\\\/en\\\/produit\\\/cafe-23\\\/\",\"url\":\"https:\\\/\\\/cappiello.fr\\\/en\\\/produit\\\/cafe-23\\\/\",\"name\":\"Caf\u00e9 de la Paix - Catalogue Raisonn\u00e9 de Leonetto Cappiello\",\"isPartOf\":{\"@id\":\"https:\\\/\\\/cappiello.fr\\\/en\\\/#website\"},\"primaryImageOfPage\":{\"@id\":\"https:\\\/\\\/cappiello.fr\\\/en\\\/produit\\\/cafe-23\\\/#primaryimage\"},\"image\":{\"@id\":\"https:\\\/\\\/cappiello.fr\\\/en\\\/produit\\\/cafe-23\\\/#primaryimage\"},\"thumbnailUrl\":\"https:\\\/\\\/cappiello.fr\\\/wp-content\\\/uploads\\\/2024\\\/10\\\/Photo-desquisse-affiche-publicitaire-cafe-de-la-paix-cappiello-1904.jpg\",\"datePublished\":\"1903-12-31T23:50:39+00:00\",\"dateModified\":\"2025-05-14T21:46:46+00:00\",\"description\":\"Just like with the P\u00e2tes aux \u0153ufs et aux l\u00e9gumes from \u00c9tablissements Ferrari, Cappiello stages famous entertainment world artists of that time on the terrace of Caf\u00e9 de la Paix. From left to right, we can see: Coquelin cadet, Le Bargy, Brasseur, Coquelin ain\u00e9, Jeanne Granier (likely), R\u00e9jane (likely), Galipaux, Polaire, Henri Rochefort, Edmond Rostand.\",\"breadcrumb\":{\"@id\":\"https:\\\/\\\/cappiello.fr\\\/en\\\/produit\\\/cafe-23\\\/#breadcrumb\"},\"inLanguage\":\"en-US\",\"potentialAction\":[{\"@type\":\"ReadAction\",\"target\":[\"https:\\\/\\\/cappiello.fr\\\/en\\\/produit\\\/cafe-23\\\/\"]}]},{\"@type\":\"ImageObject\",\"inLanguage\":\"en-US\",\"@id\":\"https:\\\/\\\/cappiello.fr\\\/en\\\/produit\\\/cafe-23\\\/#primaryimage\",\"url\":\"https:\\\/\\\/cappiello.fr\\\/wp-content\\\/uploads\\\/2024\\\/10\\\/Photo-desquisse-affiche-publicitaire-cafe-de-la-paix-cappiello-1904.jpg\",\"contentUrl\":\"https:\\\/\\\/cappiello.fr\\\/wp-content\\\/uploads\\\/2024\\\/10\\\/Photo-desquisse-affiche-publicitaire-cafe-de-la-paix-cappiello-1904.jpg\",\"width\":800,\"height\":657,\"caption\":\"Ce dessin pr\u00e9sente le Caf\u00e9 de la Paix en face de l'op\u00e9ra de Paris. Il rappelle l'affiche pour les Nouilles - Macaronis Ferrari.\"},{\"@type\":\"BreadcrumbList\",\"@id\":\"https:\\\/\\\/cappiello.fr\\\/en\\\/produit\\\/cafe-23\\\/#breadcrumb\",\"itemListElement\":[{\"@type\":\"ListItem\",\"position\":1,\"name\":\"Accueil\",\"item\":\"https:\\\/\\\/cappiello.fr\\\/en\\\/\"},{\"@type\":\"ListItem\",\"position\":2,\"name\":\"The works\",\"item\":\"https:\\\/\\\/cappiello.fr\\\/en\\\/the-works\\\/\"},{\"@type\":\"ListItem\",\"position\":3,\"name\":\"Caf\u00e9 de la Paix\"}]},{\"@type\":\"WebSite\",\"@id\":\"https:\\\/\\\/cappiello.fr\\\/en\\\/#website\",\"url\":\"https:\\\/\\\/cappiello.fr\\\/en\\\/\",\"name\":\"Catalogue raisonn\u00e9 de Leonetto Cappiello\",\"description\":\"Plongez dans l&#039;univers de Leonetto Cappiello, le p\u00e8re de la publicit\u00e9 moderne\",\"potentialAction\":[{\"@type\":\"SearchAction\",\"target\":{\"@type\":\"EntryPoint\",\"urlTemplate\":\"https:\\\/\\\/cappiello.fr\\\/en\\\/?s={search_term_string}\"},\"query-input\":{\"@type\":\"PropertyValueSpecification\",\"valueRequired\":true,\"valueName\":\"search_term_string\"}}],\"inLanguage\":\"en-US\"}]}<\/script>\n<meta property=\"product:price:currency\" content=\"EUR\" \/>\n<meta property=\"og:availability\" content=\"instock\" \/>\n<meta property=\"product:availability\" content=\"instock\" \/>\n<meta property=\"product:retailer_item_id\" content=\"1904206B0\" \/>\n<meta property=\"product:condition\" content=\"new\" \/>\n<!-- \/ Yoast SEO Premium plugin. -->","yoast_head_json":{"title":"Caf\u00e9 de la Paix - Catalogue Raisonn\u00e9 de Leonetto Cappiello","description":"Just like with the P\u00e2tes aux \u0153ufs et aux l\u00e9gumes from \u00c9tablissements Ferrari, Cappiello stages famous entertainment world artists of that time on the terrace of Caf\u00e9 de la Paix. From left to right, we can see: Coquelin cadet, Le Bargy, Brasseur, Coquelin ain\u00e9, Jeanne Granier (likely), R\u00e9jane (likely), Galipaux, Polaire, Henri Rochefort, Edmond Rostand.","robots":{"index":"index","follow":"follow","max-snippet":"max-snippet:-1","max-image-preview":"max-image-preview:large","max-video-preview":"max-video-preview:-1"},"canonical":"https:\/\/cappiello.fr\/en\/produit\/cafe-23\/","og_locale":"en_US","og_type":"article","og_title":"Caf\u00e9 de la Paix","og_description":"Just like with the P\u00e2tes aux \u0153ufs et aux l\u00e9gumes from \u00c9tablissements Ferrari, Cappiello stages famous entertainment world artists of that time on the terrace of Caf\u00e9 de la Paix. From left to right, we can see: Coquelin cadet, Le Bargy, Brasseur, Coquelin ain\u00e9, Jeanne Granier (likely), R\u00e9jane (likely), Galipaux, Polaire, Henri Rochefort, Edmond Rostand.","og_url":"https:\/\/cappiello.fr\/en\/produit\/cafe-23\/","og_site_name":"Catalogue raisonn\u00e9 de Leonetto Cappiello","article_modified_time":"2025-05-14T21:46:46+00:00","og_image":[{"width":800,"height":657,"url":"https:\/\/cappiello.fr\/wp-content\/uploads\/2024\/10\/Photo-desquisse-affiche-publicitaire-cafe-de-la-paix-cappiello-1904.jpg","type":"image\/jpeg"}],"twitter_card":"summary_large_image","twitter_title":"Caf\u00e9 de la Paix","twitter_description":"Just like with the P\u00e2tes aux \u0153ufs et aux l\u00e9gumes from \u00c9tablissements Ferrari, Cappiello stages famous entertainment world artists of that time on the terrace of Caf\u00e9 de la Paix. From left to right, we can see: Coquelin cadet, Le Bargy, Brasseur, Coquelin ain\u00e9, Jeanne Granier (likely), R\u00e9jane (likely), Galipaux, Polaire, Henri Rochefort, Edmond Rostand.","twitter_misc":{"Price":"","Availability":"In stock"},"schema":{"@context":"https:\/\/schema.org","@graph":[{"@type":["WebPage","ItemPage"],"@id":"https:\/\/cappiello.fr\/en\/produit\/cafe-23\/","url":"https:\/\/cappiello.fr\/en\/produit\/cafe-23\/","name":"Caf\u00e9 de la Paix - Catalogue Raisonn\u00e9 de Leonetto Cappiello","isPartOf":{"@id":"https:\/\/cappiello.fr\/en\/#website"},"primaryImageOfPage":{"@id":"https:\/\/cappiello.fr\/en\/produit\/cafe-23\/#primaryimage"},"image":{"@id":"https:\/\/cappiello.fr\/en\/produit\/cafe-23\/#primaryimage"},"thumbnailUrl":"https:\/\/cappiello.fr\/wp-content\/uploads\/2024\/10\/Photo-desquisse-affiche-publicitaire-cafe-de-la-paix-cappiello-1904.jpg","datePublished":"1903-12-31T23:50:39+00:00","dateModified":"2025-05-14T21:46:46+00:00","description":"Just like with the P\u00e2tes aux \u0153ufs et aux l\u00e9gumes from \u00c9tablissements Ferrari, Cappiello stages famous entertainment world artists of that time on the terrace of Caf\u00e9 de la Paix. From left to right, we can see: Coquelin cadet, Le Bargy, Brasseur, Coquelin ain\u00e9, Jeanne Granier (likely), R\u00e9jane (likely), Galipaux, Polaire, Henri Rochefort, Edmond Rostand.","breadcrumb":{"@id":"https:\/\/cappiello.fr\/en\/produit\/cafe-23\/#breadcrumb"},"inLanguage":"en-US","potentialAction":[{"@type":"ReadAction","target":["https:\/\/cappiello.fr\/en\/produit\/cafe-23\/"]}]},{"@type":"ImageObject","inLanguage":"en-US","@id":"https:\/\/cappiello.fr\/en\/produit\/cafe-23\/#primaryimage","url":"https:\/\/cappiello.fr\/wp-content\/uploads\/2024\/10\/Photo-desquisse-affiche-publicitaire-cafe-de-la-paix-cappiello-1904.jpg","contentUrl":"https:\/\/cappiello.fr\/wp-content\/uploads\/2024\/10\/Photo-desquisse-affiche-publicitaire-cafe-de-la-paix-cappiello-1904.jpg","width":800,"height":657,"caption":"Ce dessin pr\u00e9sente le Caf\u00e9 de la Paix en face de l'op\u00e9ra de Paris. Il rappelle l'affiche pour les Nouilles - Macaronis Ferrari."},{"@type":"BreadcrumbList","@id":"https:\/\/cappiello.fr\/en\/produit\/cafe-23\/#breadcrumb","itemListElement":[{"@type":"ListItem","position":1,"name":"Accueil","item":"https:\/\/cappiello.fr\/en\/"},{"@type":"ListItem","position":2,"name":"The works","item":"https:\/\/cappiello.fr\/en\/the-works\/"},{"@type":"ListItem","position":3,"name":"Caf\u00e9 de la Paix"}]},{"@type":"WebSite","@id":"https:\/\/cappiello.fr\/en\/#website","url":"https:\/\/cappiello.fr\/en\/","name":"Catalogue raisonn\u00e9 de Leonetto Cappiello","description":"Plongez dans l&#039;univers de Leonetto Cappiello, le p\u00e8re de la publicit\u00e9 moderne","potentialAction":[{"@type":"SearchAction","target":{"@type":"EntryPoint","urlTemplate":"https:\/\/cappiello.fr\/en\/?s={search_term_string}"},"query-input":{"@type":"PropertyValueSpecification","valueRequired":true,"valueName":"search_term_string"}}],"inLanguage":"en-US"}]},"product_price_currency":"EUR","og_availability":"instock","product_availability":"instock","product_retailer_item_id":"1904206B0","product_condition":"new"},"_links":{"self":[{"href":"https:\/\/cappiello.fr\/en\/wp-json\/wp\/v2\/product\/133537","targetHints":{"allow":["GET"]}}],"collection":[{"href":"https:\/\/cappiello.fr\/en\/wp-json\/wp\/v2\/product"}],"about":[{"href":"https:\/\/cappiello.fr\/en\/wp-json\/wp\/v2\/types\/product"}],"wp:featuredmedia":[{"embeddable":true,"href":"https:\/\/cappiello.fr\/en\/wp-json\/wp\/v2\/media\/133732"}],"wp:attachment":[{"href":"https:\/\/cappiello.fr\/en\/wp-json\/wp\/v2\/media?parent=133537"}],"wp:term":[{"taxonomy":"type-doeuvre","embeddable":true,"href":"https:\/\/cappiello.fr\/en\/wp-json\/wp\/v2\/type-doeuvre?post=133537"},{"taxonomy":"product_brand","embeddable":true,"href":"https:\/\/cappiello.fr\/en\/wp-json\/wp\/v2\/product_brand?post=133537"},{"taxonomy":"product_cat","embeddable":true,"href":"https:\/\/cappiello.fr\/en\/wp-json\/wp\/v2\/product_cat?post=133537"},{"taxonomy":"product_tag","embeddable":true,"href":"https:\/\/cappiello.fr\/en\/wp-json\/wp\/v2\/product_tag?post=133537"}],"curies":[{"name":"wp","href":"https:\/\/api.w.org\/{rel}","templated":true}]}}