{"id":135293,"date":"1916-01-01T00:00:00","date_gmt":"1916-01-01T00:00:00","guid":{"rendered":"https:\/\/cappiello.fr\/produit\/champagne-delbeck-2\/"},"modified":"2025-05-18T17:47:02","modified_gmt":"2025-05-18T15:47:02","slug":"champagne-delbeck-2","status":"publish","type":"product","link":"https:\/\/cappiello.fr\/en\/produit\/champagne-delbeck-2\/","title":{"rendered":"Champagne Delbeck"},"content":{"rendered":"<p>Two ushers stand on either side of a door ready to introduce a new guest at a high-society reception. Champagne is served generously. On the right, in the crowd, a Pierrot is helping with the service.<br \/>This scene, which looks more like a painting than a poster, is not usual for Cappiello.<\/p>\n","protected":false},"excerpt":{"rendered":"<p>Champagne<\/p>\n","protected":false},"featured_media":135462,"template":"","meta":{"_acf_changed":false},"type-doeuvre":[4057],"product_brand":[],"product_cat":[3368],"product_tag":[3805,3380,3601,3568,3311],"class_list":{"0":"post-135293","1":"product","2":"type-product","3":"status-publish","4":"has-post-thumbnail","6":"type-doeuvre-affiches","7":"product_cat-sparkling-wines","8":"product_tag-journal-en-2","9":"product_tag-child-en-2","10":"product_tag-society-man","11":"product_tag-cup-en-12","12":"product_tag-society-woman","13":"pa_periode-1900-1918-en","14":"pa_type-de-contenu-lithography","16":"first","17":"instock","18":"virtual","19":"product-type-simple"},"acf":[],"yoast_head":"<!-- This site is optimized with the Yoast SEO Premium plugin v27.0 (Yoast SEO v27.4) - https:\/\/yoast.com\/product\/yoast-seo-premium-wordpress\/ -->\n<title>Champagne Delbeck - Catalogue Raisonn\u00e9 de Leonetto Cappiello<\/title>\n<meta name=\"description\" content=\"Two ushers stand on either side of a door ready to introduce a new guest at a high-society reception. Champagne is being served generously. On the right, in the crowd, a Pierrot is helping with the service. This scene is not typical for Cappiello. One can imagine that the demands of the Champagne brand were significant.\" \/>\n<meta name=\"robots\" content=\"index, follow, max-snippet:-1, max-image-preview:large, max-video-preview:-1\" \/>\n<link rel=\"canonical\" href=\"https:\/\/cappiello.fr\/en\/produit\/champagne-delbeck-2\/\" \/>\n<meta property=\"og:locale\" content=\"en_US\" \/>\n<meta property=\"og:type\" content=\"article\" \/>\n<meta property=\"og:title\" content=\"Champagne Delbeck\" \/>\n<meta property=\"og:description\" content=\"Two ushers stand on either side of a door ready to introduce a new guest at a high-society reception. Champagne is being served generously. On the right, in the crowd, a Pierrot is helping with the service. This scene is not typical for Cappiello. One can imagine that the demands of the Champagne brand were significant.\" \/>\n<meta property=\"og:url\" content=\"https:\/\/cappiello.fr\/en\/produit\/champagne-delbeck-2\/\" \/>\n<meta property=\"og:site_name\" content=\"Catalogue raisonn\u00e9 de Leonetto Cappiello\" \/>\n<meta property=\"article:modified_time\" content=\"2025-05-18T15:47:02+00:00\" \/>\n<meta property=\"og:image\" content=\"https:\/\/cappiello.fr\/wp-content\/uploads\/1916\/01\/1911-champagne-delbeck-reception-affiche-ancienne-cappiello.jpg\" \/>\n\t<meta property=\"og:image:width\" content=\"529\" \/>\n\t<meta property=\"og:image:height\" content=\"800\" \/>\n\t<meta property=\"og:image:type\" content=\"image\/jpeg\" \/>\n<meta name=\"twitter:card\" content=\"summary_large_image\" \/>\n<meta name=\"twitter:title\" content=\"Champagne Delbeck\" \/>\n<meta name=\"twitter:description\" content=\"Two ushers stand on either side of a door ready to introduce a new guest at a high-society reception. Champagne is being served generously. On the right, in the crowd, a Pierrot is helping with the service. This scene is not typical for Cappiello. One can imagine that the demands of the Champagne brand were significant.\" \/>\n<meta name=\"twitter:label1\" content=\"Price\" \/>\n\t<meta name=\"twitter:data1\" content=\"\" \/>\n\t<meta name=\"twitter:label2\" content=\"Availability\" \/>\n\t<meta name=\"twitter:data2\" content=\"In stock\" \/>\n<script type=\"application\/ld+json\" class=\"yoast-schema-graph\">{\"@context\":\"https:\\\/\\\/schema.org\",\"@graph\":[{\"@type\":[\"WebPage\",\"ItemPage\"],\"@id\":\"https:\\\/\\\/cappiello.fr\\\/en\\\/produit\\\/champagne-delbeck-2\\\/\",\"url\":\"https:\\\/\\\/cappiello.fr\\\/en\\\/produit\\\/champagne-delbeck-2\\\/\",\"name\":\"Champagne Delbeck - Catalogue Raisonn\u00e9 de Leonetto Cappiello\",\"isPartOf\":{\"@id\":\"https:\\\/\\\/cappiello.fr\\\/en\\\/#website\"},\"primaryImageOfPage\":{\"@id\":\"https:\\\/\\\/cappiello.fr\\\/en\\\/produit\\\/champagne-delbeck-2\\\/#primaryimage\"},\"image\":{\"@id\":\"https:\\\/\\\/cappiello.fr\\\/en\\\/produit\\\/champagne-delbeck-2\\\/#primaryimage\"},\"thumbnailUrl\":\"https:\\\/\\\/cappiello.fr\\\/wp-content\\\/uploads\\\/1916\\\/01\\\/1911-champagne-delbeck-reception-affiche-ancienne-cappiello.jpg\",\"datePublished\":\"1916-01-01T00:00:00+00:00\",\"dateModified\":\"2025-05-18T15:47:02+00:00\",\"description\":\"Two ushers stand on either side of a door ready to introduce a new guest at a high-society reception. Champagne is being served generously. On the right, in the crowd, a Pierrot is helping with the service. This scene is not typical for Cappiello. One can imagine that the demands of the Champagne brand were significant.\",\"breadcrumb\":{\"@id\":\"https:\\\/\\\/cappiello.fr\\\/en\\\/produit\\\/champagne-delbeck-2\\\/#breadcrumb\"},\"inLanguage\":\"en-US\",\"potentialAction\":[{\"@type\":\"ReadAction\",\"target\":[\"https:\\\/\\\/cappiello.fr\\\/en\\\/produit\\\/champagne-delbeck-2\\\/\"]}]},{\"@type\":\"ImageObject\",\"inLanguage\":\"en-US\",\"@id\":\"https:\\\/\\\/cappiello.fr\\\/en\\\/produit\\\/champagne-delbeck-2\\\/#primaryimage\",\"url\":\"https:\\\/\\\/cappiello.fr\\\/wp-content\\\/uploads\\\/1916\\\/01\\\/1911-champagne-delbeck-reception-affiche-ancienne-cappiello.jpg\",\"contentUrl\":\"https:\\\/\\\/cappiello.fr\\\/wp-content\\\/uploads\\\/1916\\\/01\\\/1911-champagne-delbeck-reception-affiche-ancienne-cappiello.jpg\",\"width\":529,\"height\":800,\"caption\":\"Champagne Delbeck (R\u00e9ception)\"},{\"@type\":\"BreadcrumbList\",\"@id\":\"https:\\\/\\\/cappiello.fr\\\/en\\\/produit\\\/champagne-delbeck-2\\\/#breadcrumb\",\"itemListElement\":[{\"@type\":\"ListItem\",\"position\":1,\"name\":\"Accueil\",\"item\":\"https:\\\/\\\/cappiello.fr\\\/en\\\/\"},{\"@type\":\"ListItem\",\"position\":2,\"name\":\"The works\",\"item\":\"https:\\\/\\\/cappiello.fr\\\/en\\\/the-works\\\/\"},{\"@type\":\"ListItem\",\"position\":3,\"name\":\"Champagne Delbeck\"}]},{\"@type\":\"WebSite\",\"@id\":\"https:\\\/\\\/cappiello.fr\\\/en\\\/#website\",\"url\":\"https:\\\/\\\/cappiello.fr\\\/en\\\/\",\"name\":\"Catalogue raisonn\u00e9 de Leonetto Cappiello\",\"description\":\"Plongez dans l&#039;univers de Leonetto Cappiello, le p\u00e8re de la publicit\u00e9 moderne\",\"potentialAction\":[{\"@type\":\"SearchAction\",\"target\":{\"@type\":\"EntryPoint\",\"urlTemplate\":\"https:\\\/\\\/cappiello.fr\\\/en\\\/?s={search_term_string}\"},\"query-input\":{\"@type\":\"PropertyValueSpecification\",\"valueRequired\":true,\"valueName\":\"search_term_string\"}}],\"inLanguage\":\"en-US\"}]}<\/script>\n<meta property=\"product:price:currency\" content=\"EUR\" \/>\n<meta property=\"og:availability\" content=\"instock\" \/>\n<meta property=\"product:availability\" content=\"instock\" \/>\n<meta property=\"product:retailer_item_id\" content=\"1911026Z0\" \/>\n<meta property=\"product:condition\" content=\"new\" \/>\n<!-- \/ Yoast SEO Premium plugin. -->","yoast_head_json":{"title":"Champagne Delbeck - Catalogue Raisonn\u00e9 de Leonetto Cappiello","description":"Two ushers stand on either side of a door ready to introduce a new guest at a high-society reception. Champagne is being served generously. On the right, in the crowd, a Pierrot is helping with the service. This scene is not typical for Cappiello. One can imagine that the demands of the Champagne brand were significant.","robots":{"index":"index","follow":"follow","max-snippet":"max-snippet:-1","max-image-preview":"max-image-preview:large","max-video-preview":"max-video-preview:-1"},"canonical":"https:\/\/cappiello.fr\/en\/produit\/champagne-delbeck-2\/","og_locale":"en_US","og_type":"article","og_title":"Champagne Delbeck","og_description":"Two ushers stand on either side of a door ready to introduce a new guest at a high-society reception. Champagne is being served generously. On the right, in the crowd, a Pierrot is helping with the service. This scene is not typical for Cappiello. One can imagine that the demands of the Champagne brand were significant.","og_url":"https:\/\/cappiello.fr\/en\/produit\/champagne-delbeck-2\/","og_site_name":"Catalogue raisonn\u00e9 de Leonetto Cappiello","article_modified_time":"2025-05-18T15:47:02+00:00","og_image":[{"width":529,"height":800,"url":"https:\/\/cappiello.fr\/wp-content\/uploads\/1916\/01\/1911-champagne-delbeck-reception-affiche-ancienne-cappiello.jpg","type":"image\/jpeg"}],"twitter_card":"summary_large_image","twitter_title":"Champagne Delbeck","twitter_description":"Two ushers stand on either side of a door ready to introduce a new guest at a high-society reception. Champagne is being served generously. On the right, in the crowd, a Pierrot is helping with the service. This scene is not typical for Cappiello. One can imagine that the demands of the Champagne brand were significant.","twitter_misc":{"Price":"","Availability":"In stock"},"schema":{"@context":"https:\/\/schema.org","@graph":[{"@type":["WebPage","ItemPage"],"@id":"https:\/\/cappiello.fr\/en\/produit\/champagne-delbeck-2\/","url":"https:\/\/cappiello.fr\/en\/produit\/champagne-delbeck-2\/","name":"Champagne Delbeck - Catalogue Raisonn\u00e9 de Leonetto Cappiello","isPartOf":{"@id":"https:\/\/cappiello.fr\/en\/#website"},"primaryImageOfPage":{"@id":"https:\/\/cappiello.fr\/en\/produit\/champagne-delbeck-2\/#primaryimage"},"image":{"@id":"https:\/\/cappiello.fr\/en\/produit\/champagne-delbeck-2\/#primaryimage"},"thumbnailUrl":"https:\/\/cappiello.fr\/wp-content\/uploads\/1916\/01\/1911-champagne-delbeck-reception-affiche-ancienne-cappiello.jpg","datePublished":"1916-01-01T00:00:00+00:00","dateModified":"2025-05-18T15:47:02+00:00","description":"Two ushers stand on either side of a door ready to introduce a new guest at a high-society reception. Champagne is being served generously. On the right, in the crowd, a Pierrot is helping with the service. This scene is not typical for Cappiello. One can imagine that the demands of the Champagne brand were significant.","breadcrumb":{"@id":"https:\/\/cappiello.fr\/en\/produit\/champagne-delbeck-2\/#breadcrumb"},"inLanguage":"en-US","potentialAction":[{"@type":"ReadAction","target":["https:\/\/cappiello.fr\/en\/produit\/champagne-delbeck-2\/"]}]},{"@type":"ImageObject","inLanguage":"en-US","@id":"https:\/\/cappiello.fr\/en\/produit\/champagne-delbeck-2\/#primaryimage","url":"https:\/\/cappiello.fr\/wp-content\/uploads\/1916\/01\/1911-champagne-delbeck-reception-affiche-ancienne-cappiello.jpg","contentUrl":"https:\/\/cappiello.fr\/wp-content\/uploads\/1916\/01\/1911-champagne-delbeck-reception-affiche-ancienne-cappiello.jpg","width":529,"height":800,"caption":"Champagne Delbeck (R\u00e9ception)"},{"@type":"BreadcrumbList","@id":"https:\/\/cappiello.fr\/en\/produit\/champagne-delbeck-2\/#breadcrumb","itemListElement":[{"@type":"ListItem","position":1,"name":"Accueil","item":"https:\/\/cappiello.fr\/en\/"},{"@type":"ListItem","position":2,"name":"The works","item":"https:\/\/cappiello.fr\/en\/the-works\/"},{"@type":"ListItem","position":3,"name":"Champagne Delbeck"}]},{"@type":"WebSite","@id":"https:\/\/cappiello.fr\/en\/#website","url":"https:\/\/cappiello.fr\/en\/","name":"Catalogue raisonn\u00e9 de Leonetto Cappiello","description":"Plongez dans l&#039;univers de Leonetto Cappiello, le p\u00e8re de la publicit\u00e9 moderne","potentialAction":[{"@type":"SearchAction","target":{"@type":"EntryPoint","urlTemplate":"https:\/\/cappiello.fr\/en\/?s={search_term_string}"},"query-input":{"@type":"PropertyValueSpecification","valueRequired":true,"valueName":"search_term_string"}}],"inLanguage":"en-US"}]},"product_price_currency":"EUR","og_availability":"instock","product_availability":"instock","product_retailer_item_id":"1911026Z0","product_condition":"new"},"_links":{"self":[{"href":"https:\/\/cappiello.fr\/en\/wp-json\/wp\/v2\/product\/135293","targetHints":{"allow":["GET"]}}],"collection":[{"href":"https:\/\/cappiello.fr\/en\/wp-json\/wp\/v2\/product"}],"about":[{"href":"https:\/\/cappiello.fr\/en\/wp-json\/wp\/v2\/types\/product"}],"wp:featuredmedia":[{"embeddable":true,"href":"https:\/\/cappiello.fr\/en\/wp-json\/wp\/v2\/media\/135462"}],"wp:attachment":[{"href":"https:\/\/cappiello.fr\/en\/wp-json\/wp\/v2\/media?parent=135293"}],"wp:term":[{"taxonomy":"type-doeuvre","embeddable":true,"href":"https:\/\/cappiello.fr\/en\/wp-json\/wp\/v2\/type-doeuvre?post=135293"},{"taxonomy":"product_brand","embeddable":true,"href":"https:\/\/cappiello.fr\/en\/wp-json\/wp\/v2\/product_brand?post=135293"},{"taxonomy":"product_cat","embeddable":true,"href":"https:\/\/cappiello.fr\/en\/wp-json\/wp\/v2\/product_cat?post=135293"},{"taxonomy":"product_tag","embeddable":true,"href":"https:\/\/cappiello.fr\/en\/wp-json\/wp\/v2\/product_tag?post=135293"}],"curies":[{"name":"wp","href":"https:\/\/api.w.org\/{rel}","templated":true}]}}