{"id":135403,"date":"1926-01-01T00:00:00","date_gmt":"1926-01-01T00:00:00","guid":{"rendered":"https:\/\/cappiello.fr\/produit\/fer-a-repasser\/"},"modified":"2025-05-14T23:24:01","modified_gmt":"2025-05-14T21:24:01","slug":"fer-a-repasser","status":"publish","type":"product","link":"https:\/\/cappiello.fr\/en\/produit\/fer-a-repasser\/","title":{"rendered":"Fer \u00e0 repasser"},"content":{"rendered":"<p>Two silhouettes, one white, the other black, face each other and collide. Electric lightning bolts emerge from their heads.<br \/>\nAn iron is framed by their legs. Its electric cord entwines the silhouettes.<br \/>\nIt feels as if the iron is thinking for us and working all on its own.<\/p>\n","protected":false},"excerpt":{"rendered":"<p>Iron<\/p>\n","protected":false},"featured_media":134025,"template":"","meta":{"_acf_changed":false},"type-doeuvre":[4057],"product_brand":[],"product_cat":[3399],"product_tag":[3968,3335,3401],"class_list":{"0":"post-135403","1":"product","2":"type-product","3":"status-publish","4":"has-post-thumbnail","6":"type-doeuvre-affiches","7":"product_cat-electrical-equipment","8":"product_tag-fan","9":"product_tag-secretary","10":"product_tag-sun-en-14","11":"pa_periode-1919-1929-en","12":"pa_type-de-contenu-esquisse-en","14":"first","15":"instock","16":"virtual","17":"product-type-simple"},"acf":[],"yoast_head":"<!-- This site is optimized with the Yoast SEO Premium plugin v27.0 (Yoast SEO v27.4) - https:\/\/yoast.com\/product\/yoast-seo-premium-wordpress\/ -->\n<title>Fer \u00e0 repasser - Catalogue Raisonn\u00e9 de Leonetto Cappiello<\/title>\n<meta name=\"description\" content=\"Two silhouettes, one white, the other black, face each other and clash. Electric lightning bolts emerge from their heads. An iron is framed by their legs. Its electric cord entwines the silhouettes. It feels as though the iron is thinking for us and working all by itself.\" \/>\n<meta name=\"robots\" content=\"index, follow, max-snippet:-1, max-image-preview:large, max-video-preview:-1\" \/>\n<link rel=\"canonical\" href=\"https:\/\/cappiello.fr\/en\/produit\/fer-a-repasser\/\" \/>\n<meta property=\"og:locale\" content=\"en_US\" \/>\n<meta property=\"og:type\" content=\"article\" \/>\n<meta property=\"og:title\" content=\"Fer \u00e0 repasser\" \/>\n<meta property=\"og:description\" content=\"Two silhouettes, one white, the other black, face each other and clash. Electric lightning bolts emerge from their heads. An iron is framed by their legs. Its electric cord entwines the silhouettes. It feels as though the iron is thinking for us and working all by itself.\" \/>\n<meta property=\"og:url\" content=\"https:\/\/cappiello.fr\/en\/produit\/fer-a-repasser\/\" \/>\n<meta property=\"og:site_name\" content=\"Catalogue raisonn\u00e9 de Leonetto Cappiello\" \/>\n<meta property=\"article:modified_time\" content=\"2025-05-14T21:24:01+00:00\" \/>\n<meta property=\"og:image\" content=\"https:\/\/cappiello.fr\/wp-content\/uploads\/2024\/10\/Esquisse-affiche-publicitaire-fer-a-repasser-cappiello-1926.jpg\" \/>\n\t<meta property=\"og:image:width\" content=\"577\" \/>\n\t<meta property=\"og:image:height\" content=\"800\" \/>\n\t<meta property=\"og:image:type\" content=\"image\/jpeg\" \/>\n<meta name=\"twitter:card\" content=\"summary_large_image\" \/>\n<meta name=\"twitter:title\" content=\"Fer \u00e0 repasser\" \/>\n<meta name=\"twitter:description\" content=\"Two silhouettes, one white, the other black, face each other and clash. Electric lightning bolts emerge from their heads. An iron is framed by their legs. Its electric cord entwines the silhouettes. It feels as though the iron is thinking for us and working all by itself.\" \/>\n<meta name=\"twitter:label1\" content=\"Price\" \/>\n\t<meta name=\"twitter:data1\" content=\"\" \/>\n\t<meta name=\"twitter:label2\" content=\"Availability\" \/>\n\t<meta name=\"twitter:data2\" content=\"In stock\" \/>\n<script type=\"application\/ld+json\" class=\"yoast-schema-graph\">{\"@context\":\"https:\\\/\\\/schema.org\",\"@graph\":[{\"@type\":[\"WebPage\",\"ItemPage\"],\"@id\":\"https:\\\/\\\/cappiello.fr\\\/en\\\/produit\\\/fer-a-repasser\\\/\",\"url\":\"https:\\\/\\\/cappiello.fr\\\/en\\\/produit\\\/fer-a-repasser\\\/\",\"name\":\"Fer \u00e0 repasser - Catalogue Raisonn\u00e9 de Leonetto Cappiello\",\"isPartOf\":{\"@id\":\"https:\\\/\\\/cappiello.fr\\\/en\\\/#website\"},\"primaryImageOfPage\":{\"@id\":\"https:\\\/\\\/cappiello.fr\\\/en\\\/produit\\\/fer-a-repasser\\\/#primaryimage\"},\"image\":{\"@id\":\"https:\\\/\\\/cappiello.fr\\\/en\\\/produit\\\/fer-a-repasser\\\/#primaryimage\"},\"thumbnailUrl\":\"https:\\\/\\\/cappiello.fr\\\/wp-content\\\/uploads\\\/2024\\\/10\\\/Esquisse-affiche-publicitaire-fer-a-repasser-cappiello-1926.jpg\",\"datePublished\":\"1926-01-01T00:00:00+00:00\",\"dateModified\":\"2025-05-14T21:24:01+00:00\",\"description\":\"Two silhouettes, one white, the other black, face each other and clash. Electric lightning bolts emerge from their heads. An iron is framed by their legs. Its electric cord entwines the silhouettes. It feels as though the iron is thinking for us and working all by itself.\",\"breadcrumb\":{\"@id\":\"https:\\\/\\\/cappiello.fr\\\/en\\\/produit\\\/fer-a-repasser\\\/#breadcrumb\"},\"inLanguage\":\"en-US\",\"potentialAction\":[{\"@type\":\"ReadAction\",\"target\":[\"https:\\\/\\\/cappiello.fr\\\/en\\\/produit\\\/fer-a-repasser\\\/\"]}]},{\"@type\":\"ImageObject\",\"inLanguage\":\"en-US\",\"@id\":\"https:\\\/\\\/cappiello.fr\\\/en\\\/produit\\\/fer-a-repasser\\\/#primaryimage\",\"url\":\"https:\\\/\\\/cappiello.fr\\\/wp-content\\\/uploads\\\/2024\\\/10\\\/Esquisse-affiche-publicitaire-fer-a-repasser-cappiello-1926.jpg\",\"contentUrl\":\"https:\\\/\\\/cappiello.fr\\\/wp-content\\\/uploads\\\/2024\\\/10\\\/Esquisse-affiche-publicitaire-fer-a-repasser-cappiello-1926.jpg\",\"width\":577,\"height\":800,\"caption\":\"Fer \u00e0 repasser\"},{\"@type\":\"BreadcrumbList\",\"@id\":\"https:\\\/\\\/cappiello.fr\\\/en\\\/produit\\\/fer-a-repasser\\\/#breadcrumb\",\"itemListElement\":[{\"@type\":\"ListItem\",\"position\":1,\"name\":\"Accueil\",\"item\":\"https:\\\/\\\/cappiello.fr\\\/en\\\/\"},{\"@type\":\"ListItem\",\"position\":2,\"name\":\"The works\",\"item\":\"https:\\\/\\\/cappiello.fr\\\/en\\\/the-works\\\/\"},{\"@type\":\"ListItem\",\"position\":3,\"name\":\"Fer \u00e0 repasser\"}]},{\"@type\":\"WebSite\",\"@id\":\"https:\\\/\\\/cappiello.fr\\\/en\\\/#website\",\"url\":\"https:\\\/\\\/cappiello.fr\\\/en\\\/\",\"name\":\"Catalogue raisonn\u00e9 de Leonetto Cappiello\",\"description\":\"Plongez dans l&#039;univers de Leonetto Cappiello, le p\u00e8re de la publicit\u00e9 moderne\",\"potentialAction\":[{\"@type\":\"SearchAction\",\"target\":{\"@type\":\"EntryPoint\",\"urlTemplate\":\"https:\\\/\\\/cappiello.fr\\\/en\\\/?s={search_term_string}\"},\"query-input\":{\"@type\":\"PropertyValueSpecification\",\"valueRequired\":true,\"valueName\":\"search_term_string\"}}],\"inLanguage\":\"en-US\"}]}<\/script>\n<meta property=\"product:price:currency\" content=\"EUR\" \/>\n<meta property=\"og:availability\" content=\"instock\" \/>\n<meta property=\"product:availability\" content=\"instock\" \/>\n<meta property=\"product:retailer_item_id\" content=\"1926047E0\" \/>\n<meta property=\"product:condition\" content=\"new\" \/>\n<!-- \/ Yoast SEO Premium plugin. -->","yoast_head_json":{"title":"Fer \u00e0 repasser - Catalogue Raisonn\u00e9 de Leonetto Cappiello","description":"Two silhouettes, one white, the other black, face each other and clash. Electric lightning bolts emerge from their heads. An iron is framed by their legs. Its electric cord entwines the silhouettes. It feels as though the iron is thinking for us and working all by itself.","robots":{"index":"index","follow":"follow","max-snippet":"max-snippet:-1","max-image-preview":"max-image-preview:large","max-video-preview":"max-video-preview:-1"},"canonical":"https:\/\/cappiello.fr\/en\/produit\/fer-a-repasser\/","og_locale":"en_US","og_type":"article","og_title":"Fer \u00e0 repasser","og_description":"Two silhouettes, one white, the other black, face each other and clash. Electric lightning bolts emerge from their heads. An iron is framed by their legs. Its electric cord entwines the silhouettes. It feels as though the iron is thinking for us and working all by itself.","og_url":"https:\/\/cappiello.fr\/en\/produit\/fer-a-repasser\/","og_site_name":"Catalogue raisonn\u00e9 de Leonetto Cappiello","article_modified_time":"2025-05-14T21:24:01+00:00","og_image":[{"width":577,"height":800,"url":"https:\/\/cappiello.fr\/wp-content\/uploads\/2024\/10\/Esquisse-affiche-publicitaire-fer-a-repasser-cappiello-1926.jpg","type":"image\/jpeg"}],"twitter_card":"summary_large_image","twitter_title":"Fer \u00e0 repasser","twitter_description":"Two silhouettes, one white, the other black, face each other and clash. Electric lightning bolts emerge from their heads. An iron is framed by their legs. Its electric cord entwines the silhouettes. It feels as though the iron is thinking for us and working all by itself.","twitter_misc":{"Price":"","Availability":"In stock"},"schema":{"@context":"https:\/\/schema.org","@graph":[{"@type":["WebPage","ItemPage"],"@id":"https:\/\/cappiello.fr\/en\/produit\/fer-a-repasser\/","url":"https:\/\/cappiello.fr\/en\/produit\/fer-a-repasser\/","name":"Fer \u00e0 repasser - Catalogue Raisonn\u00e9 de Leonetto Cappiello","isPartOf":{"@id":"https:\/\/cappiello.fr\/en\/#website"},"primaryImageOfPage":{"@id":"https:\/\/cappiello.fr\/en\/produit\/fer-a-repasser\/#primaryimage"},"image":{"@id":"https:\/\/cappiello.fr\/en\/produit\/fer-a-repasser\/#primaryimage"},"thumbnailUrl":"https:\/\/cappiello.fr\/wp-content\/uploads\/2024\/10\/Esquisse-affiche-publicitaire-fer-a-repasser-cappiello-1926.jpg","datePublished":"1926-01-01T00:00:00+00:00","dateModified":"2025-05-14T21:24:01+00:00","description":"Two silhouettes, one white, the other black, face each other and clash. Electric lightning bolts emerge from their heads. An iron is framed by their legs. Its electric cord entwines the silhouettes. It feels as though the iron is thinking for us and working all by itself.","breadcrumb":{"@id":"https:\/\/cappiello.fr\/en\/produit\/fer-a-repasser\/#breadcrumb"},"inLanguage":"en-US","potentialAction":[{"@type":"ReadAction","target":["https:\/\/cappiello.fr\/en\/produit\/fer-a-repasser\/"]}]},{"@type":"ImageObject","inLanguage":"en-US","@id":"https:\/\/cappiello.fr\/en\/produit\/fer-a-repasser\/#primaryimage","url":"https:\/\/cappiello.fr\/wp-content\/uploads\/2024\/10\/Esquisse-affiche-publicitaire-fer-a-repasser-cappiello-1926.jpg","contentUrl":"https:\/\/cappiello.fr\/wp-content\/uploads\/2024\/10\/Esquisse-affiche-publicitaire-fer-a-repasser-cappiello-1926.jpg","width":577,"height":800,"caption":"Fer \u00e0 repasser"},{"@type":"BreadcrumbList","@id":"https:\/\/cappiello.fr\/en\/produit\/fer-a-repasser\/#breadcrumb","itemListElement":[{"@type":"ListItem","position":1,"name":"Accueil","item":"https:\/\/cappiello.fr\/en\/"},{"@type":"ListItem","position":2,"name":"The works","item":"https:\/\/cappiello.fr\/en\/the-works\/"},{"@type":"ListItem","position":3,"name":"Fer \u00e0 repasser"}]},{"@type":"WebSite","@id":"https:\/\/cappiello.fr\/en\/#website","url":"https:\/\/cappiello.fr\/en\/","name":"Catalogue raisonn\u00e9 de Leonetto Cappiello","description":"Plongez dans l&#039;univers de Leonetto Cappiello, le p\u00e8re de la publicit\u00e9 moderne","potentialAction":[{"@type":"SearchAction","target":{"@type":"EntryPoint","urlTemplate":"https:\/\/cappiello.fr\/en\/?s={search_term_string}"},"query-input":{"@type":"PropertyValueSpecification","valueRequired":true,"valueName":"search_term_string"}}],"inLanguage":"en-US"}]},"product_price_currency":"EUR","og_availability":"instock","product_availability":"instock","product_retailer_item_id":"1926047E0","product_condition":"new"},"_links":{"self":[{"href":"https:\/\/cappiello.fr\/en\/wp-json\/wp\/v2\/product\/135403","targetHints":{"allow":["GET"]}}],"collection":[{"href":"https:\/\/cappiello.fr\/en\/wp-json\/wp\/v2\/product"}],"about":[{"href":"https:\/\/cappiello.fr\/en\/wp-json\/wp\/v2\/types\/product"}],"wp:featuredmedia":[{"embeddable":true,"href":"https:\/\/cappiello.fr\/en\/wp-json\/wp\/v2\/media\/134025"}],"wp:attachment":[{"href":"https:\/\/cappiello.fr\/en\/wp-json\/wp\/v2\/media?parent=135403"}],"wp:term":[{"taxonomy":"type-doeuvre","embeddable":true,"href":"https:\/\/cappiello.fr\/en\/wp-json\/wp\/v2\/type-doeuvre?post=135403"},{"taxonomy":"product_brand","embeddable":true,"href":"https:\/\/cappiello.fr\/en\/wp-json\/wp\/v2\/product_brand?post=135403"},{"taxonomy":"product_cat","embeddable":true,"href":"https:\/\/cappiello.fr\/en\/wp-json\/wp\/v2\/product_cat?post=135403"},{"taxonomy":"product_tag","embeddable":true,"href":"https:\/\/cappiello.fr\/en\/wp-json\/wp\/v2\/product_tag?post=135403"}],"curies":[{"name":"wp","href":"https:\/\/api.w.org\/{rel}","templated":true}]}}