{"id":136161,"date":"1898-07-23T16:57:44","date_gmt":"1898-07-23T16:48:23","guid":{"rendered":"https:\/\/cappiello.fr\/?post_type=product&#038;p=136161"},"modified":"2026-04-10T10:54:14","modified_gmt":"2026-04-10T08:54:14","slug":"madame-rejane","status":"publish","type":"product","link":"https:\/\/cappiello.fr\/en\/produit\/madame-rejane\/","title":{"rendered":"Madame R\u00e9jane"},"content":{"rendered":"<p><em>Zaza<\/em> est une com\u00e9die en cinq actes de Pierre Berton et Charles Simon. Elle a \u00e9t\u00e9 cr\u00e9\u00e9e au Vaudeville le 12 mai 1898.<Br><br \/>\nR\u00e9jane dans le r\u00f4le de Zaza a une tenue con\u00e7ue par Poiret, \u00e9l\u00e8ve de Doucet \u00e0 l&#8217;\u00e9poque. Son succ\u00e8s contribua au \u00ab lancement \u00bb de Poiret.<br \/>\n<Br><br \/>\n\u00c0 part Sarah Bernhardt, aucune actrice n&#8217;a jamais joui d&#8217;un prestige \u00e9gal \u00e0 celui de R\u00e9jane qui incarne le type<br \/>\nm\u00eame de la com\u00e9dienne. <Br><br \/>\n\u00c9pouse de Porel, directeur de l&#8217;Od\u00e9on, puis du Vaudeville, elle va de triomphe en triomphe \u00abavec esprit et intelligence\u00bb (<em>Antoine, p\u00e8re et fils<\/em>, Julliard, p. 106-108). Selon Gilles Qu\u00e9ant, dans l&#8217;<em>Encyclop\u00e9die du th\u00e9\u00e2tre contemporain<\/em>, R\u00e9jane est l&#8217;actrice \u00ab la plus pleinement authentique \u00bb. Elle jouait beaucoup avec Lucien Guitry, le premier com\u00e9dien de son temps, selon Jacques Porel (p. 186). Simone \u00e9crira : \u00abSon spirituel visage en d\u00e9sordre captivait l&#8217;attention comme un roman d&#8217;aventures.\u00bb Michelle Maurois \u00e9voquera le cadeau du roi Carlos du Portugal : une voiture tir\u00e9e par deux mules, \u00e9quipage qui lui interdit l&#8217;incognito sur les boulevards (<em>Les Cendres br\u00fblantes<\/em>, p. 483).<Br><br \/>\nCe portrait para\u00eetra dans <em>Les Plaisirs de Paris<\/em>, guide du \u00abrire\u00bb dans Paris, et \u00e0 l&#8217;exposition de 1900, p. 15, \u00e9dit\u00e9 par F\u00e9lix Juven, sous la rubrique: Le Th\u00e9\u00e2tre du Vaudeville (2, boulevard des Capucines).<\/p>\n","protected":false},"excerpt":{"rendered":"<p>R03 : Madame R\u00e9jane &#8211; Les Contemporaines n\u00b01 &#8211; Para\u00eet dans <em>Le Rire<\/em> n\u00b0194, page de couverture<Br><br \/>\nR03a : Dessin original<Br><br \/>\nR03b : Dessin d\u00e9finitif<Br><br \/>\nRF37498 : Vignette pr\u00e9paratoire<\/p>\n","protected":false},"featured_media":136163,"template":"","meta":{"_acf_changed":false},"type-doeuvre":[4056],"product_brand":[],"product_cat":[4067],"product_tag":[3250,4049,3525],"class_list":{"0":"post-136161","1":"product","2":"type-product","3":"status-publish","4":"has-post-thumbnail","6":"type-doeuvre-caricatures","7":"product_cat-actrice","8":"product_tag-hat","9":"product_tag-de-profil-gauche","10":"product_tag-rug","11":"pa_type-de-contenu-caricature-de-divertissement","13":"first","14":"instock","15":"shipping-taxable","16":"product-type-simple"},"acf":[],"yoast_head":"<!-- This site is optimized with the Yoast SEO Premium plugin v27.0 (Yoast SEO v27.4) - https:\/\/yoast.com\/product\/yoast-seo-premium-wordpress\/ -->\n<title>Madame R\u00e9jane - Catalogue raisonn\u00e9 de Leonetto Cappiello<\/title>\n<meta name=\"robots\" content=\"index, follow, max-snippet:-1, max-image-preview:large, max-video-preview:-1\" \/>\n<link rel=\"canonical\" href=\"https:\/\/cappiello.fr\/en\/produit\/madame-rejane\/\" \/>\n<meta property=\"og:locale\" content=\"en_US\" \/>\n<meta property=\"og:type\" content=\"article\" \/>\n<meta property=\"og:title\" content=\"Madame R\u00e9jane\" \/>\n<meta property=\"og:description\" content=\"R03 : Madame R\u00e9jane - Les Contemporaines n\u00b01 - Para\u00eet dans Le Rire n\u00b0194, page de couverture R03a : Dessin original R03b : Dessin d\u00e9finitif RF37498 : Vignette pr\u00e9paratoire\" \/>\n<meta property=\"og:url\" content=\"https:\/\/cappiello.fr\/en\/produit\/madame-rejane\/\" \/>\n<meta property=\"og:site_name\" content=\"Catalogue raisonn\u00e9 de Leonetto Cappiello\" \/>\n<meta property=\"article:modified_time\" content=\"2026-04-10T08:54:14+00:00\" \/>\n<meta property=\"og:image\" content=\"https:\/\/cappiello.fr\/wp-content\/uploads\/2025\/12\/Madame-Rejane-caricature-Cappiello.jpg\" \/>\n\t<meta property=\"og:image:width\" content=\"529\" \/>\n\t<meta property=\"og:image:height\" content=\"800\" \/>\n\t<meta property=\"og:image:type\" content=\"image\/jpeg\" \/>\n<meta name=\"twitter:card\" content=\"summary_large_image\" \/>\n<meta name=\"twitter:label1\" content=\"Price\" \/>\n\t<meta name=\"twitter:data1\" content=\"\" \/>\n\t<meta name=\"twitter:label2\" content=\"Availability\" \/>\n\t<meta name=\"twitter:data2\" content=\"In stock\" \/>\n<script type=\"application\/ld+json\" class=\"yoast-schema-graph\">{\"@context\":\"https:\\\/\\\/schema.org\",\"@graph\":[{\"@type\":[\"WebPage\",\"ItemPage\"],\"@id\":\"https:\\\/\\\/cappiello.fr\\\/en\\\/produit\\\/madame-rejane\\\/\",\"url\":\"https:\\\/\\\/cappiello.fr\\\/en\\\/produit\\\/madame-rejane\\\/\",\"name\":\"Madame R\u00e9jane - Catalogue raisonn\u00e9 de Leonetto Cappiello\",\"isPartOf\":{\"@id\":\"https:\\\/\\\/cappiello.fr\\\/en\\\/#website\"},\"primaryImageOfPage\":{\"@id\":\"https:\\\/\\\/cappiello.fr\\\/en\\\/produit\\\/madame-rejane\\\/#primaryimage\"},\"image\":{\"@id\":\"https:\\\/\\\/cappiello.fr\\\/en\\\/produit\\\/madame-rejane\\\/#primaryimage\"},\"thumbnailUrl\":\"https:\\\/\\\/cappiello.fr\\\/wp-content\\\/uploads\\\/2025\\\/12\\\/Madame-Rejane-caricature-Cappiello.jpg\",\"datePublished\":\"1898-07-23T16:48:23+00:00\",\"dateModified\":\"2026-04-10T08:54:14+00:00\",\"breadcrumb\":{\"@id\":\"https:\\\/\\\/cappiello.fr\\\/en\\\/produit\\\/madame-rejane\\\/#breadcrumb\"},\"inLanguage\":\"en-US\",\"potentialAction\":[{\"@type\":\"ReadAction\",\"target\":[\"https:\\\/\\\/cappiello.fr\\\/en\\\/produit\\\/madame-rejane\\\/\"]}]},{\"@type\":\"ImageObject\",\"inLanguage\":\"en-US\",\"@id\":\"https:\\\/\\\/cappiello.fr\\\/en\\\/produit\\\/madame-rejane\\\/#primaryimage\",\"url\":\"https:\\\/\\\/cappiello.fr\\\/wp-content\\\/uploads\\\/2025\\\/12\\\/Madame-Rejane-caricature-Cappiello.jpg\",\"contentUrl\":\"https:\\\/\\\/cappiello.fr\\\/wp-content\\\/uploads\\\/2025\\\/12\\\/Madame-Rejane-caricature-Cappiello.jpg\",\"width\":529,\"height\":800,\"caption\":\"Madame R\u00e9jane Caricature de Cappiello\"},{\"@type\":\"BreadcrumbList\",\"@id\":\"https:\\\/\\\/cappiello.fr\\\/en\\\/produit\\\/madame-rejane\\\/#breadcrumb\",\"itemListElement\":[{\"@type\":\"ListItem\",\"position\":1,\"name\":\"Accueil\",\"item\":\"https:\\\/\\\/cappiello.fr\\\/en\\\/\"},{\"@type\":\"ListItem\",\"position\":2,\"name\":\"The works\",\"item\":\"https:\\\/\\\/cappiello.fr\\\/en\\\/the-works\\\/\"},{\"@type\":\"ListItem\",\"position\":3,\"name\":\"Madame R\u00e9jane\"}]},{\"@type\":\"WebSite\",\"@id\":\"https:\\\/\\\/cappiello.fr\\\/en\\\/#website\",\"url\":\"https:\\\/\\\/cappiello.fr\\\/en\\\/\",\"name\":\"Catalogue raisonn\u00e9 de Leonetto Cappiello\",\"description\":\"Plongez dans l&#039;univers de Leonetto Cappiello, le p\u00e8re de la publicit\u00e9 moderne\",\"potentialAction\":[{\"@type\":\"SearchAction\",\"target\":{\"@type\":\"EntryPoint\",\"urlTemplate\":\"https:\\\/\\\/cappiello.fr\\\/en\\\/?s={search_term_string}\"},\"query-input\":{\"@type\":\"PropertyValueSpecification\",\"valueRequired\":true,\"valueName\":\"search_term_string\"}}],\"inLanguage\":\"en-US\"}]}<\/script>\n<meta property=\"product:price:currency\" content=\"EUR\" \/>\n<meta property=\"og:availability\" content=\"instock\" \/>\n<meta property=\"product:availability\" content=\"instock\" \/>\n<meta property=\"product:retailer_item_id\" content=\"R03\" \/>\n<meta property=\"product:condition\" content=\"new\" \/>\n<!-- \/ Yoast SEO Premium plugin. -->","yoast_head_json":{"title":"Madame R\u00e9jane - Catalogue raisonn\u00e9 de Leonetto Cappiello","robots":{"index":"index","follow":"follow","max-snippet":"max-snippet:-1","max-image-preview":"max-image-preview:large","max-video-preview":"max-video-preview:-1"},"canonical":"https:\/\/cappiello.fr\/en\/produit\/madame-rejane\/","og_locale":"en_US","og_type":"article","og_title":"Madame R\u00e9jane","og_description":"R03 : Madame R\u00e9jane - Les Contemporaines n\u00b01 - Para\u00eet dans Le Rire n\u00b0194, page de couverture R03a : Dessin original R03b : Dessin d\u00e9finitif RF37498 : Vignette pr\u00e9paratoire","og_url":"https:\/\/cappiello.fr\/en\/produit\/madame-rejane\/","og_site_name":"Catalogue raisonn\u00e9 de Leonetto Cappiello","article_modified_time":"2026-04-10T08:54:14+00:00","og_image":[{"width":529,"height":800,"url":"https:\/\/cappiello.fr\/wp-content\/uploads\/2025\/12\/Madame-Rejane-caricature-Cappiello.jpg","type":"image\/jpeg"}],"twitter_card":"summary_large_image","twitter_misc":{"Price":"","Availability":"In stock"},"schema":{"@context":"https:\/\/schema.org","@graph":[{"@type":["WebPage","ItemPage"],"@id":"https:\/\/cappiello.fr\/en\/produit\/madame-rejane\/","url":"https:\/\/cappiello.fr\/en\/produit\/madame-rejane\/","name":"Madame R\u00e9jane - Catalogue raisonn\u00e9 de Leonetto Cappiello","isPartOf":{"@id":"https:\/\/cappiello.fr\/en\/#website"},"primaryImageOfPage":{"@id":"https:\/\/cappiello.fr\/en\/produit\/madame-rejane\/#primaryimage"},"image":{"@id":"https:\/\/cappiello.fr\/en\/produit\/madame-rejane\/#primaryimage"},"thumbnailUrl":"https:\/\/cappiello.fr\/wp-content\/uploads\/2025\/12\/Madame-Rejane-caricature-Cappiello.jpg","datePublished":"1898-07-23T16:48:23+00:00","dateModified":"2026-04-10T08:54:14+00:00","breadcrumb":{"@id":"https:\/\/cappiello.fr\/en\/produit\/madame-rejane\/#breadcrumb"},"inLanguage":"en-US","potentialAction":[{"@type":"ReadAction","target":["https:\/\/cappiello.fr\/en\/produit\/madame-rejane\/"]}]},{"@type":"ImageObject","inLanguage":"en-US","@id":"https:\/\/cappiello.fr\/en\/produit\/madame-rejane\/#primaryimage","url":"https:\/\/cappiello.fr\/wp-content\/uploads\/2025\/12\/Madame-Rejane-caricature-Cappiello.jpg","contentUrl":"https:\/\/cappiello.fr\/wp-content\/uploads\/2025\/12\/Madame-Rejane-caricature-Cappiello.jpg","width":529,"height":800,"caption":"Madame R\u00e9jane Caricature de Cappiello"},{"@type":"BreadcrumbList","@id":"https:\/\/cappiello.fr\/en\/produit\/madame-rejane\/#breadcrumb","itemListElement":[{"@type":"ListItem","position":1,"name":"Accueil","item":"https:\/\/cappiello.fr\/en\/"},{"@type":"ListItem","position":2,"name":"The works","item":"https:\/\/cappiello.fr\/en\/the-works\/"},{"@type":"ListItem","position":3,"name":"Madame R\u00e9jane"}]},{"@type":"WebSite","@id":"https:\/\/cappiello.fr\/en\/#website","url":"https:\/\/cappiello.fr\/en\/","name":"Catalogue raisonn\u00e9 de Leonetto Cappiello","description":"Plongez dans l&#039;univers de Leonetto Cappiello, le p\u00e8re de la publicit\u00e9 moderne","potentialAction":[{"@type":"SearchAction","target":{"@type":"EntryPoint","urlTemplate":"https:\/\/cappiello.fr\/en\/?s={search_term_string}"},"query-input":{"@type":"PropertyValueSpecification","valueRequired":true,"valueName":"search_term_string"}}],"inLanguage":"en-US"}]},"product_price_currency":"EUR","og_availability":"instock","product_availability":"instock","product_retailer_item_id":"R03","product_condition":"new"},"_links":{"self":[{"href":"https:\/\/cappiello.fr\/en\/wp-json\/wp\/v2\/product\/136161","targetHints":{"allow":["GET"]}}],"collection":[{"href":"https:\/\/cappiello.fr\/en\/wp-json\/wp\/v2\/product"}],"about":[{"href":"https:\/\/cappiello.fr\/en\/wp-json\/wp\/v2\/types\/product"}],"wp:featuredmedia":[{"embeddable":true,"href":"https:\/\/cappiello.fr\/en\/wp-json\/wp\/v2\/media\/136163"}],"wp:attachment":[{"href":"https:\/\/cappiello.fr\/en\/wp-json\/wp\/v2\/media?parent=136161"}],"wp:term":[{"taxonomy":"type-doeuvre","embeddable":true,"href":"https:\/\/cappiello.fr\/en\/wp-json\/wp\/v2\/type-doeuvre?post=136161"},{"taxonomy":"product_brand","embeddable":true,"href":"https:\/\/cappiello.fr\/en\/wp-json\/wp\/v2\/product_brand?post=136161"},{"taxonomy":"product_cat","embeddable":true,"href":"https:\/\/cappiello.fr\/en\/wp-json\/wp\/v2\/product_cat?post=136161"},{"taxonomy":"product_tag","embeddable":true,"href":"https:\/\/cappiello.fr\/en\/wp-json\/wp\/v2\/product_tag?post=136161"}],"curies":[{"name":"wp","href":"https:\/\/api.w.org\/{rel}","templated":true}]}}