{"id":136172,"date":"1898-11-05T17:08:34","date_gmt":"1898-11-05T16:59:13","guid":{"rendered":"https:\/\/cappiello.fr\/?post_type=product&#038;p=136172"},"modified":"2026-04-10T10:58:54","modified_gmt":"2026-04-10T08:58:54","slug":"agence-sarcey-co-illimited","status":"publish","type":"product","link":"https:\/\/cappiello.fr\/en\/produit\/agence-sarcey-co-illimited\/","title":{"rendered":"Agence Sarcey &#038; Co (Illimited)"},"content":{"rendered":"<p>Portrait de Francisque Sarcey en train de laver le linge sale du th\u00e9\u00e2tre devant Y. Guilbert offusqu\u00e9e !<Br><br \/>\nTexte sous le dessin :<Br><br \/>\n&#8220;AGENCE SARCEY AND CO (Limited)<Br><br \/>\nMonsieur et cher client,<Br><\/p>\n<p>Depuis quarante ans qu\u2019elle exerce<Br><\/p>\n<p>Son industrie avec succ\u00e8s,<Br><\/p>\n<p>Aujourd\u2019hui la maison Sarcey<Br><\/p>\n<p>Vous fait part du petit commerce<Br><br \/>\n<Br><\/p>\n<p>Qu\u2019elle adjoint \u00e0 ses grands rayons\u00a0:<Br><\/p>\n<p><em>Fagots, Grains de Bons Sens, Critiques,<\/em><Br><\/p>\n<p><em>R\u00e9clames, Pr\u00e9sentations,<\/em><Br><\/p>\n<p>\u00ab\u00a0LES ENGAGEMENTS ARTISTIQUES\u00a0\u00bb.<Br><\/p>\n<p><Br><\/p>\n<p>L\u2019Agence a des trait\u00e9s promis\u00a0;<Br><\/p>\n<p>Tout artiste est \u00ab\u00a0parfait\u00a0\u00bb sans risque.<Br><\/p>\n<p>S\u2019adresser au premier commis<br \/>\n<Br><br \/>\n(Au fond du <em>Collidor<\/em>), Francisque.<Br><\/p>\n<p><Br><br \/>\nNotre travail est tr\u00e8s bien fait,<Br><\/p>\n<p>et nous narguons la concurrence.<Br><\/p>\n<p>Le <em>bravo<\/em> se traite \u00e0 forfait\u00a0;<Br><\/p>\n<p>Les <em>rappels<\/em> se payent d\u2019avance.<Br><\/p>\n<p><Br><\/p>\n<p>Nos clients \u00e9tant des acteurs<Br><\/p>\n<p>Jouissant d\u2019un privil\u00e8ge extr\u00eame,<Br><\/p>\n<p>Nous enguelons leurs directeurs,<Br><\/p>\n<p>Ce qui revient toujours au m\u00eame.<Br><\/p>\n<p><Br><\/p>\n<p>Par contre le vil cabotin<Br><\/p>\n<p>Qui s\u2019engage dans notre plume,<Br><\/p>\n<p>Dans le <em>Temps<\/em>, le lundi matin,<Br><\/p>\n<p>Prend quelque chose pour son rhume.<Br><br \/>\nNous avons m\u00eame un personnel,<Br><br \/>\nTr\u00e8s choisi, distingu\u00e9, pas sale,<Br><br \/>\nQui va siffler le criminel<Br><br \/>\nEt fait du p\u00e9tard dans la salle.<Br><br \/>\n<Br><br \/>\nVoil\u00e0, Monsieur, pour r\u00e9f\u00e9rence,<Br><br \/>\nSans courir au diable-vauvert,<Br><br \/>\nLa charmante Yvette Guilbert<Br><br \/>\nPeut vous en fournir l&#8217;assurance:<Br><br \/>\n<Br><br \/>\nElle part pour Saint-P\u00e9tersbourg,<Br><br \/>\nGr\u00e2ce \u00e0 notre aimable obligeance.<Br><br \/>\n<em>Pour le Directeur de l&#8217;Agence,<Br><br \/>\nLe Fond\u00e9 de pouvoirs<\/em> : &#8220;Gunzbourg.&#8221;<Br><br \/>\nPour copie conforme : Charles Quinel.<Br><br \/>\n<Br><br \/>\nFrancisque Sarcey est chroniqueur, conf\u00e9rencier, grand critique dramatique, il est l&#8217;\u00ab\u00e9talon-or de la critique\u00bb selon Jacques Lorcey, (<em>Georges Feydeau<\/em>, p.145). C&#8217;est \u00able plus c\u00e9l\u00e8bre et l&#8217;un des plus sagaces parmi les critiques\u00bb, (Gidel, p. 59 et 62), le plus redout\u00e9 de son \u00e9poque, qui \u00e9crit dans Le Temps, surnomm\u00e9 amicalement \u00abl&#8217;oncle Sarcey\u00bb.<Br><\/p>\n","protected":false},"excerpt":{"rendered":"<p>R05 : Para\u00cet dans <em>Le Rire<\/em> n\u00b0 209 derni\u00e8re page.<\/p>\n","protected":false},"featured_media":136173,"template":"","meta":{"_acf_changed":false},"type-doeuvre":[4056],"product_brand":[],"product_cat":[4067,4074,4077],"product_tag":[4126,4125,4127,2448,4091,4090,4089],"class_list":{"0":"post-136172","1":"product","2":"type-product","3":"status-publish","4":"has-post-thumbnail","6":"type-doeuvre-caricatures","7":"product_cat-actrice","8":"product_cat-chanteur-populaire","9":"product_cat-journaliste","10":"product_tag-beard","11":"product_tag-bucket","12":"product_tag-elegant","13":"product_tag-elegante","14":"product_tag-laver","15":"product_tag-sabot","16":"product_tag-sourcis","17":"pa_periode-1900-1918-en","18":"pa_type-de-contenu-caricature-de-divertissement","20":"first","21":"instock","22":"shipping-taxable","23":"product-type-simple"},"acf":[],"yoast_head":"<!-- This site is optimized with the Yoast SEO Premium plugin v27.0 (Yoast SEO v27.4) - https:\/\/yoast.com\/product\/yoast-seo-premium-wordpress\/ -->\n<title>Agence Sarcey &amp; Co (Illimited) - Catalogue raisonn\u00e9 de Leonetto Cappiello<\/title>\n<meta name=\"robots\" content=\"index, follow, max-snippet:-1, max-image-preview:large, max-video-preview:-1\" \/>\n<link rel=\"canonical\" href=\"https:\/\/cappiello.fr\/en\/produit\/agence-sarcey-co-illimited\/\" \/>\n<meta property=\"og:locale\" content=\"en_US\" \/>\n<meta property=\"og:type\" content=\"article\" \/>\n<meta property=\"og:title\" content=\"Agence Sarcey &amp; Co (Illimited)\" \/>\n<meta property=\"og:description\" content=\"R05 : Para\u00cet dans Le Rire n\u00b0 209 derni\u00e8re page.\" \/>\n<meta property=\"og:url\" content=\"https:\/\/cappiello.fr\/en\/produit\/agence-sarcey-co-illimited\/\" \/>\n<meta property=\"og:site_name\" content=\"Catalogue raisonn\u00e9 de Leonetto Cappiello\" \/>\n<meta property=\"article:modified_time\" content=\"2026-04-10T08:58:54+00:00\" \/>\n<meta property=\"og:image\" content=\"https:\/\/cappiello.fr\/wp-content\/uploads\/2026\/01\/Agence-Sarcey-caricature-Cappiello.jpg\" \/>\n\t<meta property=\"og:image:width\" content=\"551\" \/>\n\t<meta property=\"og:image:height\" content=\"800\" \/>\n\t<meta property=\"og:image:type\" content=\"image\/jpeg\" \/>\n<meta name=\"twitter:card\" content=\"summary_large_image\" \/>\n<meta name=\"twitter:label1\" content=\"Price\" \/>\n\t<meta name=\"twitter:data1\" content=\"\" \/>\n\t<meta name=\"twitter:label2\" content=\"Availability\" \/>\n\t<meta name=\"twitter:data2\" content=\"In stock\" \/>\n<script type=\"application\/ld+json\" class=\"yoast-schema-graph\">{\"@context\":\"https:\\\/\\\/schema.org\",\"@graph\":[{\"@type\":[\"WebPage\",\"ItemPage\"],\"@id\":\"https:\\\/\\\/cappiello.fr\\\/en\\\/produit\\\/agence-sarcey-co-illimited\\\/\",\"url\":\"https:\\\/\\\/cappiello.fr\\\/en\\\/produit\\\/agence-sarcey-co-illimited\\\/\",\"name\":\"Agence Sarcey & Co (Illimited) - Catalogue raisonn\u00e9 de Leonetto Cappiello\",\"isPartOf\":{\"@id\":\"https:\\\/\\\/cappiello.fr\\\/en\\\/#website\"},\"primaryImageOfPage\":{\"@id\":\"https:\\\/\\\/cappiello.fr\\\/en\\\/produit\\\/agence-sarcey-co-illimited\\\/#primaryimage\"},\"image\":{\"@id\":\"https:\\\/\\\/cappiello.fr\\\/en\\\/produit\\\/agence-sarcey-co-illimited\\\/#primaryimage\"},\"thumbnailUrl\":\"https:\\\/\\\/cappiello.fr\\\/wp-content\\\/uploads\\\/2026\\\/01\\\/Agence-Sarcey-caricature-Cappiello.jpg\",\"datePublished\":\"1898-11-05T16:59:13+00:00\",\"dateModified\":\"2026-04-10T08:58:54+00:00\",\"breadcrumb\":{\"@id\":\"https:\\\/\\\/cappiello.fr\\\/en\\\/produit\\\/agence-sarcey-co-illimited\\\/#breadcrumb\"},\"inLanguage\":\"en-US\",\"potentialAction\":[{\"@type\":\"ReadAction\",\"target\":[\"https:\\\/\\\/cappiello.fr\\\/en\\\/produit\\\/agence-sarcey-co-illimited\\\/\"]}]},{\"@type\":\"ImageObject\",\"inLanguage\":\"en-US\",\"@id\":\"https:\\\/\\\/cappiello.fr\\\/en\\\/produit\\\/agence-sarcey-co-illimited\\\/#primaryimage\",\"url\":\"https:\\\/\\\/cappiello.fr\\\/wp-content\\\/uploads\\\/2026\\\/01\\\/Agence-Sarcey-caricature-Cappiello.jpg\",\"contentUrl\":\"https:\\\/\\\/cappiello.fr\\\/wp-content\\\/uploads\\\/2026\\\/01\\\/Agence-Sarcey-caricature-Cappiello.jpg\",\"width\":551,\"height\":800,\"caption\":\"Agence Sarcey & Co, caricature de Cappiello\"},{\"@type\":\"BreadcrumbList\",\"@id\":\"https:\\\/\\\/cappiello.fr\\\/en\\\/produit\\\/agence-sarcey-co-illimited\\\/#breadcrumb\",\"itemListElement\":[{\"@type\":\"ListItem\",\"position\":1,\"name\":\"Accueil\",\"item\":\"https:\\\/\\\/cappiello.fr\\\/en\\\/\"},{\"@type\":\"ListItem\",\"position\":2,\"name\":\"The works\",\"item\":\"https:\\\/\\\/cappiello.fr\\\/en\\\/the-works\\\/\"},{\"@type\":\"ListItem\",\"position\":3,\"name\":\"Agence Sarcey &#038; Co (Illimited)\"}]},{\"@type\":\"WebSite\",\"@id\":\"https:\\\/\\\/cappiello.fr\\\/en\\\/#website\",\"url\":\"https:\\\/\\\/cappiello.fr\\\/en\\\/\",\"name\":\"Catalogue raisonn\u00e9 de Leonetto Cappiello\",\"description\":\"Plongez dans l&#039;univers de Leonetto Cappiello, le p\u00e8re de la publicit\u00e9 moderne\",\"potentialAction\":[{\"@type\":\"SearchAction\",\"target\":{\"@type\":\"EntryPoint\",\"urlTemplate\":\"https:\\\/\\\/cappiello.fr\\\/en\\\/?s={search_term_string}\"},\"query-input\":{\"@type\":\"PropertyValueSpecification\",\"valueRequired\":true,\"valueName\":\"search_term_string\"}}],\"inLanguage\":\"en-US\"}]}<\/script>\n<meta property=\"product:price:currency\" content=\"EUR\" \/>\n<meta property=\"og:availability\" content=\"instock\" \/>\n<meta property=\"product:availability\" content=\"instock\" \/>\n<meta property=\"product:retailer_item_id\" content=\"R05\" \/>\n<meta property=\"product:condition\" content=\"new\" \/>\n<!-- \/ Yoast SEO Premium plugin. -->","yoast_head_json":{"title":"Agence Sarcey & Co (Illimited) - Catalogue raisonn\u00e9 de Leonetto Cappiello","robots":{"index":"index","follow":"follow","max-snippet":"max-snippet:-1","max-image-preview":"max-image-preview:large","max-video-preview":"max-video-preview:-1"},"canonical":"https:\/\/cappiello.fr\/en\/produit\/agence-sarcey-co-illimited\/","og_locale":"en_US","og_type":"article","og_title":"Agence Sarcey & Co (Illimited)","og_description":"R05 : Para\u00cet dans Le Rire n\u00b0 209 derni\u00e8re page.","og_url":"https:\/\/cappiello.fr\/en\/produit\/agence-sarcey-co-illimited\/","og_site_name":"Catalogue raisonn\u00e9 de Leonetto Cappiello","article_modified_time":"2026-04-10T08:58:54+00:00","og_image":[{"width":551,"height":800,"url":"https:\/\/cappiello.fr\/wp-content\/uploads\/2026\/01\/Agence-Sarcey-caricature-Cappiello.jpg","type":"image\/jpeg"}],"twitter_card":"summary_large_image","twitter_misc":{"Price":"","Availability":"In stock"},"schema":{"@context":"https:\/\/schema.org","@graph":[{"@type":["WebPage","ItemPage"],"@id":"https:\/\/cappiello.fr\/en\/produit\/agence-sarcey-co-illimited\/","url":"https:\/\/cappiello.fr\/en\/produit\/agence-sarcey-co-illimited\/","name":"Agence Sarcey & Co (Illimited) - Catalogue raisonn\u00e9 de Leonetto Cappiello","isPartOf":{"@id":"https:\/\/cappiello.fr\/en\/#website"},"primaryImageOfPage":{"@id":"https:\/\/cappiello.fr\/en\/produit\/agence-sarcey-co-illimited\/#primaryimage"},"image":{"@id":"https:\/\/cappiello.fr\/en\/produit\/agence-sarcey-co-illimited\/#primaryimage"},"thumbnailUrl":"https:\/\/cappiello.fr\/wp-content\/uploads\/2026\/01\/Agence-Sarcey-caricature-Cappiello.jpg","datePublished":"1898-11-05T16:59:13+00:00","dateModified":"2026-04-10T08:58:54+00:00","breadcrumb":{"@id":"https:\/\/cappiello.fr\/en\/produit\/agence-sarcey-co-illimited\/#breadcrumb"},"inLanguage":"en-US","potentialAction":[{"@type":"ReadAction","target":["https:\/\/cappiello.fr\/en\/produit\/agence-sarcey-co-illimited\/"]}]},{"@type":"ImageObject","inLanguage":"en-US","@id":"https:\/\/cappiello.fr\/en\/produit\/agence-sarcey-co-illimited\/#primaryimage","url":"https:\/\/cappiello.fr\/wp-content\/uploads\/2026\/01\/Agence-Sarcey-caricature-Cappiello.jpg","contentUrl":"https:\/\/cappiello.fr\/wp-content\/uploads\/2026\/01\/Agence-Sarcey-caricature-Cappiello.jpg","width":551,"height":800,"caption":"Agence Sarcey & Co, caricature de Cappiello"},{"@type":"BreadcrumbList","@id":"https:\/\/cappiello.fr\/en\/produit\/agence-sarcey-co-illimited\/#breadcrumb","itemListElement":[{"@type":"ListItem","position":1,"name":"Accueil","item":"https:\/\/cappiello.fr\/en\/"},{"@type":"ListItem","position":2,"name":"The works","item":"https:\/\/cappiello.fr\/en\/the-works\/"},{"@type":"ListItem","position":3,"name":"Agence Sarcey &#038; Co (Illimited)"}]},{"@type":"WebSite","@id":"https:\/\/cappiello.fr\/en\/#website","url":"https:\/\/cappiello.fr\/en\/","name":"Catalogue raisonn\u00e9 de Leonetto Cappiello","description":"Plongez dans l&#039;univers de Leonetto Cappiello, le p\u00e8re de la publicit\u00e9 moderne","potentialAction":[{"@type":"SearchAction","target":{"@type":"EntryPoint","urlTemplate":"https:\/\/cappiello.fr\/en\/?s={search_term_string}"},"query-input":{"@type":"PropertyValueSpecification","valueRequired":true,"valueName":"search_term_string"}}],"inLanguage":"en-US"}]},"product_price_currency":"EUR","og_availability":"instock","product_availability":"instock","product_retailer_item_id":"R05","product_condition":"new"},"_links":{"self":[{"href":"https:\/\/cappiello.fr\/en\/wp-json\/wp\/v2\/product\/136172","targetHints":{"allow":["GET"]}}],"collection":[{"href":"https:\/\/cappiello.fr\/en\/wp-json\/wp\/v2\/product"}],"about":[{"href":"https:\/\/cappiello.fr\/en\/wp-json\/wp\/v2\/types\/product"}],"wp:featuredmedia":[{"embeddable":true,"href":"https:\/\/cappiello.fr\/en\/wp-json\/wp\/v2\/media\/136173"}],"wp:attachment":[{"href":"https:\/\/cappiello.fr\/en\/wp-json\/wp\/v2\/media?parent=136172"}],"wp:term":[{"taxonomy":"type-doeuvre","embeddable":true,"href":"https:\/\/cappiello.fr\/en\/wp-json\/wp\/v2\/type-doeuvre?post=136172"},{"taxonomy":"product_brand","embeddable":true,"href":"https:\/\/cappiello.fr\/en\/wp-json\/wp\/v2\/product_brand?post=136172"},{"taxonomy":"product_cat","embeddable":true,"href":"https:\/\/cappiello.fr\/en\/wp-json\/wp\/v2\/product_cat?post=136172"},{"taxonomy":"product_tag","embeddable":true,"href":"https:\/\/cappiello.fr\/en\/wp-json\/wp\/v2\/product_tag?post=136172"}],"curies":[{"name":"wp","href":"https:\/\/api.w.org\/{rel}","templated":true}]}}