{"id":136193,"date":"1899-02-04T10:48:50","date_gmt":"1899-02-04T10:39:29","guid":{"rendered":"https:\/\/cappiello.fr\/?post_type=product&#038;p=136193"},"modified":"2026-04-10T11:02:08","modified_gmt":"2026-04-10T09:02:08","slug":"coquelin-cadet","status":"publish","type":"product","link":"https:\/\/cappiello.fr\/en\/produit\/coquelin-cadet\/","title":{"rendered":"Coquelin cadet"},"content":{"rendered":"<p>Coquelin cadet est pr\u00e9sent\u00e9 jouant le r\u00f4le de Saint-Phoin dans <a href=\"https:\/\/cappiello.fr\/en\/produit\/le-torrent-de-larmes\/\" target=\"_blank\">Le Torrent<\/a> de Maurice Donnay.<Br><br \/>\nIl est le fr\u00e8re du com\u00e9dien Constant Coquelin. C&#8217;est un remarquable com\u00e9dien qui a r\u00e9cit\u00e9 de nombreux monologues. Il fut tr\u00e8s \u00e0 la mode dans les cabarets et les salons parisiens, dont il \u00e9tait le plus c\u00e9l\u00e8bre \u00ab diseur \u00bb, au d\u00e9but de sa carri\u00e8re. ll sera soci\u00e9taire de la Com\u00e9die-Fran\u00e7aise en 1879 (<em>Feydeou<\/em>, Henry Gidel, p. s7, 60). <Br><br \/>\nCe portrait para\u00eetra dans <em>Les Plaisirs de Paris<\/em>, guide du \u00ab Rire \u00bb dans Paris, et \u00e0 l&#8217;exposition de 1900, p. 9, \u00e9dit\u00e9 par F\u00e9lix Juven, sous la rubrique: <em>Th\u00e9\u00e2tre fran\u00e7ais<\/em> (place de l&#8217;0d\u00e9on).<\/p>\n","protected":false},"excerpt":{"rendered":"<p>R07 : Coquelin cadet &#8211; Les Contemporains n\u00b0IV. Publi\u00e9 dans <em>Le Rire<\/em> n\u00b0222, derni\u00e8re page.<Br><br \/>\nR07a : Calque original<Br><br \/>\nRF 37385 : Vignette<Br><br \/>\nRF 37386 : Vignette<\/p>\n","protected":false},"featured_media":136194,"template":"","meta":{"_acf_changed":false},"type-doeuvre":[4056],"product_brand":[],"product_cat":[4066],"product_tag":[2494,4092,4085],"class_list":{"0":"post-136193","1":"product","2":"type-product","3":"status-publish","4":"has-post-thumbnail","6":"type-doeuvre-caricatures","7":"product_cat-acteur","8":"product_tag-costume","9":"product_tag-discuter","10":"product_tag-trois-quart-gauche","11":"pa_type-de-contenu-caricature-de-divertissement","13":"first","14":"instock","15":"shipping-taxable","16":"product-type-simple"},"acf":[],"yoast_head":"<!-- This site is optimized with the Yoast SEO Premium plugin v27.0 (Yoast SEO v27.4) - https:\/\/yoast.com\/product\/yoast-seo-premium-wordpress\/ -->\n<title>Coquelin cadet - Catalogue raisonn\u00e9 de Leonetto Cappiello<\/title>\n<meta name=\"robots\" content=\"index, follow, max-snippet:-1, max-image-preview:large, max-video-preview:-1\" \/>\n<link rel=\"canonical\" href=\"https:\/\/cappiello.fr\/en\/produit\/coquelin-cadet\/\" \/>\n<meta property=\"og:locale\" content=\"en_US\" \/>\n<meta property=\"og:type\" content=\"article\" \/>\n<meta property=\"og:title\" content=\"Coquelin cadet\" \/>\n<meta property=\"og:description\" content=\"R07 : Coquelin cadet - Les Contemporains n\u00b0IV. Publi\u00e9 dans Le Rire n\u00b0222, derni\u00e8re page. R07a : Calque original RF 37385 : Vignette RF 37386 : Vignette\" \/>\n<meta property=\"og:url\" content=\"https:\/\/cappiello.fr\/en\/produit\/coquelin-cadet\/\" \/>\n<meta property=\"og:site_name\" content=\"Catalogue raisonn\u00e9 de Leonetto Cappiello\" \/>\n<meta property=\"article:modified_time\" content=\"2026-04-10T09:02:08+00:00\" \/>\n<meta property=\"og:image\" content=\"https:\/\/cappiello.fr\/wp-content\/uploads\/2026\/01\/Coquelin-cadet-caricature-cappiello.jpg\" \/>\n\t<meta property=\"og:image:width\" content=\"529\" \/>\n\t<meta property=\"og:image:height\" content=\"800\" \/>\n\t<meta property=\"og:image:type\" content=\"image\/jpeg\" \/>\n<meta name=\"twitter:card\" content=\"summary_large_image\" \/>\n<meta name=\"twitter:label1\" content=\"Price\" \/>\n\t<meta name=\"twitter:data1\" content=\"\" \/>\n\t<meta name=\"twitter:label2\" content=\"Availability\" \/>\n\t<meta name=\"twitter:data2\" content=\"In stock\" \/>\n<script type=\"application\/ld+json\" class=\"yoast-schema-graph\">{\"@context\":\"https:\\\/\\\/schema.org\",\"@graph\":[{\"@type\":[\"WebPage\",\"ItemPage\"],\"@id\":\"https:\\\/\\\/cappiello.fr\\\/en\\\/produit\\\/coquelin-cadet\\\/\",\"url\":\"https:\\\/\\\/cappiello.fr\\\/en\\\/produit\\\/coquelin-cadet\\\/\",\"name\":\"Coquelin cadet - Catalogue raisonn\u00e9 de Leonetto Cappiello\",\"isPartOf\":{\"@id\":\"https:\\\/\\\/cappiello.fr\\\/en\\\/#website\"},\"primaryImageOfPage\":{\"@id\":\"https:\\\/\\\/cappiello.fr\\\/en\\\/produit\\\/coquelin-cadet\\\/#primaryimage\"},\"image\":{\"@id\":\"https:\\\/\\\/cappiello.fr\\\/en\\\/produit\\\/coquelin-cadet\\\/#primaryimage\"},\"thumbnailUrl\":\"https:\\\/\\\/cappiello.fr\\\/wp-content\\\/uploads\\\/2026\\\/01\\\/Coquelin-cadet-caricature-cappiello.jpg\",\"datePublished\":\"1899-02-04T10:39:29+00:00\",\"dateModified\":\"2026-04-10T09:02:08+00:00\",\"breadcrumb\":{\"@id\":\"https:\\\/\\\/cappiello.fr\\\/en\\\/produit\\\/coquelin-cadet\\\/#breadcrumb\"},\"inLanguage\":\"en-US\",\"potentialAction\":[{\"@type\":\"ReadAction\",\"target\":[\"https:\\\/\\\/cappiello.fr\\\/en\\\/produit\\\/coquelin-cadet\\\/\"]}]},{\"@type\":\"ImageObject\",\"inLanguage\":\"en-US\",\"@id\":\"https:\\\/\\\/cappiello.fr\\\/en\\\/produit\\\/coquelin-cadet\\\/#primaryimage\",\"url\":\"https:\\\/\\\/cappiello.fr\\\/wp-content\\\/uploads\\\/2026\\\/01\\\/Coquelin-cadet-caricature-cappiello.jpg\",\"contentUrl\":\"https:\\\/\\\/cappiello.fr\\\/wp-content\\\/uploads\\\/2026\\\/01\\\/Coquelin-cadet-caricature-cappiello.jpg\",\"width\":529,\"height\":800,\"caption\":\"Caricature de Coquelin cadet par Cappiello\"},{\"@type\":\"BreadcrumbList\",\"@id\":\"https:\\\/\\\/cappiello.fr\\\/en\\\/produit\\\/coquelin-cadet\\\/#breadcrumb\",\"itemListElement\":[{\"@type\":\"ListItem\",\"position\":1,\"name\":\"Accueil\",\"item\":\"https:\\\/\\\/cappiello.fr\\\/en\\\/\"},{\"@type\":\"ListItem\",\"position\":2,\"name\":\"The works\",\"item\":\"https:\\\/\\\/cappiello.fr\\\/en\\\/the-works\\\/\"},{\"@type\":\"ListItem\",\"position\":3,\"name\":\"Coquelin cadet\"}]},{\"@type\":\"WebSite\",\"@id\":\"https:\\\/\\\/cappiello.fr\\\/en\\\/#website\",\"url\":\"https:\\\/\\\/cappiello.fr\\\/en\\\/\",\"name\":\"Catalogue raisonn\u00e9 de Leonetto Cappiello\",\"description\":\"Plongez dans l&#039;univers de Leonetto Cappiello, le p\u00e8re de la publicit\u00e9 moderne\",\"potentialAction\":[{\"@type\":\"SearchAction\",\"target\":{\"@type\":\"EntryPoint\",\"urlTemplate\":\"https:\\\/\\\/cappiello.fr\\\/en\\\/?s={search_term_string}\"},\"query-input\":{\"@type\":\"PropertyValueSpecification\",\"valueRequired\":true,\"valueName\":\"search_term_string\"}}],\"inLanguage\":\"en-US\"}]}<\/script>\n<meta property=\"product:price:currency\" content=\"EUR\" \/>\n<meta property=\"og:availability\" content=\"instock\" \/>\n<meta property=\"product:availability\" content=\"instock\" \/>\n<meta property=\"product:retailer_item_id\" content=\"R07\" \/>\n<meta property=\"product:condition\" content=\"new\" \/>\n<!-- \/ Yoast SEO Premium plugin. -->","yoast_head_json":{"title":"Coquelin cadet - Catalogue raisonn\u00e9 de Leonetto Cappiello","robots":{"index":"index","follow":"follow","max-snippet":"max-snippet:-1","max-image-preview":"max-image-preview:large","max-video-preview":"max-video-preview:-1"},"canonical":"https:\/\/cappiello.fr\/en\/produit\/coquelin-cadet\/","og_locale":"en_US","og_type":"article","og_title":"Coquelin cadet","og_description":"R07 : Coquelin cadet - Les Contemporains n\u00b0IV. Publi\u00e9 dans Le Rire n\u00b0222, derni\u00e8re page. R07a : Calque original RF 37385 : Vignette RF 37386 : Vignette","og_url":"https:\/\/cappiello.fr\/en\/produit\/coquelin-cadet\/","og_site_name":"Catalogue raisonn\u00e9 de Leonetto Cappiello","article_modified_time":"2026-04-10T09:02:08+00:00","og_image":[{"width":529,"height":800,"url":"https:\/\/cappiello.fr\/wp-content\/uploads\/2026\/01\/Coquelin-cadet-caricature-cappiello.jpg","type":"image\/jpeg"}],"twitter_card":"summary_large_image","twitter_misc":{"Price":"","Availability":"In stock"},"schema":{"@context":"https:\/\/schema.org","@graph":[{"@type":["WebPage","ItemPage"],"@id":"https:\/\/cappiello.fr\/en\/produit\/coquelin-cadet\/","url":"https:\/\/cappiello.fr\/en\/produit\/coquelin-cadet\/","name":"Coquelin cadet - Catalogue raisonn\u00e9 de Leonetto Cappiello","isPartOf":{"@id":"https:\/\/cappiello.fr\/en\/#website"},"primaryImageOfPage":{"@id":"https:\/\/cappiello.fr\/en\/produit\/coquelin-cadet\/#primaryimage"},"image":{"@id":"https:\/\/cappiello.fr\/en\/produit\/coquelin-cadet\/#primaryimage"},"thumbnailUrl":"https:\/\/cappiello.fr\/wp-content\/uploads\/2026\/01\/Coquelin-cadet-caricature-cappiello.jpg","datePublished":"1899-02-04T10:39:29+00:00","dateModified":"2026-04-10T09:02:08+00:00","breadcrumb":{"@id":"https:\/\/cappiello.fr\/en\/produit\/coquelin-cadet\/#breadcrumb"},"inLanguage":"en-US","potentialAction":[{"@type":"ReadAction","target":["https:\/\/cappiello.fr\/en\/produit\/coquelin-cadet\/"]}]},{"@type":"ImageObject","inLanguage":"en-US","@id":"https:\/\/cappiello.fr\/en\/produit\/coquelin-cadet\/#primaryimage","url":"https:\/\/cappiello.fr\/wp-content\/uploads\/2026\/01\/Coquelin-cadet-caricature-cappiello.jpg","contentUrl":"https:\/\/cappiello.fr\/wp-content\/uploads\/2026\/01\/Coquelin-cadet-caricature-cappiello.jpg","width":529,"height":800,"caption":"Caricature de Coquelin cadet par Cappiello"},{"@type":"BreadcrumbList","@id":"https:\/\/cappiello.fr\/en\/produit\/coquelin-cadet\/#breadcrumb","itemListElement":[{"@type":"ListItem","position":1,"name":"Accueil","item":"https:\/\/cappiello.fr\/en\/"},{"@type":"ListItem","position":2,"name":"The works","item":"https:\/\/cappiello.fr\/en\/the-works\/"},{"@type":"ListItem","position":3,"name":"Coquelin cadet"}]},{"@type":"WebSite","@id":"https:\/\/cappiello.fr\/en\/#website","url":"https:\/\/cappiello.fr\/en\/","name":"Catalogue raisonn\u00e9 de Leonetto Cappiello","description":"Plongez dans l&#039;univers de Leonetto Cappiello, le p\u00e8re de la publicit\u00e9 moderne","potentialAction":[{"@type":"SearchAction","target":{"@type":"EntryPoint","urlTemplate":"https:\/\/cappiello.fr\/en\/?s={search_term_string}"},"query-input":{"@type":"PropertyValueSpecification","valueRequired":true,"valueName":"search_term_string"}}],"inLanguage":"en-US"}]},"product_price_currency":"EUR","og_availability":"instock","product_availability":"instock","product_retailer_item_id":"R07","product_condition":"new"},"_links":{"self":[{"href":"https:\/\/cappiello.fr\/en\/wp-json\/wp\/v2\/product\/136193","targetHints":{"allow":["GET"]}}],"collection":[{"href":"https:\/\/cappiello.fr\/en\/wp-json\/wp\/v2\/product"}],"about":[{"href":"https:\/\/cappiello.fr\/en\/wp-json\/wp\/v2\/types\/product"}],"wp:featuredmedia":[{"embeddable":true,"href":"https:\/\/cappiello.fr\/en\/wp-json\/wp\/v2\/media\/136194"}],"wp:attachment":[{"href":"https:\/\/cappiello.fr\/en\/wp-json\/wp\/v2\/media?parent=136193"}],"wp:term":[{"taxonomy":"type-doeuvre","embeddable":true,"href":"https:\/\/cappiello.fr\/en\/wp-json\/wp\/v2\/type-doeuvre?post=136193"},{"taxonomy":"product_brand","embeddable":true,"href":"https:\/\/cappiello.fr\/en\/wp-json\/wp\/v2\/product_brand?post=136193"},{"taxonomy":"product_cat","embeddable":true,"href":"https:\/\/cappiello.fr\/en\/wp-json\/wp\/v2\/product_cat?post=136193"},{"taxonomy":"product_tag","embeddable":true,"href":"https:\/\/cappiello.fr\/en\/wp-json\/wp\/v2\/product_tag?post=136193"}],"curies":[{"name":"wp","href":"https:\/\/api.w.org\/{rel}","templated":true}]}}