{"id":136199,"date":"1899-02-25T18:51:36","date_gmt":"1899-02-25T18:42:15","guid":{"rendered":"https:\/\/cappiello.fr\/?post_type=product&#038;p=136199"},"modified":"2026-04-10T11:03:50","modified_gmt":"2026-04-10T09:03:50","slug":"melle-sorel","status":"publish","type":"product","link":"https:\/\/cappiello.fr\/en\/produit\/melle-sorel\/","title":{"rendered":"M<Sup>lle<\/Sup> Sorel"},"content":{"rendered":"<p>C\u00e9cile Sorel a jou\u00e9 le r\u00f4le de Jane dans la pi\u00e8ce <em>Les Antibel<\/em>, drame en quatre actes d&#8217;\u00c9mile Pouvillon et Armand d&#8217;Artois, cr\u00e9\u00e9 le 8 f\u00e9vrier 1899 \u00e0 l&#8217;Od\u00e9on.<Br><br \/>\nSoci\u00e9taire de la Com\u00e9die-Fran\u00e7aise, elle a connu la c\u00e9l\u00e9brit\u00e9 tant pour son talent de com\u00e9dienne que pour ses extravagances. Elle menait un grand train de vie avant de tomber dans la d\u00e9votion.<Br><br \/>\nUn autre portrait de C\u00e9cile Sorel figurera dans <em>Nos Actrices<\/em>, l899. Il para\u00eetra aussi dans <em>Les Plaisirs de Paris<\/em>, guide du \u00abRire\u00bb dans Paris et \u00e0 l&#8217;exposition de 1900, p. 11, \u00e9dit\u00e9 par F\u00e9lix Juven, sous la rubrique: <em>\u00c0 l&#8217;Od\u00e9on<\/em>.<\/p>\n","protected":false},"excerpt":{"rendered":"<p>R08 : M<Sup>lle<\/Sup> Sorel (Dans <em>Les Antibel<\/em>, \u00e0 l&#8217;Od\u00e9on) &#8211; Les Contemporaines n\u00b0V. Publi\u00e9 dans <em>Le Rire<\/em> n\u00b0225, derni\u00e8re page.<Br><br \/>\nR08a : Original<Br><br \/>\nR08b : Croquis du buste sans t\u00eate de C\u00e9cile Sorel<Br><br \/>\nRF 37608 : Vignette <Br><br \/>\nRF 37610 : Vignette <Br><br \/>\nRF 37611 : Vignette : C\u00e9cile Sorel dans <em>Les Antibel<\/em> <Br><br \/>\nRF 37612 : Vignette <\/p>\n","protected":false},"featured_media":136201,"template":"","meta":{"_acf_changed":false},"type-doeuvre":[4056],"product_brand":[],"product_cat":[4067],"product_tag":[4095,4093,4129,4094],"class_list":{"0":"post-136199","1":"product","2":"type-product","3":"status-publish","4":"has-post-thumbnail","6":"type-doeuvre-caricatures","7":"product_cat-actrice","8":"product_tag-cil","9":"product_tag-nez-busquet","10":"product_tag-parrot","11":"product_tag-profil-gauche","12":"pa_type-de-contenu-caricature-de-divertissement","14":"first","15":"instock","16":"shipping-taxable","17":"product-type-simple"},"acf":[],"yoast_head":"<!-- This site is optimized with the Yoast SEO Premium plugin v27.0 (Yoast SEO v27.4) - https:\/\/yoast.com\/product\/yoast-seo-premium-wordpress\/ -->\n<title>Mlle Sorel - Catalogue raisonn\u00e9 de Leonetto Cappiello<\/title>\n<meta name=\"robots\" content=\"index, follow, max-snippet:-1, max-image-preview:large, max-video-preview:-1\" \/>\n<link rel=\"canonical\" href=\"https:\/\/cappiello.fr\/en\/produit\/melle-sorel\/\" \/>\n<meta property=\"og:locale\" content=\"en_US\" \/>\n<meta property=\"og:type\" content=\"article\" \/>\n<meta property=\"og:title\" content=\"Mlle Sorel\" \/>\n<meta property=\"og:description\" content=\"R08 : Mlle Sorel (Dans Les Antibel, \u00e0 l&#039;Od\u00e9on) - Les Contemporaines n\u00b0V. Publi\u00e9 dans Le Rire n\u00b0225, derni\u00e8re page. R08a : Original R08b : Croquis du buste sans t\u00eate de C\u00e9cile Sorel RF 37608 : Vignette  RF 37610 : Vignette  RF 37611 : Vignette : C\u00e9cile Sorel dans Les Antibel  RF 37612 : Vignette\" \/>\n<meta property=\"og:url\" content=\"https:\/\/cappiello.fr\/en\/produit\/melle-sorel\/\" \/>\n<meta property=\"og:site_name\" content=\"Catalogue raisonn\u00e9 de Leonetto Cappiello\" \/>\n<meta property=\"article:modified_time\" content=\"2026-04-10T09:03:50+00:00\" \/>\n<meta property=\"og:image\" content=\"https:\/\/cappiello.fr\/wp-content\/uploads\/2026\/01\/Melle-Sorel-dans-Les-Antibel-a-l-Odeon-caricature-de-Cappiello.jpg\" \/>\n\t<meta property=\"og:image:width\" content=\"529\" \/>\n\t<meta property=\"og:image:height\" content=\"800\" \/>\n\t<meta property=\"og:image:type\" content=\"image\/jpeg\" \/>\n<meta name=\"twitter:card\" content=\"summary_large_image\" \/>\n<meta name=\"twitter:label1\" content=\"Price\" \/>\n\t<meta name=\"twitter:data1\" content=\"\" \/>\n\t<meta name=\"twitter:label2\" content=\"Availability\" \/>\n\t<meta name=\"twitter:data2\" content=\"In stock\" \/>\n<script type=\"application\/ld+json\" class=\"yoast-schema-graph\">{\"@context\":\"https:\\\/\\\/schema.org\",\"@graph\":[{\"@type\":[\"WebPage\",\"ItemPage\"],\"@id\":\"https:\\\/\\\/cappiello.fr\\\/en\\\/produit\\\/melle-sorel\\\/\",\"url\":\"https:\\\/\\\/cappiello.fr\\\/en\\\/produit\\\/melle-sorel\\\/\",\"name\":\"Mlle Sorel - Catalogue raisonn\u00e9 de Leonetto Cappiello\",\"isPartOf\":{\"@id\":\"https:\\\/\\\/cappiello.fr\\\/en\\\/#website\"},\"primaryImageOfPage\":{\"@id\":\"https:\\\/\\\/cappiello.fr\\\/en\\\/produit\\\/melle-sorel\\\/#primaryimage\"},\"image\":{\"@id\":\"https:\\\/\\\/cappiello.fr\\\/en\\\/produit\\\/melle-sorel\\\/#primaryimage\"},\"thumbnailUrl\":\"https:\\\/\\\/cappiello.fr\\\/wp-content\\\/uploads\\\/2026\\\/01\\\/Melle-Sorel-dans-Les-Antibel-a-l-Odeon-caricature-de-Cappiello.jpg\",\"datePublished\":\"1899-02-25T18:42:15+00:00\",\"dateModified\":\"2026-04-10T09:03:50+00:00\",\"breadcrumb\":{\"@id\":\"https:\\\/\\\/cappiello.fr\\\/en\\\/produit\\\/melle-sorel\\\/#breadcrumb\"},\"inLanguage\":\"en-US\",\"potentialAction\":[{\"@type\":\"ReadAction\",\"target\":[\"https:\\\/\\\/cappiello.fr\\\/en\\\/produit\\\/melle-sorel\\\/\"]}]},{\"@type\":\"ImageObject\",\"inLanguage\":\"en-US\",\"@id\":\"https:\\\/\\\/cappiello.fr\\\/en\\\/produit\\\/melle-sorel\\\/#primaryimage\",\"url\":\"https:\\\/\\\/cappiello.fr\\\/wp-content\\\/uploads\\\/2026\\\/01\\\/Melle-Sorel-dans-Les-Antibel-a-l-Odeon-caricature-de-Cappiello.jpg\",\"contentUrl\":\"https:\\\/\\\/cappiello.fr\\\/wp-content\\\/uploads\\\/2026\\\/01\\\/Melle-Sorel-dans-Les-Antibel-a-l-Odeon-caricature-de-Cappiello.jpg\",\"width\":529,\"height\":800,\"caption\":\"Melle. Sorel (Dans Les Antibel, \u00e0 l'Od\u00e9on), caricature de Cappiello\"},{\"@type\":\"BreadcrumbList\",\"@id\":\"https:\\\/\\\/cappiello.fr\\\/en\\\/produit\\\/melle-sorel\\\/#breadcrumb\",\"itemListElement\":[{\"@type\":\"ListItem\",\"position\":1,\"name\":\"Accueil\",\"item\":\"https:\\\/\\\/cappiello.fr\\\/en\\\/\"},{\"@type\":\"ListItem\",\"position\":2,\"name\":\"The works\",\"item\":\"https:\\\/\\\/cappiello.fr\\\/en\\\/the-works\\\/\"},{\"@type\":\"ListItem\",\"position\":3,\"name\":\"Mlle Sorel\"}]},{\"@type\":\"WebSite\",\"@id\":\"https:\\\/\\\/cappiello.fr\\\/en\\\/#website\",\"url\":\"https:\\\/\\\/cappiello.fr\\\/en\\\/\",\"name\":\"Catalogue raisonn\u00e9 de Leonetto Cappiello\",\"description\":\"Plongez dans l&#039;univers de Leonetto Cappiello, le p\u00e8re de la publicit\u00e9 moderne\",\"potentialAction\":[{\"@type\":\"SearchAction\",\"target\":{\"@type\":\"EntryPoint\",\"urlTemplate\":\"https:\\\/\\\/cappiello.fr\\\/en\\\/?s={search_term_string}\"},\"query-input\":{\"@type\":\"PropertyValueSpecification\",\"valueRequired\":true,\"valueName\":\"search_term_string\"}}],\"inLanguage\":\"en-US\"}]}<\/script>\n<meta property=\"product:price:currency\" content=\"EUR\" \/>\n<meta property=\"og:availability\" content=\"instock\" \/>\n<meta property=\"product:availability\" content=\"instock\" \/>\n<meta property=\"product:retailer_item_id\" content=\"R08\" \/>\n<meta property=\"product:condition\" content=\"new\" \/>\n<!-- \/ Yoast SEO Premium plugin. -->","yoast_head_json":{"title":"Mlle Sorel - Catalogue raisonn\u00e9 de Leonetto Cappiello","robots":{"index":"index","follow":"follow","max-snippet":"max-snippet:-1","max-image-preview":"max-image-preview:large","max-video-preview":"max-video-preview:-1"},"canonical":"https:\/\/cappiello.fr\/en\/produit\/melle-sorel\/","og_locale":"en_US","og_type":"article","og_title":"Mlle Sorel","og_description":"R08 : Mlle Sorel (Dans Les Antibel, \u00e0 l'Od\u00e9on) - Les Contemporaines n\u00b0V. Publi\u00e9 dans Le Rire n\u00b0225, derni\u00e8re page. R08a : Original R08b : Croquis du buste sans t\u00eate de C\u00e9cile Sorel RF 37608 : Vignette  RF 37610 : Vignette  RF 37611 : Vignette : C\u00e9cile Sorel dans Les Antibel  RF 37612 : Vignette","og_url":"https:\/\/cappiello.fr\/en\/produit\/melle-sorel\/","og_site_name":"Catalogue raisonn\u00e9 de Leonetto Cappiello","article_modified_time":"2026-04-10T09:03:50+00:00","og_image":[{"width":529,"height":800,"url":"https:\/\/cappiello.fr\/wp-content\/uploads\/2026\/01\/Melle-Sorel-dans-Les-Antibel-a-l-Odeon-caricature-de-Cappiello.jpg","type":"image\/jpeg"}],"twitter_card":"summary_large_image","twitter_misc":{"Price":"","Availability":"In stock"},"schema":{"@context":"https:\/\/schema.org","@graph":[{"@type":["WebPage","ItemPage"],"@id":"https:\/\/cappiello.fr\/en\/produit\/melle-sorel\/","url":"https:\/\/cappiello.fr\/en\/produit\/melle-sorel\/","name":"Mlle Sorel - Catalogue raisonn\u00e9 de Leonetto Cappiello","isPartOf":{"@id":"https:\/\/cappiello.fr\/en\/#website"},"primaryImageOfPage":{"@id":"https:\/\/cappiello.fr\/en\/produit\/melle-sorel\/#primaryimage"},"image":{"@id":"https:\/\/cappiello.fr\/en\/produit\/melle-sorel\/#primaryimage"},"thumbnailUrl":"https:\/\/cappiello.fr\/wp-content\/uploads\/2026\/01\/Melle-Sorel-dans-Les-Antibel-a-l-Odeon-caricature-de-Cappiello.jpg","datePublished":"1899-02-25T18:42:15+00:00","dateModified":"2026-04-10T09:03:50+00:00","breadcrumb":{"@id":"https:\/\/cappiello.fr\/en\/produit\/melle-sorel\/#breadcrumb"},"inLanguage":"en-US","potentialAction":[{"@type":"ReadAction","target":["https:\/\/cappiello.fr\/en\/produit\/melle-sorel\/"]}]},{"@type":"ImageObject","inLanguage":"en-US","@id":"https:\/\/cappiello.fr\/en\/produit\/melle-sorel\/#primaryimage","url":"https:\/\/cappiello.fr\/wp-content\/uploads\/2026\/01\/Melle-Sorel-dans-Les-Antibel-a-l-Odeon-caricature-de-Cappiello.jpg","contentUrl":"https:\/\/cappiello.fr\/wp-content\/uploads\/2026\/01\/Melle-Sorel-dans-Les-Antibel-a-l-Odeon-caricature-de-Cappiello.jpg","width":529,"height":800,"caption":"Melle. Sorel (Dans Les Antibel, \u00e0 l'Od\u00e9on), caricature de Cappiello"},{"@type":"BreadcrumbList","@id":"https:\/\/cappiello.fr\/en\/produit\/melle-sorel\/#breadcrumb","itemListElement":[{"@type":"ListItem","position":1,"name":"Accueil","item":"https:\/\/cappiello.fr\/en\/"},{"@type":"ListItem","position":2,"name":"The works","item":"https:\/\/cappiello.fr\/en\/the-works\/"},{"@type":"ListItem","position":3,"name":"Mlle Sorel"}]},{"@type":"WebSite","@id":"https:\/\/cappiello.fr\/en\/#website","url":"https:\/\/cappiello.fr\/en\/","name":"Catalogue raisonn\u00e9 de Leonetto Cappiello","description":"Plongez dans l&#039;univers de Leonetto Cappiello, le p\u00e8re de la publicit\u00e9 moderne","potentialAction":[{"@type":"SearchAction","target":{"@type":"EntryPoint","urlTemplate":"https:\/\/cappiello.fr\/en\/?s={search_term_string}"},"query-input":{"@type":"PropertyValueSpecification","valueRequired":true,"valueName":"search_term_string"}}],"inLanguage":"en-US"}]},"product_price_currency":"EUR","og_availability":"instock","product_availability":"instock","product_retailer_item_id":"R08","product_condition":"new"},"_links":{"self":[{"href":"https:\/\/cappiello.fr\/en\/wp-json\/wp\/v2\/product\/136199","targetHints":{"allow":["GET"]}}],"collection":[{"href":"https:\/\/cappiello.fr\/en\/wp-json\/wp\/v2\/product"}],"about":[{"href":"https:\/\/cappiello.fr\/en\/wp-json\/wp\/v2\/types\/product"}],"wp:featuredmedia":[{"embeddable":true,"href":"https:\/\/cappiello.fr\/en\/wp-json\/wp\/v2\/media\/136201"}],"wp:attachment":[{"href":"https:\/\/cappiello.fr\/en\/wp-json\/wp\/v2\/media?parent=136199"}],"wp:term":[{"taxonomy":"type-doeuvre","embeddable":true,"href":"https:\/\/cappiello.fr\/en\/wp-json\/wp\/v2\/type-doeuvre?post=136199"},{"taxonomy":"product_brand","embeddable":true,"href":"https:\/\/cappiello.fr\/en\/wp-json\/wp\/v2\/product_brand?post=136199"},{"taxonomy":"product_cat","embeddable":true,"href":"https:\/\/cappiello.fr\/en\/wp-json\/wp\/v2\/product_cat?post=136199"},{"taxonomy":"product_tag","embeddable":true,"href":"https:\/\/cappiello.fr\/en\/wp-json\/wp\/v2\/product_tag?post=136199"}],"curies":[{"name":"wp","href":"https:\/\/api.w.org\/{rel}","templated":true}]}}