{"id":136211,"date":"1899-03-18T11:36:06","date_gmt":"1899-03-18T11:26:45","guid":{"rendered":"https:\/\/cappiello.fr\/?post_type=product&#038;p=136211"},"modified":"2026-04-19T22:45:48","modified_gmt":"2026-04-19T20:45:48","slug":"vieux-marcheur-le-2","status":"publish","type":"product","link":"https:\/\/cappiello.fr\/en\/produit\/vieux-marcheur-le-2\/","title":{"rendered":"Vieux Marcheur (Le)"},"content":{"rendered":"<p>L\u00e9gende \u00e0 gauche :<Br><br \/>\nL\u00e9ontine Falempin, c&#8217;est la d\u00e9licieuse, la toujours plus spirituelle Granier, \u00e9tincelante de finesse, de comique gracieux, de verve mordante, une des plus parfaites com\u00e9diennes de ce temps. Jeune \u00e9l\u00e8ve des Tourniquets, vous dont elle orne le c\u0153ur et l&#8217;esprit, si vous allez seulement \u00e0 la moiti\u00e9 de son chemin, vous irez loin.<Br><br \/>\nL\u00e9gende au milieu :<Br><br \/>\nIl y a aussi, parmi les personnages dont auxquels nous avons l&#8217;honneur de vous pr\u00e9senter, une certaine Marie Avoine, et m\u00eame un peu folle avoine, qui est une bien dr\u00f4le de fille. Elle a bien du talent, la dame qui joue ce r\u00f4le l\u00e0, et il faut qu&#8217;elle en ait, car le r\u00f4le est si bizarre qu&#8217;on a bien de la peine \u00e0 Lavalli\u00e8re.<Br><br \/>\nL\u00e9gende \u00e0 droite :<Br><br \/>\nLe vieux marcheur, c&#8217;est Albert Brasseur. Qui vouliez-vous que ce f\u00fbt, qui (Hein, Lavedan, on n&#8217;en trouve pas des tournures de phrases comme \u00e7a, chez vos birbes du Pont-des-Arts), mais \u00eatre le p\u00e8re Labosse avec autant de naturel et de rondeur, de fantaisie et de vie, si j&#8217;ose m&#8217;exprimer de la sorte. Ceux qui entendirent nagu\u00e8re Brasseur p\u00e8re aux grands jours du Palais-Royal (\u00e7a ne les rajeunit pas), ne virent rien de plus gai et de mieux fait, ce qui n&#8217;est pas peu dire.<Br><br \/>\nOnt jou\u00e9 dans cette pi\u00e8ce:<Br><br \/>\n&#8211; Jeanne Granier dans le r\u00f4le de L\u00e9ontine Falempin,<Br><br \/>\n&#8211; \u00c8ve Lavalli\u00e8re dans celui de Marie Avoine,<Br><br \/>\n&#8211; Albert Brasseur dans celui de p\u00e8re Labosse,<Br><br \/>\n&#8211; Marcelle Lender dans celui de Glaves,<Br><br \/>\n&#8211; Saturnin Fabre dans celui de M. Giroux-Jodart.<Br><br \/>\nPour cette pi\u00e8ce, un portrait de Marcelle Lender (NA12) et d&#8217;\u00c8ve Lavalli\u00e8re (NA13) paraissent dans Nos Actrices en 1899 . Tous les dessins concernant Le Vieux marcheur sont repris dans Les Feux de La Rampe n\u00b0 87 du 1er avril 1899.<Br><br \/>\nOn notera que nous sommes en pr\u00e9sence d&#8217;une des premi\u00e8res bandes dessin\u00e9es.<Br><br \/>\nRemarque concernant Albert Brasseur : c&#8217;est \u00abun comique tout en tact et en finesse\u00bb. ll est le fils de l&#8217;ancien directeur des Nouveaut\u00e9s, Jules Brasseur, l&#8217;un des meilleurs acteurs de Labiche (Gidel, p.194,220). Barillet \u00e9crira : \u00ab ll poss\u00e8de l&#8217;ampleur, la sobri\u00e9t\u00e9 et une sinc\u00e9rit\u00e9 qui, jusque dans les personnages les plus outr\u00e9s, caricaturaux, lui permet de toujours rester vrai.\u00bb Les Seigneurs du Rire, p. 611.<\/p>\n","protected":false},"excerpt":{"rendered":"<p>R10 : Le Vieux Marcheur, pi\u00e8ce en quatre actes, de M. LAVEDAN, l&#8217;acad\u00e9micien du th\u00e9\u00e2tre des Vari\u00e9t\u00e9s, publi\u00e9 dans <em>Le Rire<\/em> n\u00b0228 page 7.<Br><br \/>\nR10a : Dessin original reprenant 5 des 7 sc\u00e8nes publi\u00e9es dans <em>Le Rire<\/em> page 6, 7 et 8 respectivement sous les num\u00e9ros R09, R10 et R11. R10a est le dessin R09a tourn\u00e9 de 180 degr\u00e9s. Au dos du dessin se trouve une esquisse d&#8217;\u00c8ve Lavalli\u00e8re \u00e0 la mine de plomb (cachet de l&#8217;Atelier en bas \u00e0 droite).<\/p>\n","protected":false},"featured_media":136212,"template":"","meta":{"_acf_changed":false},"type-doeuvre":[4056],"product_brand":[],"product_cat":[4068],"product_tag":[4102,3401],"class_list":{"0":"post-136211","1":"product","2":"type-product","3":"status-publish","4":"has-post-thumbnail","6":"type-doeuvre-caricatures","7":"product_cat-groupe-dacteurs","8":"product_tag-bande-dessinee","9":"product_tag-sun-en-14","10":"pa_type-de-contenu-caricature-de-divertissement","12":"first","13":"instock","14":"shipping-taxable","15":"product-type-simple"},"acf":[],"yoast_head":"<!-- This site is optimized with the Yoast SEO Premium plugin v27.0 (Yoast SEO v27.4) - https:\/\/yoast.com\/product\/yoast-seo-premium-wordpress\/ -->\n<title>Vieux Marcheur (Le) - Catalogue raisonn\u00e9 de Leonetto Cappiello<\/title>\n<meta name=\"robots\" content=\"index, follow, max-snippet:-1, max-image-preview:large, max-video-preview:-1\" \/>\n<link rel=\"canonical\" href=\"https:\/\/cappiello.fr\/en\/produit\/vieux-marcheur-le-2\/\" \/>\n<meta property=\"og:locale\" content=\"en_US\" \/>\n<meta property=\"og:type\" content=\"article\" \/>\n<meta property=\"og:title\" content=\"Vieux Marcheur (Le)\" \/>\n<meta property=\"og:description\" content=\"R10 : Le Vieux Marcheur, pi\u00e8ce en quatre actes, de M. LAVEDAN, l&#039;acad\u00e9micien du th\u00e9\u00e2tre des Vari\u00e9t\u00e9s, publi\u00e9 dans Le Rire n\u00b0228 page 7. R10a : Dessin original reprenant 5 des 7 sc\u00e8nes publi\u00e9es dans Le Rire page 6, 7 et 8 respectivement sous les num\u00e9ros R09, R10 et R11. R10a est le dessin R09a tourn\u00e9 de 180 degr\u00e9s. Au dos du dessin se trouve une esquisse d&#039;\u00c8ve Lavalli\u00e8re \u00e0 la mine de plomb (cachet de l&#039;Atelier en bas \u00e0 droite).\" \/>\n<meta property=\"og:url\" content=\"https:\/\/cappiello.fr\/en\/produit\/vieux-marcheur-le-2\/\" \/>\n<meta property=\"og:site_name\" content=\"Catalogue raisonn\u00e9 de Leonetto Cappiello\" \/>\n<meta property=\"article:modified_time\" content=\"2026-04-19T20:45:48+00:00\" \/>\n<meta property=\"og:image\" content=\"https:\/\/cappiello.fr\/wp-content\/uploads\/2026\/01\/Le-Vieux-Marcheur-caricature-de-Cappiello-2.jpg\" \/>\n\t<meta property=\"og:image:width\" content=\"1187\" \/>\n\t<meta property=\"og:image:height\" content=\"800\" \/>\n\t<meta property=\"og:image:type\" content=\"image\/jpeg\" \/>\n<meta name=\"twitter:card\" content=\"summary_large_image\" \/>\n<meta name=\"twitter:label1\" content=\"Price\" \/>\n\t<meta name=\"twitter:data1\" content=\"\" \/>\n\t<meta name=\"twitter:label2\" content=\"Availability\" \/>\n\t<meta name=\"twitter:data2\" content=\"In stock\" \/>\n<script type=\"application\/ld+json\" class=\"yoast-schema-graph\">{\"@context\":\"https:\\\/\\\/schema.org\",\"@graph\":[{\"@type\":[\"WebPage\",\"ItemPage\"],\"@id\":\"https:\\\/\\\/cappiello.fr\\\/en\\\/produit\\\/vieux-marcheur-le-2\\\/\",\"url\":\"https:\\\/\\\/cappiello.fr\\\/en\\\/produit\\\/vieux-marcheur-le-2\\\/\",\"name\":\"Vieux Marcheur (Le) - Catalogue raisonn\u00e9 de Leonetto Cappiello\",\"isPartOf\":{\"@id\":\"https:\\\/\\\/cappiello.fr\\\/en\\\/#website\"},\"primaryImageOfPage\":{\"@id\":\"https:\\\/\\\/cappiello.fr\\\/en\\\/produit\\\/vieux-marcheur-le-2\\\/#primaryimage\"},\"image\":{\"@id\":\"https:\\\/\\\/cappiello.fr\\\/en\\\/produit\\\/vieux-marcheur-le-2\\\/#primaryimage\"},\"thumbnailUrl\":\"https:\\\/\\\/cappiello.fr\\\/wp-content\\\/uploads\\\/2026\\\/01\\\/Le-Vieux-Marcheur-caricature-de-Cappiello-2.jpg\",\"datePublished\":\"1899-03-18T11:26:45+00:00\",\"dateModified\":\"2026-04-19T20:45:48+00:00\",\"breadcrumb\":{\"@id\":\"https:\\\/\\\/cappiello.fr\\\/en\\\/produit\\\/vieux-marcheur-le-2\\\/#breadcrumb\"},\"inLanguage\":\"en-US\",\"potentialAction\":[{\"@type\":\"ReadAction\",\"target\":[\"https:\\\/\\\/cappiello.fr\\\/en\\\/produit\\\/vieux-marcheur-le-2\\\/\"]}]},{\"@type\":\"ImageObject\",\"inLanguage\":\"en-US\",\"@id\":\"https:\\\/\\\/cappiello.fr\\\/en\\\/produit\\\/vieux-marcheur-le-2\\\/#primaryimage\",\"url\":\"https:\\\/\\\/cappiello.fr\\\/wp-content\\\/uploads\\\/2026\\\/01\\\/Le-Vieux-Marcheur-caricature-de-Cappiello-2.jpg\",\"contentUrl\":\"https:\\\/\\\/cappiello.fr\\\/wp-content\\\/uploads\\\/2026\\\/01\\\/Le-Vieux-Marcheur-caricature-de-Cappiello-2.jpg\",\"width\":1187,\"height\":800,\"caption\":\"Le Vieux Marcheur, page 7, caricature de Cappiello\"},{\"@type\":\"BreadcrumbList\",\"@id\":\"https:\\\/\\\/cappiello.fr\\\/en\\\/produit\\\/vieux-marcheur-le-2\\\/#breadcrumb\",\"itemListElement\":[{\"@type\":\"ListItem\",\"position\":1,\"name\":\"Accueil\",\"item\":\"https:\\\/\\\/cappiello.fr\\\/en\\\/\"},{\"@type\":\"ListItem\",\"position\":2,\"name\":\"The works\",\"item\":\"https:\\\/\\\/cappiello.fr\\\/en\\\/the-works\\\/\"},{\"@type\":\"ListItem\",\"position\":3,\"name\":\"Vieux Marcheur (Le)\"}]},{\"@type\":\"WebSite\",\"@id\":\"https:\\\/\\\/cappiello.fr\\\/en\\\/#website\",\"url\":\"https:\\\/\\\/cappiello.fr\\\/en\\\/\",\"name\":\"Catalogue raisonn\u00e9 de Leonetto Cappiello\",\"description\":\"Plongez dans l&#039;univers de Leonetto Cappiello, le p\u00e8re de la publicit\u00e9 moderne\",\"potentialAction\":[{\"@type\":\"SearchAction\",\"target\":{\"@type\":\"EntryPoint\",\"urlTemplate\":\"https:\\\/\\\/cappiello.fr\\\/en\\\/?s={search_term_string}\"},\"query-input\":{\"@type\":\"PropertyValueSpecification\",\"valueRequired\":true,\"valueName\":\"search_term_string\"}}],\"inLanguage\":\"en-US\"}]}<\/script>\n<meta property=\"product:price:currency\" content=\"EUR\" \/>\n<meta property=\"og:availability\" content=\"instock\" \/>\n<meta property=\"product:availability\" content=\"instock\" \/>\n<meta property=\"product:retailer_item_id\" content=\"R10\" \/>\n<meta property=\"product:condition\" content=\"new\" \/>\n<!-- \/ Yoast SEO Premium plugin. -->","yoast_head_json":{"title":"Vieux Marcheur (Le) - Catalogue raisonn\u00e9 de Leonetto Cappiello","robots":{"index":"index","follow":"follow","max-snippet":"max-snippet:-1","max-image-preview":"max-image-preview:large","max-video-preview":"max-video-preview:-1"},"canonical":"https:\/\/cappiello.fr\/en\/produit\/vieux-marcheur-le-2\/","og_locale":"en_US","og_type":"article","og_title":"Vieux Marcheur (Le)","og_description":"R10 : Le Vieux Marcheur, pi\u00e8ce en quatre actes, de M. LAVEDAN, l'acad\u00e9micien du th\u00e9\u00e2tre des Vari\u00e9t\u00e9s, publi\u00e9 dans Le Rire n\u00b0228 page 7. R10a : Dessin original reprenant 5 des 7 sc\u00e8nes publi\u00e9es dans Le Rire page 6, 7 et 8 respectivement sous les num\u00e9ros R09, R10 et R11. R10a est le dessin R09a tourn\u00e9 de 180 degr\u00e9s. Au dos du dessin se trouve une esquisse d'\u00c8ve Lavalli\u00e8re \u00e0 la mine de plomb (cachet de l'Atelier en bas \u00e0 droite).","og_url":"https:\/\/cappiello.fr\/en\/produit\/vieux-marcheur-le-2\/","og_site_name":"Catalogue raisonn\u00e9 de Leonetto Cappiello","article_modified_time":"2026-04-19T20:45:48+00:00","og_image":[{"width":1187,"height":800,"url":"https:\/\/cappiello.fr\/wp-content\/uploads\/2026\/01\/Le-Vieux-Marcheur-caricature-de-Cappiello-2.jpg","type":"image\/jpeg"}],"twitter_card":"summary_large_image","twitter_misc":{"Price":"","Availability":"In stock"},"schema":{"@context":"https:\/\/schema.org","@graph":[{"@type":["WebPage","ItemPage"],"@id":"https:\/\/cappiello.fr\/en\/produit\/vieux-marcheur-le-2\/","url":"https:\/\/cappiello.fr\/en\/produit\/vieux-marcheur-le-2\/","name":"Vieux Marcheur (Le) - Catalogue raisonn\u00e9 de Leonetto Cappiello","isPartOf":{"@id":"https:\/\/cappiello.fr\/en\/#website"},"primaryImageOfPage":{"@id":"https:\/\/cappiello.fr\/en\/produit\/vieux-marcheur-le-2\/#primaryimage"},"image":{"@id":"https:\/\/cappiello.fr\/en\/produit\/vieux-marcheur-le-2\/#primaryimage"},"thumbnailUrl":"https:\/\/cappiello.fr\/wp-content\/uploads\/2026\/01\/Le-Vieux-Marcheur-caricature-de-Cappiello-2.jpg","datePublished":"1899-03-18T11:26:45+00:00","dateModified":"2026-04-19T20:45:48+00:00","breadcrumb":{"@id":"https:\/\/cappiello.fr\/en\/produit\/vieux-marcheur-le-2\/#breadcrumb"},"inLanguage":"en-US","potentialAction":[{"@type":"ReadAction","target":["https:\/\/cappiello.fr\/en\/produit\/vieux-marcheur-le-2\/"]}]},{"@type":"ImageObject","inLanguage":"en-US","@id":"https:\/\/cappiello.fr\/en\/produit\/vieux-marcheur-le-2\/#primaryimage","url":"https:\/\/cappiello.fr\/wp-content\/uploads\/2026\/01\/Le-Vieux-Marcheur-caricature-de-Cappiello-2.jpg","contentUrl":"https:\/\/cappiello.fr\/wp-content\/uploads\/2026\/01\/Le-Vieux-Marcheur-caricature-de-Cappiello-2.jpg","width":1187,"height":800,"caption":"Le Vieux Marcheur, page 7, caricature de Cappiello"},{"@type":"BreadcrumbList","@id":"https:\/\/cappiello.fr\/en\/produit\/vieux-marcheur-le-2\/#breadcrumb","itemListElement":[{"@type":"ListItem","position":1,"name":"Accueil","item":"https:\/\/cappiello.fr\/en\/"},{"@type":"ListItem","position":2,"name":"The works","item":"https:\/\/cappiello.fr\/en\/the-works\/"},{"@type":"ListItem","position":3,"name":"Vieux Marcheur (Le)"}]},{"@type":"WebSite","@id":"https:\/\/cappiello.fr\/en\/#website","url":"https:\/\/cappiello.fr\/en\/","name":"Catalogue raisonn\u00e9 de Leonetto Cappiello","description":"Plongez dans l&#039;univers de Leonetto Cappiello, le p\u00e8re de la publicit\u00e9 moderne","potentialAction":[{"@type":"SearchAction","target":{"@type":"EntryPoint","urlTemplate":"https:\/\/cappiello.fr\/en\/?s={search_term_string}"},"query-input":{"@type":"PropertyValueSpecification","valueRequired":true,"valueName":"search_term_string"}}],"inLanguage":"en-US"}]},"product_price_currency":"EUR","og_availability":"instock","product_availability":"instock","product_retailer_item_id":"R10","product_condition":"new"},"_links":{"self":[{"href":"https:\/\/cappiello.fr\/en\/wp-json\/wp\/v2\/product\/136211","targetHints":{"allow":["GET"]}}],"collection":[{"href":"https:\/\/cappiello.fr\/en\/wp-json\/wp\/v2\/product"}],"about":[{"href":"https:\/\/cappiello.fr\/en\/wp-json\/wp\/v2\/types\/product"}],"wp:featuredmedia":[{"embeddable":true,"href":"https:\/\/cappiello.fr\/en\/wp-json\/wp\/v2\/media\/136212"}],"wp:attachment":[{"href":"https:\/\/cappiello.fr\/en\/wp-json\/wp\/v2\/media?parent=136211"}],"wp:term":[{"taxonomy":"type-doeuvre","embeddable":true,"href":"https:\/\/cappiello.fr\/en\/wp-json\/wp\/v2\/type-doeuvre?post=136211"},{"taxonomy":"product_brand","embeddable":true,"href":"https:\/\/cappiello.fr\/en\/wp-json\/wp\/v2\/product_brand?post=136211"},{"taxonomy":"product_cat","embeddable":true,"href":"https:\/\/cappiello.fr\/en\/wp-json\/wp\/v2\/product_cat?post=136211"},{"taxonomy":"product_tag","embeddable":true,"href":"https:\/\/cappiello.fr\/en\/wp-json\/wp\/v2\/product_tag?post=136211"}],"curies":[{"name":"wp","href":"https:\/\/api.w.org\/{rel}","templated":true}]}}