{"id":136275,"date":"1899-06-24T10:40:53","date_gmt":"1899-06-24T10:31:32","guid":{"rendered":"https:\/\/cappiello.fr\/?post_type=product&#038;p=136275"},"modified":"2026-04-10T14:27:06","modified_gmt":"2026-04-10T12:27:06","slug":"allee-des-acacias-l-2","status":"publish","type":"product","link":"https:\/\/cappiello.fr\/en\/produit\/allee-des-acacias-l-2\/","title":{"rendered":"All\u00e9e des Acacias (L&#8217;)"},"content":{"rendered":"<p>L\u00e9gendes : <em>Au Bois de Boulogne<\/em><Br><br \/>\n<em>L&#8217;All\u00e9e des Acacias<\/em>.<Br><br \/>\nOn reconna\u00eet, de gauche \u00e0 droite : Jeanne Bloch, Granier, R\u00e9jane, <a href=\"https:\/\/cappiello.fr\/en\/produit\/polaire-a-la-scala\/\" target=\"_blank\">Polaire<\/a>, Sorel, Fordyce,\u00a0 Balthy.<Br><br \/>\nIl est d&#8217;usage, \u00e0 cette \u00e9poque, pour les personnalit\u00e9s du \u00abTout Paris\u00bb d&#8217;afficher leur c\u00e9l\u00e9brit\u00e9 ou leur \u00abtrain de vie\u00bb dans un \u00e9quipage plus ou moins somptueux, sur une des avenues prestigieuses du Bois de Boulogne.<\/p>\n","protected":false},"excerpt":{"rendered":"<p>R19 : Sc\u00e8ne caricaturale publi\u00e9e dans <em>Le Rire<\/em> n\u00b0 242 page 4 et 5.<\/p>\n","protected":false},"featured_media":136451,"template":"","meta":{"_acf_changed":false},"type-doeuvre":[4056],"product_brand":[],"product_cat":[4068],"product_tag":[3480,3318,3453,3401],"class_list":{"0":"post-136275","1":"product","2":"type-product","3":"status-publish","4":"has-post-thumbnail","6":"type-doeuvre-caricatures","7":"product_cat-groupe-dacteurs","8":"product_tag-pre-en-3","9":"product_tag-woman-en-2","10":"product_tag-mountain-dweller","11":"product_tag-sun-en-14","12":"pa_type-de-contenu-caricature-de-divertissement","14":"first","15":"instock","16":"shipping-taxable","17":"product-type-simple"},"acf":[],"yoast_head":"<!-- This site is optimized with the Yoast SEO Premium plugin v27.0 (Yoast SEO v27.4) - https:\/\/yoast.com\/product\/yoast-seo-premium-wordpress\/ -->\n<title>All\u00e9e des Acacias (L&#039;) - Catalogue raisonn\u00e9 de Leonetto Cappiello<\/title>\n<meta name=\"robots\" content=\"index, follow, max-snippet:-1, max-image-preview:large, max-video-preview:-1\" \/>\n<link rel=\"canonical\" href=\"https:\/\/cappiello.fr\/en\/produit\/allee-des-acacias-l-2\/\" \/>\n<meta property=\"og:locale\" content=\"en_US\" \/>\n<meta property=\"og:type\" content=\"article\" \/>\n<meta property=\"og:title\" content=\"All\u00e9e des Acacias (L&#039;)\" \/>\n<meta property=\"og:description\" content=\"R19 : Sc\u00e8ne caricaturale publi\u00e9e dans Le Rire n\u00b0 242 page 4 et 5.\" \/>\n<meta property=\"og:url\" content=\"https:\/\/cappiello.fr\/en\/produit\/allee-des-acacias-l-2\/\" \/>\n<meta property=\"og:site_name\" content=\"Catalogue raisonn\u00e9 de Leonetto Cappiello\" \/>\n<meta property=\"article:modified_time\" content=\"2026-04-10T12:27:06+00:00\" \/>\n<meta property=\"og:image\" content=\"https:\/\/cappiello.fr\/wp-content\/uploads\/1899\/06\/Allee-des-Acacias-caricature-Cappiello.jpg\" \/>\n\t<meta property=\"og:image:width\" content=\"1204\" \/>\n\t<meta property=\"og:image:height\" content=\"800\" \/>\n\t<meta property=\"og:image:type\" content=\"image\/jpeg\" \/>\n<meta name=\"twitter:card\" content=\"summary_large_image\" \/>\n<meta name=\"twitter:label1\" content=\"Price\" \/>\n\t<meta name=\"twitter:data1\" content=\"\" \/>\n\t<meta name=\"twitter:label2\" content=\"Availability\" \/>\n\t<meta name=\"twitter:data2\" content=\"In stock\" \/>\n<script type=\"application\/ld+json\" class=\"yoast-schema-graph\">{\"@context\":\"https:\\\/\\\/schema.org\",\"@graph\":[{\"@type\":[\"WebPage\",\"ItemPage\"],\"@id\":\"https:\\\/\\\/cappiello.fr\\\/en\\\/produit\\\/allee-des-acacias-l-2\\\/\",\"url\":\"https:\\\/\\\/cappiello.fr\\\/en\\\/produit\\\/allee-des-acacias-l-2\\\/\",\"name\":\"All\u00e9e des Acacias (L') - Catalogue raisonn\u00e9 de Leonetto Cappiello\",\"isPartOf\":{\"@id\":\"https:\\\/\\\/cappiello.fr\\\/en\\\/#website\"},\"primaryImageOfPage\":{\"@id\":\"https:\\\/\\\/cappiello.fr\\\/en\\\/produit\\\/allee-des-acacias-l-2\\\/#primaryimage\"},\"image\":{\"@id\":\"https:\\\/\\\/cappiello.fr\\\/en\\\/produit\\\/allee-des-acacias-l-2\\\/#primaryimage\"},\"thumbnailUrl\":\"https:\\\/\\\/cappiello.fr\\\/wp-content\\\/uploads\\\/1899\\\/06\\\/Allee-des-Acacias-caricature-Cappiello.jpg\",\"datePublished\":\"1899-06-24T10:31:32+00:00\",\"dateModified\":\"2026-04-10T12:27:06+00:00\",\"breadcrumb\":{\"@id\":\"https:\\\/\\\/cappiello.fr\\\/en\\\/produit\\\/allee-des-acacias-l-2\\\/#breadcrumb\"},\"inLanguage\":\"en-US\",\"potentialAction\":[{\"@type\":\"ReadAction\",\"target\":[\"https:\\\/\\\/cappiello.fr\\\/en\\\/produit\\\/allee-des-acacias-l-2\\\/\"]}]},{\"@type\":\"ImageObject\",\"inLanguage\":\"en-US\",\"@id\":\"https:\\\/\\\/cappiello.fr\\\/en\\\/produit\\\/allee-des-acacias-l-2\\\/#primaryimage\",\"url\":\"https:\\\/\\\/cappiello.fr\\\/wp-content\\\/uploads\\\/1899\\\/06\\\/Allee-des-Acacias-caricature-Cappiello.jpg\",\"contentUrl\":\"https:\\\/\\\/cappiello.fr\\\/wp-content\\\/uploads\\\/1899\\\/06\\\/Allee-des-Acacias-caricature-Cappiello.jpg\",\"width\":1204,\"height\":800,\"caption\":\"L'all\u00e9e des Acacias, caricature de Cappiello\"},{\"@type\":\"BreadcrumbList\",\"@id\":\"https:\\\/\\\/cappiello.fr\\\/en\\\/produit\\\/allee-des-acacias-l-2\\\/#breadcrumb\",\"itemListElement\":[{\"@type\":\"ListItem\",\"position\":1,\"name\":\"Accueil\",\"item\":\"https:\\\/\\\/cappiello.fr\\\/en\\\/\"},{\"@type\":\"ListItem\",\"position\":2,\"name\":\"The works\",\"item\":\"https:\\\/\\\/cappiello.fr\\\/en\\\/the-works\\\/\"},{\"@type\":\"ListItem\",\"position\":3,\"name\":\"All\u00e9e des Acacias (L&rsquo;)\"}]},{\"@type\":\"WebSite\",\"@id\":\"https:\\\/\\\/cappiello.fr\\\/en\\\/#website\",\"url\":\"https:\\\/\\\/cappiello.fr\\\/en\\\/\",\"name\":\"Catalogue raisonn\u00e9 de Leonetto Cappiello\",\"description\":\"Plongez dans l&#039;univers de Leonetto Cappiello, le p\u00e8re de la publicit\u00e9 moderne\",\"potentialAction\":[{\"@type\":\"SearchAction\",\"target\":{\"@type\":\"EntryPoint\",\"urlTemplate\":\"https:\\\/\\\/cappiello.fr\\\/en\\\/?s={search_term_string}\"},\"query-input\":{\"@type\":\"PropertyValueSpecification\",\"valueRequired\":true,\"valueName\":\"search_term_string\"}}],\"inLanguage\":\"en-US\"}]}<\/script>\n<meta property=\"product:price:currency\" content=\"EUR\" \/>\n<meta property=\"og:availability\" content=\"instock\" \/>\n<meta property=\"product:availability\" content=\"instock\" \/>\n<meta property=\"product:retailer_item_id\" content=\"R19\" \/>\n<meta property=\"product:condition\" content=\"new\" \/>\n<!-- \/ Yoast SEO Premium plugin. -->","yoast_head_json":{"title":"All\u00e9e des Acacias (L') - Catalogue raisonn\u00e9 de Leonetto Cappiello","robots":{"index":"index","follow":"follow","max-snippet":"max-snippet:-1","max-image-preview":"max-image-preview:large","max-video-preview":"max-video-preview:-1"},"canonical":"https:\/\/cappiello.fr\/en\/produit\/allee-des-acacias-l-2\/","og_locale":"en_US","og_type":"article","og_title":"All\u00e9e des Acacias (L')","og_description":"R19 : Sc\u00e8ne caricaturale publi\u00e9e dans Le Rire n\u00b0 242 page 4 et 5.","og_url":"https:\/\/cappiello.fr\/en\/produit\/allee-des-acacias-l-2\/","og_site_name":"Catalogue raisonn\u00e9 de Leonetto Cappiello","article_modified_time":"2026-04-10T12:27:06+00:00","og_image":[{"width":1204,"height":800,"url":"https:\/\/cappiello.fr\/wp-content\/uploads\/1899\/06\/Allee-des-Acacias-caricature-Cappiello.jpg","type":"image\/jpeg"}],"twitter_card":"summary_large_image","twitter_misc":{"Price":"","Availability":"In stock"},"schema":{"@context":"https:\/\/schema.org","@graph":[{"@type":["WebPage","ItemPage"],"@id":"https:\/\/cappiello.fr\/en\/produit\/allee-des-acacias-l-2\/","url":"https:\/\/cappiello.fr\/en\/produit\/allee-des-acacias-l-2\/","name":"All\u00e9e des Acacias (L') - Catalogue raisonn\u00e9 de Leonetto Cappiello","isPartOf":{"@id":"https:\/\/cappiello.fr\/en\/#website"},"primaryImageOfPage":{"@id":"https:\/\/cappiello.fr\/en\/produit\/allee-des-acacias-l-2\/#primaryimage"},"image":{"@id":"https:\/\/cappiello.fr\/en\/produit\/allee-des-acacias-l-2\/#primaryimage"},"thumbnailUrl":"https:\/\/cappiello.fr\/wp-content\/uploads\/1899\/06\/Allee-des-Acacias-caricature-Cappiello.jpg","datePublished":"1899-06-24T10:31:32+00:00","dateModified":"2026-04-10T12:27:06+00:00","breadcrumb":{"@id":"https:\/\/cappiello.fr\/en\/produit\/allee-des-acacias-l-2\/#breadcrumb"},"inLanguage":"en-US","potentialAction":[{"@type":"ReadAction","target":["https:\/\/cappiello.fr\/en\/produit\/allee-des-acacias-l-2\/"]}]},{"@type":"ImageObject","inLanguage":"en-US","@id":"https:\/\/cappiello.fr\/en\/produit\/allee-des-acacias-l-2\/#primaryimage","url":"https:\/\/cappiello.fr\/wp-content\/uploads\/1899\/06\/Allee-des-Acacias-caricature-Cappiello.jpg","contentUrl":"https:\/\/cappiello.fr\/wp-content\/uploads\/1899\/06\/Allee-des-Acacias-caricature-Cappiello.jpg","width":1204,"height":800,"caption":"L'all\u00e9e des Acacias, caricature de Cappiello"},{"@type":"BreadcrumbList","@id":"https:\/\/cappiello.fr\/en\/produit\/allee-des-acacias-l-2\/#breadcrumb","itemListElement":[{"@type":"ListItem","position":1,"name":"Accueil","item":"https:\/\/cappiello.fr\/en\/"},{"@type":"ListItem","position":2,"name":"The works","item":"https:\/\/cappiello.fr\/en\/the-works\/"},{"@type":"ListItem","position":3,"name":"All\u00e9e des Acacias (L&rsquo;)"}]},{"@type":"WebSite","@id":"https:\/\/cappiello.fr\/en\/#website","url":"https:\/\/cappiello.fr\/en\/","name":"Catalogue raisonn\u00e9 de Leonetto Cappiello","description":"Plongez dans l&#039;univers de Leonetto Cappiello, le p\u00e8re de la publicit\u00e9 moderne","potentialAction":[{"@type":"SearchAction","target":{"@type":"EntryPoint","urlTemplate":"https:\/\/cappiello.fr\/en\/?s={search_term_string}"},"query-input":{"@type":"PropertyValueSpecification","valueRequired":true,"valueName":"search_term_string"}}],"inLanguage":"en-US"}]},"product_price_currency":"EUR","og_availability":"instock","product_availability":"instock","product_retailer_item_id":"R19","product_condition":"new"},"_links":{"self":[{"href":"https:\/\/cappiello.fr\/en\/wp-json\/wp\/v2\/product\/136275","targetHints":{"allow":["GET"]}}],"collection":[{"href":"https:\/\/cappiello.fr\/en\/wp-json\/wp\/v2\/product"}],"about":[{"href":"https:\/\/cappiello.fr\/en\/wp-json\/wp\/v2\/types\/product"}],"wp:featuredmedia":[{"embeddable":true,"href":"https:\/\/cappiello.fr\/en\/wp-json\/wp\/v2\/media\/136451"}],"wp:attachment":[{"href":"https:\/\/cappiello.fr\/en\/wp-json\/wp\/v2\/media?parent=136275"}],"wp:term":[{"taxonomy":"type-doeuvre","embeddable":true,"href":"https:\/\/cappiello.fr\/en\/wp-json\/wp\/v2\/type-doeuvre?post=136275"},{"taxonomy":"product_brand","embeddable":true,"href":"https:\/\/cappiello.fr\/en\/wp-json\/wp\/v2\/product_brand?post=136275"},{"taxonomy":"product_cat","embeddable":true,"href":"https:\/\/cappiello.fr\/en\/wp-json\/wp\/v2\/product_cat?post=136275"},{"taxonomy":"product_tag","embeddable":true,"href":"https:\/\/cappiello.fr\/en\/wp-json\/wp\/v2\/product_tag?post=136275"}],"curies":[{"name":"wp","href":"https:\/\/api.w.org\/{rel}","templated":true}]}}