{"id":136280,"date":"1899-09-09T10:58:42","date_gmt":"1899-09-09T10:49:21","guid":{"rendered":"https:\/\/cappiello.fr\/?post_type=product&#038;p=136280"},"modified":"2026-04-19T22:47:06","modified_gmt":"2026-04-19T20:47:06","slug":"yvette-guilbert","status":"publish","type":"product","link":"https:\/\/cappiello.fr\/en\/produit\/yvette-guilbert\/","title":{"rendered":"Yvette Guilbert"},"content":{"rendered":"<p>Yvette Guilbert donne ses lettres de noblesse au genre des \u00abdiseuses\u00bb. Un \u00abspectre de voix\u00bb, une diction hallucinante de pr\u00e9cision&#8230; Elle est la plus grande, l&#8217;incomparable, \u00ab bien autre chose qu&#8217;une ordinaire chanteuse de chansons\u00bb, selon Dussane (<em>Music-Hall<\/em> de Sall\u00e9e et Chauveau, p.14). <em>Le Divan japonais<\/em> sera sa voie d&#8217;acc\u00e8s \u00e0 la gloire. Parmi ses succ\u00e8s : <em>Le Fiacre<\/em>, <em>Madame Arthur.<\/em>.. Si Yvette Guilbert est l&#8217;ambassadrice de la chanson fran\u00e7aise \u00e0 l&#8217;\u00e9tranger, elle a aussi un penchant pour l&#8217;\u00e9criture, les romans, les \u00e9crits th\u00e9oriques sur l&#8217;art du chant qu&#8217;elle se pr\u00e9occupe d&#8217;enseigner (BnF exposition f\u00e9vrier-avril 1995).<Br><br \/>\nCe portrait para\u00eetra dans <em>Les Plaisirs de Paris<\/em> guide du \u00abRire\u00bb dans Paris et \u00e0 l&#8217;exposition de 1900, p. 37, \u00e9dit\u00e9 par F\u00e9lix Juven.<Br><\/p>\n","protected":false},"excerpt":{"rendered":"<p>R20 : Yvette Guilbert, Les Contemporaines n\u00b0VI, publi\u00e9 dans <em>Le Rire<\/em> n\u00b0253, derni\u00e8re page.<Br><br \/>\nRF 37569 : Vignette<Br><br \/>\nRF 37570 : Vignette<\/p>\n","protected":false},"featured_media":136282,"template":"","meta":{"_acf_changed":false},"type-doeuvre":[4056],"product_brand":[],"product_cat":[4067,4074],"product_tag":[3319],"class_list":{"0":"post-136280","1":"product","2":"type-product","3":"status-publish","4":"has-post-thumbnail","6":"type-doeuvre-caricatures","7":"product_cat-actrice","8":"product_cat-chanteur-populaire","9":"product_tag-woman-en-3","10":"pa_type-de-contenu-caricature-de-divertissement","12":"first","13":"instock","14":"shipping-taxable","15":"product-type-simple"},"acf":[],"yoast_head":"<!-- This site is optimized with the Yoast SEO Premium plugin v27.0 (Yoast SEO v27.4) - https:\/\/yoast.com\/product\/yoast-seo-premium-wordpress\/ -->\n<title>Yvette Guilbert - Catalogue raisonn\u00e9 de Leonetto Cappiello<\/title>\n<meta name=\"robots\" content=\"index, follow, max-snippet:-1, max-image-preview:large, max-video-preview:-1\" \/>\n<link rel=\"canonical\" href=\"https:\/\/cappiello.fr\/en\/produit\/yvette-guilbert\/\" \/>\n<meta property=\"og:locale\" content=\"en_US\" \/>\n<meta property=\"og:type\" content=\"article\" \/>\n<meta property=\"og:title\" content=\"Yvette Guilbert\" \/>\n<meta property=\"og:description\" content=\"R20 : Yvette Guilbert, Les Contemporaines n\u00b0VI, publi\u00e9 dans Le Rire n\u00b0253, derni\u00e8re page. RF 37569 : Vignette RF 37570 : Vignette\" \/>\n<meta property=\"og:url\" content=\"https:\/\/cappiello.fr\/en\/produit\/yvette-guilbert\/\" \/>\n<meta property=\"og:site_name\" content=\"Catalogue raisonn\u00e9 de Leonetto Cappiello\" \/>\n<meta property=\"article:modified_time\" content=\"2026-04-19T20:47:06+00:00\" \/>\n<meta property=\"og:image\" content=\"https:\/\/cappiello.fr\/wp-content\/uploads\/1899\/09\/Yvette-Guilbert-caricature-Cappiello.jpg\" \/>\n\t<meta property=\"og:image:width\" content=\"539\" \/>\n\t<meta property=\"og:image:height\" content=\"800\" \/>\n\t<meta property=\"og:image:type\" content=\"image\/jpeg\" \/>\n<meta name=\"twitter:card\" content=\"summary_large_image\" \/>\n<meta name=\"twitter:label1\" content=\"Price\" \/>\n\t<meta name=\"twitter:data1\" content=\"\" \/>\n\t<meta name=\"twitter:label2\" content=\"Availability\" \/>\n\t<meta name=\"twitter:data2\" content=\"In stock\" \/>\n<script type=\"application\/ld+json\" class=\"yoast-schema-graph\">{\"@context\":\"https:\\\/\\\/schema.org\",\"@graph\":[{\"@type\":[\"WebPage\",\"ItemPage\"],\"@id\":\"https:\\\/\\\/cappiello.fr\\\/en\\\/produit\\\/yvette-guilbert\\\/\",\"url\":\"https:\\\/\\\/cappiello.fr\\\/en\\\/produit\\\/yvette-guilbert\\\/\",\"name\":\"Yvette Guilbert - Catalogue raisonn\u00e9 de Leonetto Cappiello\",\"isPartOf\":{\"@id\":\"https:\\\/\\\/cappiello.fr\\\/en\\\/#website\"},\"primaryImageOfPage\":{\"@id\":\"https:\\\/\\\/cappiello.fr\\\/en\\\/produit\\\/yvette-guilbert\\\/#primaryimage\"},\"image\":{\"@id\":\"https:\\\/\\\/cappiello.fr\\\/en\\\/produit\\\/yvette-guilbert\\\/#primaryimage\"},\"thumbnailUrl\":\"https:\\\/\\\/cappiello.fr\\\/wp-content\\\/uploads\\\/1899\\\/09\\\/Yvette-Guilbert-caricature-Cappiello.jpg\",\"datePublished\":\"1899-09-09T10:49:21+00:00\",\"dateModified\":\"2026-04-19T20:47:06+00:00\",\"breadcrumb\":{\"@id\":\"https:\\\/\\\/cappiello.fr\\\/en\\\/produit\\\/yvette-guilbert\\\/#breadcrumb\"},\"inLanguage\":\"en-US\",\"potentialAction\":[{\"@type\":\"ReadAction\",\"target\":[\"https:\\\/\\\/cappiello.fr\\\/en\\\/produit\\\/yvette-guilbert\\\/\"]}]},{\"@type\":\"ImageObject\",\"inLanguage\":\"en-US\",\"@id\":\"https:\\\/\\\/cappiello.fr\\\/en\\\/produit\\\/yvette-guilbert\\\/#primaryimage\",\"url\":\"https:\\\/\\\/cappiello.fr\\\/wp-content\\\/uploads\\\/1899\\\/09\\\/Yvette-Guilbert-caricature-Cappiello.jpg\",\"contentUrl\":\"https:\\\/\\\/cappiello.fr\\\/wp-content\\\/uploads\\\/1899\\\/09\\\/Yvette-Guilbert-caricature-Cappiello.jpg\",\"width\":539,\"height\":800,\"caption\":\"Yvette Gilbert, caricature de Cappiello\"},{\"@type\":\"BreadcrumbList\",\"@id\":\"https:\\\/\\\/cappiello.fr\\\/en\\\/produit\\\/yvette-guilbert\\\/#breadcrumb\",\"itemListElement\":[{\"@type\":\"ListItem\",\"position\":1,\"name\":\"Accueil\",\"item\":\"https:\\\/\\\/cappiello.fr\\\/en\\\/\"},{\"@type\":\"ListItem\",\"position\":2,\"name\":\"The works\",\"item\":\"https:\\\/\\\/cappiello.fr\\\/en\\\/the-works\\\/\"},{\"@type\":\"ListItem\",\"position\":3,\"name\":\"Yvette Guilbert\"}]},{\"@type\":\"WebSite\",\"@id\":\"https:\\\/\\\/cappiello.fr\\\/en\\\/#website\",\"url\":\"https:\\\/\\\/cappiello.fr\\\/en\\\/\",\"name\":\"Catalogue raisonn\u00e9 de Leonetto Cappiello\",\"description\":\"Plongez dans l&#039;univers de Leonetto Cappiello, le p\u00e8re de la publicit\u00e9 moderne\",\"potentialAction\":[{\"@type\":\"SearchAction\",\"target\":{\"@type\":\"EntryPoint\",\"urlTemplate\":\"https:\\\/\\\/cappiello.fr\\\/en\\\/?s={search_term_string}\"},\"query-input\":{\"@type\":\"PropertyValueSpecification\",\"valueRequired\":true,\"valueName\":\"search_term_string\"}}],\"inLanguage\":\"en-US\"}]}<\/script>\n<meta property=\"product:price:currency\" content=\"EUR\" \/>\n<meta property=\"og:availability\" content=\"instock\" \/>\n<meta property=\"product:availability\" content=\"instock\" \/>\n<meta property=\"product:retailer_item_id\" content=\"R20\" \/>\n<meta property=\"product:condition\" content=\"new\" \/>\n<!-- \/ Yoast SEO Premium plugin. -->","yoast_head_json":{"title":"Yvette Guilbert - Catalogue raisonn\u00e9 de Leonetto Cappiello","robots":{"index":"index","follow":"follow","max-snippet":"max-snippet:-1","max-image-preview":"max-image-preview:large","max-video-preview":"max-video-preview:-1"},"canonical":"https:\/\/cappiello.fr\/en\/produit\/yvette-guilbert\/","og_locale":"en_US","og_type":"article","og_title":"Yvette Guilbert","og_description":"R20 : Yvette Guilbert, Les Contemporaines n\u00b0VI, publi\u00e9 dans Le Rire n\u00b0253, derni\u00e8re page. RF 37569 : Vignette RF 37570 : Vignette","og_url":"https:\/\/cappiello.fr\/en\/produit\/yvette-guilbert\/","og_site_name":"Catalogue raisonn\u00e9 de Leonetto Cappiello","article_modified_time":"2026-04-19T20:47:06+00:00","og_image":[{"width":539,"height":800,"url":"https:\/\/cappiello.fr\/wp-content\/uploads\/1899\/09\/Yvette-Guilbert-caricature-Cappiello.jpg","type":"image\/jpeg"}],"twitter_card":"summary_large_image","twitter_misc":{"Price":"","Availability":"In stock"},"schema":{"@context":"https:\/\/schema.org","@graph":[{"@type":["WebPage","ItemPage"],"@id":"https:\/\/cappiello.fr\/en\/produit\/yvette-guilbert\/","url":"https:\/\/cappiello.fr\/en\/produit\/yvette-guilbert\/","name":"Yvette Guilbert - Catalogue raisonn\u00e9 de Leonetto Cappiello","isPartOf":{"@id":"https:\/\/cappiello.fr\/en\/#website"},"primaryImageOfPage":{"@id":"https:\/\/cappiello.fr\/en\/produit\/yvette-guilbert\/#primaryimage"},"image":{"@id":"https:\/\/cappiello.fr\/en\/produit\/yvette-guilbert\/#primaryimage"},"thumbnailUrl":"https:\/\/cappiello.fr\/wp-content\/uploads\/1899\/09\/Yvette-Guilbert-caricature-Cappiello.jpg","datePublished":"1899-09-09T10:49:21+00:00","dateModified":"2026-04-19T20:47:06+00:00","breadcrumb":{"@id":"https:\/\/cappiello.fr\/en\/produit\/yvette-guilbert\/#breadcrumb"},"inLanguage":"en-US","potentialAction":[{"@type":"ReadAction","target":["https:\/\/cappiello.fr\/en\/produit\/yvette-guilbert\/"]}]},{"@type":"ImageObject","inLanguage":"en-US","@id":"https:\/\/cappiello.fr\/en\/produit\/yvette-guilbert\/#primaryimage","url":"https:\/\/cappiello.fr\/wp-content\/uploads\/1899\/09\/Yvette-Guilbert-caricature-Cappiello.jpg","contentUrl":"https:\/\/cappiello.fr\/wp-content\/uploads\/1899\/09\/Yvette-Guilbert-caricature-Cappiello.jpg","width":539,"height":800,"caption":"Yvette Gilbert, caricature de Cappiello"},{"@type":"BreadcrumbList","@id":"https:\/\/cappiello.fr\/en\/produit\/yvette-guilbert\/#breadcrumb","itemListElement":[{"@type":"ListItem","position":1,"name":"Accueil","item":"https:\/\/cappiello.fr\/en\/"},{"@type":"ListItem","position":2,"name":"The works","item":"https:\/\/cappiello.fr\/en\/the-works\/"},{"@type":"ListItem","position":3,"name":"Yvette Guilbert"}]},{"@type":"WebSite","@id":"https:\/\/cappiello.fr\/en\/#website","url":"https:\/\/cappiello.fr\/en\/","name":"Catalogue raisonn\u00e9 de Leonetto Cappiello","description":"Plongez dans l&#039;univers de Leonetto Cappiello, le p\u00e8re de la publicit\u00e9 moderne","potentialAction":[{"@type":"SearchAction","target":{"@type":"EntryPoint","urlTemplate":"https:\/\/cappiello.fr\/en\/?s={search_term_string}"},"query-input":{"@type":"PropertyValueSpecification","valueRequired":true,"valueName":"search_term_string"}}],"inLanguage":"en-US"}]},"product_price_currency":"EUR","og_availability":"instock","product_availability":"instock","product_retailer_item_id":"R20","product_condition":"new"},"_links":{"self":[{"href":"https:\/\/cappiello.fr\/en\/wp-json\/wp\/v2\/product\/136280","targetHints":{"allow":["GET"]}}],"collection":[{"href":"https:\/\/cappiello.fr\/en\/wp-json\/wp\/v2\/product"}],"about":[{"href":"https:\/\/cappiello.fr\/en\/wp-json\/wp\/v2\/types\/product"}],"wp:featuredmedia":[{"embeddable":true,"href":"https:\/\/cappiello.fr\/en\/wp-json\/wp\/v2\/media\/136282"}],"wp:attachment":[{"href":"https:\/\/cappiello.fr\/en\/wp-json\/wp\/v2\/media?parent=136280"}],"wp:term":[{"taxonomy":"type-doeuvre","embeddable":true,"href":"https:\/\/cappiello.fr\/en\/wp-json\/wp\/v2\/type-doeuvre?post=136280"},{"taxonomy":"product_brand","embeddable":true,"href":"https:\/\/cappiello.fr\/en\/wp-json\/wp\/v2\/product_brand?post=136280"},{"taxonomy":"product_cat","embeddable":true,"href":"https:\/\/cappiello.fr\/en\/wp-json\/wp\/v2\/product_cat?post=136280"},{"taxonomy":"product_tag","embeddable":true,"href":"https:\/\/cappiello.fr\/en\/wp-json\/wp\/v2\/product_tag?post=136280"}],"curies":[{"name":"wp","href":"https:\/\/api.w.org\/{rel}","templated":true}]}}