{"id":136343,"date":"1900-04-14T11:44:47","date_gmt":"1900-04-14T11:35:26","guid":{"rendered":"https:\/\/cappiello.fr\/?post_type=product&#038;p=136343"},"modified":"2026-04-10T12:14:03","modified_gmt":"2026-04-10T10:14:03","slug":"polaire-a-la-scala","status":"publish","type":"product","link":"https:\/\/cappiello.fr\/en\/produit\/polaire-a-la-scala\/","title":{"rendered":"Polaire \u00e0 La Scala"},"content":{"rendered":"<p>R27 : L\u00e9gende sous l&#8217;image : \u00ab Si vous ignorez le renom qui de l&#8217;un \u00e0 l&#8217;autre P\u00f4le erre, apprenez, bonnes gens, le nom de cette dame : c&#8217;est Polaire. \u00bb<Br><br \/>\nPolaire (1874-1939) \u00e9tait chanteuse de caf\u00e9-concert et actrice. Jean Lorrain l&#8217;avait surnomm\u00e9e \u00ab la Cantharide rouge\u00bb \u00e0 cause de sa taille de gu\u00eape et sa t\u00eate triangulaire.<Br><br \/>\nRI12 : Identique \u00e0 R27 mais publi\u00e9 en noir et blanc avec la l\u00e9gende : &#8220;M<sup>lle<\/sup> Polaire&#8221;.<Br><br \/>\nR27a : Original<Br><br \/>\nR27b : Variante fond vert<Br><br \/>\nR27c : Polaire avec le m\u00eame visage mais avec un boa, publi\u00e9 dans le <em>Livre d&#8217;or du High-Life Taylor<\/em> en 1903. Le dessin est accompagn\u00e9 d&#8217;une l\u00e9gende : &#8220;L&#8217;ETOILE dans son incomparable Costume du HIGH-LIFE&#8221;<Br><br \/>\nRF 37521 : Vignette, Polaire de face et de profil dans &#8220;Le p&#8217;tit jeune homme&#8221;.<\/p>\n","protected":false},"excerpt":{"rendered":"<p>R27 : Publi\u00e9 dans <em>Le Rire<\/em> n\u00b0284, derni\u00e8re page<Br><br \/>\nRI12 : Publi\u00e9 dans <em>La Revue Illustr\u00e9e<\/em> n\u00b09<Br><br \/>\nR27a : Original<Br><br \/>\nR27b : Variante fond vert<Br><br \/>\nR27c : Publi\u00e9 dans le <em>Livre d&#8217;or du High-Life Taylor<\/em> en 1903<Br><br \/>\nRF 37521 : Vignette<\/p>\n","protected":false},"featured_media":136346,"template":"","meta":{"_acf_changed":false},"type-doeuvre":[4056],"product_brand":[],"product_cat":[4067,4074],"product_tag":[4112,4111,4113],"class_list":{"0":"post-136343","1":"product","2":"type-product","3":"status-publish","4":"has-post-thumbnail","6":"type-doeuvre-caricatures","7":"product_cat-actrice","8":"product_cat-chanteur-populaire","9":"product_tag-broche","10":"product_tag-ceinture","11":"product_tag-long-dress","12":"pa_type-de-contenu-caricature-de-divertissement","14":"first","15":"instock","16":"shipping-taxable","17":"product-type-simple"},"acf":[],"yoast_head":"<!-- This site is optimized with the Yoast SEO Premium plugin v27.0 (Yoast SEO v27.4) - https:\/\/yoast.com\/product\/yoast-seo-premium-wordpress\/ -->\n<title>Polaire \u00e0 La Scala - Catalogue raisonn\u00e9 de Leonetto Cappiello<\/title>\n<meta name=\"robots\" content=\"index, follow, max-snippet:-1, max-image-preview:large, max-video-preview:-1\" \/>\n<link rel=\"canonical\" href=\"https:\/\/cappiello.fr\/en\/produit\/polaire-a-la-scala\/\" \/>\n<meta property=\"og:locale\" content=\"en_US\" \/>\n<meta property=\"og:type\" content=\"article\" \/>\n<meta property=\"og:title\" content=\"Polaire \u00e0 La Scala\" \/>\n<meta property=\"og:description\" content=\"R27 : Publi\u00e9 dans Le Rire n\u00b0284, derni\u00e8re page RI12 : Publi\u00e9 dans La Revue Illustr\u00e9e n\u00b09 R27a : Original R27b : Variante fond vert R27c : Publi\u00e9 dans le Livre d&#039;or du High-Life Taylor en 1903 RF 37521 : Vignette\" \/>\n<meta property=\"og:url\" content=\"https:\/\/cappiello.fr\/en\/produit\/polaire-a-la-scala\/\" \/>\n<meta property=\"og:site_name\" content=\"Catalogue raisonn\u00e9 de Leonetto Cappiello\" \/>\n<meta property=\"article:modified_time\" content=\"2026-04-10T10:14:03+00:00\" \/>\n<meta property=\"og:image\" content=\"https:\/\/cappiello.fr\/wp-content\/uploads\/2026\/02\/Polaire-a-la-Scala-caricature-Cappiello.jpg\" \/>\n\t<meta property=\"og:image:width\" content=\"562\" \/>\n\t<meta property=\"og:image:height\" content=\"800\" \/>\n\t<meta property=\"og:image:type\" content=\"image\/jpeg\" \/>\n<meta name=\"twitter:card\" content=\"summary_large_image\" \/>\n<meta name=\"twitter:label1\" content=\"Price\" \/>\n\t<meta name=\"twitter:data1\" content=\"\" \/>\n\t<meta name=\"twitter:label2\" content=\"Availability\" \/>\n\t<meta name=\"twitter:data2\" content=\"In stock\" \/>\n<script type=\"application\/ld+json\" class=\"yoast-schema-graph\">{\"@context\":\"https:\\\/\\\/schema.org\",\"@graph\":[{\"@type\":[\"WebPage\",\"ItemPage\"],\"@id\":\"https:\\\/\\\/cappiello.fr\\\/en\\\/produit\\\/polaire-a-la-scala\\\/\",\"url\":\"https:\\\/\\\/cappiello.fr\\\/en\\\/produit\\\/polaire-a-la-scala\\\/\",\"name\":\"Polaire \u00e0 La Scala - Catalogue raisonn\u00e9 de Leonetto Cappiello\",\"isPartOf\":{\"@id\":\"https:\\\/\\\/cappiello.fr\\\/en\\\/#website\"},\"primaryImageOfPage\":{\"@id\":\"https:\\\/\\\/cappiello.fr\\\/en\\\/produit\\\/polaire-a-la-scala\\\/#primaryimage\"},\"image\":{\"@id\":\"https:\\\/\\\/cappiello.fr\\\/en\\\/produit\\\/polaire-a-la-scala\\\/#primaryimage\"},\"thumbnailUrl\":\"https:\\\/\\\/cappiello.fr\\\/wp-content\\\/uploads\\\/2026\\\/02\\\/Polaire-a-la-Scala-caricature-Cappiello.jpg\",\"datePublished\":\"1900-04-14T11:35:26+00:00\",\"dateModified\":\"2026-04-10T10:14:03+00:00\",\"breadcrumb\":{\"@id\":\"https:\\\/\\\/cappiello.fr\\\/en\\\/produit\\\/polaire-a-la-scala\\\/#breadcrumb\"},\"inLanguage\":\"en-US\",\"potentialAction\":[{\"@type\":\"ReadAction\",\"target\":[\"https:\\\/\\\/cappiello.fr\\\/en\\\/produit\\\/polaire-a-la-scala\\\/\"]}]},{\"@type\":\"ImageObject\",\"inLanguage\":\"en-US\",\"@id\":\"https:\\\/\\\/cappiello.fr\\\/en\\\/produit\\\/polaire-a-la-scala\\\/#primaryimage\",\"url\":\"https:\\\/\\\/cappiello.fr\\\/wp-content\\\/uploads\\\/2026\\\/02\\\/Polaire-a-la-Scala-caricature-Cappiello.jpg\",\"contentUrl\":\"https:\\\/\\\/cappiello.fr\\\/wp-content\\\/uploads\\\/2026\\\/02\\\/Polaire-a-la-Scala-caricature-Cappiello.jpg\",\"width\":562,\"height\":800,\"caption\":\"Polaire \u00e0 la Scala, caricature de Cappiello\"},{\"@type\":\"BreadcrumbList\",\"@id\":\"https:\\\/\\\/cappiello.fr\\\/en\\\/produit\\\/polaire-a-la-scala\\\/#breadcrumb\",\"itemListElement\":[{\"@type\":\"ListItem\",\"position\":1,\"name\":\"Accueil\",\"item\":\"https:\\\/\\\/cappiello.fr\\\/en\\\/\"},{\"@type\":\"ListItem\",\"position\":2,\"name\":\"The works\",\"item\":\"https:\\\/\\\/cappiello.fr\\\/en\\\/the-works\\\/\"},{\"@type\":\"ListItem\",\"position\":3,\"name\":\"Polaire \u00e0 La Scala\"}]},{\"@type\":\"WebSite\",\"@id\":\"https:\\\/\\\/cappiello.fr\\\/en\\\/#website\",\"url\":\"https:\\\/\\\/cappiello.fr\\\/en\\\/\",\"name\":\"Catalogue raisonn\u00e9 de Leonetto Cappiello\",\"description\":\"Plongez dans l&#039;univers de Leonetto Cappiello, le p\u00e8re de la publicit\u00e9 moderne\",\"potentialAction\":[{\"@type\":\"SearchAction\",\"target\":{\"@type\":\"EntryPoint\",\"urlTemplate\":\"https:\\\/\\\/cappiello.fr\\\/en\\\/?s={search_term_string}\"},\"query-input\":{\"@type\":\"PropertyValueSpecification\",\"valueRequired\":true,\"valueName\":\"search_term_string\"}}],\"inLanguage\":\"en-US\"}]}<\/script>\n<meta property=\"product:price:currency\" content=\"EUR\" \/>\n<meta property=\"og:availability\" content=\"instock\" \/>\n<meta property=\"product:availability\" content=\"instock\" \/>\n<meta property=\"product:retailer_item_id\" content=\"R27\" \/>\n<meta property=\"product:condition\" content=\"new\" \/>\n<!-- \/ Yoast SEO Premium plugin. -->","yoast_head_json":{"title":"Polaire \u00e0 La Scala - Catalogue raisonn\u00e9 de Leonetto Cappiello","robots":{"index":"index","follow":"follow","max-snippet":"max-snippet:-1","max-image-preview":"max-image-preview:large","max-video-preview":"max-video-preview:-1"},"canonical":"https:\/\/cappiello.fr\/en\/produit\/polaire-a-la-scala\/","og_locale":"en_US","og_type":"article","og_title":"Polaire \u00e0 La Scala","og_description":"R27 : Publi\u00e9 dans Le Rire n\u00b0284, derni\u00e8re page RI12 : Publi\u00e9 dans La Revue Illustr\u00e9e n\u00b09 R27a : Original R27b : Variante fond vert R27c : Publi\u00e9 dans le Livre d'or du High-Life Taylor en 1903 RF 37521 : Vignette","og_url":"https:\/\/cappiello.fr\/en\/produit\/polaire-a-la-scala\/","og_site_name":"Catalogue raisonn\u00e9 de Leonetto Cappiello","article_modified_time":"2026-04-10T10:14:03+00:00","og_image":[{"width":562,"height":800,"url":"https:\/\/cappiello.fr\/wp-content\/uploads\/2026\/02\/Polaire-a-la-Scala-caricature-Cappiello.jpg","type":"image\/jpeg"}],"twitter_card":"summary_large_image","twitter_misc":{"Price":"","Availability":"In stock"},"schema":{"@context":"https:\/\/schema.org","@graph":[{"@type":["WebPage","ItemPage"],"@id":"https:\/\/cappiello.fr\/en\/produit\/polaire-a-la-scala\/","url":"https:\/\/cappiello.fr\/en\/produit\/polaire-a-la-scala\/","name":"Polaire \u00e0 La Scala - Catalogue raisonn\u00e9 de Leonetto Cappiello","isPartOf":{"@id":"https:\/\/cappiello.fr\/en\/#website"},"primaryImageOfPage":{"@id":"https:\/\/cappiello.fr\/en\/produit\/polaire-a-la-scala\/#primaryimage"},"image":{"@id":"https:\/\/cappiello.fr\/en\/produit\/polaire-a-la-scala\/#primaryimage"},"thumbnailUrl":"https:\/\/cappiello.fr\/wp-content\/uploads\/2026\/02\/Polaire-a-la-Scala-caricature-Cappiello.jpg","datePublished":"1900-04-14T11:35:26+00:00","dateModified":"2026-04-10T10:14:03+00:00","breadcrumb":{"@id":"https:\/\/cappiello.fr\/en\/produit\/polaire-a-la-scala\/#breadcrumb"},"inLanguage":"en-US","potentialAction":[{"@type":"ReadAction","target":["https:\/\/cappiello.fr\/en\/produit\/polaire-a-la-scala\/"]}]},{"@type":"ImageObject","inLanguage":"en-US","@id":"https:\/\/cappiello.fr\/en\/produit\/polaire-a-la-scala\/#primaryimage","url":"https:\/\/cappiello.fr\/wp-content\/uploads\/2026\/02\/Polaire-a-la-Scala-caricature-Cappiello.jpg","contentUrl":"https:\/\/cappiello.fr\/wp-content\/uploads\/2026\/02\/Polaire-a-la-Scala-caricature-Cappiello.jpg","width":562,"height":800,"caption":"Polaire \u00e0 la Scala, caricature de Cappiello"},{"@type":"BreadcrumbList","@id":"https:\/\/cappiello.fr\/en\/produit\/polaire-a-la-scala\/#breadcrumb","itemListElement":[{"@type":"ListItem","position":1,"name":"Accueil","item":"https:\/\/cappiello.fr\/en\/"},{"@type":"ListItem","position":2,"name":"The works","item":"https:\/\/cappiello.fr\/en\/the-works\/"},{"@type":"ListItem","position":3,"name":"Polaire \u00e0 La Scala"}]},{"@type":"WebSite","@id":"https:\/\/cappiello.fr\/en\/#website","url":"https:\/\/cappiello.fr\/en\/","name":"Catalogue raisonn\u00e9 de Leonetto Cappiello","description":"Plongez dans l&#039;univers de Leonetto Cappiello, le p\u00e8re de la publicit\u00e9 moderne","potentialAction":[{"@type":"SearchAction","target":{"@type":"EntryPoint","urlTemplate":"https:\/\/cappiello.fr\/en\/?s={search_term_string}"},"query-input":{"@type":"PropertyValueSpecification","valueRequired":true,"valueName":"search_term_string"}}],"inLanguage":"en-US"}]},"product_price_currency":"EUR","og_availability":"instock","product_availability":"instock","product_retailer_item_id":"R27","product_condition":"new"},"_links":{"self":[{"href":"https:\/\/cappiello.fr\/en\/wp-json\/wp\/v2\/product\/136343","targetHints":{"allow":["GET"]}}],"collection":[{"href":"https:\/\/cappiello.fr\/en\/wp-json\/wp\/v2\/product"}],"about":[{"href":"https:\/\/cappiello.fr\/en\/wp-json\/wp\/v2\/types\/product"}],"wp:featuredmedia":[{"embeddable":true,"href":"https:\/\/cappiello.fr\/en\/wp-json\/wp\/v2\/media\/136346"}],"wp:attachment":[{"href":"https:\/\/cappiello.fr\/en\/wp-json\/wp\/v2\/media?parent=136343"}],"wp:term":[{"taxonomy":"type-doeuvre","embeddable":true,"href":"https:\/\/cappiello.fr\/en\/wp-json\/wp\/v2\/type-doeuvre?post=136343"},{"taxonomy":"product_brand","embeddable":true,"href":"https:\/\/cappiello.fr\/en\/wp-json\/wp\/v2\/product_brand?post=136343"},{"taxonomy":"product_cat","embeddable":true,"href":"https:\/\/cappiello.fr\/en\/wp-json\/wp\/v2\/product_cat?post=136343"},{"taxonomy":"product_tag","embeddable":true,"href":"https:\/\/cappiello.fr\/en\/wp-json\/wp\/v2\/product_tag?post=136343"}],"curies":[{"name":"wp","href":"https:\/\/api.w.org\/{rel}","templated":true}]}}