{"id":136377,"date":"1900-08-11T10:35:44","date_gmt":"1900-08-11T10:26:23","guid":{"rendered":"https:\/\/cappiello.fr\/?post_type=product&#038;p=136377"},"modified":"2026-04-10T12:18:00","modified_gmt":"2026-04-10T10:18:00","slug":"galipaux-a-la-maison-du-rire","status":"publish","type":"product","link":"https:\/\/cappiello.fr\/en\/produit\/galipaux-a-la-maison-du-rire\/","title":{"rendered":"Galipaux \u00e0 la maison du Rire"},"content":{"rendered":"<p>R30 : Publi\u00e9 dans <em>Le Rire<\/em> n\u00b0301, derni\u00e8re page. Sous le dessin on lit :<Br><br \/>\nA gauche : &#8220;Il fulmine, \u00e9clate et d\u00e9tonne! \/ C&#8217;est l&#8217;explosif de la gait\u00e9!&#8221;<Br><br \/>\nA droite : &#8220;Cette m\u00e8che qui nous \u00e9tonne \/ Logiquement l&#8217;a compl\u00e9t\u00e9!&#8221;<Br><br \/>\nApr\u00e8s un prix de violon au conservatoire de Bordeaux, puis le premier prix de com\u00e9die \u00e0 Paris, Galipaux d\u00e9bute au Palais royal. Il devient le ma\u00eetre du \u00ab monologue \u00bb et se fait payer tr\u00e8s cher. Son avarice restera proverbiale.<Br><br \/>\nC&#8217;est un com\u00e9dien et un auteur \u00e0 la personnalit\u00e9 explosive (Barillet <em>les Seigneurs du rire<\/em>, p. 61). Il est tr\u00e8s ami de Georges Feydeau (Gidel, p. 59), dont il sera un des premiers interpr\u00e8tes. <\/p>\n","protected":false},"excerpt":{"rendered":"<p>R30 : Publi\u00e9 dans <em>Le Rire<\/em> n\u00b0301, derni\u00e8re page<\/p>\n","protected":false},"featured_media":136378,"template":"","meta":{"_acf_changed":false},"type-doeuvre":[4056],"product_brand":[],"product_cat":[4066,4069],"product_tag":[4092,4117],"class_list":{"0":"post-136377","1":"product","2":"type-product","3":"status-publish","4":"has-post-thumbnail","6":"type-doeuvre-caricatures","7":"product_cat-acteur","8":"product_cat-dramaturge","9":"product_tag-discuter","10":"product_tag-meche","11":"pa_type-de-contenu-caricature-de-divertissement","13":"first","14":"instock","15":"shipping-taxable","16":"product-type-simple"},"acf":[],"yoast_head":"<!-- This site is optimized with the Yoast SEO Premium plugin v27.0 (Yoast SEO v27.4) - https:\/\/yoast.com\/product\/yoast-seo-premium-wordpress\/ -->\n<title>Galipaux \u00e0 la maison du Rire - Catalogue raisonn\u00e9 de Leonetto Cappiello<\/title>\n<meta name=\"robots\" content=\"index, follow, max-snippet:-1, max-image-preview:large, max-video-preview:-1\" \/>\n<link rel=\"canonical\" href=\"https:\/\/cappiello.fr\/en\/produit\/galipaux-a-la-maison-du-rire\/\" \/>\n<meta property=\"og:locale\" content=\"en_US\" \/>\n<meta property=\"og:type\" content=\"article\" \/>\n<meta property=\"og:title\" content=\"Galipaux \u00e0 la maison du Rire\" \/>\n<meta property=\"og:description\" content=\"R30 : Publi\u00e9 dans Le Rire n\u00b0301, derni\u00e8re page\" \/>\n<meta property=\"og:url\" content=\"https:\/\/cappiello.fr\/en\/produit\/galipaux-a-la-maison-du-rire\/\" \/>\n<meta property=\"og:site_name\" content=\"Catalogue raisonn\u00e9 de Leonetto Cappiello\" \/>\n<meta property=\"article:modified_time\" content=\"2026-04-10T10:18:00+00:00\" \/>\n<meta property=\"og:image\" content=\"https:\/\/cappiello.fr\/wp-content\/uploads\/2026\/03\/Galipaux-caricature-Cappiello.jpg\" \/>\n\t<meta property=\"og:image:width\" content=\"551\" \/>\n\t<meta property=\"og:image:height\" content=\"800\" \/>\n\t<meta property=\"og:image:type\" content=\"image\/jpeg\" \/>\n<meta name=\"twitter:card\" content=\"summary_large_image\" \/>\n<meta name=\"twitter:label1\" content=\"Price\" \/>\n\t<meta name=\"twitter:data1\" content=\"\" \/>\n\t<meta name=\"twitter:label2\" content=\"Availability\" \/>\n\t<meta name=\"twitter:data2\" content=\"In stock\" \/>\n<script type=\"application\/ld+json\" class=\"yoast-schema-graph\">{\"@context\":\"https:\\\/\\\/schema.org\",\"@graph\":[{\"@type\":[\"WebPage\",\"ItemPage\"],\"@id\":\"https:\\\/\\\/cappiello.fr\\\/en\\\/produit\\\/galipaux-a-la-maison-du-rire\\\/\",\"url\":\"https:\\\/\\\/cappiello.fr\\\/en\\\/produit\\\/galipaux-a-la-maison-du-rire\\\/\",\"name\":\"Galipaux \u00e0 la maison du Rire - Catalogue raisonn\u00e9 de Leonetto Cappiello\",\"isPartOf\":{\"@id\":\"https:\\\/\\\/cappiello.fr\\\/en\\\/#website\"},\"primaryImageOfPage\":{\"@id\":\"https:\\\/\\\/cappiello.fr\\\/en\\\/produit\\\/galipaux-a-la-maison-du-rire\\\/#primaryimage\"},\"image\":{\"@id\":\"https:\\\/\\\/cappiello.fr\\\/en\\\/produit\\\/galipaux-a-la-maison-du-rire\\\/#primaryimage\"},\"thumbnailUrl\":\"https:\\\/\\\/cappiello.fr\\\/wp-content\\\/uploads\\\/2026\\\/03\\\/Galipaux-caricature-Cappiello.jpg\",\"datePublished\":\"1900-08-11T10:26:23+00:00\",\"dateModified\":\"2026-04-10T10:18:00+00:00\",\"breadcrumb\":{\"@id\":\"https:\\\/\\\/cappiello.fr\\\/en\\\/produit\\\/galipaux-a-la-maison-du-rire\\\/#breadcrumb\"},\"inLanguage\":\"en-US\",\"potentialAction\":[{\"@type\":\"ReadAction\",\"target\":[\"https:\\\/\\\/cappiello.fr\\\/en\\\/produit\\\/galipaux-a-la-maison-du-rire\\\/\"]}]},{\"@type\":\"ImageObject\",\"inLanguage\":\"en-US\",\"@id\":\"https:\\\/\\\/cappiello.fr\\\/en\\\/produit\\\/galipaux-a-la-maison-du-rire\\\/#primaryimage\",\"url\":\"https:\\\/\\\/cappiello.fr\\\/wp-content\\\/uploads\\\/2026\\\/03\\\/Galipaux-caricature-Cappiello.jpg\",\"contentUrl\":\"https:\\\/\\\/cappiello.fr\\\/wp-content\\\/uploads\\\/2026\\\/03\\\/Galipaux-caricature-Cappiello.jpg\",\"width\":551,\"height\":800,\"caption\":\"Galipaux \u00e0 la maison du Rire, caricature de Cappiello\"},{\"@type\":\"BreadcrumbList\",\"@id\":\"https:\\\/\\\/cappiello.fr\\\/en\\\/produit\\\/galipaux-a-la-maison-du-rire\\\/#breadcrumb\",\"itemListElement\":[{\"@type\":\"ListItem\",\"position\":1,\"name\":\"Accueil\",\"item\":\"https:\\\/\\\/cappiello.fr\\\/en\\\/\"},{\"@type\":\"ListItem\",\"position\":2,\"name\":\"The works\",\"item\":\"https:\\\/\\\/cappiello.fr\\\/en\\\/the-works\\\/\"},{\"@type\":\"ListItem\",\"position\":3,\"name\":\"Galipaux \u00e0 la maison du Rire\"}]},{\"@type\":\"WebSite\",\"@id\":\"https:\\\/\\\/cappiello.fr\\\/en\\\/#website\",\"url\":\"https:\\\/\\\/cappiello.fr\\\/en\\\/\",\"name\":\"Catalogue raisonn\u00e9 de Leonetto Cappiello\",\"description\":\"Plongez dans l&#039;univers de Leonetto Cappiello, le p\u00e8re de la publicit\u00e9 moderne\",\"potentialAction\":[{\"@type\":\"SearchAction\",\"target\":{\"@type\":\"EntryPoint\",\"urlTemplate\":\"https:\\\/\\\/cappiello.fr\\\/en\\\/?s={search_term_string}\"},\"query-input\":{\"@type\":\"PropertyValueSpecification\",\"valueRequired\":true,\"valueName\":\"search_term_string\"}}],\"inLanguage\":\"en-US\"}]}<\/script>\n<meta property=\"product:price:currency\" content=\"EUR\" \/>\n<meta property=\"og:availability\" content=\"instock\" \/>\n<meta property=\"product:availability\" content=\"instock\" \/>\n<meta property=\"product:retailer_item_id\" content=\"R30\" \/>\n<meta property=\"product:condition\" content=\"new\" \/>\n<!-- \/ Yoast SEO Premium plugin. -->","yoast_head_json":{"title":"Galipaux \u00e0 la maison du Rire - Catalogue raisonn\u00e9 de Leonetto Cappiello","robots":{"index":"index","follow":"follow","max-snippet":"max-snippet:-1","max-image-preview":"max-image-preview:large","max-video-preview":"max-video-preview:-1"},"canonical":"https:\/\/cappiello.fr\/en\/produit\/galipaux-a-la-maison-du-rire\/","og_locale":"en_US","og_type":"article","og_title":"Galipaux \u00e0 la maison du Rire","og_description":"R30 : Publi\u00e9 dans Le Rire n\u00b0301, derni\u00e8re page","og_url":"https:\/\/cappiello.fr\/en\/produit\/galipaux-a-la-maison-du-rire\/","og_site_name":"Catalogue raisonn\u00e9 de Leonetto Cappiello","article_modified_time":"2026-04-10T10:18:00+00:00","og_image":[{"width":551,"height":800,"url":"https:\/\/cappiello.fr\/wp-content\/uploads\/2026\/03\/Galipaux-caricature-Cappiello.jpg","type":"image\/jpeg"}],"twitter_card":"summary_large_image","twitter_misc":{"Price":"","Availability":"In stock"},"schema":{"@context":"https:\/\/schema.org","@graph":[{"@type":["WebPage","ItemPage"],"@id":"https:\/\/cappiello.fr\/en\/produit\/galipaux-a-la-maison-du-rire\/","url":"https:\/\/cappiello.fr\/en\/produit\/galipaux-a-la-maison-du-rire\/","name":"Galipaux \u00e0 la maison du Rire - Catalogue raisonn\u00e9 de Leonetto Cappiello","isPartOf":{"@id":"https:\/\/cappiello.fr\/en\/#website"},"primaryImageOfPage":{"@id":"https:\/\/cappiello.fr\/en\/produit\/galipaux-a-la-maison-du-rire\/#primaryimage"},"image":{"@id":"https:\/\/cappiello.fr\/en\/produit\/galipaux-a-la-maison-du-rire\/#primaryimage"},"thumbnailUrl":"https:\/\/cappiello.fr\/wp-content\/uploads\/2026\/03\/Galipaux-caricature-Cappiello.jpg","datePublished":"1900-08-11T10:26:23+00:00","dateModified":"2026-04-10T10:18:00+00:00","breadcrumb":{"@id":"https:\/\/cappiello.fr\/en\/produit\/galipaux-a-la-maison-du-rire\/#breadcrumb"},"inLanguage":"en-US","potentialAction":[{"@type":"ReadAction","target":["https:\/\/cappiello.fr\/en\/produit\/galipaux-a-la-maison-du-rire\/"]}]},{"@type":"ImageObject","inLanguage":"en-US","@id":"https:\/\/cappiello.fr\/en\/produit\/galipaux-a-la-maison-du-rire\/#primaryimage","url":"https:\/\/cappiello.fr\/wp-content\/uploads\/2026\/03\/Galipaux-caricature-Cappiello.jpg","contentUrl":"https:\/\/cappiello.fr\/wp-content\/uploads\/2026\/03\/Galipaux-caricature-Cappiello.jpg","width":551,"height":800,"caption":"Galipaux \u00e0 la maison du Rire, caricature de Cappiello"},{"@type":"BreadcrumbList","@id":"https:\/\/cappiello.fr\/en\/produit\/galipaux-a-la-maison-du-rire\/#breadcrumb","itemListElement":[{"@type":"ListItem","position":1,"name":"Accueil","item":"https:\/\/cappiello.fr\/en\/"},{"@type":"ListItem","position":2,"name":"The works","item":"https:\/\/cappiello.fr\/en\/the-works\/"},{"@type":"ListItem","position":3,"name":"Galipaux \u00e0 la maison du Rire"}]},{"@type":"WebSite","@id":"https:\/\/cappiello.fr\/en\/#website","url":"https:\/\/cappiello.fr\/en\/","name":"Catalogue raisonn\u00e9 de Leonetto Cappiello","description":"Plongez dans l&#039;univers de Leonetto Cappiello, le p\u00e8re de la publicit\u00e9 moderne","potentialAction":[{"@type":"SearchAction","target":{"@type":"EntryPoint","urlTemplate":"https:\/\/cappiello.fr\/en\/?s={search_term_string}"},"query-input":{"@type":"PropertyValueSpecification","valueRequired":true,"valueName":"search_term_string"}}],"inLanguage":"en-US"}]},"product_price_currency":"EUR","og_availability":"instock","product_availability":"instock","product_retailer_item_id":"R30","product_condition":"new"},"_links":{"self":[{"href":"https:\/\/cappiello.fr\/en\/wp-json\/wp\/v2\/product\/136377","targetHints":{"allow":["GET"]}}],"collection":[{"href":"https:\/\/cappiello.fr\/en\/wp-json\/wp\/v2\/product"}],"about":[{"href":"https:\/\/cappiello.fr\/en\/wp-json\/wp\/v2\/types\/product"}],"wp:featuredmedia":[{"embeddable":true,"href":"https:\/\/cappiello.fr\/en\/wp-json\/wp\/v2\/media\/136378"}],"wp:attachment":[{"href":"https:\/\/cappiello.fr\/en\/wp-json\/wp\/v2\/media?parent=136377"}],"wp:term":[{"taxonomy":"type-doeuvre","embeddable":true,"href":"https:\/\/cappiello.fr\/en\/wp-json\/wp\/v2\/type-doeuvre?post=136377"},{"taxonomy":"product_brand","embeddable":true,"href":"https:\/\/cappiello.fr\/en\/wp-json\/wp\/v2\/product_brand?post=136377"},{"taxonomy":"product_cat","embeddable":true,"href":"https:\/\/cappiello.fr\/en\/wp-json\/wp\/v2\/product_cat?post=136377"},{"taxonomy":"product_tag","embeddable":true,"href":"https:\/\/cappiello.fr\/en\/wp-json\/wp\/v2\/product_tag?post=136377"}],"curies":[{"name":"wp","href":"https:\/\/api.w.org\/{rel}","templated":true}]}}