{"id":136382,"date":"1900-10-27T11:48:15","date_gmt":"1900-10-27T11:38:54","guid":{"rendered":"https:\/\/cappiello.fr\/?post_type=product&#038;p=136382"},"modified":"2026-04-10T13:58:10","modified_gmt":"2026-04-10T11:58:10","slug":"la-petite-femme-de-loth","status":"publish","type":"product","link":"https:\/\/cappiello.fr\/en\/produit\/la-petite-femme-de-loth\/","title":{"rendered":"La petite femme de Loth"},"content":{"rendered":"<p>R32 :<br \/>\n&#8220;La petite femme de Loth&#8221; est une pi\u00e8ce de Tristan Bernard jou\u00e9e au th\u00e9\u00e2tre des Mathurins. La musique est de Claude Terrasse, beau-fr\u00e8re du peintre Bonnard. La premi\u00e8re a lieu le 1<sup>er<\/sup> octobre 1900, six semaines avant la cl\u00f4ture de l&#8217;Exposition universelle. Elle re\u00e7ut un accueil chaleureux de la presse et du public.<Br><br \/>\nCappiello retient ici trois sc\u00e8nes pour nous communiquer l&#8217;atmosph\u00e8re de la pi\u00e8ce.<Br><br \/>\nLa premi\u00e8re comporte la l\u00e9gende suivante:<Br><br \/>\n&#8220;Selon M. Tristan Bernard, rien ne prouve que Sodome et Gomorrhe aient \u00e9t\u00e9 d\u00e9truites, puisque les soi-disant t\u00e9moins de ce fait m\u00e9morable sont tir\u00e9s des personnes \u00e0 qui il avait \u00e9t\u00e9 d\u00e9fendu de se retourner. D\u2019apr\u00e8s la nouvelle version qu&#8217;il imagine, c&#8217;est la femme de Loth (M<sup>lle.<\/sup> Marguerite Deval) et son amoureux (M. Tarride), qui, sous l&#8217;aspect de messagers c\u00e9lestes, annoncent au patriarche Loth, la destruction des villes, \u00e0 seule fin de l&#8217;engager \u00e0 quitter le pays.&#8221; <Br><br \/>\nLa deuxi\u00e8me :<Br><br \/>\n&#8220;La femme de Loth fait semblant de se changer en statue. Apr\u00e8s la sc\u00e8ne de p\u00e9trification (un bijou musical de Claude Terrasse, \u00e9crit d&#8217;ailleurs sur des vers charmants), Loth (M. Chalande) quitte le pays avec ses filles et ses serviteurs (M. Mari\u00e9, M<sup>lles.<\/sup> Mend\u00e8s, Varley et Jolly).&#8221;<Br><br \/>\nLa troisi\u00e8me : <Br><br \/>\n&#8220;La pi\u00e8ce se termine par un extraordinaire duel oriental o\u00f9 M\u00e9lech, l&#8217;amant heureux de la femme de Loth et Sch\u00e8me (M. Liesse), un amoureux \u00e9vinc\u00e9, rivalisent de sciences du combat et de mollesse. La galerie les accuse de faire du chiqu\u00e9. Sch\u00e8m quitte la place et la femme de Loth retourne \u00e0 Gomorhe pour faire la f\u00eate avec M\u00e9lech.&#8221;<\/p>\n","protected":false},"excerpt":{"rendered":"<p>R32 : Publi\u00e9 dans Le Rire n\u00b0 312, page 12.<\/p>\n","protected":false},"featured_media":136384,"template":"","meta":{"_acf_changed":false},"type-doeuvre":[4056],"product_brand":[],"product_cat":[4068],"product_tag":[4119,4118,4120],"class_list":{"0":"post-136382","1":"product","2":"type-product","3":"status-publish","4":"has-post-thumbnail","6":"type-doeuvre-caricatures","7":"product_cat-groupe-dacteurs","8":"product_tag-amant","9":"product_tag-mythologie","10":"product_tag-serviteur","11":"pa_type-de-contenu-caricature-de-divertissement","13":"first","14":"instock","15":"shipping-taxable","16":"product-type-simple"},"acf":[],"yoast_head":"<!-- This site is optimized with the Yoast SEO Premium plugin v27.0 (Yoast SEO v27.4) - https:\/\/yoast.com\/product\/yoast-seo-premium-wordpress\/ -->\n<title>La petite femme de Loth - Catalogue raisonn\u00e9 de Leonetto Cappiello<\/title>\n<meta name=\"robots\" content=\"index, follow, max-snippet:-1, max-image-preview:large, max-video-preview:-1\" \/>\n<link rel=\"canonical\" href=\"https:\/\/cappiello.fr\/en\/produit\/la-petite-femme-de-loth\/\" \/>\n<meta property=\"og:locale\" content=\"en_US\" \/>\n<meta property=\"og:type\" content=\"article\" \/>\n<meta property=\"og:title\" content=\"La petite femme de Loth\" \/>\n<meta property=\"og:description\" content=\"R32 : Publi\u00e9 dans Le Rire n\u00b0 312, page 12.\" \/>\n<meta property=\"og:url\" content=\"https:\/\/cappiello.fr\/en\/produit\/la-petite-femme-de-loth\/\" \/>\n<meta property=\"og:site_name\" content=\"Catalogue raisonn\u00e9 de Leonetto Cappiello\" \/>\n<meta property=\"article:modified_time\" content=\"2026-04-10T11:58:10+00:00\" \/>\n<meta property=\"og:image\" content=\"https:\/\/cappiello.fr\/wp-content\/uploads\/1900\/10\/La-petite-femme-de-Loth-caricature-Cappiello.jpg\" \/>\n\t<meta property=\"og:image:width\" content=\"728\" \/>\n\t<meta property=\"og:image:height\" content=\"800\" \/>\n\t<meta property=\"og:image:type\" content=\"image\/jpeg\" \/>\n<meta name=\"twitter:card\" content=\"summary_large_image\" \/>\n<meta name=\"twitter:label1\" content=\"Price\" \/>\n\t<meta name=\"twitter:data1\" content=\"\" \/>\n\t<meta name=\"twitter:label2\" content=\"Availability\" \/>\n\t<meta name=\"twitter:data2\" content=\"In stock\" \/>\n<script type=\"application\/ld+json\" class=\"yoast-schema-graph\">{\"@context\":\"https:\\\/\\\/schema.org\",\"@graph\":[{\"@type\":[\"WebPage\",\"ItemPage\"],\"@id\":\"https:\\\/\\\/cappiello.fr\\\/en\\\/produit\\\/la-petite-femme-de-loth\\\/\",\"url\":\"https:\\\/\\\/cappiello.fr\\\/en\\\/produit\\\/la-petite-femme-de-loth\\\/\",\"name\":\"La petite femme de Loth - Catalogue raisonn\u00e9 de Leonetto Cappiello\",\"isPartOf\":{\"@id\":\"https:\\\/\\\/cappiello.fr\\\/en\\\/#website\"},\"primaryImageOfPage\":{\"@id\":\"https:\\\/\\\/cappiello.fr\\\/en\\\/produit\\\/la-petite-femme-de-loth\\\/#primaryimage\"},\"image\":{\"@id\":\"https:\\\/\\\/cappiello.fr\\\/en\\\/produit\\\/la-petite-femme-de-loth\\\/#primaryimage\"},\"thumbnailUrl\":\"https:\\\/\\\/cappiello.fr\\\/wp-content\\\/uploads\\\/1900\\\/10\\\/La-petite-femme-de-Loth-caricature-Cappiello.jpg\",\"datePublished\":\"1900-10-27T11:38:54+00:00\",\"dateModified\":\"2026-04-10T11:58:10+00:00\",\"breadcrumb\":{\"@id\":\"https:\\\/\\\/cappiello.fr\\\/en\\\/produit\\\/la-petite-femme-de-loth\\\/#breadcrumb\"},\"inLanguage\":\"en-US\",\"potentialAction\":[{\"@type\":\"ReadAction\",\"target\":[\"https:\\\/\\\/cappiello.fr\\\/en\\\/produit\\\/la-petite-femme-de-loth\\\/\"]}]},{\"@type\":\"ImageObject\",\"inLanguage\":\"en-US\",\"@id\":\"https:\\\/\\\/cappiello.fr\\\/en\\\/produit\\\/la-petite-femme-de-loth\\\/#primaryimage\",\"url\":\"https:\\\/\\\/cappiello.fr\\\/wp-content\\\/uploads\\\/1900\\\/10\\\/La-petite-femme-de-Loth-caricature-Cappiello.jpg\",\"contentUrl\":\"https:\\\/\\\/cappiello.fr\\\/wp-content\\\/uploads\\\/1900\\\/10\\\/La-petite-femme-de-Loth-caricature-Cappiello.jpg\",\"width\":728,\"height\":800,\"caption\":\"La petite femme de Loth aux Mathurins, caricature de Cappiello\"},{\"@type\":\"BreadcrumbList\",\"@id\":\"https:\\\/\\\/cappiello.fr\\\/en\\\/produit\\\/la-petite-femme-de-loth\\\/#breadcrumb\",\"itemListElement\":[{\"@type\":\"ListItem\",\"position\":1,\"name\":\"Accueil\",\"item\":\"https:\\\/\\\/cappiello.fr\\\/en\\\/\"},{\"@type\":\"ListItem\",\"position\":2,\"name\":\"The works\",\"item\":\"https:\\\/\\\/cappiello.fr\\\/en\\\/the-works\\\/\"},{\"@type\":\"ListItem\",\"position\":3,\"name\":\"La petite femme de Loth\"}]},{\"@type\":\"WebSite\",\"@id\":\"https:\\\/\\\/cappiello.fr\\\/en\\\/#website\",\"url\":\"https:\\\/\\\/cappiello.fr\\\/en\\\/\",\"name\":\"Catalogue raisonn\u00e9 de Leonetto Cappiello\",\"description\":\"Plongez dans l&#039;univers de Leonetto Cappiello, le p\u00e8re de la publicit\u00e9 moderne\",\"potentialAction\":[{\"@type\":\"SearchAction\",\"target\":{\"@type\":\"EntryPoint\",\"urlTemplate\":\"https:\\\/\\\/cappiello.fr\\\/en\\\/?s={search_term_string}\"},\"query-input\":{\"@type\":\"PropertyValueSpecification\",\"valueRequired\":true,\"valueName\":\"search_term_string\"}}],\"inLanguage\":\"en-US\"}]}<\/script>\n<meta property=\"product:price:currency\" content=\"EUR\" \/>\n<meta property=\"og:availability\" content=\"instock\" \/>\n<meta property=\"product:availability\" content=\"instock\" \/>\n<meta property=\"product:retailer_item_id\" content=\"R32\" \/>\n<meta property=\"product:condition\" content=\"new\" \/>\n<!-- \/ Yoast SEO Premium plugin. -->","yoast_head_json":{"title":"La petite femme de Loth - Catalogue raisonn\u00e9 de Leonetto Cappiello","robots":{"index":"index","follow":"follow","max-snippet":"max-snippet:-1","max-image-preview":"max-image-preview:large","max-video-preview":"max-video-preview:-1"},"canonical":"https:\/\/cappiello.fr\/en\/produit\/la-petite-femme-de-loth\/","og_locale":"en_US","og_type":"article","og_title":"La petite femme de Loth","og_description":"R32 : Publi\u00e9 dans Le Rire n\u00b0 312, page 12.","og_url":"https:\/\/cappiello.fr\/en\/produit\/la-petite-femme-de-loth\/","og_site_name":"Catalogue raisonn\u00e9 de Leonetto Cappiello","article_modified_time":"2026-04-10T11:58:10+00:00","og_image":[{"width":728,"height":800,"url":"https:\/\/cappiello.fr\/wp-content\/uploads\/1900\/10\/La-petite-femme-de-Loth-caricature-Cappiello.jpg","type":"image\/jpeg"}],"twitter_card":"summary_large_image","twitter_misc":{"Price":"","Availability":"In stock"},"schema":{"@context":"https:\/\/schema.org","@graph":[{"@type":["WebPage","ItemPage"],"@id":"https:\/\/cappiello.fr\/en\/produit\/la-petite-femme-de-loth\/","url":"https:\/\/cappiello.fr\/en\/produit\/la-petite-femme-de-loth\/","name":"La petite femme de Loth - Catalogue raisonn\u00e9 de Leonetto Cappiello","isPartOf":{"@id":"https:\/\/cappiello.fr\/en\/#website"},"primaryImageOfPage":{"@id":"https:\/\/cappiello.fr\/en\/produit\/la-petite-femme-de-loth\/#primaryimage"},"image":{"@id":"https:\/\/cappiello.fr\/en\/produit\/la-petite-femme-de-loth\/#primaryimage"},"thumbnailUrl":"https:\/\/cappiello.fr\/wp-content\/uploads\/1900\/10\/La-petite-femme-de-Loth-caricature-Cappiello.jpg","datePublished":"1900-10-27T11:38:54+00:00","dateModified":"2026-04-10T11:58:10+00:00","breadcrumb":{"@id":"https:\/\/cappiello.fr\/en\/produit\/la-petite-femme-de-loth\/#breadcrumb"},"inLanguage":"en-US","potentialAction":[{"@type":"ReadAction","target":["https:\/\/cappiello.fr\/en\/produit\/la-petite-femme-de-loth\/"]}]},{"@type":"ImageObject","inLanguage":"en-US","@id":"https:\/\/cappiello.fr\/en\/produit\/la-petite-femme-de-loth\/#primaryimage","url":"https:\/\/cappiello.fr\/wp-content\/uploads\/1900\/10\/La-petite-femme-de-Loth-caricature-Cappiello.jpg","contentUrl":"https:\/\/cappiello.fr\/wp-content\/uploads\/1900\/10\/La-petite-femme-de-Loth-caricature-Cappiello.jpg","width":728,"height":800,"caption":"La petite femme de Loth aux Mathurins, caricature de Cappiello"},{"@type":"BreadcrumbList","@id":"https:\/\/cappiello.fr\/en\/produit\/la-petite-femme-de-loth\/#breadcrumb","itemListElement":[{"@type":"ListItem","position":1,"name":"Accueil","item":"https:\/\/cappiello.fr\/en\/"},{"@type":"ListItem","position":2,"name":"The works","item":"https:\/\/cappiello.fr\/en\/the-works\/"},{"@type":"ListItem","position":3,"name":"La petite femme de Loth"}]},{"@type":"WebSite","@id":"https:\/\/cappiello.fr\/en\/#website","url":"https:\/\/cappiello.fr\/en\/","name":"Catalogue raisonn\u00e9 de Leonetto Cappiello","description":"Plongez dans l&#039;univers de Leonetto Cappiello, le p\u00e8re de la publicit\u00e9 moderne","potentialAction":[{"@type":"SearchAction","target":{"@type":"EntryPoint","urlTemplate":"https:\/\/cappiello.fr\/en\/?s={search_term_string}"},"query-input":{"@type":"PropertyValueSpecification","valueRequired":true,"valueName":"search_term_string"}}],"inLanguage":"en-US"}]},"product_price_currency":"EUR","og_availability":"instock","product_availability":"instock","product_retailer_item_id":"R32","product_condition":"new"},"_links":{"self":[{"href":"https:\/\/cappiello.fr\/en\/wp-json\/wp\/v2\/product\/136382","targetHints":{"allow":["GET"]}}],"collection":[{"href":"https:\/\/cappiello.fr\/en\/wp-json\/wp\/v2\/product"}],"about":[{"href":"https:\/\/cappiello.fr\/en\/wp-json\/wp\/v2\/types\/product"}],"wp:featuredmedia":[{"embeddable":true,"href":"https:\/\/cappiello.fr\/en\/wp-json\/wp\/v2\/media\/136384"}],"wp:attachment":[{"href":"https:\/\/cappiello.fr\/en\/wp-json\/wp\/v2\/media?parent=136382"}],"wp:term":[{"taxonomy":"type-doeuvre","embeddable":true,"href":"https:\/\/cappiello.fr\/en\/wp-json\/wp\/v2\/type-doeuvre?post=136382"},{"taxonomy":"product_brand","embeddable":true,"href":"https:\/\/cappiello.fr\/en\/wp-json\/wp\/v2\/product_brand?post=136382"},{"taxonomy":"product_cat","embeddable":true,"href":"https:\/\/cappiello.fr\/en\/wp-json\/wp\/v2\/product_cat?post=136382"},{"taxonomy":"product_tag","embeddable":true,"href":"https:\/\/cappiello.fr\/en\/wp-json\/wp\/v2\/product_tag?post=136382"}],"curies":[{"name":"wp","href":"https:\/\/api.w.org\/{rel}","templated":true}]}}