{"id":136385,"date":"1900-11-03T10:36:16","date_gmt":"1900-11-03T10:26:55","guid":{"rendered":"https:\/\/cappiello.fr\/?post_type=product&#038;p=136385"},"modified":"2026-04-10T13:59:25","modified_gmt":"2026-04-10T11:59:25","slug":"jane-hading","status":"publish","type":"product","link":"https:\/\/cappiello.fr\/en\/produit\/jane-hading\/","title":{"rendered":"Jane Hading"},"content":{"rendered":"<p>R33 : <em>Les Demi-vierges<\/em>, pi\u00e8ce de th\u00e9\u00e2tre tir\u00e9e du roman de Marcel Pr\u00e9vost  o\u00f9 Jane Hading interpr\u00e8te le r\u00f4le de Maud de Rouvre. Cette pi\u00e8ce \u00e9tait donn\u00e9e \u00e0 l&#8217;\u00e9poque, au Th\u00e9\u00e2tre de l&#8217;Ath\u00e9n\u00e9e.<Br><br \/>\nJane Hading \u00e9tait d&#8217;une beaut\u00e9 et d&#8217;une \u00e9l\u00e9gance r\u00e9put\u00e9es (Albert Carr\u00e9, <em>Souvenirs<\/em>, p. 145). Mais, selon <em>l&#8217;Almanach de la Rampe<\/em>, de 1902 elle avait un &#8220;mauvais caract\u00e8re et la voix pas meilleure que le caract\u00e8re&#8221;.<Br><br \/>\nR33a : Original vendu par Ader-Picard-Trajan \u00e0 Drouot, Paris le 23\/10\/1981, lot n\u00b021.<Br><br \/>\nR33b : Ce dessin est plac\u00e9 de travers sur la feuille. Il a \u00e9t\u00e9 expos\u00e9 \u00e0 la <em>Mona Bismarck Foundation<\/em> en 1993 (24) et \u00e0 Saint-R\u00e9my de Provence en 1994.<Br><br \/>\nRF 37935 : \u00c9tude pr\u00e9paratoire<\/p>\n","protected":false},"excerpt":{"rendered":"<p>R33 : <em>Jane Hading ou la &#8220;demi-vierge&#8221; r\u00eav\u00e9e<\/em>, publi\u00e9e dans <em>Le Rire<\/em> n\u00b0 313, derni\u00e8re page.<Br><br \/>\nR33a : Original<Br><br \/>\nR33b : Dessin pr\u00e9paratoire<Br><br \/>\nRF 37935 : Vignette<\/p>\n","protected":false},"featured_media":136386,"template":"","meta":{"_acf_changed":false},"type-doeuvre":[4056],"product_brand":[],"product_cat":[4067],"product_tag":[4133],"class_list":{"0":"post-136385","1":"product","2":"type-product","3":"status-publish","4":"has-post-thumbnail","6":"type-doeuvre-caricatures","7":"product_cat-actrice","8":"product_tag-red-hair","9":"pa_type-de-contenu-caricature-de-divertissement","11":"first","12":"instock","13":"shipping-taxable","14":"product-type-simple"},"acf":[],"yoast_head":"<!-- This site is optimized with the Yoast SEO Premium plugin v27.0 (Yoast SEO v27.4) - https:\/\/yoast.com\/product\/yoast-seo-premium-wordpress\/ -->\n<title>Jane Hading - Catalogue raisonn\u00e9 de Leonetto Cappiello<\/title>\n<meta name=\"robots\" content=\"index, follow, max-snippet:-1, max-image-preview:large, max-video-preview:-1\" \/>\n<link rel=\"canonical\" href=\"https:\/\/cappiello.fr\/en\/produit\/jane-hading\/\" \/>\n<meta property=\"og:locale\" content=\"en_US\" \/>\n<meta property=\"og:type\" content=\"article\" \/>\n<meta property=\"og:title\" content=\"Jane Hading\" \/>\n<meta property=\"og:description\" content=\"R33 : Jane Hading ou la &quot;demi-vierge&quot; r\u00eav\u00e9e, publi\u00e9e dans Le Rire n\u00b0 313, derni\u00e8re page. R33a : Original R33b : Dessin pr\u00e9paratoire RF 37935 : Vignette\" \/>\n<meta property=\"og:url\" content=\"https:\/\/cappiello.fr\/en\/produit\/jane-hading\/\" \/>\n<meta property=\"og:site_name\" content=\"Catalogue raisonn\u00e9 de Leonetto Cappiello\" \/>\n<meta property=\"article:modified_time\" content=\"2026-04-10T11:59:25+00:00\" \/>\n<meta property=\"og:image\" content=\"https:\/\/cappiello.fr\/wp-content\/uploads\/2026\/03\/Jane-Hading-ou-la-demi-vierge-revee-caricature-Cappiello.jpg\" \/>\n\t<meta property=\"og:image:width\" content=\"562\" \/>\n\t<meta property=\"og:image:height\" content=\"800\" \/>\n\t<meta property=\"og:image:type\" content=\"image\/jpeg\" \/>\n<meta name=\"twitter:card\" content=\"summary_large_image\" \/>\n<meta name=\"twitter:label1\" content=\"Price\" \/>\n\t<meta name=\"twitter:data1\" content=\"\" \/>\n\t<meta name=\"twitter:label2\" content=\"Availability\" \/>\n\t<meta name=\"twitter:data2\" content=\"In stock\" \/>\n<script type=\"application\/ld+json\" class=\"yoast-schema-graph\">{\"@context\":\"https:\\\/\\\/schema.org\",\"@graph\":[{\"@type\":[\"WebPage\",\"ItemPage\"],\"@id\":\"https:\\\/\\\/cappiello.fr\\\/en\\\/produit\\\/jane-hading\\\/\",\"url\":\"https:\\\/\\\/cappiello.fr\\\/en\\\/produit\\\/jane-hading\\\/\",\"name\":\"Jane Hading - Catalogue raisonn\u00e9 de Leonetto Cappiello\",\"isPartOf\":{\"@id\":\"https:\\\/\\\/cappiello.fr\\\/en\\\/#website\"},\"primaryImageOfPage\":{\"@id\":\"https:\\\/\\\/cappiello.fr\\\/en\\\/produit\\\/jane-hading\\\/#primaryimage\"},\"image\":{\"@id\":\"https:\\\/\\\/cappiello.fr\\\/en\\\/produit\\\/jane-hading\\\/#primaryimage\"},\"thumbnailUrl\":\"https:\\\/\\\/cappiello.fr\\\/wp-content\\\/uploads\\\/2026\\\/03\\\/Jane-Hading-ou-la-demi-vierge-revee-caricature-Cappiello.jpg\",\"datePublished\":\"1900-11-03T10:26:55+00:00\",\"dateModified\":\"2026-04-10T11:59:25+00:00\",\"breadcrumb\":{\"@id\":\"https:\\\/\\\/cappiello.fr\\\/en\\\/produit\\\/jane-hading\\\/#breadcrumb\"},\"inLanguage\":\"en-US\",\"potentialAction\":[{\"@type\":\"ReadAction\",\"target\":[\"https:\\\/\\\/cappiello.fr\\\/en\\\/produit\\\/jane-hading\\\/\"]}]},{\"@type\":\"ImageObject\",\"inLanguage\":\"en-US\",\"@id\":\"https:\\\/\\\/cappiello.fr\\\/en\\\/produit\\\/jane-hading\\\/#primaryimage\",\"url\":\"https:\\\/\\\/cappiello.fr\\\/wp-content\\\/uploads\\\/2026\\\/03\\\/Jane-Hading-ou-la-demi-vierge-revee-caricature-Cappiello.jpg\",\"contentUrl\":\"https:\\\/\\\/cappiello.fr\\\/wp-content\\\/uploads\\\/2026\\\/03\\\/Jane-Hading-ou-la-demi-vierge-revee-caricature-Cappiello.jpg\",\"width\":562,\"height\":800,\"caption\":\"Jane Hading ou la \\\"Demi-vierge\\\"r\u00eav\u00e9e, caricature de Cappiello\"},{\"@type\":\"BreadcrumbList\",\"@id\":\"https:\\\/\\\/cappiello.fr\\\/en\\\/produit\\\/jane-hading\\\/#breadcrumb\",\"itemListElement\":[{\"@type\":\"ListItem\",\"position\":1,\"name\":\"Accueil\",\"item\":\"https:\\\/\\\/cappiello.fr\\\/en\\\/\"},{\"@type\":\"ListItem\",\"position\":2,\"name\":\"The works\",\"item\":\"https:\\\/\\\/cappiello.fr\\\/en\\\/the-works\\\/\"},{\"@type\":\"ListItem\",\"position\":3,\"name\":\"Jane Hading\"}]},{\"@type\":\"WebSite\",\"@id\":\"https:\\\/\\\/cappiello.fr\\\/en\\\/#website\",\"url\":\"https:\\\/\\\/cappiello.fr\\\/en\\\/\",\"name\":\"Catalogue raisonn\u00e9 de Leonetto Cappiello\",\"description\":\"Plongez dans l&#039;univers de Leonetto Cappiello, le p\u00e8re de la publicit\u00e9 moderne\",\"potentialAction\":[{\"@type\":\"SearchAction\",\"target\":{\"@type\":\"EntryPoint\",\"urlTemplate\":\"https:\\\/\\\/cappiello.fr\\\/en\\\/?s={search_term_string}\"},\"query-input\":{\"@type\":\"PropertyValueSpecification\",\"valueRequired\":true,\"valueName\":\"search_term_string\"}}],\"inLanguage\":\"en-US\"}]}<\/script>\n<meta property=\"product:price:currency\" content=\"EUR\" \/>\n<meta property=\"og:availability\" content=\"instock\" \/>\n<meta property=\"product:availability\" content=\"instock\" \/>\n<meta property=\"product:retailer_item_id\" content=\"R33\" \/>\n<meta property=\"product:condition\" content=\"new\" \/>\n<!-- \/ Yoast SEO Premium plugin. -->","yoast_head_json":{"title":"Jane Hading - Catalogue raisonn\u00e9 de Leonetto Cappiello","robots":{"index":"index","follow":"follow","max-snippet":"max-snippet:-1","max-image-preview":"max-image-preview:large","max-video-preview":"max-video-preview:-1"},"canonical":"https:\/\/cappiello.fr\/en\/produit\/jane-hading\/","og_locale":"en_US","og_type":"article","og_title":"Jane Hading","og_description":"R33 : Jane Hading ou la \"demi-vierge\" r\u00eav\u00e9e, publi\u00e9e dans Le Rire n\u00b0 313, derni\u00e8re page. R33a : Original R33b : Dessin pr\u00e9paratoire RF 37935 : Vignette","og_url":"https:\/\/cappiello.fr\/en\/produit\/jane-hading\/","og_site_name":"Catalogue raisonn\u00e9 de Leonetto Cappiello","article_modified_time":"2026-04-10T11:59:25+00:00","og_image":[{"width":562,"height":800,"url":"https:\/\/cappiello.fr\/wp-content\/uploads\/2026\/03\/Jane-Hading-ou-la-demi-vierge-revee-caricature-Cappiello.jpg","type":"image\/jpeg"}],"twitter_card":"summary_large_image","twitter_misc":{"Price":"","Availability":"In stock"},"schema":{"@context":"https:\/\/schema.org","@graph":[{"@type":["WebPage","ItemPage"],"@id":"https:\/\/cappiello.fr\/en\/produit\/jane-hading\/","url":"https:\/\/cappiello.fr\/en\/produit\/jane-hading\/","name":"Jane Hading - Catalogue raisonn\u00e9 de Leonetto Cappiello","isPartOf":{"@id":"https:\/\/cappiello.fr\/en\/#website"},"primaryImageOfPage":{"@id":"https:\/\/cappiello.fr\/en\/produit\/jane-hading\/#primaryimage"},"image":{"@id":"https:\/\/cappiello.fr\/en\/produit\/jane-hading\/#primaryimage"},"thumbnailUrl":"https:\/\/cappiello.fr\/wp-content\/uploads\/2026\/03\/Jane-Hading-ou-la-demi-vierge-revee-caricature-Cappiello.jpg","datePublished":"1900-11-03T10:26:55+00:00","dateModified":"2026-04-10T11:59:25+00:00","breadcrumb":{"@id":"https:\/\/cappiello.fr\/en\/produit\/jane-hading\/#breadcrumb"},"inLanguage":"en-US","potentialAction":[{"@type":"ReadAction","target":["https:\/\/cappiello.fr\/en\/produit\/jane-hading\/"]}]},{"@type":"ImageObject","inLanguage":"en-US","@id":"https:\/\/cappiello.fr\/en\/produit\/jane-hading\/#primaryimage","url":"https:\/\/cappiello.fr\/wp-content\/uploads\/2026\/03\/Jane-Hading-ou-la-demi-vierge-revee-caricature-Cappiello.jpg","contentUrl":"https:\/\/cappiello.fr\/wp-content\/uploads\/2026\/03\/Jane-Hading-ou-la-demi-vierge-revee-caricature-Cappiello.jpg","width":562,"height":800,"caption":"Jane Hading ou la \"Demi-vierge\"r\u00eav\u00e9e, caricature de Cappiello"},{"@type":"BreadcrumbList","@id":"https:\/\/cappiello.fr\/en\/produit\/jane-hading\/#breadcrumb","itemListElement":[{"@type":"ListItem","position":1,"name":"Accueil","item":"https:\/\/cappiello.fr\/en\/"},{"@type":"ListItem","position":2,"name":"The works","item":"https:\/\/cappiello.fr\/en\/the-works\/"},{"@type":"ListItem","position":3,"name":"Jane Hading"}]},{"@type":"WebSite","@id":"https:\/\/cappiello.fr\/en\/#website","url":"https:\/\/cappiello.fr\/en\/","name":"Catalogue raisonn\u00e9 de Leonetto Cappiello","description":"Plongez dans l&#039;univers de Leonetto Cappiello, le p\u00e8re de la publicit\u00e9 moderne","potentialAction":[{"@type":"SearchAction","target":{"@type":"EntryPoint","urlTemplate":"https:\/\/cappiello.fr\/en\/?s={search_term_string}"},"query-input":{"@type":"PropertyValueSpecification","valueRequired":true,"valueName":"search_term_string"}}],"inLanguage":"en-US"}]},"product_price_currency":"EUR","og_availability":"instock","product_availability":"instock","product_retailer_item_id":"R33","product_condition":"new"},"_links":{"self":[{"href":"https:\/\/cappiello.fr\/en\/wp-json\/wp\/v2\/product\/136385","targetHints":{"allow":["GET"]}}],"collection":[{"href":"https:\/\/cappiello.fr\/en\/wp-json\/wp\/v2\/product"}],"about":[{"href":"https:\/\/cappiello.fr\/en\/wp-json\/wp\/v2\/types\/product"}],"wp:featuredmedia":[{"embeddable":true,"href":"https:\/\/cappiello.fr\/en\/wp-json\/wp\/v2\/media\/136386"}],"wp:attachment":[{"href":"https:\/\/cappiello.fr\/en\/wp-json\/wp\/v2\/media?parent=136385"}],"wp:term":[{"taxonomy":"type-doeuvre","embeddable":true,"href":"https:\/\/cappiello.fr\/en\/wp-json\/wp\/v2\/type-doeuvre?post=136385"},{"taxonomy":"product_brand","embeddable":true,"href":"https:\/\/cappiello.fr\/en\/wp-json\/wp\/v2\/product_brand?post=136385"},{"taxonomy":"product_cat","embeddable":true,"href":"https:\/\/cappiello.fr\/en\/wp-json\/wp\/v2\/product_cat?post=136385"},{"taxonomy":"product_tag","embeddable":true,"href":"https:\/\/cappiello.fr\/en\/wp-json\/wp\/v2\/product_tag?post=136385"}],"curies":[{"name":"wp","href":"https:\/\/api.w.org\/{rel}","templated":true}]}}