{"id":136406,"date":"1901-04-13T17:03:39","date_gmt":"1901-04-13T16:54:18","guid":{"rendered":"https:\/\/cappiello.fr\/?post_type=product&#038;p=136406"},"modified":"2026-04-10T14:03:26","modified_gmt":"2026-04-10T12:03:26","slug":"lavalliere-des-varietes","status":"publish","type":"product","link":"https:\/\/cappiello.fr\/en\/produit\/lavalliere-des-varietes\/","title":{"rendered":"Lavalli\u00e8re (des Vari\u00e9t\u00e9s)"},"content":{"rendered":"<p>R36 : Titre dans le cadre: <em>Lavalli\u00e8re (des Vari\u00e9t\u00e9s) &#8211; La d\u00e9licieuse Jos\u00e9phine de La Veine.<\/em><Br><br \/>\nL\u00e9gende sous le cadre :<Br><br \/>\n<em>Damoiselle Eve Lavalli\u00e8re,<Br><br \/>\nQue repr\u00e9sente ce tableau<Br><br \/>\nSynth\u00e9tiquement peint \u00e0 l&#8217;eau,<Br><br \/>\npar il signor Cappiello,<Br><br \/>\nest une beaut\u00e9 singuli\u00e8re.<Br><br \/>\n<Br><br \/>\nTelle Cora, la cavali\u00e8re<Br><br \/>\n&#8211; Et que je sois an\u00e9anti<Br><br \/>\nSur l&#8217;heure, si j&#8217;en ai menti &#8211;<Br><br \/>\nElle aime fort le travesti,<Br><br \/>\nDamoiselle Eve Lavalli\u00e8re<Br><\/p>\n<p>On dit que vous n&#8217;\u00eates pas fi\u00e8re :<Br><br \/>\nEh bien, croyez-moi pris d&#8217;alcool<Br><br \/>\nEt jugez si mon r\u00eave est fol :<Br><br \/>\nJe voudrais vos doigts \u00e0 mon col,<Br><br \/>\nPour ma cravate, la derni\u00e8re,<Br><br \/>\nOh Lavalli\u00e8re !<\/em><Br><br \/>\nSign\u00e9 : Gabriel Montoya<Br><br \/>\n<Br><br \/>\nLa Veine, est une pi\u00e8ce d&#8217;Alfred Capus. Eve Lavalli\u00e8re de son vrai nom : Eug\u00e9nie-jeanne-Marie Fenoglio, est d\u00e9crite par Jacques Lorcey dans son livre : <em>Georges Feydeau<\/em> (p. 176, 232) :\u00ab&#8230; fantasque, menue, vibrante, futile, irr\u00e9sistible\u00bb [&#8230;] \u00abque d&#8217;intelligence, que d&#8217;esprit, que de feu ! \u00bb.<Br><br \/>\nChevassu \u00e9crit dans <em>Le Figaro<\/em> : \u00ab Lavalli\u00e8re a l&#8217;art, \u00e0 la fois tr\u00e8s raffin\u00e9 et tr\u00e8s s\u00fbr, d&#8217;aller tout de suite aux confins de l&#8217;excentricit\u00e9 et de s&#8217;y maintenir avec une justesse, une mesure et un tact admirables sans tomber dans l&#8217;in\u00e9l\u00e9gance ou la grossi\u00e8ret\u00e9. \u00bb<Br><br \/>\nLe succ\u00e8s de la fleuriste, Jos\u00e9phine, dans <em>La Veine<\/em> est tel qu&#8217;il d\u00e9passe presque celui de ses illustres partenaires.<\/p>\n","protected":false},"excerpt":{"rendered":"<p>R36 : Publi\u00e9 dans <em>Le Rire<\/em> n\u00b0 336, derni\u00e8re page.<\/p>\n","protected":false},"featured_media":136408,"template":"","meta":{"_acf_changed":false},"type-doeuvre":[4056],"product_brand":[],"product_cat":[4067],"product_tag":[4111,3250,3362],"class_list":{"0":"post-136406","1":"product","2":"type-product","3":"status-publish","4":"has-post-thumbnail","6":"type-doeuvre-caricatures","7":"product_cat-actrice","8":"product_tag-ceinture","9":"product_tag-hat","10":"product_tag-long-dress","11":"pa_type-de-contenu-caricature-de-divertissement","13":"first","14":"instock","15":"shipping-taxable","16":"product-type-simple"},"acf":[],"yoast_head":"<!-- This site is optimized with the Yoast SEO Premium plugin v27.0 (Yoast SEO v27.4) - https:\/\/yoast.com\/product\/yoast-seo-premium-wordpress\/ -->\n<title>Lavalli\u00e8re (des Vari\u00e9t\u00e9s) - Catalogue raisonn\u00e9 de Leonetto Cappiello<\/title>\n<meta name=\"robots\" content=\"index, follow, max-snippet:-1, max-image-preview:large, max-video-preview:-1\" \/>\n<link rel=\"canonical\" href=\"https:\/\/cappiello.fr\/en\/produit\/lavalliere-des-varietes\/\" \/>\n<meta property=\"og:locale\" content=\"en_US\" \/>\n<meta property=\"og:type\" content=\"article\" \/>\n<meta property=\"og:title\" content=\"Lavalli\u00e8re (des Vari\u00e9t\u00e9s)\" \/>\n<meta property=\"og:description\" content=\"R36 : Publi\u00e9 dans Le Rire n\u00b0 336, derni\u00e8re page.\" \/>\n<meta property=\"og:url\" content=\"https:\/\/cappiello.fr\/en\/produit\/lavalliere-des-varietes\/\" \/>\n<meta property=\"og:site_name\" content=\"Catalogue raisonn\u00e9 de Leonetto Cappiello\" \/>\n<meta property=\"article:modified_time\" content=\"2026-04-10T12:03:26+00:00\" \/>\n<meta property=\"og:image\" content=\"https:\/\/cappiello.fr\/wp-content\/uploads\/1901\/04\/Eve-Lavalliere-caicature-Cappiello.jpg\" \/>\n\t<meta property=\"og:image:width\" content=\"551\" \/>\n\t<meta property=\"og:image:height\" content=\"800\" \/>\n\t<meta property=\"og:image:type\" content=\"image\/jpeg\" \/>\n<meta name=\"twitter:card\" content=\"summary_large_image\" \/>\n<meta name=\"twitter:label1\" content=\"Price\" \/>\n\t<meta name=\"twitter:data1\" content=\"\" \/>\n\t<meta name=\"twitter:label2\" content=\"Availability\" \/>\n\t<meta name=\"twitter:data2\" content=\"In stock\" \/>\n<script type=\"application\/ld+json\" class=\"yoast-schema-graph\">{\"@context\":\"https:\\\/\\\/schema.org\",\"@graph\":[{\"@type\":[\"WebPage\",\"ItemPage\"],\"@id\":\"https:\\\/\\\/cappiello.fr\\\/en\\\/produit\\\/lavalliere-des-varietes\\\/\",\"url\":\"https:\\\/\\\/cappiello.fr\\\/en\\\/produit\\\/lavalliere-des-varietes\\\/\",\"name\":\"Lavalli\u00e8re (des Vari\u00e9t\u00e9s) - Catalogue raisonn\u00e9 de Leonetto Cappiello\",\"isPartOf\":{\"@id\":\"https:\\\/\\\/cappiello.fr\\\/en\\\/#website\"},\"primaryImageOfPage\":{\"@id\":\"https:\\\/\\\/cappiello.fr\\\/en\\\/produit\\\/lavalliere-des-varietes\\\/#primaryimage\"},\"image\":{\"@id\":\"https:\\\/\\\/cappiello.fr\\\/en\\\/produit\\\/lavalliere-des-varietes\\\/#primaryimage\"},\"thumbnailUrl\":\"https:\\\/\\\/cappiello.fr\\\/wp-content\\\/uploads\\\/1901\\\/04\\\/Eve-Lavalliere-caicature-Cappiello.jpg\",\"datePublished\":\"1901-04-13T16:54:18+00:00\",\"dateModified\":\"2026-04-10T12:03:26+00:00\",\"breadcrumb\":{\"@id\":\"https:\\\/\\\/cappiello.fr\\\/en\\\/produit\\\/lavalliere-des-varietes\\\/#breadcrumb\"},\"inLanguage\":\"en-US\",\"potentialAction\":[{\"@type\":\"ReadAction\",\"target\":[\"https:\\\/\\\/cappiello.fr\\\/en\\\/produit\\\/lavalliere-des-varietes\\\/\"]}]},{\"@type\":\"ImageObject\",\"inLanguage\":\"en-US\",\"@id\":\"https:\\\/\\\/cappiello.fr\\\/en\\\/produit\\\/lavalliere-des-varietes\\\/#primaryimage\",\"url\":\"https:\\\/\\\/cappiello.fr\\\/wp-content\\\/uploads\\\/1901\\\/04\\\/Eve-Lavalliere-caicature-Cappiello.jpg\",\"contentUrl\":\"https:\\\/\\\/cappiello.fr\\\/wp-content\\\/uploads\\\/1901\\\/04\\\/Eve-Lavalliere-caicature-Cappiello.jpg\",\"width\":551,\"height\":800,\"caption\":\"Lavalli\u00e8re (des Vari\u00e9t\u00e9s) - La d\u00e9licieuse Jos\u00e9phine de La Veine. Caricature de Cappiello\"},{\"@type\":\"BreadcrumbList\",\"@id\":\"https:\\\/\\\/cappiello.fr\\\/en\\\/produit\\\/lavalliere-des-varietes\\\/#breadcrumb\",\"itemListElement\":[{\"@type\":\"ListItem\",\"position\":1,\"name\":\"Accueil\",\"item\":\"https:\\\/\\\/cappiello.fr\\\/en\\\/\"},{\"@type\":\"ListItem\",\"position\":2,\"name\":\"The works\",\"item\":\"https:\\\/\\\/cappiello.fr\\\/en\\\/the-works\\\/\"},{\"@type\":\"ListItem\",\"position\":3,\"name\":\"Lavalli\u00e8re (des Vari\u00e9t\u00e9s)\"}]},{\"@type\":\"WebSite\",\"@id\":\"https:\\\/\\\/cappiello.fr\\\/en\\\/#website\",\"url\":\"https:\\\/\\\/cappiello.fr\\\/en\\\/\",\"name\":\"Catalogue raisonn\u00e9 de Leonetto Cappiello\",\"description\":\"Plongez dans l&#039;univers de Leonetto Cappiello, le p\u00e8re de la publicit\u00e9 moderne\",\"potentialAction\":[{\"@type\":\"SearchAction\",\"target\":{\"@type\":\"EntryPoint\",\"urlTemplate\":\"https:\\\/\\\/cappiello.fr\\\/en\\\/?s={search_term_string}\"},\"query-input\":{\"@type\":\"PropertyValueSpecification\",\"valueRequired\":true,\"valueName\":\"search_term_string\"}}],\"inLanguage\":\"en-US\"}]}<\/script>\n<meta property=\"product:price:currency\" content=\"EUR\" \/>\n<meta property=\"og:availability\" content=\"instock\" \/>\n<meta property=\"product:availability\" content=\"instock\" \/>\n<meta property=\"product:retailer_item_id\" content=\"R36\" \/>\n<meta property=\"product:condition\" content=\"new\" \/>\n<!-- \/ Yoast SEO Premium plugin. -->","yoast_head_json":{"title":"Lavalli\u00e8re (des Vari\u00e9t\u00e9s) - Catalogue raisonn\u00e9 de Leonetto Cappiello","robots":{"index":"index","follow":"follow","max-snippet":"max-snippet:-1","max-image-preview":"max-image-preview:large","max-video-preview":"max-video-preview:-1"},"canonical":"https:\/\/cappiello.fr\/en\/produit\/lavalliere-des-varietes\/","og_locale":"en_US","og_type":"article","og_title":"Lavalli\u00e8re (des Vari\u00e9t\u00e9s)","og_description":"R36 : Publi\u00e9 dans Le Rire n\u00b0 336, derni\u00e8re page.","og_url":"https:\/\/cappiello.fr\/en\/produit\/lavalliere-des-varietes\/","og_site_name":"Catalogue raisonn\u00e9 de Leonetto Cappiello","article_modified_time":"2026-04-10T12:03:26+00:00","og_image":[{"width":551,"height":800,"url":"https:\/\/cappiello.fr\/wp-content\/uploads\/1901\/04\/Eve-Lavalliere-caicature-Cappiello.jpg","type":"image\/jpeg"}],"twitter_card":"summary_large_image","twitter_misc":{"Price":"","Availability":"In stock"},"schema":{"@context":"https:\/\/schema.org","@graph":[{"@type":["WebPage","ItemPage"],"@id":"https:\/\/cappiello.fr\/en\/produit\/lavalliere-des-varietes\/","url":"https:\/\/cappiello.fr\/en\/produit\/lavalliere-des-varietes\/","name":"Lavalli\u00e8re (des Vari\u00e9t\u00e9s) - Catalogue raisonn\u00e9 de Leonetto Cappiello","isPartOf":{"@id":"https:\/\/cappiello.fr\/en\/#website"},"primaryImageOfPage":{"@id":"https:\/\/cappiello.fr\/en\/produit\/lavalliere-des-varietes\/#primaryimage"},"image":{"@id":"https:\/\/cappiello.fr\/en\/produit\/lavalliere-des-varietes\/#primaryimage"},"thumbnailUrl":"https:\/\/cappiello.fr\/wp-content\/uploads\/1901\/04\/Eve-Lavalliere-caicature-Cappiello.jpg","datePublished":"1901-04-13T16:54:18+00:00","dateModified":"2026-04-10T12:03:26+00:00","breadcrumb":{"@id":"https:\/\/cappiello.fr\/en\/produit\/lavalliere-des-varietes\/#breadcrumb"},"inLanguage":"en-US","potentialAction":[{"@type":"ReadAction","target":["https:\/\/cappiello.fr\/en\/produit\/lavalliere-des-varietes\/"]}]},{"@type":"ImageObject","inLanguage":"en-US","@id":"https:\/\/cappiello.fr\/en\/produit\/lavalliere-des-varietes\/#primaryimage","url":"https:\/\/cappiello.fr\/wp-content\/uploads\/1901\/04\/Eve-Lavalliere-caicature-Cappiello.jpg","contentUrl":"https:\/\/cappiello.fr\/wp-content\/uploads\/1901\/04\/Eve-Lavalliere-caicature-Cappiello.jpg","width":551,"height":800,"caption":"Lavalli\u00e8re (des Vari\u00e9t\u00e9s) - La d\u00e9licieuse Jos\u00e9phine de La Veine. Caricature de Cappiello"},{"@type":"BreadcrumbList","@id":"https:\/\/cappiello.fr\/en\/produit\/lavalliere-des-varietes\/#breadcrumb","itemListElement":[{"@type":"ListItem","position":1,"name":"Accueil","item":"https:\/\/cappiello.fr\/en\/"},{"@type":"ListItem","position":2,"name":"The works","item":"https:\/\/cappiello.fr\/en\/the-works\/"},{"@type":"ListItem","position":3,"name":"Lavalli\u00e8re (des Vari\u00e9t\u00e9s)"}]},{"@type":"WebSite","@id":"https:\/\/cappiello.fr\/en\/#website","url":"https:\/\/cappiello.fr\/en\/","name":"Catalogue raisonn\u00e9 de Leonetto Cappiello","description":"Plongez dans l&#039;univers de Leonetto Cappiello, le p\u00e8re de la publicit\u00e9 moderne","potentialAction":[{"@type":"SearchAction","target":{"@type":"EntryPoint","urlTemplate":"https:\/\/cappiello.fr\/en\/?s={search_term_string}"},"query-input":{"@type":"PropertyValueSpecification","valueRequired":true,"valueName":"search_term_string"}}],"inLanguage":"en-US"}]},"product_price_currency":"EUR","og_availability":"instock","product_availability":"instock","product_retailer_item_id":"R36","product_condition":"new"},"_links":{"self":[{"href":"https:\/\/cappiello.fr\/en\/wp-json\/wp\/v2\/product\/136406","targetHints":{"allow":["GET"]}}],"collection":[{"href":"https:\/\/cappiello.fr\/en\/wp-json\/wp\/v2\/product"}],"about":[{"href":"https:\/\/cappiello.fr\/en\/wp-json\/wp\/v2\/types\/product"}],"wp:featuredmedia":[{"embeddable":true,"href":"https:\/\/cappiello.fr\/en\/wp-json\/wp\/v2\/media\/136408"}],"wp:attachment":[{"href":"https:\/\/cappiello.fr\/en\/wp-json\/wp\/v2\/media?parent=136406"}],"wp:term":[{"taxonomy":"type-doeuvre","embeddable":true,"href":"https:\/\/cappiello.fr\/en\/wp-json\/wp\/v2\/type-doeuvre?post=136406"},{"taxonomy":"product_brand","embeddable":true,"href":"https:\/\/cappiello.fr\/en\/wp-json\/wp\/v2\/product_brand?post=136406"},{"taxonomy":"product_cat","embeddable":true,"href":"https:\/\/cappiello.fr\/en\/wp-json\/wp\/v2\/product_cat?post=136406"},{"taxonomy":"product_tag","embeddable":true,"href":"https:\/\/cappiello.fr\/en\/wp-json\/wp\/v2\/product_tag?post=136406"}],"curies":[{"name":"wp","href":"https:\/\/api.w.org\/{rel}","templated":true}]}}