{"id":136421,"date":"1902-05-09T15:42:18","date_gmt":"1902-05-09T15:32:57","guid":{"rendered":"https:\/\/cappiello.fr\/?post_type=product&#038;p=136421"},"modified":"2026-04-10T14:07:44","modified_gmt":"2026-04-10T12:07:44","slug":"au-parc-des-princes","status":"publish","type":"product","link":"https:\/\/cappiello.fr\/en\/produit\/au-parc-des-princes\/","title":{"rendered":"Au parc des Princes"},"content":{"rendered":"<p>JO37 : <em>Au parc des Princes : Le match d&#8217;hier.<\/em><Br><br \/>\nLa l\u00e9gende du dessin est la suivante : <em>Jacquelin &#8211; vainqueur de Lawson &#8211; sur sa bicyclette Peugeot.<\/em><Br><br \/>\nEdmond Jacquelin, apprenti boulanger, est le roi du sprint.<Br><br \/>\nR39 : Nouvelle publication en couleur. L\u00e9gende : <em>Apr\u00e8s le Salon des sports une gloire ancienne, Jacquelin.<\/em><Br><br \/>\nJO37a : Original<Br><br \/>\nJO37b : Jacquelin est repr\u00e9sent\u00e9 avec deux autres concurrents. Au dos de la feuille se trouve une \u00e9bauche du visage de Jacquelin.<\/p>\n","protected":false},"excerpt":{"rendered":"<p>JO37 : Publi\u00e9 dans Le Journal n\u00b03508, page 3<Br><br \/>\nR39 : Publi\u00e9 dans Le Rire n\u00b0426, page 6<Br><br \/>\nJO37a : Original<Br><br \/>\nJO37b : Original variante<\/p>\n","protected":false},"featured_media":136424,"template":"","meta":{"_acf_changed":false},"type-doeuvre":[4056],"product_brand":[],"product_cat":[2972,3005],"product_tag":[2392],"class_list":{"0":"post-136421","1":"product","2":"type-product","3":"status-publish","4":"has-post-thumbnail","6":"type-doeuvre-caricatures","7":"product_cat-cycles","8":"product_cat-sport","9":"product_tag-bicyclette","10":"pa_type-de-contenu-caricature-de-divertissement","12":"first","13":"instock","14":"shipping-taxable","15":"product-type-simple"},"acf":[],"yoast_head":"<!-- This site is optimized with the Yoast SEO Premium plugin v27.0 (Yoast SEO v27.4) - https:\/\/yoast.com\/product\/yoast-seo-premium-wordpress\/ -->\n<title>Au parc des Princes - Catalogue raisonn\u00e9 de Leonetto Cappiello<\/title>\n<meta name=\"robots\" content=\"index, follow, max-snippet:-1, max-image-preview:large, max-video-preview:-1\" \/>\n<link rel=\"canonical\" href=\"https:\/\/cappiello.fr\/en\/produit\/au-parc-des-princes\/\" \/>\n<meta property=\"og:locale\" content=\"en_US\" \/>\n<meta property=\"og:type\" content=\"article\" \/>\n<meta property=\"og:title\" content=\"Au parc des Princes\" \/>\n<meta property=\"og:description\" content=\"JO37 : Publi\u00e9 dans Le Journal n\u00b03508, page 3 R39 : Publi\u00e9 dans Le Rire n\u00b0426, page 6 JO37a : Original JO37b : Original variante\" \/>\n<meta property=\"og:url\" content=\"https:\/\/cappiello.fr\/en\/produit\/au-parc-des-princes\/\" \/>\n<meta property=\"og:site_name\" content=\"Catalogue raisonn\u00e9 de Leonetto Cappiello\" \/>\n<meta property=\"article:modified_time\" content=\"2026-04-10T12:07:44+00:00\" \/>\n<meta property=\"og:image\" content=\"https:\/\/cappiello.fr\/wp-content\/uploads\/2026\/03\/Jacquelin-caricature-Cappiello.jpg\" \/>\n\t<meta property=\"og:image:width\" content=\"753\" \/>\n\t<meta property=\"og:image:height\" content=\"800\" \/>\n\t<meta property=\"og:image:type\" content=\"image\/jpeg\" \/>\n<meta name=\"twitter:card\" content=\"summary_large_image\" \/>\n<meta name=\"twitter:label1\" content=\"Price\" \/>\n\t<meta name=\"twitter:data1\" content=\"\" \/>\n\t<meta name=\"twitter:label2\" content=\"Availability\" \/>\n\t<meta name=\"twitter:data2\" content=\"In stock\" \/>\n<script type=\"application\/ld+json\" class=\"yoast-schema-graph\">{\"@context\":\"https:\\\/\\\/schema.org\",\"@graph\":[{\"@type\":[\"WebPage\",\"ItemPage\"],\"@id\":\"https:\\\/\\\/cappiello.fr\\\/en\\\/produit\\\/au-parc-des-princes\\\/\",\"url\":\"https:\\\/\\\/cappiello.fr\\\/en\\\/produit\\\/au-parc-des-princes\\\/\",\"name\":\"Au parc des Princes - Catalogue raisonn\u00e9 de Leonetto Cappiello\",\"isPartOf\":{\"@id\":\"https:\\\/\\\/cappiello.fr\\\/en\\\/#website\"},\"primaryImageOfPage\":{\"@id\":\"https:\\\/\\\/cappiello.fr\\\/en\\\/produit\\\/au-parc-des-princes\\\/#primaryimage\"},\"image\":{\"@id\":\"https:\\\/\\\/cappiello.fr\\\/en\\\/produit\\\/au-parc-des-princes\\\/#primaryimage\"},\"thumbnailUrl\":\"https:\\\/\\\/cappiello.fr\\\/wp-content\\\/uploads\\\/2026\\\/03\\\/Jacquelin-caricature-Cappiello.jpg\",\"datePublished\":\"1902-05-09T15:32:57+00:00\",\"dateModified\":\"2026-04-10T12:07:44+00:00\",\"breadcrumb\":{\"@id\":\"https:\\\/\\\/cappiello.fr\\\/en\\\/produit\\\/au-parc-des-princes\\\/#breadcrumb\"},\"inLanguage\":\"en-US\",\"potentialAction\":[{\"@type\":\"ReadAction\",\"target\":[\"https:\\\/\\\/cappiello.fr\\\/en\\\/produit\\\/au-parc-des-princes\\\/\"]}]},{\"@type\":\"ImageObject\",\"inLanguage\":\"en-US\",\"@id\":\"https:\\\/\\\/cappiello.fr\\\/en\\\/produit\\\/au-parc-des-princes\\\/#primaryimage\",\"url\":\"https:\\\/\\\/cappiello.fr\\\/wp-content\\\/uploads\\\/2026\\\/03\\\/Jacquelin-caricature-Cappiello.jpg\",\"contentUrl\":\"https:\\\/\\\/cappiello.fr\\\/wp-content\\\/uploads\\\/2026\\\/03\\\/Jacquelin-caricature-Cappiello.jpg\",\"width\":753,\"height\":800,\"caption\":\"Lawson - sur sa bicyclette Peugeot. caricature de Cappiello\"},{\"@type\":\"BreadcrumbList\",\"@id\":\"https:\\\/\\\/cappiello.fr\\\/en\\\/produit\\\/au-parc-des-princes\\\/#breadcrumb\",\"itemListElement\":[{\"@type\":\"ListItem\",\"position\":1,\"name\":\"Accueil\",\"item\":\"https:\\\/\\\/cappiello.fr\\\/en\\\/\"},{\"@type\":\"ListItem\",\"position\":2,\"name\":\"The works\",\"item\":\"https:\\\/\\\/cappiello.fr\\\/en\\\/the-works\\\/\"},{\"@type\":\"ListItem\",\"position\":3,\"name\":\"Au parc des Princes\"}]},{\"@type\":\"WebSite\",\"@id\":\"https:\\\/\\\/cappiello.fr\\\/en\\\/#website\",\"url\":\"https:\\\/\\\/cappiello.fr\\\/en\\\/\",\"name\":\"Catalogue raisonn\u00e9 de Leonetto Cappiello\",\"description\":\"Plongez dans l&#039;univers de Leonetto Cappiello, le p\u00e8re de la publicit\u00e9 moderne\",\"potentialAction\":[{\"@type\":\"SearchAction\",\"target\":{\"@type\":\"EntryPoint\",\"urlTemplate\":\"https:\\\/\\\/cappiello.fr\\\/en\\\/?s={search_term_string}\"},\"query-input\":{\"@type\":\"PropertyValueSpecification\",\"valueRequired\":true,\"valueName\":\"search_term_string\"}}],\"inLanguage\":\"en-US\"}]}<\/script>\n<meta property=\"product:price:currency\" content=\"EUR\" \/>\n<meta property=\"og:availability\" content=\"instock\" \/>\n<meta property=\"product:availability\" content=\"instock\" \/>\n<meta property=\"product:retailer_item_id\" content=\"JO37\" \/>\n<meta property=\"product:condition\" content=\"new\" \/>\n<!-- \/ Yoast SEO Premium plugin. -->","yoast_head_json":{"title":"Au parc des Princes - Catalogue raisonn\u00e9 de Leonetto Cappiello","robots":{"index":"index","follow":"follow","max-snippet":"max-snippet:-1","max-image-preview":"max-image-preview:large","max-video-preview":"max-video-preview:-1"},"canonical":"https:\/\/cappiello.fr\/en\/produit\/au-parc-des-princes\/","og_locale":"en_US","og_type":"article","og_title":"Au parc des Princes","og_description":"JO37 : Publi\u00e9 dans Le Journal n\u00b03508, page 3 R39 : Publi\u00e9 dans Le Rire n\u00b0426, page 6 JO37a : Original JO37b : Original variante","og_url":"https:\/\/cappiello.fr\/en\/produit\/au-parc-des-princes\/","og_site_name":"Catalogue raisonn\u00e9 de Leonetto Cappiello","article_modified_time":"2026-04-10T12:07:44+00:00","og_image":[{"width":753,"height":800,"url":"https:\/\/cappiello.fr\/wp-content\/uploads\/2026\/03\/Jacquelin-caricature-Cappiello.jpg","type":"image\/jpeg"}],"twitter_card":"summary_large_image","twitter_misc":{"Price":"","Availability":"In stock"},"schema":{"@context":"https:\/\/schema.org","@graph":[{"@type":["WebPage","ItemPage"],"@id":"https:\/\/cappiello.fr\/en\/produit\/au-parc-des-princes\/","url":"https:\/\/cappiello.fr\/en\/produit\/au-parc-des-princes\/","name":"Au parc des Princes - Catalogue raisonn\u00e9 de Leonetto Cappiello","isPartOf":{"@id":"https:\/\/cappiello.fr\/en\/#website"},"primaryImageOfPage":{"@id":"https:\/\/cappiello.fr\/en\/produit\/au-parc-des-princes\/#primaryimage"},"image":{"@id":"https:\/\/cappiello.fr\/en\/produit\/au-parc-des-princes\/#primaryimage"},"thumbnailUrl":"https:\/\/cappiello.fr\/wp-content\/uploads\/2026\/03\/Jacquelin-caricature-Cappiello.jpg","datePublished":"1902-05-09T15:32:57+00:00","dateModified":"2026-04-10T12:07:44+00:00","breadcrumb":{"@id":"https:\/\/cappiello.fr\/en\/produit\/au-parc-des-princes\/#breadcrumb"},"inLanguage":"en-US","potentialAction":[{"@type":"ReadAction","target":["https:\/\/cappiello.fr\/en\/produit\/au-parc-des-princes\/"]}]},{"@type":"ImageObject","inLanguage":"en-US","@id":"https:\/\/cappiello.fr\/en\/produit\/au-parc-des-princes\/#primaryimage","url":"https:\/\/cappiello.fr\/wp-content\/uploads\/2026\/03\/Jacquelin-caricature-Cappiello.jpg","contentUrl":"https:\/\/cappiello.fr\/wp-content\/uploads\/2026\/03\/Jacquelin-caricature-Cappiello.jpg","width":753,"height":800,"caption":"Lawson - sur sa bicyclette Peugeot. caricature de Cappiello"},{"@type":"BreadcrumbList","@id":"https:\/\/cappiello.fr\/en\/produit\/au-parc-des-princes\/#breadcrumb","itemListElement":[{"@type":"ListItem","position":1,"name":"Accueil","item":"https:\/\/cappiello.fr\/en\/"},{"@type":"ListItem","position":2,"name":"The works","item":"https:\/\/cappiello.fr\/en\/the-works\/"},{"@type":"ListItem","position":3,"name":"Au parc des Princes"}]},{"@type":"WebSite","@id":"https:\/\/cappiello.fr\/en\/#website","url":"https:\/\/cappiello.fr\/en\/","name":"Catalogue raisonn\u00e9 de Leonetto Cappiello","description":"Plongez dans l&#039;univers de Leonetto Cappiello, le p\u00e8re de la publicit\u00e9 moderne","potentialAction":[{"@type":"SearchAction","target":{"@type":"EntryPoint","urlTemplate":"https:\/\/cappiello.fr\/en\/?s={search_term_string}"},"query-input":{"@type":"PropertyValueSpecification","valueRequired":true,"valueName":"search_term_string"}}],"inLanguage":"en-US"}]},"product_price_currency":"EUR","og_availability":"instock","product_availability":"instock","product_retailer_item_id":"JO37","product_condition":"new"},"_links":{"self":[{"href":"https:\/\/cappiello.fr\/en\/wp-json\/wp\/v2\/product\/136421","targetHints":{"allow":["GET"]}}],"collection":[{"href":"https:\/\/cappiello.fr\/en\/wp-json\/wp\/v2\/product"}],"about":[{"href":"https:\/\/cappiello.fr\/en\/wp-json\/wp\/v2\/types\/product"}],"wp:featuredmedia":[{"embeddable":true,"href":"https:\/\/cappiello.fr\/en\/wp-json\/wp\/v2\/media\/136424"}],"wp:attachment":[{"href":"https:\/\/cappiello.fr\/en\/wp-json\/wp\/v2\/media?parent=136421"}],"wp:term":[{"taxonomy":"type-doeuvre","embeddable":true,"href":"https:\/\/cappiello.fr\/en\/wp-json\/wp\/v2\/type-doeuvre?post=136421"},{"taxonomy":"product_brand","embeddable":true,"href":"https:\/\/cappiello.fr\/en\/wp-json\/wp\/v2\/product_brand?post=136421"},{"taxonomy":"product_cat","embeddable":true,"href":"https:\/\/cappiello.fr\/en\/wp-json\/wp\/v2\/product_cat?post=136421"},{"taxonomy":"product_tag","embeddable":true,"href":"https:\/\/cappiello.fr\/en\/wp-json\/wp\/v2\/product_tag?post=136421"}],"curies":[{"name":"wp","href":"https:\/\/api.w.org\/{rel}","templated":true}]}}