{"id":136429,"date":"1903-01-31T12:31:14","date_gmt":"1903-01-31T12:21:53","guid":{"rendered":"https:\/\/cappiello.fr\/?post_type=product&#038;p=136429"},"modified":"2026-04-10T14:10:29","modified_gmt":"2026-04-10T12:10:29","slug":"la-decoration-de-m-le-bargy","status":"publish","type":"product","link":"https:\/\/cappiello.fr\/en\/produit\/la-decoration-de-m-le-bargy\/","title":{"rendered":"Le Bargy (La d\u00e9coration de M.)"},"content":{"rendered":"<p>R40 : L\u00e9gende :<Br><br \/>\n<em>La d\u00e9coration de M. Le Bargy<Br><br \/>\nM<sup>me<\/sup> Le Bargy : &#8211; Au lieu du ruban, Chaumi\u00e9 aurait d\u00fb te donner la \u00abcravate\u00bb pour compl\u00e9ter ta collection.<\/em><Br><br \/>\nJoseph Chaumi\u00e9 \u00e9tait ministre de l&#8217;Instruction publique et des Beaux-Arts. Il sera plus tard ministre de la Justice.<Br><br \/>\nM<sup>me<\/sup> Le Bargy est plus connue sous le nom de \u00ab M<sup>me<\/sup> Simone \u00bb. Elle \u00e9tait com\u00e9dienne et romanci\u00e8re de talent. Elle sera \u00e0 la fois \u00ab la plus connue et la moins c\u00e9l\u00e8bre des reines de Paris\u00bb. Etonnamment : la chaleur ou la froideur d&#8217;une salle de spectacle la laissait, sur sc\u00e8ne, dans une \u00abindiff\u00e9rence monstrueuse\u00bb (<em>Sous de Nouveaux Soleils<\/em>, p.128). Elle se s\u00e9parera de son mari en 1906. Une profonde amiti\u00e9 la liera avec Charles P\u00e9guy et elle sera, selon elle, le dernier grand amour d&#8217;Henri Alain-Fournier, auteur du <em>Grand Meaulne<\/em> (<em>Sous de Nouveaux soleils<\/em>, p.205 \u00e0 300).<Br><br \/>\nLe Bargy serait le p\u00e8re de Jean Debucourt (J. Porel, p. 168).<Br><br \/>\n70d30 : Para\u00eet de nouveau dans les 70 dessins de Cappiello, p. 29 avec pour titre : <em>M. et M<sup>me<\/sup> Le Bargy.<\/em><Br><br \/>\nR40a : Sur le dessin, mention pour l&#8217;imprimeur : &#8220;Sans r\u00e9duction&#8221;.<Br><br \/>\nR40b : Esquisse pr\u00e9paratoire<Br><br \/>\nRF 37411 : Vignette pr\u00e9paratoire de M. Le Bargy<\/p>\n","protected":false},"excerpt":{"rendered":"<p>R40 : Publi\u00e9 dans <em>Le Rire<\/em> n\u00b0430, page de couverture<Br><br \/>\n70d30 : Para\u00eet de nouveau dans les 70 dessins de Cappiello, p. 29<Br><br \/>\nR40a : Original<Br><br \/>\nR40b : Esquisse pr\u00e9paratoire<Br><br \/>\nRF 37411 : Vignette<\/p>\n","protected":false},"featured_media":136430,"template":"","meta":{"_acf_changed":false},"type-doeuvre":[4056],"product_brand":[],"product_cat":[4066,4067],"product_tag":[4123,2495],"class_list":{"0":"post-136429","1":"product","2":"type-product","3":"status-publish","4":"has-post-thumbnail","6":"type-doeuvre-caricatures","7":"product_cat-acteur","8":"product_cat-actrice","9":"product_tag-delicatesse","10":"product_tag-fierte","11":"pa_type-de-contenu-caricature-de-divertissement","13":"first","14":"instock","15":"shipping-taxable","16":"product-type-simple"},"acf":[],"yoast_head":"<!-- This site is optimized with the Yoast SEO Premium plugin v27.0 (Yoast SEO v27.4) - https:\/\/yoast.com\/product\/yoast-seo-premium-wordpress\/ -->\n<title>Le Bargy (La d\u00e9coration de M.) - Catalogue raisonn\u00e9 de Leonetto Cappiello<\/title>\n<meta name=\"robots\" content=\"index, follow, max-snippet:-1, max-image-preview:large, max-video-preview:-1\" \/>\n<link rel=\"canonical\" href=\"https:\/\/cappiello.fr\/en\/produit\/la-decoration-de-m-le-bargy\/\" \/>\n<meta property=\"og:locale\" content=\"en_US\" \/>\n<meta property=\"og:type\" content=\"article\" \/>\n<meta property=\"og:title\" content=\"Le Bargy (La d\u00e9coration de M.)\" \/>\n<meta property=\"og:description\" content=\"R40 : Publi\u00e9 dans Le Rire n\u00b0430, page de couverture 70d30 : Para\u00eet de nouveau dans les 70 dessins de Cappiello, p. 29 R40a : Original R40b : Esquisse pr\u00e9paratoire RF 37411 : Vignette\" \/>\n<meta property=\"og:url\" content=\"https:\/\/cappiello.fr\/en\/produit\/la-decoration-de-m-le-bargy\/\" \/>\n<meta property=\"og:site_name\" content=\"Catalogue raisonn\u00e9 de Leonetto Cappiello\" \/>\n<meta property=\"article:modified_time\" content=\"2026-04-10T12:10:29+00:00\" \/>\n<meta property=\"og:image\" content=\"https:\/\/cappiello.fr\/wp-content\/uploads\/1903\/01\/La-decoration-de-M-Le-Bargy-caricature-Cappiello.jpg\" \/>\n\t<meta property=\"og:image:width\" content=\"562\" \/>\n\t<meta property=\"og:image:height\" content=\"800\" \/>\n\t<meta property=\"og:image:type\" content=\"image\/jpeg\" \/>\n<meta name=\"twitter:card\" content=\"summary_large_image\" \/>\n<meta name=\"twitter:label1\" content=\"Price\" \/>\n\t<meta name=\"twitter:data1\" content=\"\" \/>\n\t<meta name=\"twitter:label2\" content=\"Availability\" \/>\n\t<meta name=\"twitter:data2\" content=\"In stock\" \/>\n<script type=\"application\/ld+json\" class=\"yoast-schema-graph\">{\"@context\":\"https:\\\/\\\/schema.org\",\"@graph\":[{\"@type\":[\"WebPage\",\"ItemPage\"],\"@id\":\"https:\\\/\\\/cappiello.fr\\\/en\\\/produit\\\/la-decoration-de-m-le-bargy\\\/\",\"url\":\"https:\\\/\\\/cappiello.fr\\\/en\\\/produit\\\/la-decoration-de-m-le-bargy\\\/\",\"name\":\"Le Bargy (La d\u00e9coration de M.) - Catalogue raisonn\u00e9 de Leonetto Cappiello\",\"isPartOf\":{\"@id\":\"https:\\\/\\\/cappiello.fr\\\/en\\\/#website\"},\"primaryImageOfPage\":{\"@id\":\"https:\\\/\\\/cappiello.fr\\\/en\\\/produit\\\/la-decoration-de-m-le-bargy\\\/#primaryimage\"},\"image\":{\"@id\":\"https:\\\/\\\/cappiello.fr\\\/en\\\/produit\\\/la-decoration-de-m-le-bargy\\\/#primaryimage\"},\"thumbnailUrl\":\"https:\\\/\\\/cappiello.fr\\\/wp-content\\\/uploads\\\/1903\\\/01\\\/La-decoration-de-M-Le-Bargy-caricature-Cappiello.jpg\",\"datePublished\":\"1903-01-31T12:21:53+00:00\",\"dateModified\":\"2026-04-10T12:10:29+00:00\",\"breadcrumb\":{\"@id\":\"https:\\\/\\\/cappiello.fr\\\/en\\\/produit\\\/la-decoration-de-m-le-bargy\\\/#breadcrumb\"},\"inLanguage\":\"en-US\",\"potentialAction\":[{\"@type\":\"ReadAction\",\"target\":[\"https:\\\/\\\/cappiello.fr\\\/en\\\/produit\\\/la-decoration-de-m-le-bargy\\\/\"]}]},{\"@type\":\"ImageObject\",\"inLanguage\":\"en-US\",\"@id\":\"https:\\\/\\\/cappiello.fr\\\/en\\\/produit\\\/la-decoration-de-m-le-bargy\\\/#primaryimage\",\"url\":\"https:\\\/\\\/cappiello.fr\\\/wp-content\\\/uploads\\\/1903\\\/01\\\/La-decoration-de-M-Le-Bargy-caricature-Cappiello.jpg\",\"contentUrl\":\"https:\\\/\\\/cappiello.fr\\\/wp-content\\\/uploads\\\/1903\\\/01\\\/La-decoration-de-M-Le-Bargy-caricature-Cappiello.jpg\",\"width\":562,\"height\":800,\"caption\":\"La d\u00e9coration de M. Le Bargy, caricature de Cappiello\"},{\"@type\":\"BreadcrumbList\",\"@id\":\"https:\\\/\\\/cappiello.fr\\\/en\\\/produit\\\/la-decoration-de-m-le-bargy\\\/#breadcrumb\",\"itemListElement\":[{\"@type\":\"ListItem\",\"position\":1,\"name\":\"Accueil\",\"item\":\"https:\\\/\\\/cappiello.fr\\\/en\\\/\"},{\"@type\":\"ListItem\",\"position\":2,\"name\":\"The works\",\"item\":\"https:\\\/\\\/cappiello.fr\\\/en\\\/the-works\\\/\"},{\"@type\":\"ListItem\",\"position\":3,\"name\":\"Le Bargy (La d\u00e9coration de M.)\"}]},{\"@type\":\"WebSite\",\"@id\":\"https:\\\/\\\/cappiello.fr\\\/en\\\/#website\",\"url\":\"https:\\\/\\\/cappiello.fr\\\/en\\\/\",\"name\":\"Catalogue raisonn\u00e9 de Leonetto Cappiello\",\"description\":\"Plongez dans l&#039;univers de Leonetto Cappiello, le p\u00e8re de la publicit\u00e9 moderne\",\"potentialAction\":[{\"@type\":\"SearchAction\",\"target\":{\"@type\":\"EntryPoint\",\"urlTemplate\":\"https:\\\/\\\/cappiello.fr\\\/en\\\/?s={search_term_string}\"},\"query-input\":{\"@type\":\"PropertyValueSpecification\",\"valueRequired\":true,\"valueName\":\"search_term_string\"}}],\"inLanguage\":\"en-US\"}]}<\/script>\n<meta property=\"product:price:currency\" content=\"EUR\" \/>\n<meta property=\"og:availability\" content=\"instock\" \/>\n<meta property=\"product:availability\" content=\"instock\" \/>\n<meta property=\"product:retailer_item_id\" content=\"R40\" \/>\n<meta property=\"product:condition\" content=\"new\" \/>\n<!-- \/ Yoast SEO Premium plugin. -->","yoast_head_json":{"title":"Le Bargy (La d\u00e9coration de M.) - Catalogue raisonn\u00e9 de Leonetto Cappiello","robots":{"index":"index","follow":"follow","max-snippet":"max-snippet:-1","max-image-preview":"max-image-preview:large","max-video-preview":"max-video-preview:-1"},"canonical":"https:\/\/cappiello.fr\/en\/produit\/la-decoration-de-m-le-bargy\/","og_locale":"en_US","og_type":"article","og_title":"Le Bargy (La d\u00e9coration de M.)","og_description":"R40 : Publi\u00e9 dans Le Rire n\u00b0430, page de couverture 70d30 : Para\u00eet de nouveau dans les 70 dessins de Cappiello, p. 29 R40a : Original R40b : Esquisse pr\u00e9paratoire RF 37411 : Vignette","og_url":"https:\/\/cappiello.fr\/en\/produit\/la-decoration-de-m-le-bargy\/","og_site_name":"Catalogue raisonn\u00e9 de Leonetto Cappiello","article_modified_time":"2026-04-10T12:10:29+00:00","og_image":[{"width":562,"height":800,"url":"https:\/\/cappiello.fr\/wp-content\/uploads\/1903\/01\/La-decoration-de-M-Le-Bargy-caricature-Cappiello.jpg","type":"image\/jpeg"}],"twitter_card":"summary_large_image","twitter_misc":{"Price":"","Availability":"In stock"},"schema":{"@context":"https:\/\/schema.org","@graph":[{"@type":["WebPage","ItemPage"],"@id":"https:\/\/cappiello.fr\/en\/produit\/la-decoration-de-m-le-bargy\/","url":"https:\/\/cappiello.fr\/en\/produit\/la-decoration-de-m-le-bargy\/","name":"Le Bargy (La d\u00e9coration de M.) - Catalogue raisonn\u00e9 de Leonetto Cappiello","isPartOf":{"@id":"https:\/\/cappiello.fr\/en\/#website"},"primaryImageOfPage":{"@id":"https:\/\/cappiello.fr\/en\/produit\/la-decoration-de-m-le-bargy\/#primaryimage"},"image":{"@id":"https:\/\/cappiello.fr\/en\/produit\/la-decoration-de-m-le-bargy\/#primaryimage"},"thumbnailUrl":"https:\/\/cappiello.fr\/wp-content\/uploads\/1903\/01\/La-decoration-de-M-Le-Bargy-caricature-Cappiello.jpg","datePublished":"1903-01-31T12:21:53+00:00","dateModified":"2026-04-10T12:10:29+00:00","breadcrumb":{"@id":"https:\/\/cappiello.fr\/en\/produit\/la-decoration-de-m-le-bargy\/#breadcrumb"},"inLanguage":"en-US","potentialAction":[{"@type":"ReadAction","target":["https:\/\/cappiello.fr\/en\/produit\/la-decoration-de-m-le-bargy\/"]}]},{"@type":"ImageObject","inLanguage":"en-US","@id":"https:\/\/cappiello.fr\/en\/produit\/la-decoration-de-m-le-bargy\/#primaryimage","url":"https:\/\/cappiello.fr\/wp-content\/uploads\/1903\/01\/La-decoration-de-M-Le-Bargy-caricature-Cappiello.jpg","contentUrl":"https:\/\/cappiello.fr\/wp-content\/uploads\/1903\/01\/La-decoration-de-M-Le-Bargy-caricature-Cappiello.jpg","width":562,"height":800,"caption":"La d\u00e9coration de M. Le Bargy, caricature de Cappiello"},{"@type":"BreadcrumbList","@id":"https:\/\/cappiello.fr\/en\/produit\/la-decoration-de-m-le-bargy\/#breadcrumb","itemListElement":[{"@type":"ListItem","position":1,"name":"Accueil","item":"https:\/\/cappiello.fr\/en\/"},{"@type":"ListItem","position":2,"name":"The works","item":"https:\/\/cappiello.fr\/en\/the-works\/"},{"@type":"ListItem","position":3,"name":"Le Bargy (La d\u00e9coration de M.)"}]},{"@type":"WebSite","@id":"https:\/\/cappiello.fr\/en\/#website","url":"https:\/\/cappiello.fr\/en\/","name":"Catalogue raisonn\u00e9 de Leonetto Cappiello","description":"Plongez dans l&#039;univers de Leonetto Cappiello, le p\u00e8re de la publicit\u00e9 moderne","potentialAction":[{"@type":"SearchAction","target":{"@type":"EntryPoint","urlTemplate":"https:\/\/cappiello.fr\/en\/?s={search_term_string}"},"query-input":{"@type":"PropertyValueSpecification","valueRequired":true,"valueName":"search_term_string"}}],"inLanguage":"en-US"}]},"product_price_currency":"EUR","og_availability":"instock","product_availability":"instock","product_retailer_item_id":"R40","product_condition":"new"},"_links":{"self":[{"href":"https:\/\/cappiello.fr\/en\/wp-json\/wp\/v2\/product\/136429","targetHints":{"allow":["GET"]}}],"collection":[{"href":"https:\/\/cappiello.fr\/en\/wp-json\/wp\/v2\/product"}],"about":[{"href":"https:\/\/cappiello.fr\/en\/wp-json\/wp\/v2\/types\/product"}],"wp:featuredmedia":[{"embeddable":true,"href":"https:\/\/cappiello.fr\/en\/wp-json\/wp\/v2\/media\/136430"}],"wp:attachment":[{"href":"https:\/\/cappiello.fr\/en\/wp-json\/wp\/v2\/media?parent=136429"}],"wp:term":[{"taxonomy":"type-doeuvre","embeddable":true,"href":"https:\/\/cappiello.fr\/en\/wp-json\/wp\/v2\/type-doeuvre?post=136429"},{"taxonomy":"product_brand","embeddable":true,"href":"https:\/\/cappiello.fr\/en\/wp-json\/wp\/v2\/product_brand?post=136429"},{"taxonomy":"product_cat","embeddable":true,"href":"https:\/\/cappiello.fr\/en\/wp-json\/wp\/v2\/product_cat?post=136429"},{"taxonomy":"product_tag","embeddable":true,"href":"https:\/\/cappiello.fr\/en\/wp-json\/wp\/v2\/product_tag?post=136429"}],"curies":[{"name":"wp","href":"https:\/\/api.w.org\/{rel}","templated":true}]}}