{"id":136437,"date":"1904-01-23T10:21:52","date_gmt":"1904-01-23T10:12:31","guid":{"rendered":"https:\/\/cappiello.fr\/?post_type=product&#038;p=136437"},"modified":"2026-04-10T14:13:07","modified_gmt":"2026-04-10T12:13:07","slug":"les-succes-de-lannee","status":"publish","type":"product","link":"https:\/\/cappiello.fr\/en\/produit\/les-succes-de-lannee\/","title":{"rendered":"Les Succ\u00e8s de l&#8217;ann\u00e9e"},"content":{"rendered":"<p>R41 : <em>Les succ\u00e8s de l&#8217;ann\u00e9e par petites tables &#8211; Les auteurs et leurs principaux interpr\u00e8tes.<\/em><Br><br \/>\nDe bas en haut et de gauche \u00e0 droite,<Br><br \/>\n<u>Page de gauche <\/u>:<Br><br \/>\nTable &#8220;L&#8217;adversaire&#8221; : Marthe Brand\u00e8s, Emmanuel Ar\u00e8ne, Alfred Capus, Lucien Guitry.<Br><br \/>\nTable &#8220;Le retour de J\u00e9rusalem&#8221; : Simone Le Bargy, Maurice Donnay, Dum\u00e9ny.<Br><br \/>\nTable &#8220;R\u00e9surrection&#8221; : Bady, Henry Bataille, Dum\u00e9ny.<Br><br \/>\nTable &#8220;Antoinette Sabrier&#8221; : R\u00e9jane, Romain Coolus, Dubosc.<Br><br \/>\n<u>Page de droite<\/u> :<Br><br \/>\nTable &#8220;La sorci\u00e8re&#8221; : Sarah Bernhardt, Victorien Sardou, De Max.<Br><br \/>\nTable &#8220;Les affaires sont les affaires&#8221; : De F\u00e9raudy, Octave Mirbeau, Berr.<Br><br \/>\nTable &#8220;Le d\u00e9dale&#8221; : Bartet, Paul Hervieu, Le Bargy.<Br><br \/>\nTable &#8220;Les sentiers de la vertu&#8221; : Marcelle Lender, De Caillavet, De Flers, Noblet.<Br><br \/>\nTable &#8220;L&#8217;indiscret&#8221; : Antoine, Edmond S\u00e9e, Grand.<Br><br \/>\nSelon l&#8217;usage, le succ\u00e8s d&#8217;une pi\u00e8ce est f\u00eat\u00e9 par le directeur du th\u00e9\u00e2tre, l&#8217;auteur et les acteurs par un souper apr\u00e8s sa centi\u00e8me repr\u00e9sentation (Gidel, p. 200). Ainsi, \u00e0 l&#8217;occasion de la centi\u00e8me de La Ch\u00e2telaine d&#8217;Alfred Capus, le souper a eu lieu \u00e0 l&#8217;H\u00f4tel Ritz (Jules Renard, <em>Lettres retrouv\u00e9es<\/em>, p. 188). Il s&#8217;agit, sans doute, ici, de toutes les pi\u00e8ces qui ont atteint ou d\u00e9pass\u00e9 la centi\u00e8me, en 1903.<Br><br \/>\n70d67 : <em>Diners de centi\u00e8me.<\/em> Cette publication dans <em>Les 70 dessins de Cappiello<\/em> est identique \u00e0 celle publi\u00e9e dans <em>Le Rire<\/em> (R41), mais le nom des personnages n&#8217;est pas mentionn\u00e9<\/p>\n","protected":false},"excerpt":{"rendered":"<p>R41 : <em>Les succ\u00e8s de l&#8217;ann\u00e9e<\/em>, publi\u00e9 dans <em>Le Rire<\/em> n\u00b051 pages 10 et 11<Br><br \/>\n70d67 : <em>D\u00eeners de centi\u00e8me<\/em>, publi\u00e9 dans <em>70 dessins de Cappiello<\/em>. <\/p>\n","protected":false},"featured_media":136438,"template":"","meta":{"_acf_changed":false},"type-doeuvre":[4056],"product_brand":[],"product_cat":[4069,4068],"product_tag":[2332],"class_list":{"0":"post-136437","1":"product","2":"type-product","3":"status-publish","4":"has-post-thumbnail","6":"type-doeuvre-caricatures","7":"product_cat-dramaturge","8":"product_cat-groupe-dacteurs","9":"product_tag-table","10":"pa_type-de-contenu-caricature-de-divertissement","12":"first","13":"instock","14":"shipping-taxable","15":"product-type-simple"},"acf":[],"yoast_head":"<!-- This site is optimized with the Yoast SEO Premium plugin v27.0 (Yoast SEO v27.4) - https:\/\/yoast.com\/product\/yoast-seo-premium-wordpress\/ -->\n<title>Les Succ\u00e8s de l&#039;ann\u00e9e - Catalogue raisonn\u00e9 de Leonetto Cappiello<\/title>\n<meta name=\"robots\" content=\"index, follow, max-snippet:-1, max-image-preview:large, max-video-preview:-1\" \/>\n<link rel=\"canonical\" href=\"https:\/\/cappiello.fr\/en\/produit\/les-succes-de-lannee\/\" \/>\n<meta property=\"og:locale\" content=\"en_US\" \/>\n<meta property=\"og:type\" content=\"article\" \/>\n<meta property=\"og:title\" content=\"Les Succ\u00e8s de l&#039;ann\u00e9e\" \/>\n<meta property=\"og:description\" content=\"R41 : Les succ\u00e8s de l&#039;ann\u00e9e, publi\u00e9 dans Le Rire n\u00b051 pages 10 et 11 70d67 : D\u00eeners de centi\u00e8me, publi\u00e9 dans 70 dessins de Cappiello.\" \/>\n<meta property=\"og:url\" content=\"https:\/\/cappiello.fr\/en\/produit\/les-succes-de-lannee\/\" \/>\n<meta property=\"og:site_name\" content=\"Catalogue raisonn\u00e9 de Leonetto Cappiello\" \/>\n<meta property=\"article:modified_time\" content=\"2026-04-10T12:13:07+00:00\" \/>\n<meta property=\"og:image\" content=\"https:\/\/cappiello.fr\/wp-content\/uploads\/2026\/03\/Les-succes-de-l-annee-les-auteurs-et-leurs-principaux-interpretes-caricature-Cappiello.jpg\" \/>\n\t<meta property=\"og:image:width\" content=\"1117\" \/>\n\t<meta property=\"og:image:height\" content=\"800\" \/>\n\t<meta property=\"og:image:type\" content=\"image\/jpeg\" \/>\n<meta name=\"twitter:card\" content=\"summary_large_image\" \/>\n<meta name=\"twitter:label1\" content=\"Price\" \/>\n\t<meta name=\"twitter:data1\" content=\"\" \/>\n\t<meta name=\"twitter:label2\" content=\"Availability\" \/>\n\t<meta name=\"twitter:data2\" content=\"In stock\" \/>\n<script type=\"application\/ld+json\" class=\"yoast-schema-graph\">{\"@context\":\"https:\\\/\\\/schema.org\",\"@graph\":[{\"@type\":[\"WebPage\",\"ItemPage\"],\"@id\":\"https:\\\/\\\/cappiello.fr\\\/en\\\/produit\\\/les-succes-de-lannee\\\/\",\"url\":\"https:\\\/\\\/cappiello.fr\\\/en\\\/produit\\\/les-succes-de-lannee\\\/\",\"name\":\"Les Succ\u00e8s de l'ann\u00e9e - Catalogue raisonn\u00e9 de Leonetto Cappiello\",\"isPartOf\":{\"@id\":\"https:\\\/\\\/cappiello.fr\\\/en\\\/#website\"},\"primaryImageOfPage\":{\"@id\":\"https:\\\/\\\/cappiello.fr\\\/en\\\/produit\\\/les-succes-de-lannee\\\/#primaryimage\"},\"image\":{\"@id\":\"https:\\\/\\\/cappiello.fr\\\/en\\\/produit\\\/les-succes-de-lannee\\\/#primaryimage\"},\"thumbnailUrl\":\"https:\\\/\\\/cappiello.fr\\\/wp-content\\\/uploads\\\/2026\\\/03\\\/Les-succes-de-l-annee-les-auteurs-et-leurs-principaux-interpretes-caricature-Cappiello.jpg\",\"datePublished\":\"1904-01-23T10:12:31+00:00\",\"dateModified\":\"2026-04-10T12:13:07+00:00\",\"breadcrumb\":{\"@id\":\"https:\\\/\\\/cappiello.fr\\\/en\\\/produit\\\/les-succes-de-lannee\\\/#breadcrumb\"},\"inLanguage\":\"en-US\",\"potentialAction\":[{\"@type\":\"ReadAction\",\"target\":[\"https:\\\/\\\/cappiello.fr\\\/en\\\/produit\\\/les-succes-de-lannee\\\/\"]}]},{\"@type\":\"ImageObject\",\"inLanguage\":\"en-US\",\"@id\":\"https:\\\/\\\/cappiello.fr\\\/en\\\/produit\\\/les-succes-de-lannee\\\/#primaryimage\",\"url\":\"https:\\\/\\\/cappiello.fr\\\/wp-content\\\/uploads\\\/2026\\\/03\\\/Les-succes-de-l-annee-les-auteurs-et-leurs-principaux-interpretes-caricature-Cappiello.jpg\",\"contentUrl\":\"https:\\\/\\\/cappiello.fr\\\/wp-content\\\/uploads\\\/2026\\\/03\\\/Les-succes-de-l-annee-les-auteurs-et-leurs-principaux-interpretes-caricature-Cappiello.jpg\",\"width\":1117,\"height\":800,\"caption\":\"Les succ\u00e8s de l'ann\u00e9e par petites tables, caricature de Cappiello\"},{\"@type\":\"BreadcrumbList\",\"@id\":\"https:\\\/\\\/cappiello.fr\\\/en\\\/produit\\\/les-succes-de-lannee\\\/#breadcrumb\",\"itemListElement\":[{\"@type\":\"ListItem\",\"position\":1,\"name\":\"Accueil\",\"item\":\"https:\\\/\\\/cappiello.fr\\\/en\\\/\"},{\"@type\":\"ListItem\",\"position\":2,\"name\":\"The works\",\"item\":\"https:\\\/\\\/cappiello.fr\\\/en\\\/the-works\\\/\"},{\"@type\":\"ListItem\",\"position\":3,\"name\":\"Les Succ\u00e8s de l&rsquo;ann\u00e9e\"}]},{\"@type\":\"WebSite\",\"@id\":\"https:\\\/\\\/cappiello.fr\\\/en\\\/#website\",\"url\":\"https:\\\/\\\/cappiello.fr\\\/en\\\/\",\"name\":\"Catalogue raisonn\u00e9 de Leonetto Cappiello\",\"description\":\"Plongez dans l&#039;univers de Leonetto Cappiello, le p\u00e8re de la publicit\u00e9 moderne\",\"potentialAction\":[{\"@type\":\"SearchAction\",\"target\":{\"@type\":\"EntryPoint\",\"urlTemplate\":\"https:\\\/\\\/cappiello.fr\\\/en\\\/?s={search_term_string}\"},\"query-input\":{\"@type\":\"PropertyValueSpecification\",\"valueRequired\":true,\"valueName\":\"search_term_string\"}}],\"inLanguage\":\"en-US\"}]}<\/script>\n<meta property=\"product:price:currency\" content=\"EUR\" \/>\n<meta property=\"og:availability\" content=\"instock\" \/>\n<meta property=\"product:availability\" content=\"instock\" \/>\n<meta property=\"product:retailer_item_id\" content=\"R41\" \/>\n<meta property=\"product:condition\" content=\"new\" \/>\n<!-- \/ Yoast SEO Premium plugin. -->","yoast_head_json":{"title":"Les Succ\u00e8s de l'ann\u00e9e - Catalogue raisonn\u00e9 de Leonetto Cappiello","robots":{"index":"index","follow":"follow","max-snippet":"max-snippet:-1","max-image-preview":"max-image-preview:large","max-video-preview":"max-video-preview:-1"},"canonical":"https:\/\/cappiello.fr\/en\/produit\/les-succes-de-lannee\/","og_locale":"en_US","og_type":"article","og_title":"Les Succ\u00e8s de l'ann\u00e9e","og_description":"R41 : Les succ\u00e8s de l'ann\u00e9e, publi\u00e9 dans Le Rire n\u00b051 pages 10 et 11 70d67 : D\u00eeners de centi\u00e8me, publi\u00e9 dans 70 dessins de Cappiello.","og_url":"https:\/\/cappiello.fr\/en\/produit\/les-succes-de-lannee\/","og_site_name":"Catalogue raisonn\u00e9 de Leonetto Cappiello","article_modified_time":"2026-04-10T12:13:07+00:00","og_image":[{"width":1117,"height":800,"url":"https:\/\/cappiello.fr\/wp-content\/uploads\/2026\/03\/Les-succes-de-l-annee-les-auteurs-et-leurs-principaux-interpretes-caricature-Cappiello.jpg","type":"image\/jpeg"}],"twitter_card":"summary_large_image","twitter_misc":{"Price":"","Availability":"In stock"},"schema":{"@context":"https:\/\/schema.org","@graph":[{"@type":["WebPage","ItemPage"],"@id":"https:\/\/cappiello.fr\/en\/produit\/les-succes-de-lannee\/","url":"https:\/\/cappiello.fr\/en\/produit\/les-succes-de-lannee\/","name":"Les Succ\u00e8s de l'ann\u00e9e - Catalogue raisonn\u00e9 de Leonetto Cappiello","isPartOf":{"@id":"https:\/\/cappiello.fr\/en\/#website"},"primaryImageOfPage":{"@id":"https:\/\/cappiello.fr\/en\/produit\/les-succes-de-lannee\/#primaryimage"},"image":{"@id":"https:\/\/cappiello.fr\/en\/produit\/les-succes-de-lannee\/#primaryimage"},"thumbnailUrl":"https:\/\/cappiello.fr\/wp-content\/uploads\/2026\/03\/Les-succes-de-l-annee-les-auteurs-et-leurs-principaux-interpretes-caricature-Cappiello.jpg","datePublished":"1904-01-23T10:12:31+00:00","dateModified":"2026-04-10T12:13:07+00:00","breadcrumb":{"@id":"https:\/\/cappiello.fr\/en\/produit\/les-succes-de-lannee\/#breadcrumb"},"inLanguage":"en-US","potentialAction":[{"@type":"ReadAction","target":["https:\/\/cappiello.fr\/en\/produit\/les-succes-de-lannee\/"]}]},{"@type":"ImageObject","inLanguage":"en-US","@id":"https:\/\/cappiello.fr\/en\/produit\/les-succes-de-lannee\/#primaryimage","url":"https:\/\/cappiello.fr\/wp-content\/uploads\/2026\/03\/Les-succes-de-l-annee-les-auteurs-et-leurs-principaux-interpretes-caricature-Cappiello.jpg","contentUrl":"https:\/\/cappiello.fr\/wp-content\/uploads\/2026\/03\/Les-succes-de-l-annee-les-auteurs-et-leurs-principaux-interpretes-caricature-Cappiello.jpg","width":1117,"height":800,"caption":"Les succ\u00e8s de l'ann\u00e9e par petites tables, caricature de Cappiello"},{"@type":"BreadcrumbList","@id":"https:\/\/cappiello.fr\/en\/produit\/les-succes-de-lannee\/#breadcrumb","itemListElement":[{"@type":"ListItem","position":1,"name":"Accueil","item":"https:\/\/cappiello.fr\/en\/"},{"@type":"ListItem","position":2,"name":"The works","item":"https:\/\/cappiello.fr\/en\/the-works\/"},{"@type":"ListItem","position":3,"name":"Les Succ\u00e8s de l&rsquo;ann\u00e9e"}]},{"@type":"WebSite","@id":"https:\/\/cappiello.fr\/en\/#website","url":"https:\/\/cappiello.fr\/en\/","name":"Catalogue raisonn\u00e9 de Leonetto Cappiello","description":"Plongez dans l&#039;univers de Leonetto Cappiello, le p\u00e8re de la publicit\u00e9 moderne","potentialAction":[{"@type":"SearchAction","target":{"@type":"EntryPoint","urlTemplate":"https:\/\/cappiello.fr\/en\/?s={search_term_string}"},"query-input":{"@type":"PropertyValueSpecification","valueRequired":true,"valueName":"search_term_string"}}],"inLanguage":"en-US"}]},"product_price_currency":"EUR","og_availability":"instock","product_availability":"instock","product_retailer_item_id":"R41","product_condition":"new"},"_links":{"self":[{"href":"https:\/\/cappiello.fr\/en\/wp-json\/wp\/v2\/product\/136437","targetHints":{"allow":["GET"]}}],"collection":[{"href":"https:\/\/cappiello.fr\/en\/wp-json\/wp\/v2\/product"}],"about":[{"href":"https:\/\/cappiello.fr\/en\/wp-json\/wp\/v2\/types\/product"}],"wp:featuredmedia":[{"embeddable":true,"href":"https:\/\/cappiello.fr\/en\/wp-json\/wp\/v2\/media\/136438"}],"wp:attachment":[{"href":"https:\/\/cappiello.fr\/en\/wp-json\/wp\/v2\/media?parent=136437"}],"wp:term":[{"taxonomy":"type-doeuvre","embeddable":true,"href":"https:\/\/cappiello.fr\/en\/wp-json\/wp\/v2\/type-doeuvre?post=136437"},{"taxonomy":"product_brand","embeddable":true,"href":"https:\/\/cappiello.fr\/en\/wp-json\/wp\/v2\/product_brand?post=136437"},{"taxonomy":"product_cat","embeddable":true,"href":"https:\/\/cappiello.fr\/en\/wp-json\/wp\/v2\/product_cat?post=136437"},{"taxonomy":"product_tag","embeddable":true,"href":"https:\/\/cappiello.fr\/en\/wp-json\/wp\/v2\/product_tag?post=136437"}],"curies":[{"name":"wp","href":"https:\/\/api.w.org\/{rel}","templated":true}]}}