{"id":136474,"date":"1899-06-30T16:46:46","date_gmt":"1899-06-30T16:37:25","guid":{"rendered":"https:\/\/cappiello.fr\/?post_type=product&#038;p=136474"},"modified":"2026-04-26T09:08:53","modified_gmt":"2026-04-26T07:08:53","slug":"lucienne-breval-de-lopera","status":"publish","type":"product","link":"https:\/\/cappiello.fr\/en\/produit\/lucienne-breval-de-lopera\/","title":{"rendered":"Lucienne Br\u00e9val de l&#8217;Op\u00e9ra"},"content":{"rendered":"<p>NA01 : <em>Lucienne Br\u00e9val de l&#8217;Op\u00e9ra<\/em>, publi\u00e9 dans l&#8217;album <em>Nos Actrices<\/em> de Cappiello, page 9, \u00e9dition de <em>La Revue blanche<\/em>.<Br><br \/>\nLucienne Br\u00e9val est une soprano dramatique suisse naturalis\u00e9e fran\u00e7aise (1869 &#8211; 1935).<Br><\/p>\n","protected":false},"excerpt":{"rendered":"<p>NA01 : <em>Lucienne Br\u00e9val de l&#8217;Op\u00e9ra<\/em>, publi\u00e9 dans <em>Nos Actrices<\/em> page 9.<\/p>\n","protected":false},"featured_media":136476,"template":"","meta":{"_acf_changed":false},"type-doeuvre":[4056],"product_brand":[],"product_cat":[4073],"product_tag":[3542],"class_list":{"0":"post-136474","1":"product","2":"type-product","3":"status-publish","4":"has-post-thumbnail","6":"type-doeuvre-caricatures","7":"product_cat-chanteur-lyrique","8":"product_tag-petal","9":"pa_type-de-contenu-caricature-de-divertissement","11":"first","12":"instock","13":"shipping-taxable","14":"product-type-simple"},"acf":[],"yoast_head":"<!-- This site is optimized with the Yoast SEO Premium plugin v27.0 (Yoast SEO v27.4) - https:\/\/yoast.com\/product\/yoast-seo-premium-wordpress\/ -->\n<title>Lucienne Br\u00e9val de l&#039;Op\u00e9ra - Catalogue raisonn\u00e9 de Leonetto Cappiello<\/title>\n<meta name=\"robots\" content=\"index, follow, max-snippet:-1, max-image-preview:large, max-video-preview:-1\" \/>\n<link rel=\"canonical\" href=\"https:\/\/cappiello.fr\/en\/produit\/lucienne-breval-de-lopera\/\" \/>\n<meta property=\"og:locale\" content=\"en_US\" \/>\n<meta property=\"og:type\" content=\"article\" \/>\n<meta property=\"og:title\" content=\"Lucienne Br\u00e9val de l&#039;Op\u00e9ra\" \/>\n<meta property=\"og:description\" content=\"NA01 : Lucienne Br\u00e9val de l&#039;Op\u00e9ra, publi\u00e9 dans Nos Actrices page 9.\" \/>\n<meta property=\"og:url\" content=\"https:\/\/cappiello.fr\/en\/produit\/lucienne-breval-de-lopera\/\" \/>\n<meta property=\"og:site_name\" content=\"Catalogue raisonn\u00e9 de Leonetto Cappiello\" \/>\n<meta property=\"article:modified_time\" content=\"2026-04-26T07:08:53+00:00\" \/>\n<meta property=\"og:image\" content=\"https:\/\/cappiello.fr\/wp-content\/uploads\/2026\/04\/0000_PC1_DIA_485-Copy.jpg\" \/>\n\t<meta property=\"og:image:width\" content=\"529\" \/>\n\t<meta property=\"og:image:height\" content=\"800\" \/>\n\t<meta property=\"og:image:type\" content=\"image\/jpeg\" \/>\n<meta name=\"twitter:card\" content=\"summary_large_image\" \/>\n<meta name=\"twitter:label1\" content=\"Price\" \/>\n\t<meta name=\"twitter:data1\" content=\"\" \/>\n\t<meta name=\"twitter:label2\" content=\"Availability\" \/>\n\t<meta name=\"twitter:data2\" content=\"In stock\" \/>\n<script type=\"application\/ld+json\" class=\"yoast-schema-graph\">{\"@context\":\"https:\\\/\\\/schema.org\",\"@graph\":[{\"@type\":[\"WebPage\",\"ItemPage\"],\"@id\":\"https:\\\/\\\/cappiello.fr\\\/en\\\/produit\\\/lucienne-breval-de-lopera\\\/\",\"url\":\"https:\\\/\\\/cappiello.fr\\\/en\\\/produit\\\/lucienne-breval-de-lopera\\\/\",\"name\":\"Lucienne Br\u00e9val de l'Op\u00e9ra - Catalogue raisonn\u00e9 de Leonetto Cappiello\",\"isPartOf\":{\"@id\":\"https:\\\/\\\/cappiello.fr\\\/en\\\/#website\"},\"primaryImageOfPage\":{\"@id\":\"https:\\\/\\\/cappiello.fr\\\/en\\\/produit\\\/lucienne-breval-de-lopera\\\/#primaryimage\"},\"image\":{\"@id\":\"https:\\\/\\\/cappiello.fr\\\/en\\\/produit\\\/lucienne-breval-de-lopera\\\/#primaryimage\"},\"thumbnailUrl\":\"https:\\\/\\\/cappiello.fr\\\/wp-content\\\/uploads\\\/2026\\\/04\\\/0000_PC1_DIA_485-Copy.jpg\",\"datePublished\":\"1899-06-30T16:37:25+00:00\",\"dateModified\":\"2026-04-26T07:08:53+00:00\",\"breadcrumb\":{\"@id\":\"https:\\\/\\\/cappiello.fr\\\/en\\\/produit\\\/lucienne-breval-de-lopera\\\/#breadcrumb\"},\"inLanguage\":\"en-US\",\"potentialAction\":[{\"@type\":\"ReadAction\",\"target\":[\"https:\\\/\\\/cappiello.fr\\\/en\\\/produit\\\/lucienne-breval-de-lopera\\\/\"]}]},{\"@type\":\"ImageObject\",\"inLanguage\":\"en-US\",\"@id\":\"https:\\\/\\\/cappiello.fr\\\/en\\\/produit\\\/lucienne-breval-de-lopera\\\/#primaryimage\",\"url\":\"https:\\\/\\\/cappiello.fr\\\/wp-content\\\/uploads\\\/2026\\\/04\\\/0000_PC1_DIA_485-Copy.jpg\",\"contentUrl\":\"https:\\\/\\\/cappiello.fr\\\/wp-content\\\/uploads\\\/2026\\\/04\\\/0000_PC1_DIA_485-Copy.jpg\",\"width\":529,\"height\":800,\"caption\":\"Lucienne Br\u00e9val de l'Op\u00e9ra, caricature de Cappiello\"},{\"@type\":\"BreadcrumbList\",\"@id\":\"https:\\\/\\\/cappiello.fr\\\/en\\\/produit\\\/lucienne-breval-de-lopera\\\/#breadcrumb\",\"itemListElement\":[{\"@type\":\"ListItem\",\"position\":1,\"name\":\"Accueil\",\"item\":\"https:\\\/\\\/cappiello.fr\\\/en\\\/\"},{\"@type\":\"ListItem\",\"position\":2,\"name\":\"The works\",\"item\":\"https:\\\/\\\/cappiello.fr\\\/en\\\/the-works\\\/\"},{\"@type\":\"ListItem\",\"position\":3,\"name\":\"Lucienne Br\u00e9val de l&rsquo;Op\u00e9ra\"}]},{\"@type\":\"WebSite\",\"@id\":\"https:\\\/\\\/cappiello.fr\\\/en\\\/#website\",\"url\":\"https:\\\/\\\/cappiello.fr\\\/en\\\/\",\"name\":\"Catalogue raisonn\u00e9 de Leonetto Cappiello\",\"description\":\"Plongez dans l&#039;univers de Leonetto Cappiello, le p\u00e8re de la publicit\u00e9 moderne\",\"potentialAction\":[{\"@type\":\"SearchAction\",\"target\":{\"@type\":\"EntryPoint\",\"urlTemplate\":\"https:\\\/\\\/cappiello.fr\\\/en\\\/?s={search_term_string}\"},\"query-input\":{\"@type\":\"PropertyValueSpecification\",\"valueRequired\":true,\"valueName\":\"search_term_string\"}}],\"inLanguage\":\"en-US\"}]}<\/script>\n<meta property=\"product:price:currency\" content=\"EUR\" \/>\n<meta property=\"og:availability\" content=\"instock\" \/>\n<meta property=\"product:availability\" content=\"instock\" \/>\n<meta property=\"product:retailer_item_id\" content=\"NA01\" \/>\n<meta property=\"product:condition\" content=\"new\" \/>\n<!-- \/ Yoast SEO Premium plugin. -->","yoast_head_json":{"title":"Lucienne Br\u00e9val de l'Op\u00e9ra - Catalogue raisonn\u00e9 de Leonetto Cappiello","robots":{"index":"index","follow":"follow","max-snippet":"max-snippet:-1","max-image-preview":"max-image-preview:large","max-video-preview":"max-video-preview:-1"},"canonical":"https:\/\/cappiello.fr\/en\/produit\/lucienne-breval-de-lopera\/","og_locale":"en_US","og_type":"article","og_title":"Lucienne Br\u00e9val de l'Op\u00e9ra","og_description":"NA01 : Lucienne Br\u00e9val de l'Op\u00e9ra, publi\u00e9 dans Nos Actrices page 9.","og_url":"https:\/\/cappiello.fr\/en\/produit\/lucienne-breval-de-lopera\/","og_site_name":"Catalogue raisonn\u00e9 de Leonetto Cappiello","article_modified_time":"2026-04-26T07:08:53+00:00","og_image":[{"width":529,"height":800,"url":"https:\/\/cappiello.fr\/wp-content\/uploads\/2026\/04\/0000_PC1_DIA_485-Copy.jpg","type":"image\/jpeg"}],"twitter_card":"summary_large_image","twitter_misc":{"Price":"","Availability":"In stock"},"schema":{"@context":"https:\/\/schema.org","@graph":[{"@type":["WebPage","ItemPage"],"@id":"https:\/\/cappiello.fr\/en\/produit\/lucienne-breval-de-lopera\/","url":"https:\/\/cappiello.fr\/en\/produit\/lucienne-breval-de-lopera\/","name":"Lucienne Br\u00e9val de l'Op\u00e9ra - Catalogue raisonn\u00e9 de Leonetto Cappiello","isPartOf":{"@id":"https:\/\/cappiello.fr\/en\/#website"},"primaryImageOfPage":{"@id":"https:\/\/cappiello.fr\/en\/produit\/lucienne-breval-de-lopera\/#primaryimage"},"image":{"@id":"https:\/\/cappiello.fr\/en\/produit\/lucienne-breval-de-lopera\/#primaryimage"},"thumbnailUrl":"https:\/\/cappiello.fr\/wp-content\/uploads\/2026\/04\/0000_PC1_DIA_485-Copy.jpg","datePublished":"1899-06-30T16:37:25+00:00","dateModified":"2026-04-26T07:08:53+00:00","breadcrumb":{"@id":"https:\/\/cappiello.fr\/en\/produit\/lucienne-breval-de-lopera\/#breadcrumb"},"inLanguage":"en-US","potentialAction":[{"@type":"ReadAction","target":["https:\/\/cappiello.fr\/en\/produit\/lucienne-breval-de-lopera\/"]}]},{"@type":"ImageObject","inLanguage":"en-US","@id":"https:\/\/cappiello.fr\/en\/produit\/lucienne-breval-de-lopera\/#primaryimage","url":"https:\/\/cappiello.fr\/wp-content\/uploads\/2026\/04\/0000_PC1_DIA_485-Copy.jpg","contentUrl":"https:\/\/cappiello.fr\/wp-content\/uploads\/2026\/04\/0000_PC1_DIA_485-Copy.jpg","width":529,"height":800,"caption":"Lucienne Br\u00e9val de l'Op\u00e9ra, caricature de Cappiello"},{"@type":"BreadcrumbList","@id":"https:\/\/cappiello.fr\/en\/produit\/lucienne-breval-de-lopera\/#breadcrumb","itemListElement":[{"@type":"ListItem","position":1,"name":"Accueil","item":"https:\/\/cappiello.fr\/en\/"},{"@type":"ListItem","position":2,"name":"The works","item":"https:\/\/cappiello.fr\/en\/the-works\/"},{"@type":"ListItem","position":3,"name":"Lucienne Br\u00e9val de l&rsquo;Op\u00e9ra"}]},{"@type":"WebSite","@id":"https:\/\/cappiello.fr\/en\/#website","url":"https:\/\/cappiello.fr\/en\/","name":"Catalogue raisonn\u00e9 de Leonetto Cappiello","description":"Plongez dans l&#039;univers de Leonetto Cappiello, le p\u00e8re de la publicit\u00e9 moderne","potentialAction":[{"@type":"SearchAction","target":{"@type":"EntryPoint","urlTemplate":"https:\/\/cappiello.fr\/en\/?s={search_term_string}"},"query-input":{"@type":"PropertyValueSpecification","valueRequired":true,"valueName":"search_term_string"}}],"inLanguage":"en-US"}]},"product_price_currency":"EUR","og_availability":"instock","product_availability":"instock","product_retailer_item_id":"NA01","product_condition":"new"},"_links":{"self":[{"href":"https:\/\/cappiello.fr\/en\/wp-json\/wp\/v2\/product\/136474","targetHints":{"allow":["GET"]}}],"collection":[{"href":"https:\/\/cappiello.fr\/en\/wp-json\/wp\/v2\/product"}],"about":[{"href":"https:\/\/cappiello.fr\/en\/wp-json\/wp\/v2\/types\/product"}],"wp:featuredmedia":[{"embeddable":true,"href":"https:\/\/cappiello.fr\/en\/wp-json\/wp\/v2\/media\/136476"}],"wp:attachment":[{"href":"https:\/\/cappiello.fr\/en\/wp-json\/wp\/v2\/media?parent=136474"}],"wp:term":[{"taxonomy":"type-doeuvre","embeddable":true,"href":"https:\/\/cappiello.fr\/en\/wp-json\/wp\/v2\/type-doeuvre?post=136474"},{"taxonomy":"product_brand","embeddable":true,"href":"https:\/\/cappiello.fr\/en\/wp-json\/wp\/v2\/product_brand?post=136474"},{"taxonomy":"product_cat","embeddable":true,"href":"https:\/\/cappiello.fr\/en\/wp-json\/wp\/v2\/product_cat?post=136474"},{"taxonomy":"product_tag","embeddable":true,"href":"https:\/\/cappiello.fr\/en\/wp-json\/wp\/v2\/product_tag?post=136474"}],"curies":[{"name":"wp","href":"https:\/\/api.w.org\/{rel}","templated":true}]}}