{"id":136478,"date":"1899-06-30T08:38:31","date_gmt":"1899-06-30T08:29:10","guid":{"rendered":"https:\/\/cappiello.fr\/?post_type=product&#038;p=136478"},"modified":"2026-04-26T09:11:29","modified_gmt":"2026-04-26T07:11:29","slug":"marthe-brandes-dans-catherine","status":"publish","type":"product","link":"https:\/\/cappiello.fr\/en\/produit\/marthe-brandes-dans-catherine\/","title":{"rendered":"Marthe Brand\u00e8s dans Catherine"},"content":{"rendered":"<p>NA02 : <em>Marthe Brand\u00e8s dans Catherine (Com\u00e9die-Fran\u00e7aise)<\/em> publi\u00e9 dans <em>Nos Actrices<\/em> de Cappiello, page 11.<Br><br \/>\nAlbert Carr\u00e9 parle de Marthe Brand\u00e8s en ces termes : \u00abFine, avec une longue silhouette flexible, distingu\u00e9e, nerveuse, inqui\u00e8te, d&#8217;une sensibilit\u00e9 presque maladive qui lui valait son merveilleux talent, mais aussi de p\u00e9riodiques acc\u00e8s de manie de pers\u00e9cution, M<sup>lle<\/sup>Brand\u00e8s \u00e9tait une des personnes les plus \u00e9rudites et les plus dou\u00e9es qu&#8217;il m&#8217;ait \u00e9t\u00e9 donn\u00e9 d&#8217;approcher \u00bb, <em>Souvenirs de th\u00e9\u00e2tre<\/em> (p. 124). Elle est intime de Lucien Guitry (Henry Gidel, p. 144), (0livier Merlin, p. 98).<Br><br \/>\nCatherine est une com\u00e9die d&#8217;Henri Lavedan, mais apparemment Marthe Brand\u00e8s n&#8217;y aurait pas jou\u00e9.<Br><\/p>\n<p>NA02a : Marthe Brand\u00e8s, original<Br><br \/>\nNA02b : Marthe Brand\u00e8s, esquisse pr\u00e9paratoire. En sens inverse, on aper\u00e7oit une \u00e9bauche pour le visage de l&#8217;actrice.<Br><br \/>\nRF37481 : \u00c9tude pr\u00e9paratoire<\/p>\n","protected":false},"excerpt":{"rendered":"<p>NA02 : <em>Marthe Brand\u00e8s dans Catherine (Com\u00e9die-Fran\u00e7aise)<\/em> publi\u00e9 dans <em>Nos Actrices<\/em>, page 11 par les \u00c9ditions de la Revue blanche.<Br><br \/>\nNA02a : Original<Br><br \/>\nNA02b : Esquisse pr\u00e9paratoire<Br><br \/>\nRF37481 : Vignette<\/p>\n","protected":false},"featured_media":136481,"template":"","meta":{"_acf_changed":false},"type-doeuvre":[4056],"product_brand":[],"product_cat":[4067],"product_tag":[],"class_list":{"0":"post-136478","1":"product","2":"type-product","3":"status-publish","4":"has-post-thumbnail","6":"type-doeuvre-caricatures","7":"product_cat-actrice","8":"pa_type-de-contenu-caricature-de-divertissement","10":"first","11":"instock","12":"shipping-taxable","13":"product-type-simple"},"acf":[],"yoast_head":"<!-- This site is optimized with the Yoast SEO Premium plugin v27.0 (Yoast SEO v27.4) - https:\/\/yoast.com\/product\/yoast-seo-premium-wordpress\/ -->\n<title>Marthe Brand\u00e8s dans Catherine - Catalogue raisonn\u00e9 de Leonetto Cappiello<\/title>\n<meta name=\"robots\" content=\"index, follow, max-snippet:-1, max-image-preview:large, max-video-preview:-1\" \/>\n<link rel=\"canonical\" href=\"https:\/\/cappiello.fr\/en\/produit\/marthe-brandes-dans-catherine\/\" \/>\n<meta property=\"og:locale\" content=\"en_US\" \/>\n<meta property=\"og:type\" content=\"article\" \/>\n<meta property=\"og:title\" content=\"Marthe Brand\u00e8s dans Catherine\" \/>\n<meta property=\"og:description\" content=\"NA02 : Marthe Brand\u00e8s dans Catherine (Com\u00e9die-Fran\u00e7aise) publi\u00e9 dans Nos Actrices, page 11 par les \u00c9ditions de la Revue blanche. NA02a : Original NA02b : Esquisse pr\u00e9paratoire  RF37481 : Vignette\" \/>\n<meta property=\"og:url\" content=\"https:\/\/cappiello.fr\/en\/produit\/marthe-brandes-dans-catherine\/\" \/>\n<meta property=\"og:site_name\" content=\"Catalogue raisonn\u00e9 de Leonetto Cappiello\" \/>\n<meta property=\"article:modified_time\" content=\"2026-04-26T07:11:29+00:00\" \/>\n<meta property=\"og:image\" content=\"https:\/\/cappiello.fr\/wp-content\/uploads\/1899\/01\/NA02.jpg\" \/>\n\t<meta property=\"og:image:width\" content=\"529\" \/>\n\t<meta property=\"og:image:height\" content=\"800\" \/>\n\t<meta property=\"og:image:type\" content=\"image\/jpeg\" \/>\n<meta name=\"twitter:card\" content=\"summary_large_image\" \/>\n<meta name=\"twitter:label1\" content=\"Price\" \/>\n\t<meta name=\"twitter:data1\" content=\"\" \/>\n\t<meta name=\"twitter:label2\" content=\"Availability\" \/>\n\t<meta name=\"twitter:data2\" content=\"In stock\" \/>\n<script type=\"application\/ld+json\" class=\"yoast-schema-graph\">{\"@context\":\"https:\\\/\\\/schema.org\",\"@graph\":[{\"@type\":[\"WebPage\",\"ItemPage\"],\"@id\":\"https:\\\/\\\/cappiello.fr\\\/en\\\/produit\\\/marthe-brandes-dans-catherine\\\/\",\"url\":\"https:\\\/\\\/cappiello.fr\\\/en\\\/produit\\\/marthe-brandes-dans-catherine\\\/\",\"name\":\"Marthe Brand\u00e8s dans Catherine - Catalogue raisonn\u00e9 de Leonetto Cappiello\",\"isPartOf\":{\"@id\":\"https:\\\/\\\/cappiello.fr\\\/en\\\/#website\"},\"primaryImageOfPage\":{\"@id\":\"https:\\\/\\\/cappiello.fr\\\/en\\\/produit\\\/marthe-brandes-dans-catherine\\\/#primaryimage\"},\"image\":{\"@id\":\"https:\\\/\\\/cappiello.fr\\\/en\\\/produit\\\/marthe-brandes-dans-catherine\\\/#primaryimage\"},\"thumbnailUrl\":\"https:\\\/\\\/cappiello.fr\\\/wp-content\\\/uploads\\\/1899\\\/01\\\/NA02.jpg\",\"datePublished\":\"1899-06-30T08:29:10+00:00\",\"dateModified\":\"2026-04-26T07:11:29+00:00\",\"breadcrumb\":{\"@id\":\"https:\\\/\\\/cappiello.fr\\\/en\\\/produit\\\/marthe-brandes-dans-catherine\\\/#breadcrumb\"},\"inLanguage\":\"en-US\",\"potentialAction\":[{\"@type\":\"ReadAction\",\"target\":[\"https:\\\/\\\/cappiello.fr\\\/en\\\/produit\\\/marthe-brandes-dans-catherine\\\/\"]}]},{\"@type\":\"ImageObject\",\"inLanguage\":\"en-US\",\"@id\":\"https:\\\/\\\/cappiello.fr\\\/en\\\/produit\\\/marthe-brandes-dans-catherine\\\/#primaryimage\",\"url\":\"https:\\\/\\\/cappiello.fr\\\/wp-content\\\/uploads\\\/1899\\\/01\\\/NA02.jpg\",\"contentUrl\":\"https:\\\/\\\/cappiello.fr\\\/wp-content\\\/uploads\\\/1899\\\/01\\\/NA02.jpg\",\"width\":529,\"height\":800,\"caption\":\"Marthe Brand\u00e8s dans Catherine, caricature de Cappiello\"},{\"@type\":\"BreadcrumbList\",\"@id\":\"https:\\\/\\\/cappiello.fr\\\/en\\\/produit\\\/marthe-brandes-dans-catherine\\\/#breadcrumb\",\"itemListElement\":[{\"@type\":\"ListItem\",\"position\":1,\"name\":\"Accueil\",\"item\":\"https:\\\/\\\/cappiello.fr\\\/en\\\/\"},{\"@type\":\"ListItem\",\"position\":2,\"name\":\"The works\",\"item\":\"https:\\\/\\\/cappiello.fr\\\/en\\\/the-works\\\/\"},{\"@type\":\"ListItem\",\"position\":3,\"name\":\"Marthe Brand\u00e8s dans Catherine\"}]},{\"@type\":\"WebSite\",\"@id\":\"https:\\\/\\\/cappiello.fr\\\/en\\\/#website\",\"url\":\"https:\\\/\\\/cappiello.fr\\\/en\\\/\",\"name\":\"Catalogue raisonn\u00e9 de Leonetto Cappiello\",\"description\":\"Plongez dans l&#039;univers de Leonetto Cappiello, le p\u00e8re de la publicit\u00e9 moderne\",\"potentialAction\":[{\"@type\":\"SearchAction\",\"target\":{\"@type\":\"EntryPoint\",\"urlTemplate\":\"https:\\\/\\\/cappiello.fr\\\/en\\\/?s={search_term_string}\"},\"query-input\":{\"@type\":\"PropertyValueSpecification\",\"valueRequired\":true,\"valueName\":\"search_term_string\"}}],\"inLanguage\":\"en-US\"}]}<\/script>\n<meta property=\"product:price:currency\" content=\"EUR\" \/>\n<meta property=\"og:availability\" content=\"instock\" \/>\n<meta property=\"product:availability\" content=\"instock\" \/>\n<meta property=\"product:retailer_item_id\" content=\"NA02\" \/>\n<meta property=\"product:condition\" content=\"new\" \/>\n<!-- \/ Yoast SEO Premium plugin. -->","yoast_head_json":{"title":"Marthe Brand\u00e8s dans Catherine - Catalogue raisonn\u00e9 de Leonetto Cappiello","robots":{"index":"index","follow":"follow","max-snippet":"max-snippet:-1","max-image-preview":"max-image-preview:large","max-video-preview":"max-video-preview:-1"},"canonical":"https:\/\/cappiello.fr\/en\/produit\/marthe-brandes-dans-catherine\/","og_locale":"en_US","og_type":"article","og_title":"Marthe Brand\u00e8s dans Catherine","og_description":"NA02 : Marthe Brand\u00e8s dans Catherine (Com\u00e9die-Fran\u00e7aise) publi\u00e9 dans Nos Actrices, page 11 par les \u00c9ditions de la Revue blanche. NA02a : Original NA02b : Esquisse pr\u00e9paratoire  RF37481 : Vignette","og_url":"https:\/\/cappiello.fr\/en\/produit\/marthe-brandes-dans-catherine\/","og_site_name":"Catalogue raisonn\u00e9 de Leonetto Cappiello","article_modified_time":"2026-04-26T07:11:29+00:00","og_image":[{"width":529,"height":800,"url":"https:\/\/cappiello.fr\/wp-content\/uploads\/1899\/01\/NA02.jpg","type":"image\/jpeg"}],"twitter_card":"summary_large_image","twitter_misc":{"Price":"","Availability":"In stock"},"schema":{"@context":"https:\/\/schema.org","@graph":[{"@type":["WebPage","ItemPage"],"@id":"https:\/\/cappiello.fr\/en\/produit\/marthe-brandes-dans-catherine\/","url":"https:\/\/cappiello.fr\/en\/produit\/marthe-brandes-dans-catherine\/","name":"Marthe Brand\u00e8s dans Catherine - Catalogue raisonn\u00e9 de Leonetto Cappiello","isPartOf":{"@id":"https:\/\/cappiello.fr\/en\/#website"},"primaryImageOfPage":{"@id":"https:\/\/cappiello.fr\/en\/produit\/marthe-brandes-dans-catherine\/#primaryimage"},"image":{"@id":"https:\/\/cappiello.fr\/en\/produit\/marthe-brandes-dans-catherine\/#primaryimage"},"thumbnailUrl":"https:\/\/cappiello.fr\/wp-content\/uploads\/1899\/01\/NA02.jpg","datePublished":"1899-06-30T08:29:10+00:00","dateModified":"2026-04-26T07:11:29+00:00","breadcrumb":{"@id":"https:\/\/cappiello.fr\/en\/produit\/marthe-brandes-dans-catherine\/#breadcrumb"},"inLanguage":"en-US","potentialAction":[{"@type":"ReadAction","target":["https:\/\/cappiello.fr\/en\/produit\/marthe-brandes-dans-catherine\/"]}]},{"@type":"ImageObject","inLanguage":"en-US","@id":"https:\/\/cappiello.fr\/en\/produit\/marthe-brandes-dans-catherine\/#primaryimage","url":"https:\/\/cappiello.fr\/wp-content\/uploads\/1899\/01\/NA02.jpg","contentUrl":"https:\/\/cappiello.fr\/wp-content\/uploads\/1899\/01\/NA02.jpg","width":529,"height":800,"caption":"Marthe Brand\u00e8s dans Catherine, caricature de Cappiello"},{"@type":"BreadcrumbList","@id":"https:\/\/cappiello.fr\/en\/produit\/marthe-brandes-dans-catherine\/#breadcrumb","itemListElement":[{"@type":"ListItem","position":1,"name":"Accueil","item":"https:\/\/cappiello.fr\/en\/"},{"@type":"ListItem","position":2,"name":"The works","item":"https:\/\/cappiello.fr\/en\/the-works\/"},{"@type":"ListItem","position":3,"name":"Marthe Brand\u00e8s dans Catherine"}]},{"@type":"WebSite","@id":"https:\/\/cappiello.fr\/en\/#website","url":"https:\/\/cappiello.fr\/en\/","name":"Catalogue raisonn\u00e9 de Leonetto Cappiello","description":"Plongez dans l&#039;univers de Leonetto Cappiello, le p\u00e8re de la publicit\u00e9 moderne","potentialAction":[{"@type":"SearchAction","target":{"@type":"EntryPoint","urlTemplate":"https:\/\/cappiello.fr\/en\/?s={search_term_string}"},"query-input":{"@type":"PropertyValueSpecification","valueRequired":true,"valueName":"search_term_string"}}],"inLanguage":"en-US"}]},"product_price_currency":"EUR","og_availability":"instock","product_availability":"instock","product_retailer_item_id":"NA02","product_condition":"new"},"_links":{"self":[{"href":"https:\/\/cappiello.fr\/en\/wp-json\/wp\/v2\/product\/136478","targetHints":{"allow":["GET"]}}],"collection":[{"href":"https:\/\/cappiello.fr\/en\/wp-json\/wp\/v2\/product"}],"about":[{"href":"https:\/\/cappiello.fr\/en\/wp-json\/wp\/v2\/types\/product"}],"wp:featuredmedia":[{"embeddable":true,"href":"https:\/\/cappiello.fr\/en\/wp-json\/wp\/v2\/media\/136481"}],"wp:attachment":[{"href":"https:\/\/cappiello.fr\/en\/wp-json\/wp\/v2\/media?parent=136478"}],"wp:term":[{"taxonomy":"type-doeuvre","embeddable":true,"href":"https:\/\/cappiello.fr\/en\/wp-json\/wp\/v2\/type-doeuvre?post=136478"},{"taxonomy":"product_brand","embeddable":true,"href":"https:\/\/cappiello.fr\/en\/wp-json\/wp\/v2\/product_brand?post=136478"},{"taxonomy":"product_cat","embeddable":true,"href":"https:\/\/cappiello.fr\/en\/wp-json\/wp\/v2\/product_cat?post=136478"},{"taxonomy":"product_tag","embeddable":true,"href":"https:\/\/cappiello.fr\/en\/wp-json\/wp\/v2\/product_tag?post=136478"}],"curies":[{"name":"wp","href":"https:\/\/api.w.org\/{rel}","templated":true}]}}