{"id":136538,"date":"1899-06-30T18:25:19","date_gmt":"1899-06-30T18:15:58","guid":{"rendered":"https:\/\/cappiello.fr\/?post_type=product&#038;p=136538"},"modified":"2026-05-12T10:17:02","modified_gmt":"2026-05-12T08:17:02","slug":"sarah-bernhardt-dans-la-dame-aux-camelias","status":"publish","type":"product","link":"https:\/\/cappiello.fr\/en\/produit\/sarah-bernhardt-dans-la-dame-aux-camelias\/","title":{"rendered":"Sarah Bernhardt dans La dame aux cam\u00e9lias"},"content":{"rendered":"<p>NA08 : Sarah Bernhardt a incarn\u00e9 Marguerite Gautier dans <em>La Dame aux cam\u00e9lias<\/em> d&#8217;Alexandre Dumas fils, un r\u00f4le qui a marqu\u00e9 sa carri\u00e8re et connu un succ\u00e8s international \u00e0 partir de 1880. <Br><br \/>\nNA08a : Original. <Br><br \/>\nNA08b : \u00c9tude pr\u00e9paratoire tr\u00e8s esquiss\u00e9e au dos de l&#8217;original (<a href=\"https:\/\/cappiello.fr\/en\/produit\/balthy-et-fordice-a-la-scala\/\">R16<\/a>) : <em>\u00c0 La Scala. Balthy et Fordice<\/em> <\/p>\n","protected":false},"excerpt":{"rendered":"<p>NA08 : Sarah Bernhardt dans <em>La Dame aux cam\u00e9lias<\/em> publi\u00e9 dans <em>Nos Actrices<\/em> page 23, \u00e9dition de <em>La Revue blanche<\/em>.<Br><br \/>\nNA08a : Original<Br><br \/>\nNA08b : \u00c9tude pr\u00e9paratoire<\/p>\n","protected":false},"featured_media":136539,"template":"","meta":{"_acf_changed":false},"type-doeuvre":[4056],"product_brand":[],"product_cat":[4067],"product_tag":[4130,4032],"class_list":{"0":"post-136538","1":"product","2":"type-product","3":"status-publish","4":"has-post-thumbnail","6":"type-doeuvre-caricatures","7":"product_cat-actrice","8":"product_tag-bague","9":"product_tag-king-en-4","10":"pa_type-de-contenu-caricature-de-divertissement","12":"first","13":"instock","14":"shipping-taxable","15":"product-type-simple"},"acf":[],"yoast_head":"<!-- This site is optimized with the Yoast SEO Premium plugin v27.0 (Yoast SEO v27.4) - https:\/\/yoast.com\/product\/yoast-seo-premium-wordpress\/ -->\n<title>Sarah Bernhardt dans La dame aux cam\u00e9lias - Catalogue raisonn\u00e9 de Leonetto Cappiello<\/title>\n<meta name=\"robots\" content=\"index, follow, max-snippet:-1, max-image-preview:large, max-video-preview:-1\" \/>\n<link rel=\"canonical\" href=\"https:\/\/cappiello.fr\/en\/produit\/sarah-bernhardt-dans-la-dame-aux-camelias\/\" \/>\n<meta property=\"og:locale\" content=\"en_US\" \/>\n<meta property=\"og:type\" content=\"article\" \/>\n<meta property=\"og:title\" content=\"Sarah Bernhardt dans La dame aux cam\u00e9lias\" \/>\n<meta property=\"og:description\" content=\"NA08 : Sarah Bernhardt dans La Dame aux cam\u00e9lias publi\u00e9 dans Nos Actrices page 23, \u00e9dition de La Revue blanche. NA08a : Original NA08b : \u00c9tude pr\u00e9paratoire\" \/>\n<meta property=\"og:url\" content=\"https:\/\/cappiello.fr\/en\/produit\/sarah-bernhardt-dans-la-dame-aux-camelias\/\" \/>\n<meta property=\"og:site_name\" content=\"Catalogue raisonn\u00e9 de Leonetto Cappiello\" \/>\n<meta property=\"article:modified_time\" content=\"2026-05-12T08:17:02+00:00\" \/>\n<meta property=\"og:image\" content=\"https:\/\/cappiello.fr\/wp-content\/uploads\/2026\/05\/0000_PC1_DIA_502-Copy.jpg\" \/>\n\t<meta property=\"og:image:width\" content=\"529\" \/>\n\t<meta property=\"og:image:height\" content=\"800\" \/>\n\t<meta property=\"og:image:type\" content=\"image\/jpeg\" \/>\n<meta name=\"twitter:card\" content=\"summary_large_image\" \/>\n<meta name=\"twitter:label1\" content=\"Price\" \/>\n\t<meta name=\"twitter:data1\" content=\"\" \/>\n\t<meta name=\"twitter:label2\" content=\"Availability\" \/>\n\t<meta name=\"twitter:data2\" content=\"In stock\" \/>\n<script type=\"application\/ld+json\" class=\"yoast-schema-graph\">{\"@context\":\"https:\\\/\\\/schema.org\",\"@graph\":[{\"@type\":[\"WebPage\",\"ItemPage\"],\"@id\":\"https:\\\/\\\/cappiello.fr\\\/en\\\/produit\\\/sarah-bernhardt-dans-la-dame-aux-camelias\\\/\",\"url\":\"https:\\\/\\\/cappiello.fr\\\/en\\\/produit\\\/sarah-bernhardt-dans-la-dame-aux-camelias\\\/\",\"name\":\"Sarah Bernhardt dans La dame aux cam\u00e9lias - Catalogue raisonn\u00e9 de Leonetto Cappiello\",\"isPartOf\":{\"@id\":\"https:\\\/\\\/cappiello.fr\\\/en\\\/#website\"},\"primaryImageOfPage\":{\"@id\":\"https:\\\/\\\/cappiello.fr\\\/en\\\/produit\\\/sarah-bernhardt-dans-la-dame-aux-camelias\\\/#primaryimage\"},\"image\":{\"@id\":\"https:\\\/\\\/cappiello.fr\\\/en\\\/produit\\\/sarah-bernhardt-dans-la-dame-aux-camelias\\\/#primaryimage\"},\"thumbnailUrl\":\"https:\\\/\\\/cappiello.fr\\\/wp-content\\\/uploads\\\/2026\\\/05\\\/0000_PC1_DIA_502-Copy.jpg\",\"datePublished\":\"1899-06-30T18:15:58+00:00\",\"dateModified\":\"2026-05-12T08:17:02+00:00\",\"breadcrumb\":{\"@id\":\"https:\\\/\\\/cappiello.fr\\\/en\\\/produit\\\/sarah-bernhardt-dans-la-dame-aux-camelias\\\/#breadcrumb\"},\"inLanguage\":\"en-US\",\"potentialAction\":[{\"@type\":\"ReadAction\",\"target\":[\"https:\\\/\\\/cappiello.fr\\\/en\\\/produit\\\/sarah-bernhardt-dans-la-dame-aux-camelias\\\/\"]}]},{\"@type\":\"ImageObject\",\"inLanguage\":\"en-US\",\"@id\":\"https:\\\/\\\/cappiello.fr\\\/en\\\/produit\\\/sarah-bernhardt-dans-la-dame-aux-camelias\\\/#primaryimage\",\"url\":\"https:\\\/\\\/cappiello.fr\\\/wp-content\\\/uploads\\\/2026\\\/05\\\/0000_PC1_DIA_502-Copy.jpg\",\"contentUrl\":\"https:\\\/\\\/cappiello.fr\\\/wp-content\\\/uploads\\\/2026\\\/05\\\/0000_PC1_DIA_502-Copy.jpg\",\"width\":529,\"height\":800,\"caption\":\"Sarah Bernhardt dans \\\"La Dame aux cam\u00e9lias\\\", caricature de Cappiello\"},{\"@type\":\"BreadcrumbList\",\"@id\":\"https:\\\/\\\/cappiello.fr\\\/en\\\/produit\\\/sarah-bernhardt-dans-la-dame-aux-camelias\\\/#breadcrumb\",\"itemListElement\":[{\"@type\":\"ListItem\",\"position\":1,\"name\":\"Accueil\",\"item\":\"https:\\\/\\\/cappiello.fr\\\/en\\\/\"},{\"@type\":\"ListItem\",\"position\":2,\"name\":\"The works\",\"item\":\"https:\\\/\\\/cappiello.fr\\\/en\\\/the-works\\\/\"},{\"@type\":\"ListItem\",\"position\":3,\"name\":\"Sarah Bernhardt dans La dame aux cam\u00e9lias\"}]},{\"@type\":\"WebSite\",\"@id\":\"https:\\\/\\\/cappiello.fr\\\/en\\\/#website\",\"url\":\"https:\\\/\\\/cappiello.fr\\\/en\\\/\",\"name\":\"Catalogue raisonn\u00e9 de Leonetto Cappiello\",\"description\":\"Plongez dans l&#039;univers de Leonetto Cappiello, le p\u00e8re de la publicit\u00e9 moderne\",\"potentialAction\":[{\"@type\":\"SearchAction\",\"target\":{\"@type\":\"EntryPoint\",\"urlTemplate\":\"https:\\\/\\\/cappiello.fr\\\/en\\\/?s={search_term_string}\"},\"query-input\":{\"@type\":\"PropertyValueSpecification\",\"valueRequired\":true,\"valueName\":\"search_term_string\"}}],\"inLanguage\":\"en-US\"}]}<\/script>\n<meta property=\"product:price:currency\" content=\"EUR\" \/>\n<meta property=\"og:availability\" content=\"instock\" \/>\n<meta property=\"product:availability\" content=\"instock\" \/>\n<meta property=\"product:retailer_item_id\" content=\"NA08\" \/>\n<meta property=\"product:condition\" content=\"new\" \/>\n<!-- \/ Yoast SEO Premium plugin. -->","yoast_head_json":{"title":"Sarah Bernhardt dans La dame aux cam\u00e9lias - Catalogue raisonn\u00e9 de Leonetto Cappiello","robots":{"index":"index","follow":"follow","max-snippet":"max-snippet:-1","max-image-preview":"max-image-preview:large","max-video-preview":"max-video-preview:-1"},"canonical":"https:\/\/cappiello.fr\/en\/produit\/sarah-bernhardt-dans-la-dame-aux-camelias\/","og_locale":"en_US","og_type":"article","og_title":"Sarah Bernhardt dans La dame aux cam\u00e9lias","og_description":"NA08 : Sarah Bernhardt dans La Dame aux cam\u00e9lias publi\u00e9 dans Nos Actrices page 23, \u00e9dition de La Revue blanche. NA08a : Original NA08b : \u00c9tude pr\u00e9paratoire","og_url":"https:\/\/cappiello.fr\/en\/produit\/sarah-bernhardt-dans-la-dame-aux-camelias\/","og_site_name":"Catalogue raisonn\u00e9 de Leonetto Cappiello","article_modified_time":"2026-05-12T08:17:02+00:00","og_image":[{"width":529,"height":800,"url":"https:\/\/cappiello.fr\/wp-content\/uploads\/2026\/05\/0000_PC1_DIA_502-Copy.jpg","type":"image\/jpeg"}],"twitter_card":"summary_large_image","twitter_misc":{"Price":"","Availability":"In stock"},"schema":{"@context":"https:\/\/schema.org","@graph":[{"@type":["WebPage","ItemPage"],"@id":"https:\/\/cappiello.fr\/en\/produit\/sarah-bernhardt-dans-la-dame-aux-camelias\/","url":"https:\/\/cappiello.fr\/en\/produit\/sarah-bernhardt-dans-la-dame-aux-camelias\/","name":"Sarah Bernhardt dans La dame aux cam\u00e9lias - Catalogue raisonn\u00e9 de Leonetto Cappiello","isPartOf":{"@id":"https:\/\/cappiello.fr\/en\/#website"},"primaryImageOfPage":{"@id":"https:\/\/cappiello.fr\/en\/produit\/sarah-bernhardt-dans-la-dame-aux-camelias\/#primaryimage"},"image":{"@id":"https:\/\/cappiello.fr\/en\/produit\/sarah-bernhardt-dans-la-dame-aux-camelias\/#primaryimage"},"thumbnailUrl":"https:\/\/cappiello.fr\/wp-content\/uploads\/2026\/05\/0000_PC1_DIA_502-Copy.jpg","datePublished":"1899-06-30T18:15:58+00:00","dateModified":"2026-05-12T08:17:02+00:00","breadcrumb":{"@id":"https:\/\/cappiello.fr\/en\/produit\/sarah-bernhardt-dans-la-dame-aux-camelias\/#breadcrumb"},"inLanguage":"en-US","potentialAction":[{"@type":"ReadAction","target":["https:\/\/cappiello.fr\/en\/produit\/sarah-bernhardt-dans-la-dame-aux-camelias\/"]}]},{"@type":"ImageObject","inLanguage":"en-US","@id":"https:\/\/cappiello.fr\/en\/produit\/sarah-bernhardt-dans-la-dame-aux-camelias\/#primaryimage","url":"https:\/\/cappiello.fr\/wp-content\/uploads\/2026\/05\/0000_PC1_DIA_502-Copy.jpg","contentUrl":"https:\/\/cappiello.fr\/wp-content\/uploads\/2026\/05\/0000_PC1_DIA_502-Copy.jpg","width":529,"height":800,"caption":"Sarah Bernhardt dans \"La Dame aux cam\u00e9lias\", caricature de Cappiello"},{"@type":"BreadcrumbList","@id":"https:\/\/cappiello.fr\/en\/produit\/sarah-bernhardt-dans-la-dame-aux-camelias\/#breadcrumb","itemListElement":[{"@type":"ListItem","position":1,"name":"Accueil","item":"https:\/\/cappiello.fr\/en\/"},{"@type":"ListItem","position":2,"name":"The works","item":"https:\/\/cappiello.fr\/en\/the-works\/"},{"@type":"ListItem","position":3,"name":"Sarah Bernhardt dans La dame aux cam\u00e9lias"}]},{"@type":"WebSite","@id":"https:\/\/cappiello.fr\/en\/#website","url":"https:\/\/cappiello.fr\/en\/","name":"Catalogue raisonn\u00e9 de Leonetto Cappiello","description":"Plongez dans l&#039;univers de Leonetto Cappiello, le p\u00e8re de la publicit\u00e9 moderne","potentialAction":[{"@type":"SearchAction","target":{"@type":"EntryPoint","urlTemplate":"https:\/\/cappiello.fr\/en\/?s={search_term_string}"},"query-input":{"@type":"PropertyValueSpecification","valueRequired":true,"valueName":"search_term_string"}}],"inLanguage":"en-US"}]},"product_price_currency":"EUR","og_availability":"instock","product_availability":"instock","product_retailer_item_id":"NA08","product_condition":"new"},"_links":{"self":[{"href":"https:\/\/cappiello.fr\/en\/wp-json\/wp\/v2\/product\/136538","targetHints":{"allow":["GET"]}}],"collection":[{"href":"https:\/\/cappiello.fr\/en\/wp-json\/wp\/v2\/product"}],"about":[{"href":"https:\/\/cappiello.fr\/en\/wp-json\/wp\/v2\/types\/product"}],"wp:featuredmedia":[{"embeddable":true,"href":"https:\/\/cappiello.fr\/en\/wp-json\/wp\/v2\/media\/136539"}],"wp:attachment":[{"href":"https:\/\/cappiello.fr\/en\/wp-json\/wp\/v2\/media?parent=136538"}],"wp:term":[{"taxonomy":"type-doeuvre","embeddable":true,"href":"https:\/\/cappiello.fr\/en\/wp-json\/wp\/v2\/type-doeuvre?post=136538"},{"taxonomy":"product_brand","embeddable":true,"href":"https:\/\/cappiello.fr\/en\/wp-json\/wp\/v2\/product_brand?post=136538"},{"taxonomy":"product_cat","embeddable":true,"href":"https:\/\/cappiello.fr\/en\/wp-json\/wp\/v2\/product_cat?post=136538"},{"taxonomy":"product_tag","embeddable":true,"href":"https:\/\/cappiello.fr\/en\/wp-json\/wp\/v2\/product_tag?post=136538"}],"curies":[{"name":"wp","href":"https:\/\/api.w.org\/{rel}","templated":true}]}}